{"id":5374,"date":"2024-03-21T12:13:04","date_gmt":"2024-03-21T11:13:04","guid":{"rendered":"https:\/\/www.camping-cote-dargent.com\/een-bezoek-aan-de-bordeaux-wijngaarden\/"},"modified":"2024-05-15T17:09:17","modified_gmt":"2024-05-15T15:09:17","slug":"een-bezoek-aan-de-bordeaux-wijngaarden","status":"publish","type":"page","link":"https:\/\/www.camping-cote-dargent.com\/nl\/een-bezoek-aan-de-bordeaux-wijngaarden\/","title":{"rendered":"Een bezoek aan de Bordeaux-wijngaarden"},"content":{"rendered":"\n<div class=\"is-layout-flow wp-block-group alignfull diaporama-header\">\n<figure class=\"is-layout-flex wp-block-gallery-1 wp-block-gallery has-nested-images columns-default is-cropped fc-auto\">\n<figure class=\"wp-block-image size-full fc-auto\"><img decoding=\"async\" width=\"1920\" height=\"768\" src=\"https:\/\/www.camping-cote-dargent.com\/wp-content\/uploads\/2024\/03\/image-4-1.jpg\" alt=\"\" class=\"wp-image-3902\" srcset=\"https:\/\/www.camping-cote-dargent.com\/wp-content\/uploads\/2024\/03\/image-4-1.jpg 1920w, https:\/\/www.camping-cote-dargent.com\/wp-content\/uploads\/2024\/03\/image-4-1-300x120.jpg 300w, https:\/\/www.camping-cote-dargent.com\/wp-content\/uploads\/2024\/03\/image-4-1-1024x410.jpg 1024w, https:\/\/www.camping-cote-dargent.com\/wp-content\/uploads\/2024\/03\/image-4-1-768x307.jpg 768w, https:\/\/www.camping-cote-dargent.com\/wp-content\/uploads\/2024\/03\/image-4-1-1536x614.jpg 1536w\" sizes=\"(max-width: 1920px) 100vw, 1920px\" title=\"\"><\/figure>\n<\/figure>\n\n\n\n<div class=\"is-layout-constrained wp-block-group\">\n<div class=\"is-content-justification-center is-layout-flex wp-container-3 wp-block-buttons\">\n<div class=\"wp-block-button btn_resa\"><a class=\"wp-block-button__link has-bleufonce-color has-bleuclair-background-color has-text-color has-background wp-element-button\">Boek uw verblijf<\/a><\/div>\n<\/div>\n<\/div>\n<\/div>\n\n<div class=\"is-layout-flex wp-container-14 wp-block-columns C-10 vague-jaune\">\n<div class=\"is-layout-flow wp-block-column col-texte\">\n<h1 class=\"h1 has-orange-color has-text-color\">Een bezoek aan de Bordeaux-wijngaarden<\/h1>\n\n\n\n<div class=\"is-layout-flex wp-container-9 wp-block-columns\">\n<div class=\"is-layout-flow wp-block-column\">\n<p class=\"has-text-align-left fc-caps has-fond-color has-vertfonce-background-color has-text-color has-background\"><span class=\"fc-span\">Het Bordeaux-terroir verkennen<\/span><\/p>\n\n\n\n<figure class=\"wp-block-image size-full fc-rond fc-auto\"><img decoding=\"async\" width=\"640\" height=\"427\" src=\"https:\/\/www.camping-cote-dargent.com\/wp-content\/uploads\/2024\/03\/grapes-ga1e795e01_640.jpg\" alt=\"\" class=\"wp-image-2648\" srcset=\"https:\/\/www.camping-cote-dargent.com\/wp-content\/uploads\/2024\/03\/grapes-ga1e795e01_640.jpg 640w, https:\/\/www.camping-cote-dargent.com\/wp-content\/uploads\/2024\/03\/grapes-ga1e795e01_640-300x200.jpg 300w\" sizes=\"(max-width: 640px) 100vw, 640px\" title=\"\"><\/figure>\n<\/div>\n\n\n\n<div class=\"is-layout-flow wp-block-column\">\n<p>Wilt u de wijngaarden van Bordeaux ontdekken tijdens uw <strong>kampeervakantie in de Gironde<\/strong>? Met niet minder dan <strong>7.000 wijnch\u00e2teaux<\/strong>staan Bordeaux en zijn wijnbouwgebied wereldwijd bekend om hun uitzonderlijke wijnen. <strong>Saint-Emilion, Saint-Est\u00e8phe en Ch\u00e2teau Margaux<\/strong> zijn perfecte voorbeelden. <strong>Camping C\u00f4te d&#8217;Argent<\/strong> in <a href=\"https:\/\/www.camping-cote-dargent.com\/de\/alentours\/hourtin\/\">Hourtin<\/a> neemt je mee op ontdekkingstocht langs de <strong>wijndomeinen van de M\u00e9doc<\/strong> voor je volgende verblijf in de regio.<\/p>\n\n\n\n<h2 class=\"h3 has-bleu-color has-text-color\">Ontdek de Bordeaux-wijngaarden<\/h2>\n\n\n\n<div class=\"wp-block-fc-gut-lire-plus fc-desk\">\n<p>Meer lezen<\/p>\n\n\n\n<div class=\"is-layout-flow wp-block-group\">\n<p>Bordeaux, de wijnhoofdstad van de wereld, dankt zijn appellation aan de rijke wijngaarden langs de riviermonding, waar internationaal geprezen <strong>Grands Crus en Grands Crus Class\u00e9s<\/strong> worden geproduceerd. Een <a href=\"https:\/\/www.camping-cote-dargent.com\/nl\/5-sterrencamping-in-gironde\/\" data-type=\"page\" data-id=\"128\">verblijf in de Gironde<\/a> is de ideale gelegenheid om de wereld van de wijn en de beroemde Bordeaux-wijnen te ontdekken.<\/p>\n<\/div>\n<\/div>\n<\/div>\n<\/div>\n<\/div>\n\n\n\n<div class=\"is-layout-flow wp-block-column col-images\">\n<figure class=\"is-layout-flex wp-block-gallery-11 wp-block-gallery has-nested-images columns-1 is-cropped fc-full\">\n<figure class=\"wp-block-image size-full fc-auto\"><img decoding=\"async\" width=\"1920\" height=\"1280\" src=\"https:\/\/www.camping-cote-dargent.com\/wp-content\/uploads\/2024\/04\/AdobeStock_611478232.jpg\" alt=\"\" class=\"wp-image-4194\" srcset=\"https:\/\/www.camping-cote-dargent.com\/wp-content\/uploads\/2024\/04\/AdobeStock_611478232.jpg 1920w, https:\/\/www.camping-cote-dargent.com\/wp-content\/uploads\/2024\/04\/AdobeStock_611478232-300x200.jpg 300w, https:\/\/www.camping-cote-dargent.com\/wp-content\/uploads\/2024\/04\/AdobeStock_611478232-1024x683.jpg 1024w, https:\/\/www.camping-cote-dargent.com\/wp-content\/uploads\/2024\/04\/AdobeStock_611478232-768x512.jpg 768w, https:\/\/www.camping-cote-dargent.com\/wp-content\/uploads\/2024\/04\/AdobeStock_611478232-1536x1024.jpg 1536w\" sizes=\"(max-width: 1920px) 100vw, 1920px\" title=\"\"><\/figure>\n\n\n\n<figure class=\"wp-block-image size-full fc-auto\"><img decoding=\"async\" width=\"1920\" height=\"1287\" src=\"https:\/\/www.camping-cote-dargent.com\/wp-content\/uploads\/2024\/04\/AdobeStock_201915705.jpg\" alt=\"\" class=\"wp-image-4202\" srcset=\"https:\/\/www.camping-cote-dargent.com\/wp-content\/uploads\/2024\/04\/AdobeStock_201915705.jpg 1920w, https:\/\/www.camping-cote-dargent.com\/wp-content\/uploads\/2024\/04\/AdobeStock_201915705-300x201.jpg 300w, https:\/\/www.camping-cote-dargent.com\/wp-content\/uploads\/2024\/04\/AdobeStock_201915705-1024x686.jpg 1024w, https:\/\/www.camping-cote-dargent.com\/wp-content\/uploads\/2024\/04\/AdobeStock_201915705-768x515.jpg 768w, https:\/\/www.camping-cote-dargent.com\/wp-content\/uploads\/2024\/04\/AdobeStock_201915705-1536x1030.jpg 1536w\" sizes=\"(max-width: 1920px) 100vw, 1920px\" title=\"\"><\/figure>\n<\/figure>\n<\/div>\n<\/div>\n\n<div class=\"is-layout-flex wp-container-19 wp-block-columns C-20 vague-orange reverse-mob\">\n<div class=\"is-layout-flow wp-block-column col-images\">\n<figure class=\"is-layout-flex wp-block-gallery-15 wp-block-gallery has-nested-images columns-2 is-cropped fc-diapo-mob fc-auto\">\n<figure class=\"wp-block-image size-full fc-caps fc-auto\"><img decoding=\"async\" width=\"968\" height=\"800\" src=\"https:\/\/www.camping-cote-dargent.com\/wp-content\/uploads\/2024\/04\/parc-naturel-regional-du-medoc-1.jpg\" alt=\"\" class=\"wp-image-4505\" srcset=\"https:\/\/www.camping-cote-dargent.com\/wp-content\/uploads\/2024\/04\/parc-naturel-regional-du-medoc-1.jpg 968w, https:\/\/www.camping-cote-dargent.com\/wp-content\/uploads\/2024\/04\/parc-naturel-regional-du-medoc-1-300x248.jpg 300w, https:\/\/www.camping-cote-dargent.com\/wp-content\/uploads\/2024\/04\/parc-naturel-regional-du-medoc-1-768x635.jpg 768w\" sizes=\"(max-width: 968px) 100vw, 968px\" title=\"\"><\/figure>\n\n\n\n<figure class=\"wp-block-image size-full fc-pola fc-auto\"><img decoding=\"async\" width=\"667\" height=\"500\" src=\"https:\/\/www.camping-cote-dargent.com\/wp-content\/uploads\/2024\/03\/wc_lesparre-medoc-1.jpg\" alt=\"\" class=\"wp-image-3488\" srcset=\"https:\/\/www.camping-cote-dargent.com\/wp-content\/uploads\/2024\/03\/wc_lesparre-medoc-1.jpg 667w, https:\/\/www.camping-cote-dargent.com\/wp-content\/uploads\/2024\/03\/wc_lesparre-medoc-1-300x225.jpg 300w\" sizes=\"(max-width: 667px) 100vw, 667px\" title=\"\"><figcaption class=\"wp-element-caption\">Lesparre-M\u00e9doc<\/figcaption><\/figure>\n\n\n\n<figure class=\"wp-block-image size-large fc-auto\"><img decoding=\"async\" width=\"1024\" height=\"737\" src=\"https:\/\/www.camping-cote-dargent.com\/wp-content\/uploads\/2024\/04\/vignoble-du-medoc_2-1024x737.jpg\" alt=\"\" class=\"wp-image-4509\" srcset=\"https:\/\/www.camping-cote-dargent.com\/wp-content\/uploads\/2024\/04\/vignoble-du-medoc_2-1024x737.jpg 1024w, https:\/\/www.camping-cote-dargent.com\/wp-content\/uploads\/2024\/04\/vignoble-du-medoc_2-300x216.jpg 300w, https:\/\/www.camping-cote-dargent.com\/wp-content\/uploads\/2024\/04\/vignoble-du-medoc_2-768x553.jpg 768w, https:\/\/www.camping-cote-dargent.com\/wp-content\/uploads\/2024\/04\/vignoble-du-medoc_2-1536x1106.jpg 1536w, https:\/\/www.camping-cote-dargent.com\/wp-content\/uploads\/2024\/04\/vignoble-du-medoc_2.jpg 2048w\" sizes=\"(max-width: 1024px) 100vw, 1024px\" title=\"\"><\/figure>\n<\/figure>\n<\/div>\n\n\n\n<div class=\"is-layout-flow wp-block-column is-vertically-aligned-center col-texte\">\n<h2 class=\"has-bleu-color has-text-color\">Bezoek de wijnmakerijen van de M\u00e9doc<\/h2>\n\n\n\n<p>Voor een bezoek aan de wijndomeinen van de <a href=\"https:\/\/www.camping-cote-dargent.com\/nl\/alentours\/regionaal-natuurpark-medoc\/\" data-type=\"alentours\" data-id=\"166\">M\u00e9doc<\/a> heb je keuze te over! Er wordt een breed scala aan wijngerelateerde activiteiten aangeboden, waaronder <a href=\"https:\/\/www.visiter-bordeaux.com\/fr\/decouvrir-le-vignoble\" target=\"_blank\" rel=\"noreferrer noopener\">bezoeken aan wijnmakerijen, blendingworkshops en proeverijen<\/a>, maar ook meer ongebruikelijke activiteiten zoals fietsdagen in de wijngaarden van Bordeaux, picknicks in wijnparken en cruises met wijnproeverijen.<\/p>\n\n\n\n<p>Als je nog verder op ontdekkingstocht wilt gaan, is een tussenstop in Bordeaux een must! In de stad Gironde vind je de beroemde <a href=\"https:\/\/www.laciteduvin.com\/fr\" target=\"_blank\" rel=\"noreferrer noopener\">Cit\u00e9 du Vin<\/a> en het <a href=\"https:\/\/www.museeduvinbordeaux.com\/\" target=\"_blank\" rel=\"noreferrer noopener\">Mus\u00e9e du Vin et du N\u00e9goce<\/a>.<\/p>\n\n\n\n<h2 class=\"h3 has-orange-color has-text-color\">Waar verblijf je op een camping in de buurt van de Bordeaux-wijngaarden?<\/h2>\n\n\n\n<p>Ideaal gelegen in het noorden van de Gironde, verwelkomt camping C\u00f4te d&#8217;Argent u in <strong>Hourtin<\/strong>, op een steenworp afstand van de wijngaarden van Bordeaux. Dankzij de ideale ligging in de M\u00e9doc kun je optimaal genieten van een dag of een halve dag op de <strong>Bordeaux-wijnroute<\/strong>. Saint-Est\u00e8phe ligt op minder dan 30 minuten van de camping C\u00f4te d&#8217;Argent, en Ch\u00e2teaux Margaux op slechts 45 minuten.<\/p>\n<\/div>\n<\/div>\n","protected":false},"excerpt":{"rendered":"<p>Een bezoek aan de Bordeaux-wijngaarden Het Bordeaux-terroir verkennen Wilt u de wijngaarden van Bordeaux ontdekken tijdens uw kampeervakantie in de Gironde? Met niet minder dan 7.000 wijnch\u00e2teauxstaan Bordeaux en zijn wijnbouwgebied wereldwijd bekend om hun uitzonderlijke wijnen. Saint-Emilion, Saint-Est\u00e8phe en Ch\u00e2teau Margaux zijn perfecte voorbeelden. Camping C\u00f4te d&#8217;Argent in Hourtin neemt je mee op ontdekkingstocht [&hellip;]<\/p>\n","protected":false},"author":1,"featured_media":0,"parent":0,"menu_order":0,"comment_status":"closed","ping_status":"closed","template":"","meta":[],"acf":[],"_links":{"self":[{"href":"https:\/\/www.camping-cote-dargent.com\/nl\/wp-json\/wp\/v2\/pages\/5374"}],"collection":[{"href":"https:\/\/www.camping-cote-dargent.com\/nl\/wp-json\/wp\/v2\/pages"}],"about":[{"href":"https:\/\/www.camping-cote-dargent.com\/nl\/wp-json\/wp\/v2\/types\/page"}],"author":[{"embeddable":true,"href":"https:\/\/www.camping-cote-dargent.com\/nl\/wp-json\/wp\/v2\/users\/1"}],"replies":[{"embeddable":true,"href":"https:\/\/www.camping-cote-dargent.com\/nl\/wp-json\/wp\/v2\/comments?post=5374"}],"version-history":[{"count":4,"href":"https:\/\/www.camping-cote-dargent.com\/nl\/wp-json\/wp\/v2\/pages\/5374\/revisions"}],"predecessor-version":[{"id":6208,"href":"https:\/\/www.camping-cote-dargent.com\/nl\/wp-json\/wp\/v2\/pages\/5374\/revisions\/6208"}],"wp:attachment":[{"href":"https:\/\/www.camping-cote-dargent.com\/nl\/wp-json\/wp\/v2\/media?parent=5374"}],"curies":[{"name":"wp","href":"https:\/\/api.w.org\/{rel}","templated":true}]}}