{"id":5369,"date":"2024-03-21T12:13:04","date_gmt":"2024-03-21T11:13:04","guid":{"rendered":"https:\/\/www.camping-cote-dargent.com\/soulac-sur-mer\/"},"modified":"2026-01-13T15:43:27","modified_gmt":"2026-01-13T14:43:27","slug":"soulac-sur-mer","status":"publish","type":"page","link":"https:\/\/www.camping-cote-dargent.com\/nl\/soulac-sur-mer\/","title":{"rendered":"Soulac-sur-Mer"},"content":{"rendered":"\n<div class=\"is-layout-flow wp-block-group alignfull diaporama-header\">\n<figure class=\"is-layout-flex wp-block-gallery-1 wp-block-gallery has-nested-images columns-default is-cropped fc-auto\">\n<figure class=\"wp-block-image size-full fc-auto\"><img decoding=\"async\" width=\"1920\" height=\"768\" src=\"https:\/\/www.camping-cote-dargent.com\/wp-content\/uploads\/2024\/03\/image-4-1.jpg\" alt=\"\" class=\"wp-image-3902\" srcset=\"https:\/\/www.camping-cote-dargent.com\/wp-content\/uploads\/2024\/03\/image-4-1.jpg 1920w, https:\/\/www.camping-cote-dargent.com\/wp-content\/uploads\/2024\/03\/image-4-1-300x120.jpg 300w, https:\/\/www.camping-cote-dargent.com\/wp-content\/uploads\/2024\/03\/image-4-1-1024x410.jpg 1024w, https:\/\/www.camping-cote-dargent.com\/wp-content\/uploads\/2024\/03\/image-4-1-768x307.jpg 768w, https:\/\/www.camping-cote-dargent.com\/wp-content\/uploads\/2024\/03\/image-4-1-1536x614.jpg 1536w\" sizes=\"(max-width: 1920px) 100vw, 1920px\" title=\"\"><\/figure>\n<\/figure>\n\n\n\n<div class=\"is-layout-constrained wp-block-group\">\n<div class=\"is-content-justification-center is-layout-flex wp-container-3 wp-block-buttons\">\n<div class=\"wp-block-button btn_resa\"><a class=\"wp-block-button__link has-bleufonce-color has-bleuclair-background-color has-text-color has-background wp-element-button\">Boek uw verblijf<\/a><\/div>\n<\/div>\n<\/div>\n<\/div>\n\n<div class=\"is-layout-flex wp-container-10 wp-block-columns C-30 vague-jaune\">\n<div class=\"is-layout-flow wp-block-column col-texte\">\n<h1 class=\"has-orange-color has-text-color\" style=\"font-size:72px\">Tussen duinen en wijngaarden: het beste van Soulac-sur-Mer, vlakbij uw camping<\/h1>\n\n\n\n<p class=\"has-bleufonce-color has-text-color\" style=\"font-size:18px\"><strong>Soulac-sur-Mer<\/strong>, de op \u00e9\u00e9n na noordelijkste stad in de <a href=\"https:\/\/www.camping-cote-dargent.com\/nl\/5-sterrencamping-in-gironde\/\" data-type=\"page\" data-id=\"128\">Gironde<\/a>, wordt gekenmerkt door zijn hellingen die aan de ene kant uitkijken over de<strong>Atlantische Oceaan<\/strong> en aan de andere kant over het<strong>estuarium van de Gironde<\/strong>. Camping C\u00f4te d&#8217;Argent neemt je mee op ontdekkingstocht door Soulac sur Mer, zodat je van alle facetten kunt genieten.<\/p>\n\n\n\n<h2 class=\"has-bleu-color has-text-color has-x-large-font-size\">Wat is er te zien en te doen in Soulac sur Mer?<\/h2>\n\n\n\n<p class=\"has-bleufonce-color has-text-color\" style=\"font-size:18px\">Als badplaats in de <strong>Gironde<\/strong> is het niet verwonderlijk dat de <strong>stranden van Soulac sur<\/strong> Mer een van de belangrijkste kenmerken zijn. Net als in <a href=\"https:\/\/www.camping-cote-dargent.com\/nl\/alentours\/hourtin\/\">Hourtin<\/a> worden er tal van watersportactiviteiten aangeboden. Surfen, jetski\u00ebn, kajakken, wakeboarden &#8211; de keuze is aan jou! Er zijn ook andere idee\u00ebn voor uitstapjes om de stad en haar erfgoed te ontdekken.<\/p>\n<\/div>\n\n\n\n<div class=\"is-layout-flow wp-block-column col-images\">\n<figure class=\"is-layout-flex wp-block-gallery-7 wp-block-gallery has-nested-images columns-2 is-cropped fc-diapo-mob fc-auto\">\n<figure class=\"wp-block-image size-large fc-caps fc-auto\"><img decoding=\"async\" width=\"1024\" height=\"697\" src=\"https:\/\/www.camping-cote-dargent.com\/wp-content\/uploads\/2024\/03\/photo-surf-club-hourtin-1024x697.webp\" alt=\"\" class=\"wp-image-3946\" srcset=\"https:\/\/www.camping-cote-dargent.com\/wp-content\/uploads\/2024\/03\/photo-surf-club-hourtin-1024x697.webp 1024w, https:\/\/www.camping-cote-dargent.com\/wp-content\/uploads\/2024\/03\/photo-surf-club-hourtin-300x204.webp 300w, https:\/\/www.camping-cote-dargent.com\/wp-content\/uploads\/2024\/03\/photo-surf-club-hourtin-768x522.webp 768w, https:\/\/www.camping-cote-dargent.com\/wp-content\/uploads\/2024\/03\/photo-surf-club-hourtin-1536x1045.webp 1536w, https:\/\/www.camping-cote-dargent.com\/wp-content\/uploads\/2024\/03\/photo-surf-club-hourtin.webp 1920w\" sizes=\"(max-width: 1024px) 100vw, 1024px\" title=\"\"><\/figure>\n\n\n\n<figure class=\"wp-block-image size-large fc-auto\"><img decoding=\"async\" width=\"1024\" height=\"713\" src=\"https:\/\/www.camping-cote-dargent.com\/wp-content\/uploads\/2024\/03\/photo-jet-ski-hourtin-1024x713.webp\" alt=\"\" class=\"wp-image-3998\" srcset=\"https:\/\/www.camping-cote-dargent.com\/wp-content\/uploads\/2024\/03\/photo-jet-ski-hourtin-1024x713.webp 1024w, https:\/\/www.camping-cote-dargent.com\/wp-content\/uploads\/2024\/03\/photo-jet-ski-hourtin-300x209.webp 300w, https:\/\/www.camping-cote-dargent.com\/wp-content\/uploads\/2024\/03\/photo-jet-ski-hourtin-768x535.webp 768w, https:\/\/www.camping-cote-dargent.com\/wp-content\/uploads\/2024\/03\/photo-jet-ski-hourtin-1536x1070.webp 1536w, https:\/\/www.camping-cote-dargent.com\/wp-content\/uploads\/2024\/03\/photo-jet-ski-hourtin.webp 1920w\" sizes=\"(max-width: 1024px) 100vw, 1024px\" title=\"\"><\/figure>\n\n\n\n<figure class=\"wp-block-image size-large fc-rond rond-bleu fc-auto\"><img decoding=\"async\" width=\"1024\" height=\"683\" src=\"https:\/\/www.camping-cote-dargent.com\/wp-content\/uploads\/2024\/03\/photo-baignade-hourtin-1024x683.webp\" alt=\"\" class=\"wp-image-3974\" srcset=\"https:\/\/www.camping-cote-dargent.com\/wp-content\/uploads\/2024\/03\/photo-baignade-hourtin-1024x683.webp 1024w, https:\/\/www.camping-cote-dargent.com\/wp-content\/uploads\/2024\/03\/photo-baignade-hourtin-300x200.webp 300w, https:\/\/www.camping-cote-dargent.com\/wp-content\/uploads\/2024\/03\/photo-baignade-hourtin-768x512.webp 768w, https:\/\/www.camping-cote-dargent.com\/wp-content\/uploads\/2024\/03\/photo-baignade-hourtin-1536x1024.webp 1536w, https:\/\/www.camping-cote-dargent.com\/wp-content\/uploads\/2024\/03\/photo-baignade-hourtin.webp 1920w\" sizes=\"(max-width: 1024px) 100vw, 1024px\" title=\"\"><\/figure>\n\n\n\n<figure class=\"wp-block-image size-large fc-auto\"><img decoding=\"async\" width=\"1024\" height=\"683\" src=\"https:\/\/www.camping-cote-dargent.com\/wp-content\/uploads\/2024\/03\/photo-kitesurf-hourtin-1024x683.webp\" alt=\"\" class=\"wp-image-4006\" srcset=\"https:\/\/www.camping-cote-dargent.com\/wp-content\/uploads\/2024\/03\/photo-kitesurf-hourtin-1024x683.webp 1024w, https:\/\/www.camping-cote-dargent.com\/wp-content\/uploads\/2024\/03\/photo-kitesurf-hourtin-300x200.webp 300w, https:\/\/www.camping-cote-dargent.com\/wp-content\/uploads\/2024\/03\/photo-kitesurf-hourtin-768x512.webp 768w, https:\/\/www.camping-cote-dargent.com\/wp-content\/uploads\/2024\/03\/photo-kitesurf-hourtin-1536x1024.webp 1536w, https:\/\/www.camping-cote-dargent.com\/wp-content\/uploads\/2024\/03\/photo-kitesurf-hourtin.webp 1920w\" sizes=\"(max-width: 1024px) 100vw, 1024px\" title=\"\"><\/figure>\n<\/figure>\n<\/div>\n<\/div>\n\n<div class=\"is-layout-flex wp-container-15 wp-block-columns C-20 vague-bleu reverse-mob\">\n<div class=\"is-layout-flow wp-block-column col-images\">\n<figure class=\"is-layout-flex wp-block-gallery-11 wp-block-gallery has-nested-images columns-2 is-cropped fc-diapo-mob fc-auto\">\n<figure class=\"wp-block-image size-full fc-auto\"><img decoding=\"async\" width=\"640\" height=\"477\" src=\"https:\/\/www.camping-cote-dargent.com\/wp-content\/uploads\/2024\/03\/ocean-g6ebdebd50_640.jpg\" alt=\"\" class=\"wp-image-3232\" srcset=\"https:\/\/www.camping-cote-dargent.com\/wp-content\/uploads\/2024\/03\/ocean-g6ebdebd50_640.jpg 640w, https:\/\/www.camping-cote-dargent.com\/wp-content\/uploads\/2024\/03\/ocean-g6ebdebd50_640-300x224.jpg 300w\" sizes=\"(max-width: 640px) 100vw, 640px\" title=\"\"><\/figure>\n\n\n\n<figure class=\"wp-block-image size-full fc-pola fc-auto\"><a href=\"https:\/\/www.camping-cote-dargent.com\/nl\/fotogalerij-en-videos\/\"><img decoding=\"async\" width=\"1024\" height=\"683\" src=\"https:\/\/www.camping-cote-dargent.com\/wp-content\/uploads\/2024\/03\/img_4803-1024x683-1.jpg\" alt=\"\" class=\"wp-image-2920\" srcset=\"https:\/\/www.camping-cote-dargent.com\/wp-content\/uploads\/2024\/03\/img_4803-1024x683-1.jpg 1024w, https:\/\/www.camping-cote-dargent.com\/wp-content\/uploads\/2024\/03\/img_4803-1024x683-1-300x200.jpg 300w, https:\/\/www.camping-cote-dargent.com\/wp-content\/uploads\/2024\/03\/img_4803-1024x683-1-768x512.jpg 768w\" sizes=\"(max-width: 1024px) 100vw, 1024px\" title=\"\"><\/a><figcaption class=\"wp-element-caption\">Bekijk de fotogalerij<\/figcaption><\/figure>\n\n\n\n<figure class=\"wp-block-image size-large fc-auto\"><img decoding=\"async\" width=\"1024\" height=\"683\" src=\"https:\/\/www.camping-cote-dargent.com\/wp-content\/uploads\/2024\/03\/photo-temperature-eau-hourtin-1024x683.webp\" alt=\"\" class=\"wp-image-3950\" srcset=\"https:\/\/www.camping-cote-dargent.com\/wp-content\/uploads\/2024\/03\/photo-temperature-eau-hourtin-1024x683.webp 1024w, https:\/\/www.camping-cote-dargent.com\/wp-content\/uploads\/2024\/03\/photo-temperature-eau-hourtin-300x200.webp 300w, https:\/\/www.camping-cote-dargent.com\/wp-content\/uploads\/2024\/03\/photo-temperature-eau-hourtin-768x512.webp 768w, https:\/\/www.camping-cote-dargent.com\/wp-content\/uploads\/2024\/03\/photo-temperature-eau-hourtin-1536x1025.webp 1536w, https:\/\/www.camping-cote-dargent.com\/wp-content\/uploads\/2024\/03\/photo-temperature-eau-hourtin.webp 1920w\" sizes=\"(max-width: 1024px) 100vw, 1024px\" title=\"\"><\/figure>\n<\/figure>\n<\/div>\n\n\n\n<div class=\"is-layout-flow wp-block-column is-vertically-aligned-center col-texte has-bleufonce-color has-text-color\">\n<h3 class=\"has-orange-color has-text-color\" style=\"font-size:24px\">Ontdek Soulac-sur-Mer<\/h3>\n\n\n\n<p class=\"has-bleufonce-color has-text-color\" style=\"font-size:18px\"><strong> Een bezoek aan Soulac-sur-Mer<\/strong> is echter ook een gelegenheid om het erfgoed te ontdekken. Je kunt ervoor kiezen om de stad te bezoeken met het kleine treintje, te voet met een tussenstop bij de prachtige <strong>Basiliek van Notre Dame de la Fin des Terres<\/strong>, of met een rondleiding. Er zijn <a href=\"https:\/\/www.medoc-atlantique.com\/13-communes-1001-possibilites\/vos-vacances-a-soulac-sur-mer\/activites-a-soulac-sur-mer\/\" target=\"_blank\" rel=\"noreferrer noopener\">rondleidingen<\/a> over verschillende thema&#8217;s, zoals de villa&#8217;s van Soulac of het monument van het fort van de noordelijke M\u00e9doc, voor een onderdompeling in de geschiedenis.<\/p>\n\n\n\n<p class=\"has-bleufonce-color has-text-color\" style=\"font-size:18px\">Anderen kiezen voor een wandeling langs het douanepad (1,5 km). Vakantiegangers op een <strong>familiecamping in de Gironde<\/strong> hebben ook genoeg tijd voor een schattenjacht dankzij het geocachingprogramma van Terra Aventura. Om Soulac-sur-Mer nog beter te leren kennen, kunnen vakantiegangers bovendien naar de markt gaan om wat boodschappen te doen en lokale lekkernijen te proeven. Tot slot biedt de badplaats tijdens het zomerseizoen een keur aan activiteiten en evenementen voor het hele gezin.<\/p>\n<\/div>\n<\/div>\n\n<div class=\"is-layout-constrained wp-block-group\">\n<div class=\"is-layout-flex wp-container-20 wp-block-columns C-30 vague-jaune\">\n<div class=\"is-layout-flow wp-block-column\">\n<h2 class=\"has-bleu-color has-text-color has-x-large-font-size\">Wat te doen in de omgeving van Soulac-sur-Mer<\/h2>\n\n\n\n<p class=\"has-bleufonce-color has-text-color\" style=\"font-size:18px\">Rond Soulac-sur-Mer zijn er tal van uitstapjes mogelijk. Ga eerst naar het noorden, richting Le Verdon-sur-Mer en de Pointe de Grave: panorama over de monding van de Gironde en de oceaan, bunkers en kustpaden. Vanaf hier vertrekken ook de boten naar de vuurtoren van Cordouan, het &#8220;Versailles van de zee&#8221;, dat op de UNESCO-werelderfgoedlijst staat: een onvergetelijke excursie bij eb, met een klim naar de top voor een 360\u00b0 uitzicht.  <\/p>\n\n\n\n<p class=\"has-bleufonce-color has-text-color\" style=\"font-size:18px\">Zin om even de kust te verlaten? Neem dan de veerboot Le Verdon\u2013Royan voor een dagje aan de andere kant van de riviermonding: Belle \u00c9poque-boulevard, wandelingen en mooie tochten naar de grotwoningen van Meschers (afhankelijk van uw timing). <\/p>\n\n\n\n<p class=\"has-bleufonce-color has-text-color\" style=\"font-size:18px\">In het zuiden verleidt Vendays-Montalivet met zijn surfcultuur, lange stranden en grote markt (dagelijks in de zomer) waar u oesters, lokale producten en wijnen uit de M\u00e9doc kunt proeven. Fietsers zullen genieten van de kilometerslange schaduwrijke fietspaden van de V\u00e9lodyss\u00e9e (EuroVelo 1), die Soulac, Le Verdon en Montalivet met elkaar verbinden door dennenbossen en duinen: ideaal voor gezinnen, met talrijke fietsverhuurbedrijven. <\/p>\n<\/div>\n\n\n\n<div class=\"is-layout-flow wp-block-column col-images\">\n<figure class=\"is-layout-flex wp-block-gallery-17 wp-block-gallery has-nested-images columns-2 is-cropped fc-diapo-mob fc-auto\">\n<figure class=\"wp-block-image size-full fc-caps fc-auto\"><img decoding=\"async\" width=\"850\" height=\"567\" src=\"https:\/\/www.camping-cote-dargent.com\/wp-content\/uploads\/2024\/03\/ADO_Vendays-Montalivet.webp\" alt=\"Strandhut in Vendays-Montalivet\" class=\"wp-image-6673\" srcset=\"https:\/\/www.camping-cote-dargent.com\/wp-content\/uploads\/2024\/03\/ADO_Vendays-Montalivet.webp 850w, https:\/\/www.camping-cote-dargent.com\/wp-content\/uploads\/2024\/03\/ADO_Vendays-Montalivet-300x200.webp 300w, https:\/\/www.camping-cote-dargent.com\/wp-content\/uploads\/2024\/03\/ADO_Vendays-Montalivet-768x512.webp 768w\" sizes=\"(max-width: 850px) 100vw, 850px\" title=\"\"><\/figure>\n\n\n\n<figure class=\"wp-block-image size-full fc-auto\"><img decoding=\"async\" width=\"800\" height=\"533\" src=\"https:\/\/www.camping-cote-dargent.com\/wp-content\/uploads\/2024\/03\/ADO_Hourtin-Lac.webp\" alt=\"Meer van Hourtin\" class=\"wp-image-7544\" srcset=\"https:\/\/www.camping-cote-dargent.com\/wp-content\/uploads\/2024\/03\/ADO_Hourtin-Lac.webp 800w, https:\/\/www.camping-cote-dargent.com\/wp-content\/uploads\/2024\/03\/ADO_Hourtin-Lac-300x200.webp 300w, https:\/\/www.camping-cote-dargent.com\/wp-content\/uploads\/2024\/03\/ADO_Hourtin-Lac-768x512.webp 768w\" sizes=\"(max-width: 800px) 100vw, 800px\" title=\"\"><\/figure>\n\n\n\n<figure class=\"wp-block-image size-large fc-rond rond-bleu fc-auto\"><img decoding=\"async\" width=\"1024\" height=\"697\" src=\"https:\/\/www.camping-cote-dargent.com\/wp-content\/uploads\/2025\/06\/photo-surf-club-hourtin-1-1024x697.webp\" alt=\"\" class=\"wp-image-7595\" srcset=\"https:\/\/www.camping-cote-dargent.com\/wp-content\/uploads\/2025\/06\/photo-surf-club-hourtin-1-1024x697.webp 1024w, https:\/\/www.camping-cote-dargent.com\/wp-content\/uploads\/2025\/06\/photo-surf-club-hourtin-1-300x204.webp 300w, https:\/\/www.camping-cote-dargent.com\/wp-content\/uploads\/2025\/06\/photo-surf-club-hourtin-1-768x522.webp 768w, https:\/\/www.camping-cote-dargent.com\/wp-content\/uploads\/2025\/06\/photo-surf-club-hourtin-1.webp 1176w\" sizes=\"(max-width: 1024px) 100vw, 1024px\" title=\"\"><\/figure>\n<\/figure>\n<\/div>\n<\/div>\n\n\n\n<div class=\"is-layout-constrained wp-block-group\">\n<p class=\"has-bleufonce-color has-text-color\" style=\"font-size:18px\">Voor een rustige pauze kunt u naar de meren van Hourtin-Carcans gaan (ongeveer 40-50 minuten rijden): kalm water, bewaakte stranden, zeilen, paddleboarden, speeltuinen en natuurreservaten om de fauna te observeren. In het achterland volgt u de Route des Ch\u00e2teaux du M\u00e9doc (Saint-Est\u00e8phe, Pauillac, Margaux): bezoek de domeinen voor rondleidingen door de wijnkelders en proeverijen (vergeet niet te reserveren). <\/p>\n<\/div>\n\n\n\n<p class=\"has-bleufonce-color has-text-color\" style=\"font-size:18px\">Maak uw verblijf ten slotte compleet met kleine genoegens: surfen of bodyboarden, paardrijden op het strand, zonsondergangen op de stranden van Am\u00e9lie of La Na\u00efade, en gastronomische tussenstops in de oesterhutten van de monding. Rond Soulac kunt u genieten van de levensstijl van de M\u00e9doc tussen oceaan, bos, wijngaarden en erfgoed. Stel uw programma samen zoals u dat wilt! <\/p>\n<\/div>\n\n<div class=\"is-layout-flex wp-container-27 wp-block-columns are-vertically-aligned-center C-50 vague-orange\">\n<div class=\"is-layout-flow wp-block-column is-vertically-aligned-center col-texte\">\n<h2 class=\"has-bleu-color has-text-color has-x-large-font-size\">Waar verblijven <span class=\"fc-span\">op een camping in de buurt van Soulac sur Mer?<\/span><\/h2>\n\n\n\n<p class=\"has-bleufonce-color has-text-color\" style=\"font-size:18px\">Voor een<strong> kampeervakantie in de buurt van Soulac sur<\/strong> Mer kun je rekenen op <strong>5-sterrencamping Hourtin<\/strong> aan de C\u00f4te d&#8217;Argent. Met zijn <a href=\"https:\/\/www.camping-cote-dargent.com\/nl\/camping-in-gironde-met-zwembad\/\" data-type=\"page\" data-id=\"129\">waterpark van 5.000 m\u00b2<\/a>, hoogwaardige services en entertainment, <a href=\"https:\/\/www.camping-cote-dargent.com\/nl\/verhuur-van-een-stacaravan-in-gironde\/\" data-type=\"page\" data-id=\"133\">comfortabele accommodatie<\/a> en ideale locatie op een steenworp afstand van de zee, is alles aanwezig om je verblijf zo aangenaam mogelijk te maken.<\/p>\n\n\n\n<h3 class=\"has-orange-color has-text-color\" style=\"font-size:24px\">Soulac bereiken vanaf camping C\u00f4te d&#8217;Argent in Hourtin<\/h3>\n\n\n\n<p class=\"has-bleufonce-color has-text-color\" style=\"font-size:18px\">Door de Atlantische kust te volgen langs de departementale weg richting Soulac, bereiken vakantiegangers de badplaats in 40 minuten.<\/p>\n<\/div>\n\n\n\n<div class=\"is-layout-flow wp-block-column is-vertically-aligned-center\">\n<figure class=\"is-layout-flex wp-block-gallery-24 wp-block-gallery has-nested-images columns-3 is-cropped fc-diapo-mob fc-auto\">\n<figure class=\"wp-block-image size-large fc-pola rotate5 fc-auto\"><img decoding=\"async\" width=\"1024\" height=\"361\" src=\"https:\/\/www.camping-cote-dargent.com\/wp-content\/uploads\/2024\/03\/dsc_3470-1-1920x677-1-1024x361.jpg\" alt=\"\" class=\"wp-image-3737\" srcset=\"https:\/\/www.camping-cote-dargent.com\/wp-content\/uploads\/2024\/03\/dsc_3470-1-1920x677-1-1024x361.jpg 1024w, https:\/\/www.camping-cote-dargent.com\/wp-content\/uploads\/2024\/03\/dsc_3470-1-1920x677-1-300x106.jpg 300w, https:\/\/www.camping-cote-dargent.com\/wp-content\/uploads\/2024\/03\/dsc_3470-1-1920x677-1-768x271.jpg 768w, https:\/\/www.camping-cote-dargent.com\/wp-content\/uploads\/2024\/03\/dsc_3470-1-1920x677-1-1536x542.jpg 1536w, https:\/\/www.camping-cote-dargent.com\/wp-content\/uploads\/2024\/03\/dsc_3470-1-1920x677-1.jpg 1920w\" sizes=\"(max-width: 1024px) 100vw, 1024px\" title=\"\"><figcaption class=\"wp-element-caption\">Vrede en comfort<\/figcaption><\/figure>\n\n\n\n<figure class=\"wp-block-image size-large fc-pola fc-auto\"><img decoding=\"async\" width=\"1024\" height=\"683\" src=\"https:\/\/www.camping-cote-dargent.com\/wp-content\/uploads\/2024\/03\/photo-meteo-14-jours-hourtin-1024x683.webp\" alt=\"\" class=\"wp-image-4022\" srcset=\"https:\/\/www.camping-cote-dargent.com\/wp-content\/uploads\/2024\/03\/photo-meteo-14-jours-hourtin-1024x683.webp 1024w, https:\/\/www.camping-cote-dargent.com\/wp-content\/uploads\/2024\/03\/photo-meteo-14-jours-hourtin-300x200.webp 300w, https:\/\/www.camping-cote-dargent.com\/wp-content\/uploads\/2024\/03\/photo-meteo-14-jours-hourtin-768x512.webp 768w, https:\/\/www.camping-cote-dargent.com\/wp-content\/uploads\/2024\/03\/photo-meteo-14-jours-hourtin-1536x1024.webp 1536w, https:\/\/www.camping-cote-dargent.com\/wp-content\/uploads\/2024\/03\/photo-meteo-14-jours-hourtin.webp 1920w\" sizes=\"(max-width: 1024px) 100vw, 1024px\" title=\"\"><figcaption class=\"wp-element-caption\">Aan zee<\/figcaption><\/figure>\n\n\n\n<figure class=\"wp-block-image size-full fc-pola rotate10 fc-auto\"><img decoding=\"async\" width=\"650\" height=\"650\" src=\"https:\/\/www.camping-cote-dargent.com\/wp-content\/uploads\/2024\/03\/bordeaux-campsite-with-water-park-650x650-1.jpg\" alt=\"\" class=\"wp-image-3616\" srcset=\"https:\/\/www.camping-cote-dargent.com\/wp-content\/uploads\/2024\/03\/bordeaux-campsite-with-water-park-650x650-1.jpg 650w, https:\/\/www.camping-cote-dargent.com\/wp-content\/uploads\/2024\/03\/bordeaux-campsite-with-water-park-650x650-1-300x300.jpg 300w, https:\/\/www.camping-cote-dargent.com\/wp-content\/uploads\/2024\/03\/bordeaux-campsite-with-water-park-650x650-1-150x150.jpg 150w\" sizes=\"(max-width: 650px) 100vw, 650px\" title=\"\"><figcaption class=\"wp-element-caption\">Waterpark<\/figcaption><\/figure>\n<\/figure>\n<\/div>\n<\/div>\n","protected":false},"excerpt":{"rendered":"<p>Tussen duinen en wijngaarden: het beste van Soulac-sur-Mer, vlakbij uw camping Soulac-sur-Mer, de op \u00e9\u00e9n na noordelijkste stad in de Gironde, wordt gekenmerkt door zijn hellingen die aan de ene kant uitkijken over deAtlantische Oceaan en aan de andere kant over hetestuarium van de Gironde. Camping C\u00f4te d&#8217;Argent neemt je mee op ontdekkingstocht door Soulac [&hellip;]<\/p>\n","protected":false},"author":1,"featured_media":0,"parent":0,"menu_order":0,"comment_status":"open","ping_status":"open","template":"","meta":[],"acf":[],"_links":{"self":[{"href":"https:\/\/www.camping-cote-dargent.com\/nl\/wp-json\/wp\/v2\/pages\/5369"}],"collection":[{"href":"https:\/\/www.camping-cote-dargent.com\/nl\/wp-json\/wp\/v2\/pages"}],"about":[{"href":"https:\/\/www.camping-cote-dargent.com\/nl\/wp-json\/wp\/v2\/types\/page"}],"author":[{"embeddable":true,"href":"https:\/\/www.camping-cote-dargent.com\/nl\/wp-json\/wp\/v2\/users\/1"}],"replies":[{"embeddable":true,"href":"https:\/\/www.camping-cote-dargent.com\/nl\/wp-json\/wp\/v2\/comments?post=5369"}],"version-history":[{"count":6,"href":"https:\/\/www.camping-cote-dargent.com\/nl\/wp-json\/wp\/v2\/pages\/5369\/revisions"}],"predecessor-version":[{"id":8775,"href":"https:\/\/www.camping-cote-dargent.com\/nl\/wp-json\/wp\/v2\/pages\/5369\/revisions\/8775"}],"wp:attachment":[{"href":"https:\/\/www.camping-cote-dargent.com\/nl\/wp-json\/wp\/v2\/media?parent=5369"}],"curies":[{"name":"wp","href":"https:\/\/api.w.org\/{rel}","templated":true}]}}