{"id":5179,"date":"2023-12-01T11:04:19","date_gmt":"2023-12-01T10:04:19","guid":{"rendered":"https:\/\/www.camping-cote-dargent.com\/juridische-informatie\/"},"modified":"2026-01-14T12:04:46","modified_gmt":"2026-01-14T11:04:46","slug":"juridische-informatie","status":"publish","type":"page","link":"https:\/\/www.camping-cote-dargent.com\/nl\/juridische-informatie\/","title":{"rendered":"Juridische informatie"},"content":{"rendered":"\n<div class=\"is-layout-constrained wp-block-group\">\n<h1 class=\"has-text-align-center has-orange-color has-text-color\">Juridische informatie<\/h1>\n\n\n\n<div class=\"is-layout-flex wp-container-3 wp-block-columns\">\n<div class=\"is-layout-flow wp-block-column\">\n<p class=\"h3 has-bleu-color has-text-color has-sous-titre-font-size\"><strong><span itemprop=\"name\">Camping De La C\u00f4te d'Argent<\/span><\/strong><br><span class=\"fc-span\"><span class=\"wrp_denomination\"><span>SAS CAMPING DE LA COTE D'ARGENT<\/span><\/span><\/span><\/p>\n\n\n\n<p><strong>Adres<\/strong>:  <span itemprop=\"address\">134 Route de Contaut 33990 Hourtin-Plage<\/span> <span itemprop=\"address\">Gironde Aquitaine<\/span><br><strong>Tel:<\/strong> <a itemprop=\"telephone\" href=\"tel:+33556091025\">05 56 09 10 25<\/a><br><strong>Mail:<\/strong> <span itemprop=\"email\">info@cca33.com<\/span><br><strong>SIRET:<\/strong> <span class=\"wrp_siret\"><span>41931772200017<\/span><\/span><br><strong>RCS:<\/strong> <span class=\"wrp_rcs\"><span>Bordeaux B 419 317 722<\/span><\/span><br><strong>BTW :<\/strong> <span class=\"wrp_tva\"><span>FR45419317722<\/span><\/span><br><strong>Kapitaal :<\/strong> <span class=\"wrp_capital\"><span>3 500 000,00 \u20ac<\/span><\/span><\/p>\n\n\n\n<p>De website <a href=\"https:\/\/www.camping-cote-dargent.com\/nl\/\" itemprop=\"url\">camping-cote-dargent.com\/nl\/<\/a> wordt gehost door <strong>Niwanet<\/strong>.<\/p>\n\n\n\n<p><strong>FRANCECOM, Web Agency<br><\/strong>8 rue des Bruy\u00e8res, b\u00e2timent B, 44400 Rez\u00e9<br><strong>Tel.<\/strong>: 02 51 80 88 88<br><strong>Fax<\/strong>: 02 51 80 88 87<br><strong>Web<\/strong>: <a href=\"https:\/\/francecom.fr\/\" data-type=\"URL\" data-id=\"https:\/\/francecom.fr\/\" target=\"_blank\" rel=\"noreferrer noopener\">https:\/\/francecom.fr\/<\/a><br>Handels- en bedrijvenregister: Nantes B 410 557 151<br>SIRET: 41055715100041<\/p>\n\n\n\n<p>Het raadplegen van de website <a href=\"https:\/\/www.camping-cote-dargent.com\/nl\/\" itemprop=\"url\">camping-cote-dargent.com\/nl\/<\/a> is onderworpen aan de volledige aanvaarding en naleving van de volgende gebruiksvoorwaarden door de internetgebruikers.<\/p>\n\n\n\n<p>De internetgebruiker verbindt zich ertoe de informatie op de site voor persoonlijke en niet-commerci\u00eble doeleinden te gebruiken. Indien de internetgebruiker de bepalingen van dit Handvest niet naleeft, kan hij of zij burgerlijk en\/of strafrechtelijk aansprakelijk worden gesteld.<\/p>\n\n\n\n<p class=\"h3 has-bleu-color has-text-color has-sous-titre-font-size\"><strong><strong><strong>Site-inhoud<\/strong><\/strong><\/strong><\/p>\n\n\n\n<p>De site wordt beheerd door <strong>\n  <strong>\n    <span itemprop=\"name\">Camping De La C\u00f4te d'Argent<\/span>\n  <\/strong>\n<\/strong>.<\/p>\n\n\n\n<p>De site presenteert de activiteiten van het bedrijf <strong>\n  <strong>\n    <span itemprop=\"name\">Camping De La C\u00f4te d'Argent<\/span>\n  <\/strong>\n<\/strong>.<\/p>\n\n\n\n<p class=\"h3 has-bleu-color has-text-color has-sous-titre-font-size\"><strong><strong><strong>Intellectueel eigendom<\/strong><\/strong><\/strong><\/p>\n\n\n\n<p>De Site <a href=\"https:\/\/www.camping-cote-dargent.com\/nl\/\" itemprop=\"url\">camping-cote-dargent.com\/nl\/<\/a> vormt een werk waarvan <strong>Francecom<\/strong> de auteur is in de zin van artikelen L111.1 en volgende van de Franse wet op intellectueel eigendom.<\/p>\n\n\n\n<p>In het algemeen zijn de gegevens, programma&#8217;s, muziekfragmenten, teksten, informatie, logo&#8217;s, visuele identiteiten, afbeeldingen, al dan niet geanimeerd, en hun lay-out op de Site <a href=\"https:\/\/www.camping-cote-dargent.com\/nl\/\" itemprop=\"url\">camping-cote-dargent.com\/nl\/<\/a> eigendom van <strong>Francecom<\/strong> (met uitzondering van foto&#8217;s van het bedrijf).  <strong><strong><strong><span itemprop=\"name\">Camping De La C\u00f4te d'Argent<\/span><\/strong><\/strong><\/strong>  en teksten geschreven door het bedrijf  <strong><strong><strong><span itemprop=\"name\">Camping De La C\u00f4te d'Argent<\/span><\/strong><\/strong><\/strong>) en worden daarom beschermd door de bepalingen van de Franse wet op intellectueel eigendom.<\/p>\n\n\n\n<p>Alle internetgebruikers verbinden zich ertoe deze inhoud niet te gebruiken en niet toe te staan dat iemand anders deze inhoud voor illegale doeleinden gebruikt.<\/p>\n\n\n\n<p>Elke weergave of reproductie, geheel of gedeeltelijk, permanent of tijdelijk, op een computermedium en\/of papier, en door welk proc\u00e9d\u00e9 dan ook (met name door framing*), van een van de elementen van de Site  <a href=\"https:\/\/www.camping-cote-dargent.com\/nl\/\" itemprop=\"url\">camping-cote-dargent.com\/nl\/<\/a>  of te koop aangeboden diensten, zonder voorafgaande en uitdrukkelijke toestemming van <strong>Francecom<\/strong> is verboden en vormt een daad van namaak, die kan leiden tot civiele en\/of strafrechtelijke sancties. Alleen afdrukken op papier is toegestaan voor priv\u00e9kopie\u00ebn voor het exclusieve gebruik van de kopieerder in de zin van artikel L122-5 2\u00b0 van de Franse wet op intellectueel eigendom.<\/p>\n\n\n\n<p>Geen enkele hypertext link naar de Site <a href=\"https:\/\/www.camping-cote-dargent.com\/nl\/\" itemprop=\"url\">camping-cote-dargent.com\/nl\/<\/a> mag worden ge\u00efnstalleerd zonder de voorafgaande en uitdrukkelijke toestemming van <strong>Francecom<\/strong>.<\/p>\n\n\n\n<p>*Het overnemen van de inhoud van pagina&#8217;s op een website en deze overbrengen naar de eigen website door middel van een hypertextlink, waardoor de genoemde inhoud van de eigen website lijkt te zijn.<\/p>\n\n\n\n<p class=\"h3 has-bleu-color has-text-color has-sous-titre-font-size\"><strong><strong><strong>Fotocredits<\/strong><\/strong><\/strong><\/p>\n\n\n\n<p>Niet-contractuele foto&#8217;s.<\/p>\n<\/div>\n\n\n\n<div class=\"is-layout-flow wp-block-column\">\n<p class=\"h3 has-bleu-color has-text-color has-sous-titre-font-size\"><strong><strong>Aansprakelijkheid<\/strong><\/strong><\/p>\n\n\n\n<p>Het bedrijf<strong> <strong><span itemprop=\"name\">Camping De La C\u00f4te d'Argent<\/span><\/strong><\/strong> wijst alle verantwoordelijkheid af voor eventuele storingen die kunnen optreden op de site <a href=\"https:\/\/www.camping-cote-dargent.com\/nl\/\" itemprop=\"url\">camping-cote-dargent.com\/nl\/<\/a> en die resulteren in verlies van gegevens of onbeschikbaarheid van toegang tot de informatie die op de site is geproduceerd.<\/p>\n\n\n\n<p>De informatie op de website <a href=\"https:\/\/www.camping-cote-dargent.com\/nl\/\" itemprop=\"url\">camping-cote-dargent.com\/nl\/<\/a> kan zonder voorafgaande kennisgeving worden gewijzigd en wordt ter beschikking gesteld aan internetgebruikers zonder enige uitdrukkelijke of stilzwijgende garantie van welke aard dan ook.<\/p>\n\n\n\n<p>De aanwezigheid van hyperlinks op de site <a href=\"https:\/\/www.camping-cote-dargent.com\/nl\/\" itemprop=\"url\">camping-cote-dargent.com\/nl\/<\/a> &#8211; ongeacht of het bedrijf al dan niet vooraf toestemming heeft gegeven &#8211; cre\u00ebert geen gezamenlijke aansprakelijkheid tussen het bedrijf en de eigenaars van de andere sites, voor wat betreft de inhoud van de sites waarnaar de internetgebruiker wordt doorgestuurd. <strong>\n  <strong>\n    <strong>\n      <span itemprop=\"name\">Camping De La C\u00f4te d'Argent<\/span>\n    <\/strong>\n  <\/strong>\n<\/strong> &#8211; geen gezamenlijke aansprakelijkheid cre\u00ebert tussen het bedrijf en de eigenaars van de andere sites, wat betreft de inhoud van de sites waarnaar de internetgebruiker wordt doorgestuurd.<\/p>\n\n\n\n<p>Het bedrijf  <strong><strong><strong><span itemprop=\"name\">Camping De La C\u00f4te d'Argent<\/span><\/strong><\/strong><\/strong>  kan de volledigheid of nauwkeurigheid van de informatie op de website <a href=\"https:\/\/www.camping-cote-dargent.com\/nl\/\" itemprop=\"url\">camping-cote-dargent.com\/nl\/<\/a> niet garanderen. Ook kan niet worden gegarandeerd dat de site niet door derden wordt gewijzigd (inbraak, virus).<\/p>\n\n\n\n<p>Bovendien zijn internetgebruikers zelf verantwoordelijk voor hun gebruik van de inhoud van de website <a href=\"https:\/\/www.camping-cote-dargent.com\/nl\/\" itemprop=\"url\">camping-cote-dargent.com\/nl\/<\/a>. Behalve in het geval van grove nalatigheid van het bedrijf  <strong><strong><strong><span itemprop=\"name\">Camping De La C\u00f4te d'Argent<\/span><\/strong><\/strong><\/strong>Zij kan niet aansprakelijk worden gesteld voor rechtstreekse of onrechtstreekse schade die ontstaat uit het gebruik van de informatie op de website <a href=\"https:\/\/www.camping-cote-dargent.com\/nl\/\" itemprop=\"url\">camping-cote-dargent.com\/nl\/<\/a>.<\/p>\n\n\n\n<p class=\"h3 has-bleu-color has-text-color has-sous-titre-font-size\"><strong><strong>Toepasselijk recht en jurisdictie<\/strong><\/strong><\/p>\n\n\n\n<p>Op alle informatie op de website <a href=\"https:\/\/www.camping-cote-dargent.com\/nl\/\" itemprop=\"url\">camping-cote-dargent.com\/nl\/<\/a> en het gebruik ervan is uitsluitend Frans recht van toepassing. Alleen de rechtbanken binnen de jurisdictie van het<strong> Hof van Beroep <span class=\"wrp_cours_appel\"><span>de Bordeaux<\/span><\/span><\/strong> zijn bevoegd om kennis te nemen van geschillen die voortvloeien uit het gebruik van de website <a href=\"https:\/\/www.camping-cote-dargent.com\/nl\/\" itemprop=\"url\">camping-cote-dargent.com\/nl\/<\/a>.<br><\/p>\n\n\n\n<p><strong>CM2C<\/strong><br>14 rue Saint Jean<br>75017 Parijs<br><a href=\"https:\/\/www.cm2c.net\/\" target=\"_blank\" rel=\"noreferrer noopener\">cm2c.net<\/a><br><a href=\"mailto:cm2c@cm2c.net\">cm2c@cm2c.net<\/a><\/p>\n\n\n\n<p class=\"h3 has-bleu-color has-text-color has-sous-titre-font-size\"><strong>Algemene verkoopvoorwaarden<\/strong><\/p>\n\n\n\n<p>Op de website <a href=\"https:\/\/www.camping-cote-dargent.com\/nl\/\" itemprop=\"url\">camping-cote-dargent.com\/nl\/<\/a> kunnen geen aankopen worden gedaan. De Algemene Verkoopvoorwaarden zijn beschikbaar in de sectie Documenten om te downloaden of op aanvraag op het volgende adres  <strong><strong><span itemprop=\"email\">info@cca33.com<\/span><\/strong><\/strong><\/p>\n\n\n\n<p class=\"h3 has-bleu-color has-text-color has-sous-titre-font-size\"><strong>Informatie over cookies op onze site<\/strong><\/p>\n\n\n\n<p>L\u2019informations d\u00e9taill\u00e9e des cookies et leurs gestions sur le site sont disponibles ici :&nbsp;<a href=\"https:\/\/www.camping-cote-dargent.com\/nl\/cookiebeleid-eu\/\" data-type=\"URL\" data-id=\"https:\/\/www.camping-cote-dargent.com\/nl\/cookiebeleid-eu\/\">Politique de cookies (EU)<\/a><\/p>\n\n\n\n<p>Meer informatie over het gebruik van cookies vindt u op de website van de CNIL: <a href=\"https:\/\/www.cnil.fr\/fr\/cookies-et-autres-traceurs\/comment-se-proteger\/maitriser-votre-navigateur\" target=\"_blank\" rel=\"noreferrer noopener\">cnil.fr<\/a><\/p>\n\n\n\n<p><strong>Informatie over het privacybeleid en het beheer van persoonlijke gegevens:<\/strong><\/p>\n\n\n\n<p>L\u2019informations d\u00e9taill\u00e9e de la <a href=\"https:\/\/www.camping-cote-dargent.com\/nl\/vertrouwelijkheid-en-persoonlijke-gegevens\/\" data-type=\"URL\" data-id=\"https:\/\/www.camping-cote-dargent.com\/nl\/vertrouwelijkheid-en-persoonlijke-gegevens\/\">politique de confidentialit\u00e9 et de la gestion des donn\u00e9es personnelles<\/a><\/p>\n<\/div>\n<\/div>\n<\/div>\n","protected":false},"excerpt":{"rendered":"<p>Juridische informatie Adres: Tel: Mail: SIRET: RCS: BTW : Kapitaal : De website wordt gehost door Niwanet. FRANCECOM, Web Agency8 rue des Bruy\u00e8res, b\u00e2timent B, 44400 Rez\u00e9Tel.: 02 51 80 88 88Fax: 02 51 80 88 87Web: https:\/\/francecom.fr\/Handels- en bedrijvenregister: Nantes B 410 557 151SIRET: 41055715100041 Het raadplegen van de website is onderworpen aan de [&hellip;]<\/p>\n","protected":false},"author":1,"featured_media":0,"parent":0,"menu_order":0,"comment_status":"closed","ping_status":"closed","template":"","meta":[],"acf":[],"_links":{"self":[{"href":"https:\/\/www.camping-cote-dargent.com\/nl\/wp-json\/wp\/v2\/pages\/5179"}],"collection":[{"href":"https:\/\/www.camping-cote-dargent.com\/nl\/wp-json\/wp\/v2\/pages"}],"about":[{"href":"https:\/\/www.camping-cote-dargent.com\/nl\/wp-json\/wp\/v2\/types\/page"}],"author":[{"embeddable":true,"href":"https:\/\/www.camping-cote-dargent.com\/nl\/wp-json\/wp\/v2\/users\/1"}],"replies":[{"embeddable":true,"href":"https:\/\/www.camping-cote-dargent.com\/nl\/wp-json\/wp\/v2\/comments?post=5179"}],"version-history":[{"count":6,"href":"https:\/\/www.camping-cote-dargent.com\/nl\/wp-json\/wp\/v2\/pages\/5179\/revisions"}],"predecessor-version":[{"id":9118,"href":"https:\/\/www.camping-cote-dargent.com\/nl\/wp-json\/wp\/v2\/pages\/5179\/revisions\/9118"}],"wp:attachment":[{"href":"https:\/\/www.camping-cote-dargent.com\/nl\/wp-json\/wp\/v2\/media?parent=5179"}],"curies":[{"name":"wp","href":"https:\/\/api.w.org\/{rel}","templated":true}]}}