{"id":8711,"date":"2024-03-21T12:13:04","date_gmt":"2024-03-21T11:13:04","guid":{"rendered":"https:\/\/www.camping-cote-dargent.com\/soulac-sur-mer\/"},"modified":"2026-01-13T14:43:27","modified_gmt":"2026-01-13T13:43:27","slug":"soulac-sur-mer","status":"publish","type":"page","link":"https:\/\/www.camping-cote-dargent.com\/es\/soulac-sur-mer\/","title":{"rendered":"Soulac-sur-Mer"},"content":{"rendered":"\n<div class=\"is-layout-flow wp-block-group alignfull diaporama-header\">\n<figure class=\"is-layout-flex wp-block-gallery-1 wp-block-gallery has-nested-images columns-default is-cropped fc-auto\">\n<figure class=\"wp-block-image size-full fc-auto\"><img decoding=\"async\" width=\"1920\" height=\"768\" src=\"https:\/\/www.camping-cote-dargent.com\/wp-content\/uploads\/2024\/03\/image-4-1.jpg\" alt=\"\" class=\"wp-image-3902\" srcset=\"https:\/\/www.camping-cote-dargent.com\/wp-content\/uploads\/2024\/03\/image-4-1.jpg 1920w, https:\/\/www.camping-cote-dargent.com\/wp-content\/uploads\/2024\/03\/image-4-1-300x120.jpg 300w, https:\/\/www.camping-cote-dargent.com\/wp-content\/uploads\/2024\/03\/image-4-1-1024x410.jpg 1024w, https:\/\/www.camping-cote-dargent.com\/wp-content\/uploads\/2024\/03\/image-4-1-768x307.jpg 768w, https:\/\/www.camping-cote-dargent.com\/wp-content\/uploads\/2024\/03\/image-4-1-1536x614.jpg 1536w\" sizes=\"(max-width: 1920px) 100vw, 1920px\" title=\"\"><\/figure>\n<\/figure>\n\n\n\n<div class=\"is-layout-constrained wp-block-group\">\n<div class=\"is-content-justification-center is-layout-flex wp-container-3 wp-block-buttons\">\n<div class=\"wp-block-button btn_resa\"><a class=\"wp-block-button__link has-bleufonce-color has-bleuclair-background-color has-text-color has-background wp-element-button\">Reserva tu estancia<\/a><\/div>\n<\/div>\n<\/div>\n<\/div>\n\n<div class=\"is-layout-flex wp-container-10 wp-block-columns C-30 vague-jaune\">\n<div class=\"is-layout-flow wp-block-column col-texte\">\n<h1 class=\"has-orange-color has-text-color\" style=\"font-size:72px\">Entre dunas y vi\u00f1edos: lo mejor de Soulac sur Mer, cerca de tu camping<\/h1>\n\n\n\n<p class=\"has-bleufonce-color has-text-color\" style=\"font-size:18px\"><strong>Soulac-sur-Mer<\/strong>, la segunda ciudad m\u00e1s septentrional de <a href=\"https:\/\/www.camping-cote-dargent.com\/es\/alrededores\/\" data-type=\"page\" data-id=\"128\">la Gironda<\/a>, se caracteriza por sus laderas que dominan el<strong>oc\u00e9ano Atl\u00e1ntico<\/strong> por un lado y el<strong>estuario de la Gironda<\/strong> por el otro. El camping C\u00f4te d&#8217;Argent te lleva a descubrir Soulac-sur-Mer, para que disfrutes de todas sus facetas. <\/p>\n\n\n\n<h2 class=\"has-bleu-color has-text-color has-x-large-font-size\">\u00bfQu\u00e9 ver y hacer en Soulac sur Mer?<\/h2>\n\n\n\n<p class=\"has-bleufonce-color has-text-color\" style=\"font-size:18px\">Como estaci\u00f3n balnearia de <strong>la Gironda<\/strong>, no es de extra\u00f1ar que <strong>las playas de Soulac sur Mer<\/strong> sean uno de sus rasgos caracter\u00edsticos. Como en <a href=\"https:\/\/www.camping-cote-dargent.com\/es\/alentours\/hourtin\/\">Hourtin<\/a>, encontrar\u00e1s muchas actividades acu\u00e1ticas. Surf, moto acu\u00e1tica, kayak, wakeboard&#8230; \u00a1t\u00fa eliges! Y hay muchas otras ideas de excursiones para descubrir la ciudad y su patrimonio.   <\/p>\n<\/div>\n\n\n\n<div class=\"is-layout-flow wp-block-column col-images\">\n<figure class=\"is-layout-flex wp-block-gallery-7 wp-block-gallery has-nested-images columns-2 is-cropped fc-diapo-mob fc-auto\">\n<figure class=\"wp-block-image size-large fc-caps fc-auto\"><img decoding=\"async\" width=\"1024\" height=\"697\" src=\"https:\/\/www.camping-cote-dargent.com\/wp-content\/uploads\/2024\/03\/photo-surf-club-hourtin-1024x697.webp\" alt=\"\" class=\"wp-image-3946\" srcset=\"https:\/\/www.camping-cote-dargent.com\/wp-content\/uploads\/2024\/03\/photo-surf-club-hourtin-1024x697.webp 1024w, https:\/\/www.camping-cote-dargent.com\/wp-content\/uploads\/2024\/03\/photo-surf-club-hourtin-300x204.webp 300w, https:\/\/www.camping-cote-dargent.com\/wp-content\/uploads\/2024\/03\/photo-surf-club-hourtin-768x522.webp 768w, https:\/\/www.camping-cote-dargent.com\/wp-content\/uploads\/2024\/03\/photo-surf-club-hourtin-1536x1045.webp 1536w, https:\/\/www.camping-cote-dargent.com\/wp-content\/uploads\/2024\/03\/photo-surf-club-hourtin.webp 1920w\" sizes=\"(max-width: 1024px) 100vw, 1024px\" title=\"\"><\/figure>\n\n\n\n<figure class=\"wp-block-image size-large fc-auto\"><img decoding=\"async\" width=\"1024\" height=\"713\" src=\"https:\/\/www.camping-cote-dargent.com\/wp-content\/uploads\/2024\/03\/photo-jet-ski-hourtin-1024x713.webp\" alt=\"\" class=\"wp-image-3998\" srcset=\"https:\/\/www.camping-cote-dargent.com\/wp-content\/uploads\/2024\/03\/photo-jet-ski-hourtin-1024x713.webp 1024w, https:\/\/www.camping-cote-dargent.com\/wp-content\/uploads\/2024\/03\/photo-jet-ski-hourtin-300x209.webp 300w, https:\/\/www.camping-cote-dargent.com\/wp-content\/uploads\/2024\/03\/photo-jet-ski-hourtin-768x535.webp 768w, https:\/\/www.camping-cote-dargent.com\/wp-content\/uploads\/2024\/03\/photo-jet-ski-hourtin-1536x1070.webp 1536w, https:\/\/www.camping-cote-dargent.com\/wp-content\/uploads\/2024\/03\/photo-jet-ski-hourtin.webp 1920w\" sizes=\"(max-width: 1024px) 100vw, 1024px\" title=\"\"><\/figure>\n\n\n\n<figure class=\"wp-block-image size-large fc-rond rond-bleu fc-auto\"><img decoding=\"async\" width=\"1024\" height=\"683\" src=\"https:\/\/www.camping-cote-dargent.com\/wp-content\/uploads\/2024\/03\/photo-baignade-hourtin-1024x683.webp\" alt=\"\" class=\"wp-image-3974\" srcset=\"https:\/\/www.camping-cote-dargent.com\/wp-content\/uploads\/2024\/03\/photo-baignade-hourtin-1024x683.webp 1024w, https:\/\/www.camping-cote-dargent.com\/wp-content\/uploads\/2024\/03\/photo-baignade-hourtin-300x200.webp 300w, https:\/\/www.camping-cote-dargent.com\/wp-content\/uploads\/2024\/03\/photo-baignade-hourtin-768x512.webp 768w, https:\/\/www.camping-cote-dargent.com\/wp-content\/uploads\/2024\/03\/photo-baignade-hourtin-1536x1024.webp 1536w, https:\/\/www.camping-cote-dargent.com\/wp-content\/uploads\/2024\/03\/photo-baignade-hourtin.webp 1920w\" sizes=\"(max-width: 1024px) 100vw, 1024px\" title=\"\"><\/figure>\n\n\n\n<figure class=\"wp-block-image size-large fc-auto\"><img decoding=\"async\" width=\"1024\" height=\"683\" src=\"https:\/\/www.camping-cote-dargent.com\/wp-content\/uploads\/2024\/03\/photo-kitesurf-hourtin-1024x683.webp\" alt=\"\" class=\"wp-image-4006\" srcset=\"https:\/\/www.camping-cote-dargent.com\/wp-content\/uploads\/2024\/03\/photo-kitesurf-hourtin-1024x683.webp 1024w, https:\/\/www.camping-cote-dargent.com\/wp-content\/uploads\/2024\/03\/photo-kitesurf-hourtin-300x200.webp 300w, https:\/\/www.camping-cote-dargent.com\/wp-content\/uploads\/2024\/03\/photo-kitesurf-hourtin-768x512.webp 768w, https:\/\/www.camping-cote-dargent.com\/wp-content\/uploads\/2024\/03\/photo-kitesurf-hourtin-1536x1024.webp 1536w, https:\/\/www.camping-cote-dargent.com\/wp-content\/uploads\/2024\/03\/photo-kitesurf-hourtin.webp 1920w\" sizes=\"(max-width: 1024px) 100vw, 1024px\" title=\"\"><\/figure>\n<\/figure>\n<\/div>\n<\/div>\n\n<div class=\"is-layout-flex wp-container-15 wp-block-columns C-20 vague-bleu reverse-mob\">\n<div class=\"is-layout-flow wp-block-column col-images\">\n<figure class=\"is-layout-flex wp-block-gallery-11 wp-block-gallery has-nested-images columns-2 is-cropped fc-diapo-mob fc-auto\">\n<figure class=\"wp-block-image size-full fc-auto\"><img decoding=\"async\" width=\"640\" height=\"477\" src=\"https:\/\/www.camping-cote-dargent.com\/wp-content\/uploads\/2024\/03\/ocean-g6ebdebd50_640.jpg\" alt=\"\" class=\"wp-image-3232\" srcset=\"https:\/\/www.camping-cote-dargent.com\/wp-content\/uploads\/2024\/03\/ocean-g6ebdebd50_640.jpg 640w, https:\/\/www.camping-cote-dargent.com\/wp-content\/uploads\/2024\/03\/ocean-g6ebdebd50_640-300x224.jpg 300w\" sizes=\"(max-width: 640px) 100vw, 640px\" title=\"\"><\/figure>\n\n\n\n<figure class=\"wp-block-image size-full fc-pola fc-auto\"><a href=\"https:\/\/www.camping-cote-dargent.com\/es\/galeria-de-fotos\/\"><img decoding=\"async\" width=\"1024\" height=\"683\" src=\"https:\/\/www.camping-cote-dargent.com\/wp-content\/uploads\/2024\/03\/img_4803-1024x683-1.jpg\" alt=\"\" class=\"wp-image-2920\" srcset=\"https:\/\/www.camping-cote-dargent.com\/wp-content\/uploads\/2024\/03\/img_4803-1024x683-1.jpg 1024w, https:\/\/www.camping-cote-dargent.com\/wp-content\/uploads\/2024\/03\/img_4803-1024x683-1-300x200.jpg 300w, https:\/\/www.camping-cote-dargent.com\/wp-content\/uploads\/2024\/03\/img_4803-1024x683-1-768x512.jpg 768w\" sizes=\"(max-width: 1024px) 100vw, 1024px\" title=\"\"><\/a><figcaption class=\"wp-element-caption\">Ver la galer\u00eda de fotos<\/figcaption><\/figure>\n\n\n\n<figure class=\"wp-block-image size-large fc-auto\"><img decoding=\"async\" width=\"1024\" height=\"683\" src=\"https:\/\/www.camping-cote-dargent.com\/wp-content\/uploads\/2024\/03\/photo-temperature-eau-hourtin-1024x683.webp\" alt=\"\" class=\"wp-image-3950\" srcset=\"https:\/\/www.camping-cote-dargent.com\/wp-content\/uploads\/2024\/03\/photo-temperature-eau-hourtin-1024x683.webp 1024w, https:\/\/www.camping-cote-dargent.com\/wp-content\/uploads\/2024\/03\/photo-temperature-eau-hourtin-300x200.webp 300w, https:\/\/www.camping-cote-dargent.com\/wp-content\/uploads\/2024\/03\/photo-temperature-eau-hourtin-768x512.webp 768w, https:\/\/www.camping-cote-dargent.com\/wp-content\/uploads\/2024\/03\/photo-temperature-eau-hourtin-1536x1025.webp 1536w, https:\/\/www.camping-cote-dargent.com\/wp-content\/uploads\/2024\/03\/photo-temperature-eau-hourtin.webp 1920w\" sizes=\"(max-width: 1024px) 100vw, 1024px\" title=\"\"><\/figure>\n<\/figure>\n<\/div>\n\n\n\n<div class=\"is-layout-flow wp-block-column is-vertically-aligned-center col-texte has-bleufonce-color has-text-color\">\n<h3 class=\"has-orange-color has-text-color\" style=\"font-size:24px\">Explora Soulac-sur-Mer<\/h3>\n\n\n\n<p class=\"has-bleufonce-color has-text-color\" style=\"font-size:18px\">Sin embargo,<strong> venir a Soulac-sur-Mer<\/strong> tambi\u00e9n es una oportunidad para descubrir su patrimonio. Puedes optar por visitar la ciudad en el Petit Train Touristique, a pie, deteni\u00e9ndote en la soberbia <strong>Bas\u00edlica de Notre Dame de la fin des Terres<\/strong>, o en una visita guiada. Estas \u00faltimas incluyen <a href=\"https:\/\/www.medoc-atlantique.com\/13-communes-1001-possibilites\/vos-vacances-a-soulac-sur-mer\/activites-a-soulac-sur-mer\/\" target=\"_blank\" rel=\"noreferrer noopener\">visitas guiadas<\/a> sobre diversos temas, como el descubrimiento de las villas de Soulac o el monumento conmemorativo de la fortaleza del Norte del M\u00e9doc, para un viaje al pasado.  <\/p>\n\n\n\n<p class=\"has-bleufonce-color has-text-color\" style=\"font-size:18px\">Para disfrutar del paisaje, otros optar\u00e1n por un paseo por el sendero de la aduana (1,5 km). Los veraneantes de un <strong>camping<\/strong> familiar <strong>en Gironda<\/strong> tambi\u00e9n tendr\u00e1n tiempo de sobra para buscar tesoros gracias al programa de geocaching de Terra Aventura. Y para ir un paso m\u00e1s all\u00e1 en <strong>el descubrimiento de Soulac-sur-Mer<\/strong>, los veraneantes pueden ir al mercado a comprar y degustar los sabores locales. Por \u00faltimo, durante la temporada estival, la ciudad costera ofrece numerosas actividades y eventos para toda la familia.   <\/p>\n<\/div>\n<\/div>\n\n<div class=\"is-layout-constrained wp-block-group\">\n<div class=\"is-layout-flex wp-container-20 wp-block-columns C-30 vague-jaune\">\n<div class=\"is-layout-flow wp-block-column\">\n<h2 class=\"has-bleu-color has-text-color has-x-large-font-size\">Qu\u00e9 hacer en los alrededores de Soulac-sur-Mer<\/h2>\n\n\n\n<p class=\"has-bleufonce-color has-text-color\" style=\"font-size:18px\">No faltan cosas que hacer en los alrededores de Soulac-sur-Mer. Dir\u00edgete primero hacia el norte, hacia <strong>Le Verdon-sur-Mer<\/strong> y la <strong>Punta de Grave<\/strong>: vistas panor\u00e1micas sobre el estuario de la Gironda y el oc\u00e9ano, blocaos y senderos costeros. De aqu\u00ed tambi\u00e9n salen los barcos hacia el <strong>faro de Cordouan<\/strong>, el &#8220;Versalles del Mar&#8221;, declarado Patrimonio de la Humanidad por la UNESCO: una excursi\u00f3n memorable con marea baja, con subida a la cima para disfrutar de una vista de 360\u00b0.  <\/p>\n\n\n\n<p class=\"has-bleufonce-color has-text-color\" style=\"font-size:18px\">\u00bfTe apetece un viaje al otro lado del estuario? Emb\u00e1rcate en el <strong>transbordador Le Verdon-Royan<\/strong> para pasar un d\u00eda al otro lado del estuario: paseo mar\u00edtimo de la Belle \u00c9poque, paseos y hermosas caminatas hasta los acantilados trogloditas de Meschers (dependiendo de tu horario). <\/p>\n\n\n\n<p class=\"has-bleufonce-color has-text-color\" style=\"font-size:18px\">Al sur, <strong>Vendays-Montalivet<\/strong> tiene un gran ambiente surfero, largas playas y un <strong>gran mercado<\/strong> (que se celebra a diario en verano) donde puedes degustar ostras, productos locales y vinos del M\u00e9doc. A los ciclistas les encantar\u00e1n los kil\u00f3metros de pistas sombreadas de la <strong>V\u00e9lodyss\u00e9e (EuroVelo 1)<\/strong>, que unen Soulac, Le Verdon y Montalivet a trav\u00e9s de pinares y dunas: ideal para familias, con multitud de puntos de alquiler de bicicletas. <\/p>\n<\/div>\n\n\n\n<div class=\"is-layout-flow wp-block-column col-images\">\n<figure class=\"is-layout-flex wp-block-gallery-17 wp-block-gallery has-nested-images columns-2 is-cropped fc-diapo-mob fc-auto\">\n<figure class=\"wp-block-image size-full fc-caps fc-auto\"><img decoding=\"async\" width=\"850\" height=\"567\" src=\"https:\/\/www.camping-cote-dargent.com\/wp-content\/uploads\/2024\/03\/ADO_Vendays-Montalivet.webp\" alt=\"Caba&#xF1;a en la playa de Vendays-Montalivet\" class=\"wp-image-6673\" srcset=\"https:\/\/www.camping-cote-dargent.com\/wp-content\/uploads\/2024\/03\/ADO_Vendays-Montalivet.webp 850w, https:\/\/www.camping-cote-dargent.com\/wp-content\/uploads\/2024\/03\/ADO_Vendays-Montalivet-300x200.webp 300w, https:\/\/www.camping-cote-dargent.com\/wp-content\/uploads\/2024\/03\/ADO_Vendays-Montalivet-768x512.webp 768w\" sizes=\"(max-width: 850px) 100vw, 850px\" title=\"\"><\/figure>\n\n\n\n<figure class=\"wp-block-image size-full fc-auto\"><img decoding=\"async\" width=\"800\" height=\"533\" src=\"https:\/\/www.camping-cote-dargent.com\/wp-content\/uploads\/2024\/03\/ADO_Hourtin-Lac.webp\" alt=\"Lago Hourtin\" class=\"wp-image-7544\" srcset=\"https:\/\/www.camping-cote-dargent.com\/wp-content\/uploads\/2024\/03\/ADO_Hourtin-Lac.webp 800w, https:\/\/www.camping-cote-dargent.com\/wp-content\/uploads\/2024\/03\/ADO_Hourtin-Lac-300x200.webp 300w, https:\/\/www.camping-cote-dargent.com\/wp-content\/uploads\/2024\/03\/ADO_Hourtin-Lac-768x512.webp 768w\" sizes=\"(max-width: 800px) 100vw, 800px\" title=\"\"><\/figure>\n\n\n\n<figure class=\"wp-block-image size-large fc-rond rond-bleu fc-auto\"><img decoding=\"async\" width=\"1024\" height=\"697\" src=\"https:\/\/www.camping-cote-dargent.com\/wp-content\/uploads\/2025\/06\/photo-surf-club-hourtin-1-1024x697.webp\" alt=\"\" class=\"wp-image-7595\" srcset=\"https:\/\/www.camping-cote-dargent.com\/wp-content\/uploads\/2025\/06\/photo-surf-club-hourtin-1-1024x697.webp 1024w, https:\/\/www.camping-cote-dargent.com\/wp-content\/uploads\/2025\/06\/photo-surf-club-hourtin-1-300x204.webp 300w, https:\/\/www.camping-cote-dargent.com\/wp-content\/uploads\/2025\/06\/photo-surf-club-hourtin-1-768x522.webp 768w, https:\/\/www.camping-cote-dargent.com\/wp-content\/uploads\/2025\/06\/photo-surf-club-hourtin-1.webp 1176w\" sizes=\"(max-width: 1024px) 100vw, 1024px\" title=\"\"><\/figure>\n<\/figure>\n<\/div>\n<\/div>\n\n\n\n<div class=\"is-layout-constrained wp-block-group\">\n<p class=\"has-bleufonce-color has-text-color\" style=\"font-size:18px\">Para un descanso tranquilo, dir\u00edgete a <strong>los lagos de Hourtin-Carcans<\/strong> (aprox. 40-50 min en coche): aguas tranquilas, playas vigiladas, vela, paddle, parques infantiles y reservas naturales para observar la fauna. En el interior, sigue la <strong>Route des Ch\u00e2teaux<\/strong> du M\u00e9doc (Saint-Est\u00e8phe, Pauillac, Margaux): visita las fincas para hacer visitas a las bodegas y catas (recuerda reservar con antelaci\u00f3n). <\/p>\n<\/div>\n\n\n\n<p class=\"has-bleufonce-color has-text-color\" style=\"font-size:18px\">Por \u00faltimo, pero no por ello menos importante, salpica tu estancia con peque\u00f1os placeres: sesiones de surf o bodyboard, paseos a caballo por la playa, <strong>puestas de sol<\/strong> en las playas de Am\u00e9lie o Na\u00efade, y escapadas gastron\u00f3micas en las caba\u00f1as ostr\u00edcolas del estuario. Alrededor de Soulac, el arte de vivir en el M\u00e9doc se saborea entre oc\u00e9ano, bosque, vi\u00f1edos y patrimonio: \u00a1t\u00fa eliges el programa que mejor se adapte a tus gustos! <\/p>\n<\/div>\n\n<div class=\"is-layout-flex wp-container-27 wp-block-columns are-vertically-aligned-center C-50 vague-orange\">\n<div class=\"is-layout-flow wp-block-column is-vertically-aligned-center col-texte\">\n<h2 class=\"has-bleu-color has-text-color has-x-large-font-size\">\u00bfD\u00f3nde alojarse <span class=\"fc-span\">en un camping cerca de Soulac sur Mer?<\/span><\/h2>\n\n\n\n<p class=\"has-bleufonce-color has-text-color\" style=\"font-size:18px\">Para unas vacaciones de<strong> camping cerca de Soulac sur Mer<\/strong>, puedes contar con el <strong>camping 5 estrellas<\/strong> C\u00f4te d&#8217;Argent <strong>de Hourtin<\/strong>. Con su <a href=\"https:\/\/www.camping-cote-dargent.com\/es\/zona-acuatica\/\" data-type=\"page\" data-id=\"129\">parque acu\u00e1tico de 5.000 m\u00b2<\/a>, sus servicios y animaciones de calidad, sus <a href=\"https:\/\/www.camping-cote-dargent.com\/es\/alojamiento\/\" data-type=\"page\" data-id=\"133\">c\u00f3modos alojamientos<\/a> y su situaci\u00f3n ideal a dos pasos del mar, tenemos todo lo que necesitas para que tu estancia sea lo m\u00e1s agradable posible. <\/p>\n\n\n\n<h3 class=\"has-orange-color has-text-color\" style=\"font-size:24px\">C\u00f3mo llegar a Soulac desde el camping C\u00f4te d&#8217;Argent de Hourtin<\/h3>\n\n\n\n<p class=\"has-bleufonce-color has-text-color\" style=\"font-size:18px\">Siguiendo la costa atl\u00e1ntica por la carretera departamental en direcci\u00f3n a Soulac, los veraneantes pueden llegar a la estaci\u00f3n balnearia en 40 minutos.<\/p>\n<\/div>\n\n\n\n<div class=\"is-layout-flow wp-block-column is-vertically-aligned-center\">\n<figure class=\"is-layout-flex wp-block-gallery-24 wp-block-gallery has-nested-images columns-3 is-cropped fc-diapo-mob fc-auto\">\n<figure class=\"wp-block-image size-large fc-pola rotate5 fc-auto\"><img decoding=\"async\" width=\"1024\" height=\"361\" src=\"https:\/\/www.camping-cote-dargent.com\/wp-content\/uploads\/2024\/03\/dsc_3470-1-1920x677-1-1024x361.jpg\" alt=\"\" class=\"wp-image-3737\" srcset=\"https:\/\/www.camping-cote-dargent.com\/wp-content\/uploads\/2024\/03\/dsc_3470-1-1920x677-1-1024x361.jpg 1024w, https:\/\/www.camping-cote-dargent.com\/wp-content\/uploads\/2024\/03\/dsc_3470-1-1920x677-1-300x106.jpg 300w, https:\/\/www.camping-cote-dargent.com\/wp-content\/uploads\/2024\/03\/dsc_3470-1-1920x677-1-768x271.jpg 768w, https:\/\/www.camping-cote-dargent.com\/wp-content\/uploads\/2024\/03\/dsc_3470-1-1920x677-1-1536x542.jpg 1536w, https:\/\/www.camping-cote-dargent.com\/wp-content\/uploads\/2024\/03\/dsc_3470-1-1920x677-1.jpg 1920w\" sizes=\"(max-width: 1024px) 100vw, 1024px\" title=\"\"><figcaption class=\"wp-element-caption\">Paz y comodidad<\/figcaption><\/figure>\n\n\n\n<figure class=\"wp-block-image size-large fc-pola fc-auto\"><img decoding=\"async\" width=\"1024\" height=\"683\" src=\"https:\/\/www.camping-cote-dargent.com\/wp-content\/uploads\/2024\/03\/photo-meteo-14-jours-hourtin-1024x683.webp\" alt=\"\" class=\"wp-image-4022\" srcset=\"https:\/\/www.camping-cote-dargent.com\/wp-content\/uploads\/2024\/03\/photo-meteo-14-jours-hourtin-1024x683.webp 1024w, https:\/\/www.camping-cote-dargent.com\/wp-content\/uploads\/2024\/03\/photo-meteo-14-jours-hourtin-300x200.webp 300w, https:\/\/www.camping-cote-dargent.com\/wp-content\/uploads\/2024\/03\/photo-meteo-14-jours-hourtin-768x512.webp 768w, https:\/\/www.camping-cote-dargent.com\/wp-content\/uploads\/2024\/03\/photo-meteo-14-jours-hourtin-1536x1024.webp 1536w, https:\/\/www.camping-cote-dargent.com\/wp-content\/uploads\/2024\/03\/photo-meteo-14-jours-hourtin.webp 1920w\" sizes=\"(max-width: 1024px) 100vw, 1024px\" title=\"\"><figcaption class=\"wp-element-caption\">Junto al mar<\/figcaption><\/figure>\n\n\n\n<figure class=\"wp-block-image size-full fc-pola rotate10 fc-auto\"><img decoding=\"async\" width=\"650\" height=\"650\" src=\"https:\/\/www.camping-cote-dargent.com\/wp-content\/uploads\/2024\/03\/bordeaux-campsite-with-water-park-650x650-1.jpg\" alt=\"\" class=\"wp-image-3616\" srcset=\"https:\/\/www.camping-cote-dargent.com\/wp-content\/uploads\/2024\/03\/bordeaux-campsite-with-water-park-650x650-1.jpg 650w, https:\/\/www.camping-cote-dargent.com\/wp-content\/uploads\/2024\/03\/bordeaux-campsite-with-water-park-650x650-1-300x300.jpg 300w, https:\/\/www.camping-cote-dargent.com\/wp-content\/uploads\/2024\/03\/bordeaux-campsite-with-water-park-650x650-1-150x150.jpg 150w\" sizes=\"(max-width: 650px) 100vw, 650px\" title=\"\"><figcaption class=\"wp-element-caption\">Parque acu\u00e1tico<\/figcaption><\/figure>\n<\/figure>\n<\/div>\n<\/div>\n","protected":false},"excerpt":{"rendered":"<p>Entre dunas y vi\u00f1edos: lo mejor de Soulac sur Mer, cerca de tu camping Soulac-sur-Mer, la segunda ciudad m\u00e1s septentrional de la Gironda, se caracteriza por sus laderas que dominan eloc\u00e9ano Atl\u00e1ntico por un lado y elestuario de la Gironda por el otro. El camping C\u00f4te d&#8217;Argent te lleva a descubrir Soulac-sur-Mer, para que disfrutes [&hellip;]<\/p>\n","protected":false},"author":1,"featured_media":0,"parent":0,"menu_order":0,"comment_status":"open","ping_status":"open","template":"","meta":[],"acf":[],"_links":{"self":[{"href":"https:\/\/www.camping-cote-dargent.com\/es\/wp-json\/wp\/v2\/pages\/8711"}],"collection":[{"href":"https:\/\/www.camping-cote-dargent.com\/es\/wp-json\/wp\/v2\/pages"}],"about":[{"href":"https:\/\/www.camping-cote-dargent.com\/es\/wp-json\/wp\/v2\/types\/page"}],"author":[{"embeddable":true,"href":"https:\/\/www.camping-cote-dargent.com\/es\/wp-json\/wp\/v2\/users\/1"}],"replies":[{"embeddable":true,"href":"https:\/\/www.camping-cote-dargent.com\/es\/wp-json\/wp\/v2\/comments?post=8711"}],"version-history":[{"count":3,"href":"https:\/\/www.camping-cote-dargent.com\/es\/wp-json\/wp\/v2\/pages\/8711\/revisions"}],"predecessor-version":[{"id":8714,"href":"https:\/\/www.camping-cote-dargent.com\/es\/wp-json\/wp\/v2\/pages\/8711\/revisions\/8714"}],"wp:attachment":[{"href":"https:\/\/www.camping-cote-dargent.com\/es\/wp-json\/wp\/v2\/media?parent=8711"}],"curies":[{"name":"wp","href":"https:\/\/api.w.org\/{rel}","templated":true}]}}