{"id":8707,"date":"2024-03-21T12:13:04","date_gmt":"2024-03-21T11:13:04","guid":{"rendered":"https:\/\/www.camping-cote-dargent.com\/gironda\/"},"modified":"2026-01-13T14:43:15","modified_gmt":"2026-01-13T13:43:15","slug":"gironda","status":"publish","type":"page","link":"https:\/\/www.camping-cote-dargent.com\/es\/gironda\/","title":{"rendered":"Gironda"},"content":{"rendered":"\n<div class=\"is-layout-flow wp-block-group alignfull diaporama-header\">\n<figure class=\"is-layout-flex wp-block-gallery-1 wp-block-gallery has-nested-images columns-default is-cropped fc-auto\">\n<figure class=\"wp-block-image size-full fc-auto\"><img decoding=\"async\" width=\"1920\" height=\"677\" src=\"https:\/\/www.camping-cote-dargent.com\/wp-content\/uploads\/2024\/03\/plage-gironde-surf-1920x677-1.jpg\" alt=\"\" class=\"wp-image-3304\" srcset=\"https:\/\/www.camping-cote-dargent.com\/wp-content\/uploads\/2024\/03\/plage-gironde-surf-1920x677-1.jpg 1920w, https:\/\/www.camping-cote-dargent.com\/wp-content\/uploads\/2024\/03\/plage-gironde-surf-1920x677-1-300x106.jpg 300w, https:\/\/www.camping-cote-dargent.com\/wp-content\/uploads\/2024\/03\/plage-gironde-surf-1920x677-1-1024x361.jpg 1024w, https:\/\/www.camping-cote-dargent.com\/wp-content\/uploads\/2024\/03\/plage-gironde-surf-1920x677-1-768x271.jpg 768w, https:\/\/www.camping-cote-dargent.com\/wp-content\/uploads\/2024\/03\/plage-gironde-surf-1920x677-1-1536x542.jpg 1536w\" sizes=\"(max-width: 1920px) 100vw, 1920px\" title=\"\"><\/figure>\n<\/figure>\n\n\n\n<div class=\"is-layout-constrained wp-block-group\">\n<div class=\"is-content-justification-center is-layout-flex wp-container-3 wp-block-buttons\">\n<div class=\"wp-block-button btn_resa\"><a class=\"wp-block-button__link has-bleufonce-color has-bleuclair-background-color has-text-color has-background wp-element-button\">Reserva tu estancia<\/a><\/div>\n<\/div>\n<\/div>\n<\/div>\n\n<div class=\"is-layout-flex wp-container-14 wp-block-columns C-10 vague-jaune\">\n<div class=\"is-layout-flow wp-block-column col-texte\">\n<h1 class=\"has-orange-color has-text-color\">Gironda, el destino elegido para tus pr\u00f3ximas vacaciones<\/h1>\n\n\n\n<div class=\"is-layout-flex wp-container-9 wp-block-columns\">\n<div class=\"is-layout-flow wp-block-column\">\n<figure class=\"wp-block-image size-full fc-rond fc-auto\"><img decoding=\"async\" width=\"300\" height=\"227\" src=\"https:\/\/www.camping-cote-dargent.com\/wp-content\/uploads\/2024\/03\/adobestock_550276054-1-300x227-1.jpg\" alt=\"\" class=\"wp-image-3560\" title=\"\"><\/figure>\n<\/div>\n\n\n\n<div class=\"is-layout-flow wp-block-column\">\n<p>Para tus pr\u00f3ximas vacaciones de camping, no lo dudes: la <strong>Gironda<\/strong> es el lugar adecuado. Situado en el suroeste de Francia, este departamento tiene un pie en el Atl\u00e1ntico y otro en el sol. Aqu\u00ed hay mil cosas que te encantar\u00e1n y har\u00e1n m\u00e1s agradables tus vacaciones: la ruta del vino de Burdeos, la cuenca de Arcachon, playas soleadas, el rey de los faros, famosos castillos y caba\u00f1as ostr\u00edcolas. Una estancia en un <strong>camping en Hourtin<\/strong> ser\u00e1 la ocasi\u00f3n de explorar las distintas facetas de la regi\u00f3n y sus numerosas riquezas.   <\/p>\n\n\n\n<h2 class=\"has-bleu-color has-text-color\">La Gironda tiene mil y un encantos<\/h2>\n\n\n\n<div class=\"wp-block-fc-gut-lire-plus fc-desk\">\n<p>Leer m\u00e1s<\/p>\n\n\n\n<div class=\"is-layout-flow wp-block-group\">\n<p>\u00bfQui\u00e9n puede cont\u00e1rtelo todo sobre la Gironda? Hay tanto que explorar durante una <strong>estancia en Gironda<\/strong>. Elige algunas de las maravillas que puedes visitar durante tu pr\u00f3xima estancia en un camping en Hourtin :  <\/p>\n\n\n\n<p>&#8211; El <a href=\"https:\/\/www.phare-de-cordouan.fr\/\" rel=\"noopener\">faro de Cordouan<\/a>: si necesitas una raz\u00f3n para visitar la Gironda, bien podr\u00eda ser este faro, que es el m\u00e1s antiguo de Europa y lleva sus majestuosos nombres: &#8220;El Versalles de los Mares&#8221;, &#8220;El Rey de los Faros&#8221; y &#8220;El Faro de los Reyes&#8221;; <br\/>&#8211; La Duna del Pilat ;<br\/>&#8211; La <strong>Bah\u00eda de Arcachon y sus ostras<\/strong>; <br\/>&#8211; Las playas del oc\u00e9ano y los <strong>Grandes Lagos de la Gironda<\/strong>; <br\/>&#8211; El <strong>estuario de la Gironda<\/strong> y sus islas ;<br\/>&#8211; Estaciones balnearias y <strong>puntos de surf<\/strong> como <a href=\"https:\/\/www.camping-cote-dargent.com\/es\/alentours\/hourtin\/\">Hourtin<\/a>, Lacanau, Montalivet, etc. ;  <br\/>&#8211; La <strong>ruta del vino de Burdeos<\/strong>;<br\/>&#8211; Castillos de la Gironda como <a href=\"https:\/\/www.chateaudevayres.com\/\" rel=\"noopener\">el Castillo de Vayre<\/a>, el <strong>castillo-fortaleza de Roquetaillade<\/strong>, <a href=\"https:\/\/www.chateaudevillandraut.fr\/\" rel=\"noopener\">el Castillo de Villandraut<\/a>, etc. <br\/>&#8211; Y, por supuesto, el municipio de Hourtin, donde se encuentra el camping La C\u00f4te d&#8217;Argent, \u00a1entre la playa y el lago!<\/p>\n<\/div>\n<\/div>\n<\/div>\n<\/div>\n<\/div>\n\n\n\n<div class=\"is-layout-flow wp-block-column col-images\">\n<figure class=\"is-layout-flex wp-block-gallery-11 wp-block-gallery has-nested-images columns-1 is-cropped fc-full\">\n<figure class=\"wp-block-image size-large fc-auto\"><img decoding=\"async\" width=\"1024\" height=\"683\" src=\"https:\/\/www.camping-cote-dargent.com\/wp-content\/uploads\/2024\/04\/AdobeStock_265622900-1024x683.jpg\" alt=\"\" class=\"wp-image-4198\" srcset=\"https:\/\/www.camping-cote-dargent.com\/wp-content\/uploads\/2024\/04\/AdobeStock_265622900-1024x683.jpg 1024w, https:\/\/www.camping-cote-dargent.com\/wp-content\/uploads\/2024\/04\/AdobeStock_265622900-300x200.jpg 300w, https:\/\/www.camping-cote-dargent.com\/wp-content\/uploads\/2024\/04\/AdobeStock_265622900-768x512.jpg 768w, https:\/\/www.camping-cote-dargent.com\/wp-content\/uploads\/2024\/04\/AdobeStock_265622900-1536x1025.jpg 1536w, https:\/\/www.camping-cote-dargent.com\/wp-content\/uploads\/2024\/04\/AdobeStock_265622900.jpg 1920w\" sizes=\"(max-width: 1024px) 100vw, 1024px\" title=\"\"><\/figure>\n\n\n\n<figure class=\"wp-block-image size-full fc-auto\"><img decoding=\"async\" width=\"1024\" height=\"683\" src=\"https:\/\/www.camping-cote-dargent.com\/wp-content\/uploads\/2024\/03\/lac-aurore-1024x683-1.jpg\" alt=\"\" class=\"wp-image-3092\" srcset=\"https:\/\/www.camping-cote-dargent.com\/wp-content\/uploads\/2024\/03\/lac-aurore-1024x683-1.jpg 1024w, https:\/\/www.camping-cote-dargent.com\/wp-content\/uploads\/2024\/03\/lac-aurore-1024x683-1-300x200.jpg 300w, https:\/\/www.camping-cote-dargent.com\/wp-content\/uploads\/2024\/03\/lac-aurore-1024x683-1-768x512.jpg 768w\" sizes=\"(max-width: 1024px) 100vw, 1024px\" title=\"\"><\/figure>\n<\/figure>\n<\/div>\n<\/div>\n\n<div class=\"is-layout-flex wp-container-20 wp-block-columns C-20 vague-bleu reverse-mob\">\n<div class=\"is-layout-flow wp-block-column col-images\">\n<figure class=\"is-layout-flex wp-block-gallery-15 wp-block-gallery has-nested-images columns-2 is-cropped fc-diapo-mob fc-auto\">\n<figure class=\"wp-block-image size-large fc-caps fc-auto\"><img decoding=\"async\" width=\"1024\" height=\"683\" src=\"https:\/\/www.camping-cote-dargent.com\/wp-content\/uploads\/2024\/03\/photo-meteo-aout-hourtin-1024x683.webp\" alt=\"\" class=\"wp-image-4026\" srcset=\"https:\/\/www.camping-cote-dargent.com\/wp-content\/uploads\/2024\/03\/photo-meteo-aout-hourtin-1024x683.webp 1024w, https:\/\/www.camping-cote-dargent.com\/wp-content\/uploads\/2024\/03\/photo-meteo-aout-hourtin-300x200.webp 300w, https:\/\/www.camping-cote-dargent.com\/wp-content\/uploads\/2024\/03\/photo-meteo-aout-hourtin-768x512.webp 768w, https:\/\/www.camping-cote-dargent.com\/wp-content\/uploads\/2024\/03\/photo-meteo-aout-hourtin-1536x1025.webp 1536w, https:\/\/www.camping-cote-dargent.com\/wp-content\/uploads\/2024\/03\/photo-meteo-aout-hourtin.webp 1920w\" sizes=\"(max-width: 1024px) 100vw, 1024px\" title=\"\"><figcaption class=\"wp-element-caption\">Descubrimientos y paseos<\/figcaption><\/figure>\n\n\n\n<figure class=\"wp-block-image size-full fc-pola fc-auto\"><a href=\"https:\/\/www.camping-cote-dargent.com\/es\/galeria-de-fotos\/\"><img decoding=\"async\" width=\"640\" height=\"480\" src=\"https:\/\/www.camping-cote-dargent.com\/wp-content\/uploads\/2024\/03\/sea-g6fa999fff_640.jpg\" alt=\"\" class=\"wp-image-3360\" srcset=\"https:\/\/www.camping-cote-dargent.com\/wp-content\/uploads\/2024\/03\/sea-g6fa999fff_640.jpg 640w, https:\/\/www.camping-cote-dargent.com\/wp-content\/uploads\/2024\/03\/sea-g6fa999fff_640-300x225.jpg 300w\" sizes=\"(max-width: 640px) 100vw, 640px\" title=\"\"><\/a><figcaption class=\"wp-element-caption\">Descubre en im\u00e1genes<\/figcaption><\/figure>\n\n\n\n<figure class=\"wp-block-image size-large fc-auto\"><img decoding=\"async\" width=\"1024\" height=\"686\" src=\"https:\/\/www.camping-cote-dargent.com\/wp-content\/uploads\/2024\/04\/AdobeStock_201915705-1024x686.jpg\" alt=\"\" class=\"wp-image-4202\" srcset=\"https:\/\/www.camping-cote-dargent.com\/wp-content\/uploads\/2024\/04\/AdobeStock_201915705-1024x686.jpg 1024w, https:\/\/www.camping-cote-dargent.com\/wp-content\/uploads\/2024\/04\/AdobeStock_201915705-300x201.jpg 300w, https:\/\/www.camping-cote-dargent.com\/wp-content\/uploads\/2024\/04\/AdobeStock_201915705-768x515.jpg 768w, https:\/\/www.camping-cote-dargent.com\/wp-content\/uploads\/2024\/04\/AdobeStock_201915705-1536x1030.jpg 1536w, https:\/\/www.camping-cote-dargent.com\/wp-content\/uploads\/2024\/04\/AdobeStock_201915705.jpg 1920w\" sizes=\"(max-width: 1024px) 100vw, 1024px\" title=\"\"><\/figure>\n<\/figure>\n<\/div>\n\n\n\n<div class=\"is-layout-flow wp-block-column is-vertically-aligned-center col-texte has-bleufonce-color has-text-color\">\n<h3>La cuenca de Arcachon<\/h3>\n\n\n\n<p>En Gironda, te encantar\u00e1 <strong>visitar la cuenca de Arcachon<\/strong>, que extiende sus aguas dulces cerca del <strong>Parque Natural de las Landas<\/strong> de Gascu\u00f1a, entre el delta del Leyre, <strong>L\u00e8ge-Cap Ferret<\/strong> y la <strong>Duna del Pilat<\/strong>. Si te gustan las ostras, \u00e9ste es el lugar al que debes ir: la cuenca est\u00e1 repleta de ellas. S\u00f3lo tienes que sentarte un momento en una caba\u00f1a ostr\u00edcola y deleitarte con unas <strong>ostras <\/strong>, acompa\u00f1adas de un<strong> vaso<\/strong> de vino blanco si lo deseas. Pero \u00e9se no es el \u00fanico atractivo de la cuenca de Arcachon. Durante un paseo en barco, los visitantes pueden admirar las ins\u00f3litas &#8220;cabanes tchanqu\u00e9es&#8221; (caba\u00f1as ostr\u00edcolas) que se alzan en el centro de la cuenca.    <\/p>\n\n\n\n<div class=\"wp-block-fc-gut-lire-plus fc-desk\">\n<p class=\"has-bleufonce-color has-text-color\">Leer m\u00e1s<\/p>\n\n\n\n<div class=\"is-layout-flow wp-block-group\">\n<p>Para continuar con una nota diferente y sorprendente, dir\u00edgete a la famosa Duna del Pilat. La duna de arena m\u00e1s alta de Europa mide nada menos que \u00a1110 metros! El otro atractivo de Arcachon es su ciudad invernal, caracterizada por sus magn\u00edficas villas.  <\/p>\n<\/div>\n<\/div>\n<\/div>\n<\/div>\n\n<div class=\"is-layout-flex wp-container-25 wp-block-columns are-vertically-aligned-center C-50 vague-vert\">\n<div class=\"is-layout-flow wp-block-column is-vertically-aligned-center col-texte\">\n<h3 class=\"has-bleu-color has-text-color\">Burdeos llama, <span class=\"fc-span\">el vino invita<\/span><\/h3>\n\n\n\n<p>La <strong>capital mundial del vino<\/strong> est\u00e1 en la Gironda. Si vienes aqu\u00ed en tus pr\u00f3ximas vacaciones, podr\u00e1s aprenderlo todo sobre la cata de vinos y visitar la famosa <strong>Cit\u00e9 du Vin<\/strong>. Pero <strong>Burdeos<\/strong> tambi\u00e9n alberga <strong>la Catedral de Saint-Andr\u00e9<\/strong>, la <strong>Torre Pey-Berland<\/strong>, <strong>la Plaza de los Quinconces, la Plaza de la Bolsa <\/strong>y la<strong> notable arquitectura <\/strong>tan popular entre visitantes y lugare\u00f1os.  <\/p>\n<\/div>\n\n\n\n<div class=\"is-layout-flow wp-block-column is-vertically-aligned-center\">\n<figure class=\"is-layout-flex wp-block-gallery-22 wp-block-gallery has-nested-images columns-3 is-cropped fc-diapo-mob fc-auto\">\n<figure class=\"wp-block-image size-full fc-pola rotate5 fc-auto\"><img decoding=\"async\" width=\"640\" height=\"480\" src=\"https:\/\/www.camping-cote-dargent.com\/wp-content\/uploads\/2024\/03\/bordeaux-gced93a81f_640.jpg\" alt=\"\" class=\"wp-image-3624\" srcset=\"https:\/\/www.camping-cote-dargent.com\/wp-content\/uploads\/2024\/03\/bordeaux-gced93a81f_640.jpg 640w, https:\/\/www.camping-cote-dargent.com\/wp-content\/uploads\/2024\/03\/bordeaux-gced93a81f_640-300x225.jpg 300w\" sizes=\"(max-width: 640px) 100vw, 640px\" title=\"\"><figcaption class=\"wp-element-caption\">Grosse Cloche<\/figcaption><\/figure>\n\n\n\n<figure class=\"wp-block-image size-full fc-pola fc-auto\"><img decoding=\"async\" width=\"640\" height=\"427\" src=\"https:\/\/www.camping-cote-dargent.com\/wp-content\/uploads\/2024\/03\/bordeaux-g0f194fbd8_640.jpg\" alt=\"\" class=\"wp-image-3620\" srcset=\"https:\/\/www.camping-cote-dargent.com\/wp-content\/uploads\/2024\/03\/bordeaux-g0f194fbd8_640.jpg 640w, https:\/\/www.camping-cote-dargent.com\/wp-content\/uploads\/2024\/03\/bordeaux-g0f194fbd8_640-300x200.jpg 300w\" sizes=\"(max-width: 640px) 100vw, 640px\" title=\"\"><figcaption class=\"wp-element-caption\">Plaza de la Bolsa<\/figcaption><\/figure>\n\n\n\n<figure class=\"wp-block-image size-full fc-pola rotate10 fc-auto\"><img decoding=\"async\" width=\"1920\" height=\"677\" src=\"https:\/\/www.camping-cote-dargent.com\/wp-content\/uploads\/2024\/03\/bordeaux-1920x677-1.jpg\" alt=\"\" class=\"wp-image-3612\" srcset=\"https:\/\/www.camping-cote-dargent.com\/wp-content\/uploads\/2024\/03\/bordeaux-1920x677-1.jpg 1920w, https:\/\/www.camping-cote-dargent.com\/wp-content\/uploads\/2024\/03\/bordeaux-1920x677-1-300x106.jpg 300w, https:\/\/www.camping-cote-dargent.com\/wp-content\/uploads\/2024\/03\/bordeaux-1920x677-1-1024x361.jpg 1024w, https:\/\/www.camping-cote-dargent.com\/wp-content\/uploads\/2024\/03\/bordeaux-1920x677-1-768x271.jpg 768w, https:\/\/www.camping-cote-dargent.com\/wp-content\/uploads\/2024\/03\/bordeaux-1920x677-1-1536x542.jpg 1536w\" sizes=\"(max-width: 1920px) 100vw, 1920px\" title=\"\"><figcaption class=\"wp-element-caption\">  Bas\u00edlica de San Miguel  <\/figcaption><\/figure>\n<\/figure>\n<\/div>\n<\/div>\n","protected":false},"excerpt":{"rendered":"<p>Gironda, el destino elegido para tus pr\u00f3ximas vacaciones Para tus pr\u00f3ximas vacaciones de camping, no lo dudes: la Gironda es el lugar adecuado. Situado en el suroeste de Francia, este departamento tiene un pie en el Atl\u00e1ntico y otro en el sol. Aqu\u00ed hay mil cosas que te encantar\u00e1n y har\u00e1n m\u00e1s agradables tus vacaciones: [&hellip;]<\/p>\n","protected":false},"author":1,"featured_media":0,"parent":0,"menu_order":0,"comment_status":"open","ping_status":"open","template":"","meta":[],"acf":[],"_links":{"self":[{"href":"https:\/\/www.camping-cote-dargent.com\/es\/wp-json\/wp\/v2\/pages\/8707"}],"collection":[{"href":"https:\/\/www.camping-cote-dargent.com\/es\/wp-json\/wp\/v2\/pages"}],"about":[{"href":"https:\/\/www.camping-cote-dargent.com\/es\/wp-json\/wp\/v2\/types\/page"}],"author":[{"embeddable":true,"href":"https:\/\/www.camping-cote-dargent.com\/es\/wp-json\/wp\/v2\/users\/1"}],"replies":[{"embeddable":true,"href":"https:\/\/www.camping-cote-dargent.com\/es\/wp-json\/wp\/v2\/comments?post=8707"}],"version-history":[{"count":3,"href":"https:\/\/www.camping-cote-dargent.com\/es\/wp-json\/wp\/v2\/pages\/8707\/revisions"}],"predecessor-version":[{"id":8710,"href":"https:\/\/www.camping-cote-dargent.com\/es\/wp-json\/wp\/v2\/pages\/8707\/revisions\/8710"}],"wp:attachment":[{"href":"https:\/\/www.camping-cote-dargent.com\/es\/wp-json\/wp\/v2\/media?parent=8707"}],"curies":[{"name":"wp","href":"https:\/\/api.w.org\/{rel}","templated":true}]}}