{"id":8696,"date":"2026-04-13T11:48:00","date_gmt":"2026-04-13T09:48:00","guid":{"rendered":"https:\/\/www.camping-cote-dargent.com\/servicios\/"},"modified":"2026-04-13T14:22:37","modified_gmt":"2026-04-13T12:22:37","slug":"servicios","status":"publish","type":"page","link":"https:\/\/www.camping-cote-dargent.com\/es\/servicios\/","title":{"rendered":"Servicios"},"content":{"rendered":"\n<div class=\"is-layout-flow wp-block-group alignfull diaporama-header\">\n<figure class=\"is-layout-flex wp-block-gallery-1 wp-block-gallery has-nested-images columns-default is-cropped fc-auto\">\n<figure class=\"wp-block-image size-full fc-auto\"><img decoding=\"async\" width=\"2000\" height=\"677\" src=\"https:\/\/www.camping-cote-dargent.com\/wp-content\/uploads\/2024\/03\/restaurant-2000x677-1.jpg\" alt=\"\" class=\"wp-image-3348\" srcset=\"https:\/\/www.camping-cote-dargent.com\/wp-content\/uploads\/2024\/03\/restaurant-2000x677-1.jpg 2000w, https:\/\/www.camping-cote-dargent.com\/wp-content\/uploads\/2024\/03\/restaurant-2000x677-1-300x102.jpg 300w, https:\/\/www.camping-cote-dargent.com\/wp-content\/uploads\/2024\/03\/restaurant-2000x677-1-1024x347.jpg 1024w, https:\/\/www.camping-cote-dargent.com\/wp-content\/uploads\/2024\/03\/restaurant-2000x677-1-768x260.jpg 768w, https:\/\/www.camping-cote-dargent.com\/wp-content\/uploads\/2024\/03\/restaurant-2000x677-1-1536x520.jpg 1536w\" sizes=\"(max-width: 2000px) 100vw, 2000px\" title=\"\"><\/figure>\n<\/figure>\n\n\n\n<div class=\"is-layout-constrained wp-block-group\">\n<div class=\"is-layout-constrained wp-block-group fc-accroche\">\n<p class=\"has-text-align-left fc-caps has-blanc-color has-orange-background-color has-text-color has-background\"><span class=\"fc-span\">Aprovecha nuestra<\/span><\/p>\n\n\n\n<p class=\"has-text-align-right has-bleu-color has-blanc-background-color has-text-color has-background\"><span class=\"fc-span\">Camping 5 estrellas en Hourtin<\/span><\/p>\n<\/div>\n\n\n\n<div class=\"is-content-justification-center is-layout-flex wp-container-4 wp-block-buttons\">\n<div class=\"wp-block-button btn_resa\"><a class=\"wp-block-button__link has-bleufonce-color has-bleuclair-background-color has-text-color has-background wp-element-button\">Reserva tu estancia<\/a><\/div>\n<\/div>\n<\/div>\n<\/div>\n\n\n\n<div class=\"is-layout-flex wp-container-11 wp-block-columns C-10 vague-jaune\">\n<div class=\"is-layout-flow wp-block-column col-texte\">\n<h1 class=\"has-bleu-color has-text-color\" style=\"font-size:70px\">Servicios en nuestro camping 5 estrellas en Gironda<\/h1>\n\n\n\n<ul class=\"pictos\">\n<li><span class=\"fc-icon wifi-thin\"><\/span>  Wifi<\/li>\n\n\n\n<li><span class=\"fc-icon tennis-ball-thin\"><\/span>  Tenis<\/li>\n\n\n\n<li><span class=\"fc-icon plate-utensils-thin\"><\/span>  Bar \/ Restaurante<\/li>\n<\/ul>\n\n\n\n<p class=\"has-bleufonce-color has-text-color\" style=\"font-size:18px\">Para ayudarte a organizar tu estancia en el <a href=\"https:\/\/www.camping-cote-dargent.com\/es\/\" data-type=\"page\" data-id=\"125\">camping de Hourtin<\/a>, nuestro camping C\u00f4te d&#8217;Argent te ofrece una serie de<strong>instalaciones<\/strong> y <strong>servicios de 5 estrellas en Gironda<\/strong>. Nada m\u00e1s llegar, encontrar\u00e1s un <strong>bar, un restaurante, una bodega y un minimercado<\/strong> in situ. Inf\u00f3rmate de todos nuestros servicios para disfrutar a\u00fan m\u00e1s de tus <strong>vacaciones en Gironda <\/strong>.  <\/p>\n<\/div>\n\n\n\n<div class=\"is-layout-flow wp-block-column col-images\">\n<figure class=\"is-layout-flex wp-block-gallery-8 wp-block-gallery has-nested-images columns-1 is-cropped fc-diapo-mob fc-full\">\n<figure class=\"wp-block-image size-full fc-auto\"><img decoding=\"async\" width=\"1024\" height=\"682\" src=\"https:\/\/www.camping-cote-dargent.com\/wp-content\/uploads\/2024\/03\/service-terrasse-resto-1024x682-1.jpg\" alt=\"\" class=\"wp-image-3376\" srcset=\"https:\/\/www.camping-cote-dargent.com\/wp-content\/uploads\/2024\/03\/service-terrasse-resto-1024x682-1.jpg 1024w, https:\/\/www.camping-cote-dargent.com\/wp-content\/uploads\/2024\/03\/service-terrasse-resto-1024x682-1-300x200.jpg 300w, https:\/\/www.camping-cote-dargent.com\/wp-content\/uploads\/2024\/03\/service-terrasse-resto-1024x682-1-768x512.jpg 768w\" sizes=\"(max-width: 1024px) 100vw, 1024px\" title=\"\"><\/figure>\n<\/figure>\n<\/div>\n<\/div>\n\n\n\n<div class=\"is-layout-constrained wp-block-group\">\n<div class=\"is-layout-flex wp-container-18 wp-block-columns C-20 vague-bleu reverse-mob\">\n<div class=\"is-layout-flow wp-block-column col-images\">\n<figure class=\"is-layout-flex wp-block-gallery-12 wp-block-gallery has-nested-images columns-2 is-cropped fc-diapo-mob fc-auto\">\n<figure class=\"wp-block-image size-full fc-auto\"><img decoding=\"async\" width=\"1024\" height=\"682\" src=\"https:\/\/www.camping-cote-dargent.com\/wp-content\/uploads\/2024\/03\/service-paillotte-1024x682-1.jpg\" alt=\"\" class=\"wp-image-3368\" srcset=\"https:\/\/www.camping-cote-dargent.com\/wp-content\/uploads\/2024\/03\/service-paillotte-1024x682-1.jpg 1024w, https:\/\/www.camping-cote-dargent.com\/wp-content\/uploads\/2024\/03\/service-paillotte-1024x682-1-300x200.jpg 300w, https:\/\/www.camping-cote-dargent.com\/wp-content\/uploads\/2024\/03\/service-paillotte-1024x682-1-768x512.jpg 768w\" sizes=\"(max-width: 1024px) 100vw, 1024px\" title=\"\"><\/figure>\n\n\n\n<figure class=\"wp-block-image size-full fc-pola fc-auto\"><img decoding=\"async\" width=\"1920\" height=\"1280\" src=\"https:\/\/www.camping-cote-dargent.com\/wp-content\/uploads\/2024\/04\/MKIV2029.webp\" alt=\"\" class=\"wp-image-4927\" srcset=\"https:\/\/www.camping-cote-dargent.com\/wp-content\/uploads\/2024\/04\/MKIV2029.webp 1920w, https:\/\/www.camping-cote-dargent.com\/wp-content\/uploads\/2024\/04\/MKIV2029-300x200.webp 300w, https:\/\/www.camping-cote-dargent.com\/wp-content\/uploads\/2024\/04\/MKIV2029-1024x683.webp 1024w, https:\/\/www.camping-cote-dargent.com\/wp-content\/uploads\/2024\/04\/MKIV2029-768x512.webp 768w, https:\/\/www.camping-cote-dargent.com\/wp-content\/uploads\/2024\/04\/MKIV2029-1536x1024.webp 1536w\" sizes=\"(max-width: 1920px) 100vw, 1920px\" title=\"\"><figcaption class=\"wp-element-caption\">Panader\u00eda<\/figcaption><\/figure>\n\n\n\n<figure class=\"wp-block-image size-full fc-caps fc-auto\"><img decoding=\"async\" width=\"1024\" height=\"682\" src=\"https:\/\/www.camping-cote-dargent.com\/wp-content\/uploads\/2024\/03\/service-bar-1024x682-1.jpg\" alt=\"\" class=\"wp-image-3364\" srcset=\"https:\/\/www.camping-cote-dargent.com\/wp-content\/uploads\/2024\/03\/service-bar-1024x682-1.jpg 1024w, https:\/\/www.camping-cote-dargent.com\/wp-content\/uploads\/2024\/03\/service-bar-1024x682-1-300x200.jpg 300w, https:\/\/www.camping-cote-dargent.com\/wp-content\/uploads\/2024\/03\/service-bar-1024x682-1-768x512.jpg 768w\" sizes=\"(max-width: 1024px) 100vw, 1024px\" title=\"\"><\/figure>\n<\/figure>\n<\/div>\n\n\n\n<div class=\"is-layout-flow wp-block-column is-vertically-aligned-center col-texte has-bleufonce-color has-text-color\">\n<h2 class=\"has-orange-color has-text-color has-x-large-font-size\">Instalaciones y servicios de nuestro camping 5 estrellas en Hourtin<\/h2>\n\n\n\n<p class=\"has-bleufonce-color has-text-color\" style=\"font-size:18px\">Durante tu estancia en nuestro <strong>camping de 5 estrellas de Hourtin<\/strong>, podr\u00e1s aprovechar las instalaciones y servicios disponibles. Hay un bar, un <strong>snack bar<\/strong>, una <strong>tienda de comestibles<\/strong>, incluida una <strong>panader\u00eda <\/strong>, y un <strong>restaurante<\/strong> donde podr\u00e1s comer y pasar momentos de convivencia con la familia y los amigos. <\/p>\n\n\n\n<div class=\"wp-block-fc-gut-lire-plus fc-mob\">\n<p class=\"has-bleufonce-color has-text-color\" style=\"font-size:18px\">Leer m\u00e1s<\/p>\n\n\n\n<div class=\"is-layout-flow wp-block-group\">\n<p class=\"has-bleufonce-color has-text-color\" style=\"font-size:18px\">Adem\u00e1s, venir a la Gironda tambi\u00e9n significa disfrutar de las especialidades locales. Los vinos de Burdeos son unos de los m\u00e1s conocidos. Por eso, nuestro <strong>camping 5 estrellas de la<\/strong> Gironda dispone tambi\u00e9n de una bodega donde podr\u00e1s (re)descubrir y degustar los famosos vinos del M\u00e9doc. \u00a1Suficiente para deleitar a los epic\u00fareos! Tambi\u00e9n hay un <strong>sal\u00f3n de belleza<\/strong> donde podr\u00e1s mimarte y relajarte durante tu estancia.    <\/p>\n\n\n\n<p class=\"has-bleufonce-color has-text-color\" style=\"font-size:18px\">Cargo extra:<\/p>\n\n\n\n<ul>\n<li><strong>lavadoras<\/strong> (6 \u20ac por ficha)<\/li>\n\n\n\n<li><strong>Secadoras<\/strong> (4 \u20ac por ficha)<\/li>\n\n\n\n<li>Conexi\u00f3n <strong>WIFI<\/strong>: <strong>de pago<\/strong> (cobertura parcial del camping)<\/li>\n\n\n\n<li><strong>alquiler de equipamiento<\/strong><strong>(bicicletas para adultos<\/strong>, cajas fuertes, taquillas refrigeradas, barbacoas de gas, etc.)<\/li>\n<\/ul>\n\n\n\n<p><\/p>\n<\/div>\n<\/div>\n\n\n\n<div class=\"is-layout-flex wp-block-buttons\">\n<div class=\"wp-block-button has-custom-font-size fc-style-1\" style=\"font-size:20px\"><a class=\"wp-block-button__link wp-element-button\" href=\"https:\/\/www.camping-cote-dargent.com\/es\/galeria-de-fotos\/\">Ver galer\u00eda<\/a><\/div>\n<\/div>\n\n\n\n<p><\/p>\n<\/div>\n<\/div>\n<\/div>\n\n\n\n<div class=\"is-layout-flex wp-container-26 wp-block-columns C-10 vague-vert\">\n<div class=\"is-layout-flow wp-block-column col-texte\">\n<h3 class=\"has-bleu-color has-text-color\" style=\"font-size:32px\">Instalaciones de ocio en nuestro camping 5 estrellas en Gironda<\/h3>\n\n\n\n<p class=\"has-bleufonce-color has-text-color\" style=\"font-size:18px\">Nuestro camping La C\u00f4te d&#8217;Argent cuenta con <strong>numerosas instalaciones de ocio<\/strong> para disfrute de toda la familia. Desde relajaci\u00f3n hasta instalaciones deportivas, hay algo para todos: <\/p>\n\n\n\n<div class=\"wp-block-fc-gut-lire-plus fc-mob\">\n<p class=\"has-bleufonce-color has-text-color\" style=\"font-size:18px\">Leer m\u00e1s<\/p>\n\n\n\n<div class=\"is-layout-flow wp-block-group\">\n<ul>\n<li><a href=\"https:\/\/www.camping-cote-dargent.com\/es\/zona-acuatica\/\" data-type=\"page\" data-id=\"129\">Nuestro complejo de piscinas de 9.000 m\u00b2<\/a> totalmente climatizado. Incluye 2 grandes piscinas, un r\u00edo contracorriente con una playa submarina, una piscina de hidromasaje, una laguna infantil con juegos y el Aqua&#8217;Pirates de 1.000 m\u00b2. Tambi\u00e9n hay una impresionante c\u00fapula cubierta con piscina infantil, zona de juegos para ni\u00f1os, jacuzzi XXL y pasillo de nataci\u00f3n de 20 m;  <\/li>\n\n\n\n<li>Alrededor de 3.000 m\u00b2 de zonas de juego para ni\u00f1os en nuestro camping de 5 estrellas en Gironda ;<\/li>\n\n\n\n<li>Una sala de fitness ;<\/li>\n\n\n\n<li>Una sala de juegos ;<\/li>\n\n\n\n<li>Varias mesas de ping-pong;<\/li>\n\n\n\n<li>Dos pistas de voley playa;<\/li>\n\n\n\n<li>Una pista polideportiva;<\/li>\n\n\n\n<li>No menos de 7 pistas de petanca;<\/li>\n\n\n\n<li>Adem\u00e1s: alquiler de pistas de tenis, alquiler de bicicletas para adultos, masajes, sal\u00f3n de belleza.<\/li>\n<\/ul>\n<\/div>\n<\/div>\n\n\n\n<div class=\"is-layout-flex wp-block-buttons\">\n<div class=\"wp-block-button has-custom-font-size\" style=\"font-size:20px\"><a class=\"wp-block-button__link wp-element-button\" href=\"https:\/\/www.camping-cote-dargent.com\/es\/actividades\/\">Descubre nuestras actividades<\/a><\/div>\n<\/div>\n<\/div>\n\n\n\n<div class=\"is-layout-flow wp-block-column col-images\">\n<figure class=\"is-layout-flex wp-block-gallery-23 wp-block-gallery has-nested-images columns-1 is-cropped fc-diapo-mob fc-full\">\n<figure class=\"wp-block-image size-full fc-auto\"><img decoding=\"async\" width=\"1920\" height=\"1280\" src=\"https:\/\/www.camping-cote-dargent.com\/wp-content\/uploads\/2024\/04\/MKIV0187-coteargent.webp\" alt=\"\" class=\"wp-image-5022\" srcset=\"https:\/\/www.camping-cote-dargent.com\/wp-content\/uploads\/2024\/04\/MKIV0187-coteargent.webp 1920w, https:\/\/www.camping-cote-dargent.com\/wp-content\/uploads\/2024\/04\/MKIV0187-coteargent-300x200.webp 300w, https:\/\/www.camping-cote-dargent.com\/wp-content\/uploads\/2024\/04\/MKIV0187-coteargent-1024x683.webp 1024w, https:\/\/www.camping-cote-dargent.com\/wp-content\/uploads\/2024\/04\/MKIV0187-coteargent-768x512.webp 768w, https:\/\/www.camping-cote-dargent.com\/wp-content\/uploads\/2024\/04\/MKIV0187-coteargent-1536x1024.webp 1536w\" sizes=\"(max-width: 1920px) 100vw, 1920px\" title=\"\"><\/figure>\n<\/figure>\n<\/div>\n<\/div>\n\n\n\n<div class=\"is-layout-flex wp-container-32 wp-block-columns C-20 reverse-mob\">\n<div class=\"is-layout-flow wp-block-column col-images\">\n<figure class=\"is-layout-flex wp-block-gallery-27 wp-block-gallery has-nested-images columns-2 is-cropped fc-diapo-mob fc-auto\">\n<figure class=\"wp-block-image size-full fc-caps fc-auto\"><img decoding=\"async\" width=\"1024\" height=\"683\" src=\"https:\/\/www.camping-cote-dargent.com\/wp-content\/uploads\/2024\/03\/camping-aquitaine-avec-piscine-1024x683-1.jpg\" alt=\"\" class=\"wp-image-3640\" srcset=\"https:\/\/www.camping-cote-dargent.com\/wp-content\/uploads\/2024\/03\/camping-aquitaine-avec-piscine-1024x683-1.jpg 1024w, https:\/\/www.camping-cote-dargent.com\/wp-content\/uploads\/2024\/03\/camping-aquitaine-avec-piscine-1024x683-1-300x200.jpg 300w, https:\/\/www.camping-cote-dargent.com\/wp-content\/uploads\/2024\/03\/camping-aquitaine-avec-piscine-1024x683-1-768x512.jpg 768w\" sizes=\"(max-width: 1024px) 100vw, 1024px\" title=\"\"><\/figure>\n\n\n\n<figure class=\"wp-block-image size-full fc-pola rotate5 fc-auto\"><a href=\"https:\/\/www.camping-cote-dargent.com\/es\/galeria-de-fotos\/\"><img decoding=\"async\" width=\"1920\" height=\"1280\" src=\"https:\/\/www.camping-cote-dargent.com\/wp-content\/uploads\/2024\/04\/MKIV0182-coteargent.webp\" alt=\"\" class=\"wp-image-5018\" srcset=\"https:\/\/www.camping-cote-dargent.com\/wp-content\/uploads\/2024\/04\/MKIV0182-coteargent.webp 1920w, https:\/\/www.camping-cote-dargent.com\/wp-content\/uploads\/2024\/04\/MKIV0182-coteargent-300x200.webp 300w, https:\/\/www.camping-cote-dargent.com\/wp-content\/uploads\/2024\/04\/MKIV0182-coteargent-1024x683.webp 1024w, https:\/\/www.camping-cote-dargent.com\/wp-content\/uploads\/2024\/04\/MKIV0182-coteargent-768x512.webp 768w, https:\/\/www.camping-cote-dargent.com\/wp-content\/uploads\/2024\/04\/MKIV0182-coteargent-1536x1024.webp 1536w\" sizes=\"(max-width: 1920px) 100vw, 1920px\" title=\"\"><\/a><figcaption class=\"wp-element-caption\"><a href=\"https:\/\/www.camping-cote-dargent.com\/es\/galeria-de-fotos\/\" data-type=\"page\" data-id=\"132\">Ver la galer\u00eda de fotos<\/a><\/figcaption><\/figure>\n\n\n\n<figure class=\"wp-block-image size-full fc-auto\"><img decoding=\"async\" width=\"1024\" height=\"887\" src=\"https:\/\/www.camping-cote-dargent.com\/wp-content\/uploads\/2024\/03\/terrain-tennis-1024x887-1.jpg\" alt=\"\" class=\"wp-image-3400\" srcset=\"https:\/\/www.camping-cote-dargent.com\/wp-content\/uploads\/2024\/03\/terrain-tennis-1024x887-1.jpg 1024w, https:\/\/www.camping-cote-dargent.com\/wp-content\/uploads\/2024\/03\/terrain-tennis-1024x887-1-300x260.jpg 300w, https:\/\/www.camping-cote-dargent.com\/wp-content\/uploads\/2024\/03\/terrain-tennis-1024x887-1-768x665.jpg 768w\" sizes=\"(max-width: 1024px) 100vw, 1024px\" title=\"\"><\/figure>\n<\/figure>\n<\/div>\n\n\n\n<div class=\"is-layout-flow wp-block-column is-vertically-aligned-center col-texte\">\n<h3 class=\"has-bleu-color has-text-color\" style=\"font-size:32px\">Instalaciones exteriores: una zona de juegos para ni\u00f1os y adultos de 3.000 m\u00b2 desde 2023<\/h3>\n\n\n\n<p class=\"has-bleufonce-color has-text-color\" style=\"font-size:18px\">Nuestro <a href=\"https:\/\/www.camping-cote-dargent.com\/es\/actividades\/\" data-type=\"page\" data-id=\"126\">camping familiar de Gironda<\/a> ofrece una amplia gama de instalaciones de ocio al aire libre para grandes y peque\u00f1os:<\/p>\n\n\n\n<ul>\n<li>Zona de juegos tem\u00e1tica &#8220;Bosque&#8221; con toboganes, recorrido, jabal\u00edes sobre muelles&#8230;<\/li>\n\n\n\n<li>Zona de juegos tem\u00e1tica &#8220;Surf&#8221; con toboganes, peque\u00f1os roc\u00f3dromos, discos educativos&#8230;<\/li>\n\n\n\n<li>5 columpios<\/li>\n\n\n\n<li>1 ara\u00f1a grande para trepar<\/li>\n\n\n\n<li>2 pistas de voley playa<\/li>\n\n\n\n<li>7 pistas de petanca con marcadores y bancos<\/li>\n\n\n\n<li>1 zona de aperitivos<\/li>\n<\/ul>\n\n\n\n<div class=\"wp-block-fc-gut-lire-plus fc-mob\">\n<p class=\"has-bleufonce-color has-text-color\" style=\"font-size:18px\">Leer m\u00e1s<\/p>\n\n\n\n<div class=\"is-layout-flow wp-block-group\">\n<p class=\"has-bleufonce-color has-text-color\" style=\"font-size:18px\">Y por supuesto :<\/p>\n\n\n\n<ul>\n<li>1 pista de tenis<\/li>\n\n\n\n<li>1 pista polideportiva con porter\u00edas y canastas de baloncesto<\/li>\n<\/ul>\n<\/div>\n<\/div>\n<\/div>\n<\/div>\n","protected":false},"excerpt":{"rendered":"<p>Aprovecha nuestra Camping 5 estrellas en Hourtin Servicios en nuestro camping 5 estrellas en Gironda Para ayudarte a organizar tu estancia en el camping de Hourtin, nuestro camping C\u00f4te d&#8217;Argent te ofrece una serie deinstalaciones y servicios de 5 estrellas en Gironda. Nada m\u00e1s llegar, encontrar\u00e1s un bar, un restaurante, una bodega y un minimercado [&hellip;]<\/p>\n","protected":false},"author":1,"featured_media":0,"parent":0,"menu_order":0,"comment_status":"closed","ping_status":"closed","template":"","meta":[],"acf":[],"_links":{"self":[{"href":"https:\/\/www.camping-cote-dargent.com\/es\/wp-json\/wp\/v2\/pages\/8696"}],"collection":[{"href":"https:\/\/www.camping-cote-dargent.com\/es\/wp-json\/wp\/v2\/pages"}],"about":[{"href":"https:\/\/www.camping-cote-dargent.com\/es\/wp-json\/wp\/v2\/types\/page"}],"author":[{"embeddable":true,"href":"https:\/\/www.camping-cote-dargent.com\/es\/wp-json\/wp\/v2\/users\/1"}],"replies":[{"embeddable":true,"href":"https:\/\/www.camping-cote-dargent.com\/es\/wp-json\/wp\/v2\/comments?post=8696"}],"version-history":[{"count":4,"href":"https:\/\/www.camping-cote-dargent.com\/es\/wp-json\/wp\/v2\/pages\/8696\/revisions"}],"predecessor-version":[{"id":9315,"href":"https:\/\/www.camping-cote-dargent.com\/es\/wp-json\/wp\/v2\/pages\/8696\/revisions\/9315"}],"wp:attachment":[{"href":"https:\/\/www.camping-cote-dargent.com\/es\/wp-json\/wp\/v2\/media?parent=8696"}],"curies":[{"name":"wp","href":"https:\/\/api.w.org\/{rel}","templated":true}]}}