{"id":8694,"date":"2025-03-24T14:53:50","date_gmt":"2025-03-24T13:53:50","guid":{"rendered":"https:\/\/www.camping-cote-dargent.com\/nuestros-socios\/"},"modified":"2026-01-13T14:42:46","modified_gmt":"2026-01-13T13:42:46","slug":"nuestros-socios","status":"publish","type":"page","link":"https:\/\/www.camping-cote-dargent.com\/es\/nuestros-socios\/","title":{"rendered":"Nuestros socios"},"content":{"rendered":"\n<div class=\"is-layout-constrained wp-block-group\">\n<div class=\"is-layout-flex wp-container-3 wp-block-columns\">\n<div class=\"is-layout-flow wp-block-column\" style=\"flex-basis:66.66%\">\n<h1>Socios del camping C\u00f4te d&#8217;Argent<\/h1>\n\n\n\n<p>Nuestros socios te facilitan la b\u00fasqueda de alojamiento para tus pr\u00f3ximas vacaciones:<\/p>\n\n\n\n<p><a href=\"http:\/\/3-4jours.com\/decouvrir-lherault-lors-dun-sejour-a-serignan\/\" rel=\"noopener\">3-4 d\u00edas &#8211; Blog de viajes<\/a><\/p>\n\n\n\n<p><a href=\"https:\/\/leblogvoyage.fr\/voyage-en-france\/decouvrez-le-gard-une-destination-ideale-pour-des-vacances-en-camping-en-famille\/\" data-type=\"URL\" data-id=\"https:\/\/leblogvoyage.fr\/voyage-en-france\/decouvrez-le-gard-une-destination-ideale-pour-des-vacances-en-camping-en-famille\/\" rel=\"noopener\">Blog de viajes<\/a><\/p>\n\n\n\n<p><a href=\"http:\/\/nogovoyages.com\/france\/decouvrir-les-pyrenees-orientales\/\" data-type=\"URL\" data-id=\"nogovoyages.com\/france\/decouvrir-les-pyrenees-orientales\/\" rel=\"noopener\">Nogo viajes<\/a><\/p>\n\n\n\n<p><a href=\"https:\/\/www.koala-annuaireweb.com\/tourisme\/campings\/\" rel=\"noopener\">Koala Surfer &#8211; Directorio de referencia gratuito &#8211; Campings<\/a><\/p>\n\n\n\n<p><a href=\"https:\/\/www.annuaire-du-tourisme.fr\/camping-et-village-vacances\/\" rel=\"noopener\">Directorio tur\u00edstico &#8211; Campings y ciudades de vacaciones<\/a><\/p>\n\n\n\n<p><a href=\"https:\/\/www.proxicamping.fr\/\" target=\"_blank\" rel=\"noreferrer noopener\">Proxicamping &#8211; Directorio de los mejores campings<\/a><\/p>\n\n\n\n<p><a href=\"http:\/\/annuaire-location.com\" rel=\"noopener\">Directorio de alquileres<\/a><\/p>\n\n\n\n<p>Tambi\u00e9n puedes disfrutar de una amplia gama de actividades durante tus vacaciones de <a href=\"https:\/\/www.camping-cote-dargent.com\/es\/\" data-type=\"page\" data-id=\"125\">camping en Hourtin<\/a>, ya sea en familia, en pareja o con amigos.<\/p>\n<\/div>\n\n\n\n<div class=\"is-layout-flow wp-block-column\" style=\"flex-basis:33.33%\">\n<figure class=\"wp-block-image size-large fc-auto\"><img decoding=\"async\" width=\"1024\" height=\"576\" src=\"https:\/\/www.camping-cote-dargent.com\/wp-content\/uploads\/2024\/10\/DRONE_2_OK__18-1024x576.jpg\" alt=\"\" class=\"wp-image-7070\" srcset=\"https:\/\/www.camping-cote-dargent.com\/wp-content\/uploads\/2024\/10\/DRONE_2_OK__18-1024x576.jpg 1024w, https:\/\/www.camping-cote-dargent.com\/wp-content\/uploads\/2024\/10\/DRONE_2_OK__18-300x169.jpg 300w, https:\/\/www.camping-cote-dargent.com\/wp-content\/uploads\/2024\/10\/DRONE_2_OK__18-768x432.jpg 768w, https:\/\/www.camping-cote-dargent.com\/wp-content\/uploads\/2024\/10\/DRONE_2_OK__18-1536x864.jpg 1536w, https:\/\/www.camping-cote-dargent.com\/wp-content\/uploads\/2024\/10\/DRONE_2_OK__18-2048x1152.jpg 2048w\" sizes=\"(max-width: 1024px) 100vw, 1024px\" title=\"\"><\/figure>\n<\/div>\n<\/div>\n<\/div>\n","protected":false},"excerpt":{"rendered":"<p>Socios del camping C\u00f4te d&#8217;Argent Nuestros socios te facilitan la b\u00fasqueda de alojamiento para tus pr\u00f3ximas vacaciones: 3-4 d\u00edas &#8211; Blog de viajes Blog de viajes Nogo viajes Koala Surfer &#8211; Directorio de referencia gratuito &#8211; Campings Directorio tur\u00edstico &#8211; Campings y ciudades de vacaciones Proxicamping &#8211; Directorio de los mejores campings Directorio de alquileres [&hellip;]<\/p>\n","protected":false},"author":1,"featured_media":0,"parent":0,"menu_order":0,"comment_status":"closed","ping_status":"closed","template":"","meta":[],"acf":[],"_links":{"self":[{"href":"https:\/\/www.camping-cote-dargent.com\/es\/wp-json\/wp\/v2\/pages\/8694"}],"collection":[{"href":"https:\/\/www.camping-cote-dargent.com\/es\/wp-json\/wp\/v2\/pages"}],"about":[{"href":"https:\/\/www.camping-cote-dargent.com\/es\/wp-json\/wp\/v2\/types\/page"}],"author":[{"embeddable":true,"href":"https:\/\/www.camping-cote-dargent.com\/es\/wp-json\/wp\/v2\/users\/1"}],"replies":[{"embeddable":true,"href":"https:\/\/www.camping-cote-dargent.com\/es\/wp-json\/wp\/v2\/comments?post=8694"}],"version-history":[{"count":1,"href":"https:\/\/www.camping-cote-dargent.com\/es\/wp-json\/wp\/v2\/pages\/8694\/revisions"}],"predecessor-version":[{"id":8695,"href":"https:\/\/www.camping-cote-dargent.com\/es\/wp-json\/wp\/v2\/pages\/8694\/revisions\/8695"}],"wp:attachment":[{"href":"https:\/\/www.camping-cote-dargent.com\/es\/wp-json\/wp\/v2\/media?parent=8694"}],"curies":[{"name":"wp","href":"https:\/\/api.w.org\/{rel}","templated":true}]}}