{"id":8671,"date":"2024-03-21T12:13:04","date_gmt":"2024-03-21T11:13:04","guid":{"rendered":"https:\/\/www.camping-cote-dargent.com\/preguntas-frecuentes\/"},"modified":"2026-01-13T16:15:39","modified_gmt":"2026-01-13T15:15:39","slug":"preguntas-frecuentes","status":"publish","type":"page","link":"https:\/\/www.camping-cote-dargent.com\/es\/preguntas-frecuentes\/","title":{"rendered":"Preguntas frequentes"},"content":{"rendered":"\n<div class=\"is-layout-flow wp-block-group alignfull diaporama-header\">\n<figure class=\"is-layout-flex wp-block-gallery-1 wp-block-gallery has-nested-images columns-default is-cropped fc-auto\">\n<figure class=\"wp-block-image size-full fc-auto\"><img decoding=\"async\" width=\"1920\" height=\"768\" src=\"https:\/\/www.camping-cote-dargent.com\/wp-content\/uploads\/2024\/03\/image-4-1.jpg\" alt=\"\" class=\"wp-image-3902\" srcset=\"https:\/\/www.camping-cote-dargent.com\/wp-content\/uploads\/2024\/03\/image-4-1.jpg 1920w, https:\/\/www.camping-cote-dargent.com\/wp-content\/uploads\/2024\/03\/image-4-1-300x120.jpg 300w, https:\/\/www.camping-cote-dargent.com\/wp-content\/uploads\/2024\/03\/image-4-1-1024x410.jpg 1024w, https:\/\/www.camping-cote-dargent.com\/wp-content\/uploads\/2024\/03\/image-4-1-768x307.jpg 768w, https:\/\/www.camping-cote-dargent.com\/wp-content\/uploads\/2024\/03\/image-4-1-1536x614.jpg 1536w\" sizes=\"(max-width: 1920px) 100vw, 1920px\" title=\"\"><\/figure>\n<\/figure>\n\n\n\n<div class=\"is-layout-constrained wp-block-group\">\n<div class=\"is-content-justification-center is-layout-flex wp-container-3 wp-block-buttons\">\n<div class=\"wp-block-button btn_resa\"><a class=\"wp-block-button__link has-bleufonce-color has-bleuclair-background-color has-text-color has-background wp-element-button\">Reserva tu estancia<\/a><\/div>\n<\/div>\n<\/div>\n<\/div>\n\n<div class=\"is-layout-constrained wp-block-group\">\n<h1 class=\"has-text-align-center has-orange-color has-text-color\">Preguntas m\u00e1s frecuentes<\/h1>\n\n\n\n<div class=\"wp-block-fc-gut-accordeon fc-desk\">\n<p>\u00bfSe pueden hacer barbacoas en el camping?<\/p>\n\n\n\n<div class=\"is-layout-flow wp-block-group\">\n<p>S\u00f3lo se permiten barbacoas el\u00e9ctricas y de gas. Las barbacoas con fuego abierto (le\u00f1a, carb\u00f3n) est\u00e1n estrictamente prohibidas en el camping y en el bosque circundante.<\/p>\n<\/div>\n<\/div>\n\n\n\n<div class=\"wp-block-fc-gut-accordeon fc-desk\">\n<p>\u00bfPuedo elegir mi parcela o casa m\u00f3vil?<\/p>\n\n\n\n<div class=\"is-layout-flow wp-block-group\">\n<p>Puedes indicar tus preferencias en el momento de la reserva.<\/p>\n<\/div>\n<\/div>\n\n\n\n<div class=\"wp-block-fc-gut-accordeon fc-desk\">\n<p>\u00bfSe pueden alquilar bicicletas in situ?<\/p>\n\n\n\n<div class=\"is-layout-flow wp-block-group\">\n<p>Alquilamos bicicletas (s\u00f3lo tama\u00f1o adulto), con un dep\u00f3sito de 200 euros por bicicleta. Las tarifas de alquiler son las siguientes: 1\/2 d\u00eda = 10 euros \/ 1 d\u00eda = 12 euros \/ 1 semana = 45 euros <\/p>\n<\/div>\n<\/div>\n\n\n\n<div class=\"wp-block-fc-gut-accordeon fc-desk\">\n<p>\u00bfCu\u00e1les son los horarios de llegada y salida?<\/p>\n\n\n\n<div class=\"is-layout-flow wp-block-group\">\n<p>Las llegadas son entre las 16:00 y las 20:00 y las salidas entre las 8:00 y las 10:00.<\/p>\n<\/div>\n<\/div>\n\n\n\n<div class=\"wp-block-fc-gut-accordeon fc-desk\">\n<p>\u00bfHay que pagar por el wifi?<\/p>\n\n\n\n<div class=\"is-layout-flow wp-block-group\">\n<p>Ofrecemos acceso Wifi con las siguientes tarifas: 6h = 10 euros \/ 1 semana = 20 euros \/ 2 semanas = 30 euros \/ 1 semana en familia (3 aparatos) = 40 euros \/ 2 semanas en familia (3 aparatos) = 50 euros<\/p>\n<\/div>\n<\/div>\n\n\n\n<div class=\"wp-block-fc-gut-accordeon fc-desk\">\n<p>\u00bfEs obligatorio llevar una pulsera?<\/p>\n\n\n\n<div class=\"is-layout-flow wp-block-group\">\n<p>El uso de una pulsera es obligatorio. Esta pulsera antial\u00e9rgica y a prueba de manipulaciones se te entregar\u00e1 a tu llegada y deber\u00e1s llevarla permanentemente en la mu\u00f1eca o en el tobillo.<\/p>\n<\/div>\n<\/div>\n\n\n\n<div class=\"wp-block-fc-gut-accordeon fc-desk\">\n<p>\u00bfHay wifi en el camping?<\/p>\n\n\n\n<div class=\"is-layout-flow wp-block-group\">\n<p>Ofrecemos acceso Wifi con las siguientes tarifas: 6h = 10 euros \/ 1 semana = 20 euros \/ 2 semanas = 30 euros \/ 1 semana en familia (3 aparatos) = 40 euros \/ 2 semanas en familia (3 aparatos) = 50 euros<\/p>\n<\/div>\n<\/div>\n\n\n\n<div class=\"wp-block-fc-gut-accordeon fc-desk\">\n<p>\u00bfHay que pagar por el club infantil?<\/p>\n\n\n\n<div class=\"is-layout-flow wp-block-group\">\n<p>El miniclub es gratuito.<\/p>\n<\/div>\n<\/div>\n\n\n\n<div class=\"wp-block-fc-gut-accordeon fc-desk\">\n<p>\u00bfPuedo poner una tienda de campa\u00f1a junto a la autocaravana?<\/p>\n\n\n\n<div class=\"is-layout-flow wp-block-group\">\n<p>No se permiten tiendas de campa\u00f1a en las parcelas para autocaravanas.<\/p>\n<\/div>\n<\/div>\n\n\n\n<div class=\"wp-block-fc-gut-accordeon fc-desk\">\n<p>\u00bfPuedo llegar fuera del horario de recepci\u00f3n?<\/p>\n\n\n\n<div class=\"is-layout-flow wp-block-group\">\n<p>Si tienes una reserva, puedes llegar fuera del horario de recepci\u00f3n, pero debes informarnos por correo electr\u00f3nico a <span itemprop=\"email\">info@cca33.com<\/span> o por tel\u00e9fono.  <a itemprop=\"telephone\" href=\"tel:+33556091025\">05 56 09 10 25<\/a><\/p>\n<\/div>\n<\/div>\n\n\n\n<div class=\"wp-block-fc-gut-accordeon fc-desk\">\n<p>\u00bfLos visitantes son bienvenidos?<\/p>\n\n\n\n<div class=\"is-layout-flow wp-block-group\">\n<p>Si recibes visitas, deben declararse en recepci\u00f3n. Deber\u00e1n dejar su veh\u00edculo fuera del camping, pagar el suplemento de visitante y dejar un documento de identidad durante su visita (a recoger antes del cierre de la recepci\u00f3n). <\/p>\n<\/div>\n<\/div>\n\n\n\n<div class=\"wp-block-fc-gut-accordeon fc-desk\">\n<p>\u00bfHay tiendas en el camping?<\/p>\n\n\n\n<div class=\"is-layout-flow wp-block-group\">\n<p>En el camping encontrar\u00e1s un minimercado, una tienda de delicatessen\/bodega, un restaurante de comida para llevar y un bar.<\/p>\n<\/div>\n<\/div>\n\n\n\n<div class=\"wp-block-fc-gut-accordeon fc-desk\">\n<p>\u00bfPodemos llevar nuestra propia barbacoa?<\/p>\n\n\n\n<div class=\"is-layout-flow wp-block-group\">\n<p>Atenci\u00f3n: s\u00f3lo se permiten barbacoas el\u00e9ctricas y de gas. Las barbacoas con fuego abierto (le\u00f1a, carb\u00f3n) est\u00e1n estrictamente prohibidas en el camping y en el bosque circundante.<\/p>\n<\/div>\n<\/div>\n\n\n\n<div class=\"wp-block-fc-gut-accordeon fc-desk\">\n<p>\u00bfSe aceptan vales CAF?<\/p>\n\n\n\n<div class=\"is-layout-flow wp-block-group\">\n<p>No aceptamos vales CAF.<\/p>\n<\/div>\n<\/div>\n\n\n\n<div class=\"wp-block-fc-gut-accordeon fc-desk\">\n<p>\u00bfOfrec\u00e9is alg\u00fan tipo de entretenimiento en el camping?<\/p>\n\n\n\n<div class=\"is-layout-flow wp-block-group\">\n<p>En julio y agosto, ofrecemos entretenimiento todos los d\u00edas de lunes a viernes: actividades deportivas, miniclub (para ni\u00f1os de 6 a 11 a\u00f1os) y entretenimiento nocturno.<\/p>\n<\/div>\n<\/div>\n\n\n\n<div class=\"wp-block-fc-gut-accordeon fc-desk\">\n<p>\u00bfSe admiten animales de compa\u00f1\u00eda en el camping?<\/p>\n\n\n\n<div class=\"is-layout-flow wp-block-group\">\n<p>Se admiten animales de compa\u00f1\u00eda en las parcelas de acampada (de 3 a 7 euros al d\u00eda, seg\u00fan la temporada). Es obligatorio presentar la cartilla de vacunaci\u00f3n con la vacuna antirr\u00e1bica actualizada. Los perros de las categor\u00edas 1\u02b3\u1d49 y 2\u1d49 est\u00e1n estrictamente prohibidos.  <\/p>\n<\/div>\n<\/div>\n\n\n\n<div class=\"wp-block-fc-gut-accordeon fc-desk\">\n<p>\u00bfPodemos salir fuera del horario de recepci\u00f3n?<\/p>\n\n\n\n<div class=\"is-layout-flow wp-block-group\">\n<p>Puedes marcharte fuera del horario de recepci\u00f3n, pero debes realizar los tr\u00e1mites administrativos el d\u00eda anterior a tu partida.<\/p>\n<\/div>\n<\/div>\n\n\n\n<div class=\"wp-block-fc-gut-accordeon fc-desk\">\n<p>\u00bfOfrec\u00e9is paquetes de limpieza?<\/p>\n\n\n\n<div class=\"is-layout-flow wp-block-group\">\n<p>No ofrecemos un paquete de limpieza. Se deducir\u00e1 un m\u00ednimo de 150 euros de la fianza por cualquier alquiler que no se devuelva en perfectas condiciones de limpieza.<\/p>\n<\/div>\n<\/div>\n\n\n\n<div class=\"wp-block-fc-gut-accordeon fc-desk\">\n<p>\u00bfTienes un club infantil?<\/p>\n\n\n\n<div class=\"is-layout-flow wp-block-group\">\n<p>El miniclub es gratuito.<\/p>\n<\/div>\n<\/div>\n\n\n\n<div class=\"wp-block-fc-gut-accordeon fc-desk\">\n<p>\u00bfHay que pagar por el club infantil?<\/p>\n\n\n\n<div class=\"is-layout-flow wp-block-group\">\n<p>Tenemos un miniclub que abre en julio y agosto de lunes a viernes para ni\u00f1os de 6 a 11 a\u00f1os. El Miniclub es un servicio y no una guarder\u00eda (por lo que es imprescindible que podamos encontrarte en el camping en caso de problemas). <\/p>\n<\/div>\n<\/div>\n\n\n\n<div class=\"wp-block-fc-gut-accordeon fc-desk\">\n<p>\u00bfTengo que pedir cita para salir?<\/p>\n\n\n\n<div class=\"is-layout-flow wp-block-group\">\n<p>Debes concertar una cita para el inventario de salida. La cita debe concertarse a m\u00e1s tardar el d\u00eda anterior a la salida. Las salidas se realizan entre las 8.00 y las 10.00 horas.<\/p>\n<\/div>\n<\/div>\n\n\n\n<div class=\"wp-block-fc-gut-accordeon fc-desk\">\n<p>\u00bfHay lavander\u00eda en el camping?<\/p>\n\n\n\n<div class=\"is-layout-flow wp-block-group\">\n<p>Disponemos de lavadoras (5 \u20ac por ficha) y secadoras (3,50 \u20ac por ficha) situadas en los aseos, lavander\u00eda no incluida.<\/p>\n<\/div>\n<\/div>\n\n\n\n<div class=\"wp-block-fc-gut-accordeon fc-desk\">\n<p>\u00bfA qu\u00e9 hora debo devolver mi autocaravana?<\/p>\n\n\n\n<div class=\"is-layout-flow wp-block-group\">\n<p>Las casas m\u00f3viles deben desalojarse antes de las 10 de la ma\u00f1ana.<\/p>\n<\/div>\n<\/div>\n\n\n\n<div class=\"wp-block-fc-gut-accordeon fc-desk\">\n<p>\u00bfSe admiten animales de compa\u00f1\u00eda en la vivienda de alquiler?<\/p>\n\n\n\n<div class=\"is-layout-flow wp-block-group\">\n<p>Los animales dom\u00e9sticos est\u00e1n estrictamente prohibidos en el alojamiento.<\/p>\n<\/div>\n<\/div>\n\n\n\n<div class=\"wp-block-fc-gut-accordeon fc-desk\">\n<p>\u00bfC\u00f3mo cancelo una reserva?<\/p>\n\n\n\n<div class=\"is-layout-flow wp-block-group\">\n<p>Para todas las cancelaciones, ponte en contacto con nosotros por correo electr\u00f3nico <span itemprop=\"email\">info@cca33.com<\/span> o por tel\u00e9fono <a itemprop=\"telephone\" href=\"tel:+33556091025\">05 56 09 10 25<\/a> para m\u00e1s detalles.<\/p>\n<\/div>\n<\/div>\n\n\n\n<div class=\"wp-block-fc-gut-accordeon fc-desk\">\n<p>\u00bfSe aceptan menores?<\/p>\n\n\n\n<div class=\"is-layout-flow wp-block-group\">\n<p>No aceptamos menores no acompa\u00f1ados por sus padres.<\/p>\n<\/div>\n<\/div>\n\n\n\n<div class=\"wp-block-fc-gut-accordeon fc-desk\">\n<p>\u00bfSe incluyen animaciones?<\/p>\n\n\n\n<div class=\"is-layout-flow wp-block-group\">\n<p>Los actos son gratuitos y tienen lugar en julio y agosto.<\/p>\n<\/div>\n<\/div>\n\n\n\n<div class=\"wp-block-fc-gut-accordeon fc-desk\">\n<p>\u00bfHay una pista polideportiva?<\/p>\n\n\n\n<div class=\"is-layout-flow wp-block-group\">\n<p>Tenemos una pista polideportiva de acceso libre.<\/p>\n<\/div>\n<\/div>\n\n\n\n<div class=\"wp-block-fc-gut-accordeon fc-desk\">\n<p>\u00bfCu\u00e1ndo me devolver\u00e1n la fianza?<\/p>\n\n\n\n<div class=\"is-layout-flow wp-block-group\">\n<p>Los dep\u00f3sitos se devuelven en funci\u00f3n del inventario a la salida.<\/p>\n<\/div>\n<\/div>\n\n\n\n<div class=\"wp-block-fc-gut-accordeon fc-desk\">\n<p>\u00bfHay pista de tenis?<\/p>\n\n\n\n<div class=\"is-layout-flow wp-block-group\">\n<p>Disponemos de una pista de tenis en alquiler, con las siguientes tarifas: 50 minutos = 8 euros \/ 10&#215;50 minutos abono = 65 euros<\/p>\n<\/div>\n<\/div>\n\n\n\n<div class=\"wp-block-fc-gut-accordeon fc-desk\">\n<p>\u00bfQu\u00e9 hago si llego tarde?<\/p>\n\n\n\n<div class=\"is-layout-flow wp-block-group\">\n<p>En caso de llegada tard\u00eda o por cualquier otro motivo, ponte en contacto con recepci\u00f3n antes de las 19.00 h.<\/p>\n<\/div>\n<\/div>\n\n\n\n<div class=\"wp-block-fc-gut-accordeon fc-desk\">\n<p>\u00bfQu\u00e9 es la tasa tur\u00edstica?<\/p>\n\n\n\n<div class=\"is-layout-flow wp-block-group\">\n<p>Tasa tur\u00edstica: el municipio de Hourtin recauda 0,61 euros por adulto y noche.<\/p>\n<\/div>\n<\/div>\n\n\n\n<div class=\"wp-block-fc-gut-accordeon fc-desk\">\n<p>\u00bfC\u00f3mo cambio una reserva?<\/p>\n\n\n\n<div class=\"is-layout-flow wp-block-group\">\n<p>Para cualquier cambio, ponte en contacto con nosotros por correo electr\u00f3nico <span itemprop=\"email\">info@cca33.com<\/span> o por tel\u00e9fono <a itemprop=\"telephone\" href=\"tel:+33556091025\">05 56 09 10 25<\/a>.<\/p>\n<\/div>\n<\/div>\n\n\n\n<div class=\"wp-block-fc-gut-accordeon fc-desk\">\n<p>\u00bfTengo que pagar una fianza cuando me mude?<\/p>\n\n\n\n<div class=\"is-layout-flow wp-block-group\">\n<p>El d\u00eda de tu llegada, te pediremos 3 fianzas: 20 euros para la tarjeta autom\u00e1tica de barrera \/ 150 euros para la garant\u00eda de limpieza de final de estancia \/ 150 euros para el equipamiento.<\/p>\n<\/div>\n<\/div>\n\n\n\n<div class=\"wp-block-fc-gut-accordeon fc-desk\">\n<p>Si mi mobilhome est\u00e1 disponible antes de las 16.00 horas del d\u00eda de llegada, \u00bfpuedo llegar antes?<\/p>\n\n\n\n<div class=\"is-layout-flow wp-block-group\">\n<p>Puedes llegar antes de las 16.00 h para realizar los tr\u00e1mites administrativos. Sin embargo, no tendr\u00e1s acceso a la casa m\u00f3vil antes de las 16.00 h. <\/p>\n<\/div>\n<\/div>\n\n\n\n<div class=\"wp-block-fc-gut-accordeon fc-desk\">\n<p>\u00bfPuedo tener invitados en mi autocaravana? En caso afirmativo, \u00bfcu\u00e1les son los costes adicionales? <\/p>\n\n\n\n<div class=\"is-layout-flow wp-block-group\">\n<p>Puedes recibir visitas a diario o durante varios d\u00edas, dependiendo del n\u00famero de personas que ya est\u00e9n en la casa m\u00f3vil. Para cualquier informaci\u00f3n sobre los visitantes, ponte en contacto con nosotros en <a itemprop=\"telephone\" href=\"tel:+33556091025\">05 56 09 10 25<\/a>. <\/p>\n<\/div>\n<\/div>\n\n\n\n<div class=\"wp-block-fc-gut-accordeon fc-desk\">\n<p>\u00bfHasta qu\u00e9 hora puedo entrar con mi coche en el camping?<\/p>\n\n\n\n<div class=\"is-layout-flow wp-block-group\">\n<p>La puerta est\u00e1 abierta de 6.00 a 22.30 h. Despu\u00e9s de las 22.30, deber\u00e1s aparcar tu veh\u00edculo fuera y entrar a pie. <\/p>\n<\/div>\n<\/div>\n<\/div>\n","protected":false},"excerpt":{"rendered":"<p>Preguntas m\u00e1s frecuentes<\/p>\n","protected":false},"author":1,"featured_media":0,"parent":0,"menu_order":0,"comment_status":"closed","ping_status":"closed","template":"","meta":[],"acf":[],"_links":{"self":[{"href":"https:\/\/www.camping-cote-dargent.com\/es\/wp-json\/wp\/v2\/pages\/8671"}],"collection":[{"href":"https:\/\/www.camping-cote-dargent.com\/es\/wp-json\/wp\/v2\/pages"}],"about":[{"href":"https:\/\/www.camping-cote-dargent.com\/es\/wp-json\/wp\/v2\/types\/page"}],"author":[{"embeddable":true,"href":"https:\/\/www.camping-cote-dargent.com\/es\/wp-json\/wp\/v2\/users\/1"}],"replies":[{"embeddable":true,"href":"https:\/\/www.camping-cote-dargent.com\/es\/wp-json\/wp\/v2\/comments?post=8671"}],"version-history":[{"count":3,"href":"https:\/\/www.camping-cote-dargent.com\/es\/wp-json\/wp\/v2\/pages\/8671\/revisions"}],"predecessor-version":[{"id":8849,"href":"https:\/\/www.camping-cote-dargent.com\/es\/wp-json\/wp\/v2\/pages\/8671\/revisions\/8849"}],"wp:attachment":[{"href":"https:\/\/www.camping-cote-dargent.com\/es\/wp-json\/wp\/v2\/media?parent=8671"}],"curies":[{"name":"wp","href":"https:\/\/api.w.org\/{rel}","templated":true}]}}