{"id":8627,"date":"2025-04-15T11:49:43","date_gmt":"2025-04-15T09:49:43","guid":{"rendered":"https:\/\/www.camping-cote-dargent.com\/zona-acuatica\/"},"modified":"2026-01-13T14:41:41","modified_gmt":"2026-01-13T13:41:41","slug":"zona-acuatica","status":"publish","type":"page","link":"https:\/\/www.camping-cote-dargent.com\/es\/zona-acuatica\/","title":{"rendered":"Zona acu\u00e1tica"},"content":{"rendered":"\n<div class=\"is-layout-flow wp-block-group alignfull diaporama-header\">\n<figure class=\"is-layout-flex wp-block-gallery-1 wp-block-gallery has-nested-images columns-default is-cropped fc-auto\">\n<figure class=\"wp-block-image size-large fc-auto\"><img decoding=\"async\" width=\"1024\" height=\"682\" src=\"https:\/\/www.camping-cote-dargent.com\/wp-content\/uploads\/2025\/04\/PARC_AQUATIQUE_1_32-1024x682.webp\" alt=\"Piscina del camping La C&#xF4;te d&#039;Argent en Gironda\" class=\"wp-image-7431\" srcset=\"https:\/\/www.camping-cote-dargent.com\/wp-content\/uploads\/2025\/04\/PARC_AQUATIQUE_1_32-1024x682.webp 1024w, https:\/\/www.camping-cote-dargent.com\/wp-content\/uploads\/2025\/04\/PARC_AQUATIQUE_1_32-300x200.webp 300w, https:\/\/www.camping-cote-dargent.com\/wp-content\/uploads\/2025\/04\/PARC_AQUATIQUE_1_32-768x512.webp 768w, https:\/\/www.camping-cote-dargent.com\/wp-content\/uploads\/2025\/04\/PARC_AQUATIQUE_1_32-1536x1024.webp 1536w, https:\/\/www.camping-cote-dargent.com\/wp-content\/uploads\/2025\/04\/PARC_AQUATIQUE_1_32.webp 1919w\" sizes=\"(max-width: 1024px) 100vw, 1024px\" title=\"\"><\/figure>\n<\/figure>\n\n\n\n<div class=\"is-layout-constrained wp-block-group\">\n<div class=\"is-content-justification-center is-layout-flex wp-container-3 wp-block-buttons\">\n<div class=\"wp-block-button btn_resa\"><a class=\"wp-block-button__link has-bleufonce-color has-bleuclair-background-color has-text-color has-background wp-element-button\">Reserva tu estancia<\/a><\/div>\n<\/div>\n<\/div>\n<\/div>\n\n<div class=\"is-layout-flex wp-container-10 wp-block-columns C-10 vague-jaune\">\n<div class=\"is-layout-flow wp-block-column col-texte\">\n<h1 class=\"has-orange-color has-text-color\">Camping con parque acu\u00e1tico y piscinas en Gironda, en Hourtin  <\/h1>\n\n\n\n<p>Si buscas un <strong>camping con piscinas en Gironda<\/strong>, \u00a1la <strong>magn\u00edfica zona de piscinas climatizadas<\/strong> de nuestro camping La C\u00f4te d&#8217;Argent en <a href=\"https:\/\/www.camping-cote-dargent.com\/es\/alentours\/hourtin\/\">Hourtin<\/a> cumplir\u00e1 tus expectativas! Con sus piscinas, zonas de juegos acu\u00e1ticos y toboganes, \u00a1hay para todos los gustos! Grandes y peque\u00f1os podr\u00e1n disfrutar de una <strong>amplia zona acu\u00e1tica climatizada de unos 9.000 m\u00b2<\/strong> para todos los gustos y edades.  <\/p>\n\n\n\n<h2 class=\"has-bleu-color has-text-color\">El enorme parque acu\u00e1tico de nuestro camping Nouvelle-Aquitaine<\/h2>\n\n\n\n<ul class=\"pictos\">\n<li><span class=\"fc-icon person-sledding-thin\"><\/span>  Diapositivas<\/li>\n\n\n\n<li><span class=\"fc-icon water-ladder-thin\"><\/span>  Piscinas climatizadas<\/li>\n\n\n\n<li><span class=\"fc-icon person-sledding-thin\"><\/span>  Aqua&#8217;Piratas<\/li>\n<\/ul>\n\n\n\n<p>Entre las actividades de <a href=\"https:\/\/www.camping-cote-dargent.com\/es\/actividades\/\" data-type=\"page\" data-id=\"126\">ocio<\/a> que te ofrecemos en nuestro <strong>camping con parque acu\u00e1tico de Hourtin<\/strong>, \u00a1aprovecha al m\u00e1ximo nuestro flamante y enorme <strong>parque acu\u00e1tico<\/strong>! Rodeado de exuberante vegetaci\u00f3n, el escenario es nuestro magn\u00edfico <strong>parque<\/strong> acu\u00e1tico <strong>de unos 9.000 m\u00b2<\/strong>. Para poner a los veraneantes en ambiente de vacaciones, alrededor de nuestro parque acu\u00e1tico hay palmeras, plataneros, tumbonas y sombrillas. \u00a1El c\u00f3ctel perfecto para un agradable momento de relajaci\u00f3n!    <\/p>\n\n\n\n<div class=\"wp-block-fc-gut-lire-plus fc-desk\">\n<p>Leer m\u00e1s<\/p>\n\n\n\n<div class=\"is-layout-flow wp-block-group\">\n<p>Adem\u00e1s, encontrar\u00e1s un sinf\u00edn de instalaciones dedicadas a los placeres del agua y la nataci\u00f3n, como nuestros Aqua&#8217;Pirates de 1.000 m\u00b2, nuestras 2 grandes piscinas, nuestro r\u00edo contracorriente con laguna y playa submarina, nuestra laguna infantil con juegos, toboganes, ba\u00f1era de hidromasaje y una impresionante c\u00fapula cubierta con pasillo de nataci\u00f3n de 20 m, piscina infantil, juegos para ni\u00f1os y jacuzzi XXL.<\/p>\n\n\n\n<p>Los aficionados a la nataci\u00f3n estar\u00e1n encantados con estas <strong>piscinas<\/strong>: los adultos con una zona de relax o deportiva y los ni\u00f1os con zonas dedicadas a la diversi\u00f3n. Con tantas posibilidades, toda la familia podr\u00e1 divertirse y relajarse en nuestro <strong>camping <strong>con parque acu\u00e1tico<\/strong><\/strong> <strong>en Gironda<\/strong>. Ideal para pasar unas vacaciones en familia en la regi\u00f3n de Nouvelle-Aquitaine.  <\/p>\n<\/div>\n<\/div>\n\n\n\n<div class=\"is-layout-flex wp-block-buttons\">\n<div class=\"wp-block-button btn_resa\"><a class=\"wp-block-button__link wp-element-button\">Reserva ahora<\/a><\/div>\n<\/div>\n<\/div>\n\n\n\n<div class=\"is-layout-flow wp-block-column is-vertically-aligned-center col-images fc-plongeur\">\r\n <div id=\"galerie-video\" class=\"\">\r\n\t \r\n\t\t \r\n\t\t <div class=\"card-video fancybox\" data-fancybox=\"galerie-video\" data-caption=\"\" data-src=\"\/wp-content\/uploads\/video\/drone-camping-la-cote-d-argent.mp4\" data-height=\"340\" tabindex=\"-1\">\r\n\t\t\t\t\t<figure><img decoding=\"async\" src=\"https:\/\/www.camping-cote-dargent.com\/wp-content\/uploads\/2025\/04\/DRONE_2_OK__18-scaled-1.webp\" alt=\"\" title=\"\"><\/img><\/figure>          <i class=\"fas fa-play\"><\/i>\r\n          <p class=\"legende-video\"><\/p>\r\n\t\t <\/div>\r\n\r\n\t\t\r\n <\/div>\r\n\r\n<\/div>\n<\/div>\n\n<div class=\"is-layout-flex wp-container-19 wp-block-columns C-20 vague-bleu reverse-mob\">\n<div class=\"is-layout-flow wp-block-column col-images\">\n<figure class=\"is-layout-flex wp-block-gallery-11 wp-block-gallery has-nested-images columns-2 is-cropped fc-diapo-mob fc-auto\">\n<figure class=\"wp-block-image size-full fc-caps fc-auto\"><img decoding=\"async\" width=\"711\" height=\"400\" src=\"https:\/\/www.camping-cote-dargent.com\/wp-content\/uploads\/2025\/04\/PARC_AQUATIQUE_1_10-1.webp\" alt=\"Parque acu&#xE1;tico en nuestro camping de Hourtin\" class=\"wp-image-7439\" srcset=\"https:\/\/www.camping-cote-dargent.com\/wp-content\/uploads\/2025\/04\/PARC_AQUATIQUE_1_10-1.webp 711w, https:\/\/www.camping-cote-dargent.com\/wp-content\/uploads\/2025\/04\/PARC_AQUATIQUE_1_10-1-300x169.webp 300w\" sizes=\"(max-width: 711px) 100vw, 711px\" title=\"\"><\/figure>\n\n\n\n<figure class=\"wp-block-image size-full fc-pola fc-auto\"><img decoding=\"async\" width=\"533\" height=\"300\" src=\"https:\/\/www.camping-cote-dargent.com\/wp-content\/uploads\/2025\/04\/PISCINE_157.webp\" alt=\"Toboganes en nuestra zona acu&#xE1;tica\" class=\"wp-image-7443\" srcset=\"https:\/\/www.camping-cote-dargent.com\/wp-content\/uploads\/2025\/04\/PISCINE_157.webp 533w, https:\/\/www.camping-cote-dargent.com\/wp-content\/uploads\/2025\/04\/PISCINE_157-300x169.webp 300w\" sizes=\"(max-width: 533px) 100vw, 533px\" title=\"\"><figcaption class=\"wp-element-caption\">Ver la galer\u00eda de fotos<\/figcaption><\/figure>\n\n\n\n<figure class=\"wp-block-image size-full fc-auto\"><img decoding=\"async\" width=\"800\" height=\"450\" src=\"https:\/\/www.camping-cote-dargent.com\/wp-content\/uploads\/2025\/04\/DRONE_JUILLET_24_1_25.webp\" alt=\"\" class=\"wp-image-7435\" srcset=\"https:\/\/www.camping-cote-dargent.com\/wp-content\/uploads\/2025\/04\/DRONE_JUILLET_24_1_25.webp 800w, https:\/\/www.camping-cote-dargent.com\/wp-content\/uploads\/2025\/04\/DRONE_JUILLET_24_1_25-300x169.webp 300w, https:\/\/www.camping-cote-dargent.com\/wp-content\/uploads\/2025\/04\/DRONE_JUILLET_24_1_25-768x432.webp 768w\" sizes=\"(max-width: 800px) 100vw, 800px\" title=\"\"><\/figure>\n<\/figure>\n<\/div>\n\n\n\n<div class=\"is-layout-flow wp-block-column is-vertically-aligned-center col-texte has-bleufonce-color has-text-color\">\n<h2>Un parque acu\u00e1tico excepcional: al\u00f3jate en un camping con un parque acu\u00e1tico climatizado de 9.000 m\u00b2 en Gironda<\/h2>\n\n\n\n<p>En cuanto abra nuestro <a href=\"https:\/\/www.camping-cote-dargent.com\/es\/actividades\/\" data-type=\"page\" data-id=\"126\">camping<\/a> familiar, podr\u00e1s aprovechar al m\u00e1ximo nuestro <strong>magn\u00edfico complejo de piscinas climatizadas de 9.000 m\u00b2<\/strong>. Podr\u00e1s disfrutar de los placeres de la nataci\u00f3n, pero eso no es todo, ya que la zona de piscinas incluye varias \u00e1reas diferentes. <\/p>\n\n\n\n<div class=\"wp-block-fc-gut-lire-plus fc-mob\">\n<p class=\"has-bleufonce-color has-text-color\">Leer m\u00e1s<\/p>\n\n\n\n<div class=\"is-layout-flow wp-block-group\">\n<div class=\"is-layout-flex wp-container-16 wp-block-columns\">\n<div class=\"is-layout-flow wp-block-column\">\n<p>Bajo la impresionante c\u00fapula cubierta desmontable :<\/p>\n\n\n\n<ul>\n<li>1 <strong>carril de nataci\u00f3n<\/strong> desbordante de 20 m<\/li>\n\n\n\n<li>1 <strong>piscina infantil<\/strong> con juegos para ni\u00f1os y toboganes<\/li>\n\n\n\n<li>1 <strong>piscina infantil <\/strong>para los m\u00e1s peque\u00f1os, juegos para jugar, chorros de agua<\/li>\n\n\n\n<li>1 <strong>jacuzzi XXL<\/strong> con cascada<\/li>\n\n\n\n<li>1 <strong>laguna de relajaci\u00f3n<\/strong> con cuellos de cisne y chorros de masaje<\/li>\n\n\n\n<li><strong>Chilis<\/strong> y tomar el sol en la playa o en el c\u00e9sped artificial<\/li>\n<\/ul>\n<\/div>\n\n\n\n<div class=\"is-layout-flow wp-block-column\">\n<p>Fuera de casa :<\/p>\n\n\n\n<ul>\n<li>1 <strong>laguna infantil<\/strong> con juegos y toboganes<\/li>\n\n\n\n<li>1 <strong>r\u00edo contracorriente<\/strong> con una <strong>gran laguna<\/strong> y 2 <strong>playas sumergidas<\/strong><\/li>\n\n\n\n<li>2 <strong>piscinas grandes<\/strong><\/li>\n\n\n\n<li>1 <strong>ba\u00f1era de hidromasaje<\/strong><\/li>\n\n\n\n<li>una docena de <strong>diapositivas<\/strong><\/li>\n\n\n\n<li>Los<strong>Aqua&#8217;Pirates<\/strong> con innumerables chorros de agua, cubos que vuelcan&#8230;<\/li>\n\n\n\n<li>1 <strong>Acuario<\/strong> de carpas koi inmerso en las piscinas, en medio de un tesoro de Piratas<\/li>\n\n\n\n<li>Chilianas, <strong>tumbonas<\/strong> y reposapi\u00e9s en las playas y c\u00e9sped artificial<\/li>\n<\/ul>\n<\/div>\n<\/div>\n<\/div>\n<\/div>\n<\/div>\n<\/div>\n\n<div class=\"is-layout-flex wp-container-24 wp-block-columns are-vertically-aligned-center C-50 vague-vert\">\n<div class=\"is-layout-flow wp-block-column is-vertically-aligned-center col-texte\">\n<h3 class=\"has-bleu-color has-text-color\">Informaci\u00f3n pr\u00e1ctica sobre nuestro camping con piscina en Hourtin<\/h3>\n\n\n\n<p class=\"has-bleufonce-color has-text-color\">Aqu\u00ed tienes informaci\u00f3n importante para tu estancia en nuestro <strong>camping con parque acu\u00e1tico en Gironda<\/strong>:<\/p>\n\n\n\n<div class=\"wp-block-fc-gut-encart has-bleufonce-color has-text-color fc-information\">\n<ul>\n<li>Est\u00e1n <strong>prohibidos<\/strong> los pantalones cortos y las bermudas. Se debe llevar ba\u00f1ador. <\/li>\n\n\n\n<li>La piscina <strong>no est\u00e1 vigilada<\/strong>.<\/li>\n\n\n\n<li>Las piscinas est\u00e1n abiertas todos los d\u00edas de <strong>10 a 20 h<\/strong> en julio y agosto, y hasta las 19 h fuera de temporada.<\/li>\n<\/ul>\n<\/div>\n<\/div>\n\n\n\n<div class=\"is-layout-flow wp-block-column is-vertically-aligned-center\">\n<figure class=\"is-layout-flex wp-block-gallery-21 wp-block-gallery has-nested-images columns-3 is-cropped fc-diapo-mob fc-auto\">\n<figure class=\"wp-block-image size-full fc-pola rotate5 fc-auto\"><img decoding=\"async\" width=\"534\" height=\"300\" src=\"https:\/\/www.camping-cote-dargent.com\/wp-content\/uploads\/2025\/04\/PARC_AQUATIQUE_1_47.webp\" alt=\"\" class=\"wp-image-7458\" srcset=\"https:\/\/www.camping-cote-dargent.com\/wp-content\/uploads\/2025\/04\/PARC_AQUATIQUE_1_47.webp 534w, https:\/\/www.camping-cote-dargent.com\/wp-content\/uploads\/2025\/04\/PARC_AQUATIQUE_1_47-300x169.webp 300w\" sizes=\"(max-width: 534px) 100vw, 534px\" title=\"\"><figcaption class=\"wp-element-caption\">Piscina cubierta<\/figcaption><\/figure>\n\n\n\n<figure class=\"wp-block-image size-full fc-pola rotate10 fc-auto\"><img decoding=\"async\" width=\"711\" height=\"400\" src=\"https:\/\/www.camping-cote-dargent.com\/wp-content\/uploads\/2025\/04\/DRONE_2_OK__18-scaled-1.webp\" alt=\"Espacio acu&#xE1;tico en el camping La C&#xF4;te d&#039;Argent en Gironda\" class=\"wp-image-7448\" srcset=\"https:\/\/www.camping-cote-dargent.com\/wp-content\/uploads\/2025\/04\/DRONE_2_OK__18-scaled-1.webp 711w, https:\/\/www.camping-cote-dargent.com\/wp-content\/uploads\/2025\/04\/DRONE_2_OK__18-scaled-1-300x169.webp 300w\" sizes=\"(max-width: 711px) 100vw, 711px\" title=\"\"><figcaption class=\"wp-element-caption\">9000m\u00b2 de espacio acu\u00e1tico<\/figcaption><\/figure>\n\n\n\n<figure class=\"wp-block-image size-full fc-pola fc-auto\"><img decoding=\"async\" width=\"534\" height=\"300\" src=\"https:\/\/www.camping-cote-dargent.com\/wp-content\/uploads\/2025\/04\/PISCINE_FAMILLE_1_19.webp\" alt=\"\" class=\"wp-image-7454\" srcset=\"https:\/\/www.camping-cote-dargent.com\/wp-content\/uploads\/2025\/04\/PISCINE_FAMILLE_1_19.webp 534w, https:\/\/www.camping-cote-dargent.com\/wp-content\/uploads\/2025\/04\/PISCINE_FAMILLE_1_19-300x169.webp 300w\" sizes=\"(max-width: 534px) 100vw, 534px\" title=\"\"><figcaption class=\"wp-element-caption\">Diapositivas<\/figcaption><\/figure>\n<\/figure>\n<\/div>\n<\/div>\n","protected":false},"excerpt":{"rendered":"<p>Camping con parque acu\u00e1tico y piscinas en Gironda, en Hourtin Si buscas un camping con piscinas en Gironda, \u00a1la magn\u00edfica zona de piscinas climatizadas de nuestro camping La C\u00f4te d&#8217;Argent en Hourtin cumplir\u00e1 tus expectativas! Con sus piscinas, zonas de juegos acu\u00e1ticos y toboganes, \u00a1hay para todos los gustos! Grandes y peque\u00f1os podr\u00e1n disfrutar de [&hellip;]<\/p>\n","protected":false},"author":1,"featured_media":0,"parent":0,"menu_order":0,"comment_status":"open","ping_status":"open","template":"","meta":[],"acf":[],"_links":{"self":[{"href":"https:\/\/www.camping-cote-dargent.com\/es\/wp-json\/wp\/v2\/pages\/8627"}],"collection":[{"href":"https:\/\/www.camping-cote-dargent.com\/es\/wp-json\/wp\/v2\/pages"}],"about":[{"href":"https:\/\/www.camping-cote-dargent.com\/es\/wp-json\/wp\/v2\/types\/page"}],"author":[{"embeddable":true,"href":"https:\/\/www.camping-cote-dargent.com\/es\/wp-json\/wp\/v2\/users\/1"}],"replies":[{"embeddable":true,"href":"https:\/\/www.camping-cote-dargent.com\/es\/wp-json\/wp\/v2\/comments?post=8627"}],"version-history":[{"count":2,"href":"https:\/\/www.camping-cote-dargent.com\/es\/wp-json\/wp\/v2\/pages\/8627\/revisions"}],"predecessor-version":[{"id":8670,"href":"https:\/\/www.camping-cote-dargent.com\/es\/wp-json\/wp\/v2\/pages\/8627\/revisions\/8670"}],"wp:attachment":[{"href":"https:\/\/www.camping-cote-dargent.com\/es\/wp-json\/wp\/v2\/media?parent=8627"}],"curies":[{"name":"wp","href":"https:\/\/api.w.org\/{rel}","templated":true}]}}