{"id":8615,"date":"2025-10-28T15:45:00","date_gmt":"2025-10-28T14:45:00","guid":{"rendered":"https:\/\/www.camping-cote-dargent.com\/localizaciones\/"},"modified":"2026-01-14T11:52:50","modified_gmt":"2026-01-14T10:52:50","slug":"localizaciones","status":"publish","type":"page","link":"https:\/\/www.camping-cote-dargent.com\/es\/localizaciones\/","title":{"rendered":"Localizaciones"},"content":{"rendered":"\n<div class=\"is-layout-flow wp-block-group alignfull diaporama-header\">\n<figure class=\"is-layout-flex wp-block-gallery-1 wp-block-gallery has-nested-images columns-default is-cropped fc-auto\">\n<figure class=\"wp-block-image size-full fc-auto\"><img decoding=\"async\" width=\"1024\" height=\"683\" src=\"https:\/\/www.camping-cote-dargent.com\/wp-content\/uploads\/2024\/09\/location-emplacement-gironde-1024x683-1.webp\" alt=\"\" class=\"wp-image-6740\" srcset=\"https:\/\/www.camping-cote-dargent.com\/wp-content\/uploads\/2024\/09\/location-emplacement-gironde-1024x683-1.webp 1024w, https:\/\/www.camping-cote-dargent.com\/wp-content\/uploads\/2024\/09\/location-emplacement-gironde-1024x683-1-300x200.webp 300w, https:\/\/www.camping-cote-dargent.com\/wp-content\/uploads\/2024\/09\/location-emplacement-gironde-1024x683-1-768x512.webp 768w\" sizes=\"(max-width: 1024px) 100vw, 1024px\" title=\"\"><\/figure>\n<\/figure>\n\n\n\n<div class=\"is-layout-constrained wp-block-group\">\n<div class=\"is-content-justification-center is-layout-flex wp-container-3 wp-block-buttons\">\n<div class=\"wp-block-button btn_resa\"><a class=\"wp-block-button__link has-bleufonce-color has-bleuclair-background-color has-text-color has-background wp-element-button\">Reserva tu estancia<\/a><\/div>\n<\/div>\n<\/div>\n<\/div>\n\n\n\n<div class=\"is-layout-flex wp-container-11 wp-block-columns C-10 vague-jaune\">\n<div class=\"is-layout-flow wp-block-column col-texte\">\n<h1 class=\"has-orange-color has-text-color\">Camping con parcelas en Hourtin Plage (33)<\/h1>\n\n\n\n<ul class=\"pictos\">\n<li><span class=\"fc-icon campground-thin\"><\/span>  Tienda<\/li>\n\n\n\n<li><span class=\"fc-icon caravan-thin\"><\/span>  Caravana<\/li>\n\n\n\n<li><span class=\"fc-icon rv-thin\"><\/span>  Autocaravana<\/li>\n<\/ul>\n\n\n\n<p style=\"font-size:18px\">Si te gustan los grandes espacios y la naturaleza, elige nuestro camping <strong>con parcelas<\/strong> para tu <strong>tienda, caravana, furgoneta, tienda de campa\u00f1a o autocaravana<\/strong>. Nuestro camping de 5 estrellas de la Costa de Plata, en <a href=\"https:\/\/www.camping-cote-dargent.com\/es\/alentours\/hourtin\/\">Hourtin<\/a>, est\u00e1 situado en un entorno verde y agradable. Idealmente situado, desde una de nuestras parcelas <strong>de camping en Hourtin Plage<\/strong>, \u00a1te<strong> espera<\/strong> la<strong> playa<\/strong>!  <\/p>\n\n\n\n<div class=\"is-layout-flex wp-block-buttons\">\n<div class=\"wp-block-button has-custom-font-size has-medium-font-size fc-style-2\"><a class=\"wp-block-button__link wp-element-button\" href=\"https:\/\/www.camping-cote-dargent.com\/wp-content\/uploads\/2025\/10\/Tarifs-emplacements-2026-pour-site-internet.pdf\" target=\"_blank\" rel=\"noreferrer noopener\">Precios de las parcelas<\/a><\/div>\n\n\n\n<div class=\"wp-block-button has-custom-font-size btn_resa has-medium-font-size fc-style-2\"><a class=\"wp-block-button__link wp-element-button\">Reserva ahora<\/a><\/div>\n\n\n\n<div class=\"wp-block-button has-custom-font-size has-medium-font-size fc-style-2\"><a class=\"wp-block-button__link wp-element-button\" href=\"[plan]\" target=\"_blank\" rel=\"noreferrer noopener\">Mapa del camping<\/a><\/div>\n\n\n\n<div class=\"wp-block-button has-custom-font-size has-medium-font-size\"><a class=\"wp-block-button__link wp-element-button\" href=\"https:\/\/www.camping-cote-dargent.com\/wp-content\/uploads\/2024\/04\/CGV-FR.pdf\" target=\"_blank\" rel=\"noreferrer noopener\">Condiciones generales de las parcelas<\/a><\/div>\n<\/div>\n<\/div>\n\n\n\n<div class=\"is-layout-flow wp-block-column col-images\">\n<figure class=\"is-layout-flex wp-block-gallery-8 wp-block-gallery has-nested-images columns-1 is-cropped fc-full\">\n<figure class=\"wp-block-image size-full fc-auto\"><img decoding=\"async\" width=\"850\" height=\"568\" src=\"https:\/\/www.camping-cote-dargent.com\/wp-content\/uploads\/2024\/09\/emplacement-gironde-1024x684-1.webp\" alt=\"Parcelas de camping en Hourtin\" class=\"wp-image-6748\" srcset=\"https:\/\/www.camping-cote-dargent.com\/wp-content\/uploads\/2024\/09\/emplacement-gironde-1024x684-1.webp 850w, https:\/\/www.camping-cote-dargent.com\/wp-content\/uploads\/2024\/09\/emplacement-gironde-1024x684-1-300x200.webp 300w, https:\/\/www.camping-cote-dargent.com\/wp-content\/uploads\/2024\/09\/emplacement-gironde-1024x684-1-768x513.webp 768w\" sizes=\"(max-width: 850px) 100vw, 850px\" title=\"\"><\/figure>\n<\/figure>\n<\/div>\n<\/div>\n\n\n\n<div class=\"is-layout-flex wp-container-17 wp-block-columns C-20 vague-bleu reverse-mob\">\n<div class=\"is-layout-flow wp-block-column col-images\">\n<figure class=\"is-layout-flex wp-block-gallery-12 wp-block-gallery has-nested-images columns-2 is-cropped fc-diapo-mob fc-auto\">\n<figure class=\"wp-block-image size-full fc-caps fc-auto\"><img decoding=\"async\" width=\"650\" height=\"434\" src=\"https:\/\/www.camping-cote-dargent.com\/wp-content\/uploads\/2024\/09\/Camping-emplacements-hourtin-vue-ciel.webp\" alt=\"\" class=\"wp-image-6736\" srcset=\"https:\/\/www.camping-cote-dargent.com\/wp-content\/uploads\/2024\/09\/Camping-emplacements-hourtin-vue-ciel.webp 650w, https:\/\/www.camping-cote-dargent.com\/wp-content\/uploads\/2024\/09\/Camping-emplacements-hourtin-vue-ciel-300x200.webp 300w\" sizes=\"(max-width: 650px) 100vw, 650px\" title=\"\"><figcaption class=\"wp-element-caption\">Confort y naturaleza<\/figcaption><\/figure>\n\n\n\n<figure class=\"wp-block-image size-full fc-pola fc-auto\"><img decoding=\"async\" width=\"525\" height=\"350\" src=\"https:\/\/www.camping-cote-dargent.com\/wp-content\/uploads\/2024\/09\/location-emplacement-camping-hourtin.webp\" alt=\"Camping en Hourtin con parcela para tienda\" class=\"wp-image-6732\" srcset=\"https:\/\/www.camping-cote-dargent.com\/wp-content\/uploads\/2024\/09\/location-emplacement-camping-hourtin.webp 525w, https:\/\/www.camping-cote-dargent.com\/wp-content\/uploads\/2024\/09\/location-emplacement-camping-hourtin-300x200.webp 300w\" sizes=\"(max-width: 525px) 100vw, 525px\" title=\"\"><figcaption class=\"wp-element-caption\">Ver la galer\u00eda de fotos<\/figcaption><\/figure>\n\n\n\n<figure class=\"wp-block-image size-full fc-auto\"><img decoding=\"async\" width=\"950\" height=\"501\" src=\"https:\/\/www.camping-cote-dargent.com\/wp-content\/uploads\/2024\/09\/Camping-Cote-dArgent-Vue-du-Ciel.webp\" alt=\"\" class=\"wp-image-6728\" srcset=\"https:\/\/www.camping-cote-dargent.com\/wp-content\/uploads\/2024\/09\/Camping-Cote-dArgent-Vue-du-Ciel.webp 950w, https:\/\/www.camping-cote-dargent.com\/wp-content\/uploads\/2024\/09\/Camping-Cote-dArgent-Vue-du-Ciel-300x158.webp 300w, https:\/\/www.camping-cote-dargent.com\/wp-content\/uploads\/2024\/09\/Camping-Cote-dArgent-Vue-du-Ciel-768x405.webp 768w\" sizes=\"(max-width: 950px) 100vw, 950px\" title=\"\"><\/figure>\n<\/figure>\n<\/div>\n\n\n\n<div class=\"is-layout-flow wp-block-column is-vertically-aligned-center col-texte has-bleufonce-color has-text-color\">\n<h2 class=\"has-x-large-font-size\">Disfruta de uno de nuestros campings en Gironda en La C\u00f4te d&#8217;Argent<\/h2>\n\n\n\n<p style=\"font-size:18px\">A un paso de la <strong>playa de Hourtin<\/strong>, \u00a1es el lugar ideal para tus <a href=\"https:\/\/www.camping-cote-dargent.com\/es\/alrededores\/\" data-type=\"page\" data-id=\"128\">vacaciones en Gironda<\/a>! Los veraneantes en familia o con amigos, as\u00ed como <a href=\"https:\/\/www.camping-cote-dargent.com\/es\/autocaravanas-en-gironda\/\" data-type=\"page\" data-id=\"137\">los propietarios de autocaravanas,<\/a> podr\u00e1n aprovechar al m\u00e1ximo su <strong>estancia junto al mar<\/strong>. Adem\u00e1s, nuestro <a href=\"https:\/\/www.camping-cote-dargent.com\/es\/\" data-type=\"page\" data-id=\"125\">camping de<\/a> Hourtin ofrece un entorno relajante a la sombra de los pinos. <\/p>\n\n\n\n<p style=\"font-size:18px\">Si buscas las comodidades de un hogar, tambi\u00e9n ofrecemos <a href=\"https:\/\/www.camping-cote-dargent.com\/es\/localizaciones\/\" data-type=\"URL\" data-id=\"https:\/\/www.camping-cote-dargent.com\/es\/localizaciones\/\">alquiler de casas m\u00f3viles en Gironda<\/a>.<\/p>\n\n\n\n<div class=\"is-layout-flex wp-block-buttons\">\n<div class=\"wp-block-button has-custom-font-size has-medium-font-size\"><a class=\"wp-block-button__link wp-element-button\" href=\"https:\/\/www.camping-cote-dargent.com\/es\/galeria-de-fotos\/\">Ver la galer\u00eda de fotos<\/a><\/div>\n<\/div>\n<\/div>\n<\/div>\n\n\n\n<div class=\"is-layout-flex wp-container-21 wp-block-columns C-50 vague-vert\">\n<div class=\"is-layout-flow wp-block-column col-texte\">\n<h2 class=\"has-orange-color has-text-color has-x-large-font-size\">Camping con parcelas en Hourtin Plage: al\u00f3jate en una de nuestras parcelas<\/h2>\n\n\n\n<p style=\"font-size:18px\">Los veraneantes con <strong>tiendas de campa\u00f1a, autocaravanas, furgonetas, tiendas de campa\u00f1a de techo o caravanas<\/strong> podr\u00e1n sentarse c\u00f3modamente a la sombra de los pinos en un entorno frondoso y arbolado.<\/p>\n\n\n\n<div class=\"wp-block-fc-gut-lire-plus fc-desk\">\n<p>Leer m\u00e1s<\/p>\n\n\n\n<div class=\"is-layout-flow wp-block-group\">\n<p style=\"font-size:18px\">Como no todas nuestras parcelas est\u00e1n equipadas con tomas de electricidad, es aconsejable especificar en el momento de la reserva si deseas una parcela con electricidad. EDF 10A (prever cable suficiente: 35 m m\u00ednimo).<br>Todas las parcelas <strong>para autocaravanas<\/strong> est\u00e1n grabadas.<br>Dada la disposici\u00f3n natural de nuestro camping, no podemos indicarte el tama\u00f1o exacto de cada parcela ni su topograf\u00eda (alta, baja, acceso directo, segunda l\u00ednea, etc.).<br>Cada una de nuestras parcelas tiene capacidad para <strong>un m\u00e1ximo de 6 personas<\/strong> (un beb\u00e9 es una persona). <\/p>\n\n\n\n<p style=\"font-size:18px\"><strong>1 veh\u00edculo por parcela<\/strong><\/p>\n\n\n\n<p style=\"font-size:18px\">Elige tus <strong>vacaciones en un camping con parcelas en Hourtin Plage<\/strong> en Gironda (33), en el coraz\u00f3n de un pinar. Si eliges una de nuestras parcelas, tambi\u00e9n tendr\u00e1s acceso a todos los <a href=\"https:\/\/www.camping-cote-dargent.com\/es\/localizaciones\/\" data-type=\"URL\" data-id=\"https:\/\/www.camping-cote-dargent.com\/es\/localizaciones\/\">servicios<\/a>, <a href=\"https:\/\/www.camping-cote-dargent.com\/es\/actividades\/\" data-type=\"page\" data-id=\"126\">animaciones y actividades de ocio<\/a> de 5 estrellas disponibles in situ. En particular, \u00a1tendr\u00e1s tiempo de sobra para disfrutar del <a href=\"https:\/\/www.camping-cote-dargent.com\/es\/zona-acuatica\/\" data-type=\"page\" data-id=\"129\">parque acu\u00e1tico de 9.000 m\u00b2 de nuestro camping de Gironda<\/a>! Todo lo que necesitas para una estancia agradable en una <strong>parcela de<\/strong> camping.  <\/p>\n<\/div>\n<\/div>\n\n\n\n<div class=\"wp-block-fc-gut-encart has-bleufonce-color has-text-color fc-information\">\n<p style=\"font-size:18px;font-style:normal;font-weight:700\">Oferta especial:<\/p>\n\n\n\n<p style=\"font-size:18px\">Del 22\/05 al 27\/06 (12h) y del 29\/08 al 14\/09 (12h): 7=6 \u00f3 14=11<\/p>\n<\/div>\n<\/div>\n\n\n\n<div class=\"is-layout-flow wp-block-column\">\t\t\t<div class=\"wd_id_dispo\" scroll=\"no\" wdng_langueWidget=\"1\" wdng_categorieWidget=\"21\"><\/div>\r\n\t\t\t<script type=\"text\/javascript\" src=\"https:\/\/naxiresa.inaxel.com\/widgetresa\/wdng_widget.js\"><\/script>\r\n\t\t\t<script type=\"text\/javascript\">wdng_init_widgetDispo(\"coteargent\")<\/script>\r\n\t\t\n<\/div>\n<\/div>\n","protected":false},"excerpt":{"rendered":"<p>Camping con parcelas en Hourtin Plage (33) Si te gustan los grandes espacios y la naturaleza, elige nuestro camping con parcelas para tu tienda, caravana, furgoneta, tienda de campa\u00f1a o autocaravana. Nuestro camping de 5 estrellas de la Costa de Plata, en Hourtin, est\u00e1 situado en un entorno verde y agradable. Idealmente situado, desde una [&hellip;]<\/p>\n","protected":false},"author":1,"featured_media":0,"parent":0,"menu_order":0,"comment_status":"closed","ping_status":"closed","template":"","meta":[],"acf":[],"_links":{"self":[{"href":"https:\/\/www.camping-cote-dargent.com\/es\/wp-json\/wp\/v2\/pages\/8615"}],"collection":[{"href":"https:\/\/www.camping-cote-dargent.com\/es\/wp-json\/wp\/v2\/pages"}],"about":[{"href":"https:\/\/www.camping-cote-dargent.com\/es\/wp-json\/wp\/v2\/types\/page"}],"author":[{"embeddable":true,"href":"https:\/\/www.camping-cote-dargent.com\/es\/wp-json\/wp\/v2\/users\/1"}],"replies":[{"embeddable":true,"href":"https:\/\/www.camping-cote-dargent.com\/es\/wp-json\/wp\/v2\/comments?post=8615"}],"version-history":[{"count":6,"href":"https:\/\/www.camping-cote-dargent.com\/es\/wp-json\/wp\/v2\/pages\/8615\/revisions"}],"predecessor-version":[{"id":9107,"href":"https:\/\/www.camping-cote-dargent.com\/es\/wp-json\/wp\/v2\/pages\/8615\/revisions\/9107"}],"wp:attachment":[{"href":"https:\/\/www.camping-cote-dargent.com\/es\/wp-json\/wp\/v2\/media?parent=8615"}],"curies":[{"name":"wp","href":"https:\/\/api.w.org\/{rel}","templated":true}]}}