{"id":8596,"date":"2024-03-21T12:13:04","date_gmt":"2024-03-21T11:13:04","guid":{"rendered":"https:\/\/www.camping-cote-dargent.com\/autocaravanas-en-gironda\/"},"modified":"2026-01-14T11:55:23","modified_gmt":"2026-01-14T10:55:23","slug":"autocaravanas-en-gironda","status":"publish","type":"page","link":"https:\/\/www.camping-cote-dargent.com\/es\/autocaravanas-en-gironda\/","title":{"rendered":"Autocaravanas en Gironda"},"content":{"rendered":"\n<div class=\"is-layout-flow wp-block-group alignfull diaporama-header\">\n<figure class=\"is-layout-flex wp-block-gallery-1 wp-block-gallery has-nested-images columns-default is-cropped fc-auto\">\n<figure class=\"wp-block-image size-full fc-auto\"><img decoding=\"async\" width=\"1920\" height=\"768\" src=\"https:\/\/www.camping-cote-dargent.com\/wp-content\/uploads\/2024\/03\/image-4-1.jpg\" alt=\"\" class=\"wp-image-3902\" srcset=\"https:\/\/www.camping-cote-dargent.com\/wp-content\/uploads\/2024\/03\/image-4-1.jpg 1920w, https:\/\/www.camping-cote-dargent.com\/wp-content\/uploads\/2024\/03\/image-4-1-300x120.jpg 300w, https:\/\/www.camping-cote-dargent.com\/wp-content\/uploads\/2024\/03\/image-4-1-1024x410.jpg 1024w, https:\/\/www.camping-cote-dargent.com\/wp-content\/uploads\/2024\/03\/image-4-1-768x307.jpg 768w, https:\/\/www.camping-cote-dargent.com\/wp-content\/uploads\/2024\/03\/image-4-1-1536x614.jpg 1536w\" sizes=\"(max-width: 1920px) 100vw, 1920px\" title=\"\"><\/figure>\n<\/figure>\n\n\n\n<div class=\"is-layout-constrained wp-block-group\">\n<div class=\"is-content-justification-center is-layout-flex wp-container-3 wp-block-buttons\">\n<div class=\"wp-block-button btn_resa\"><a class=\"wp-block-button__link has-bleufonce-color has-bleuclair-background-color has-text-color has-background wp-element-button\">Reserva tu estancia<\/a><\/div>\n<\/div>\n<\/div>\n<\/div>\n\n\n\n<div class=\"is-layout-flex wp-container-11 wp-block-columns are-vertically-aligned-center C-50 vague-vert\">\n<div class=\"is-layout-flow wp-block-column is-vertically-aligned-center col-texte\">\n<h1 class=\"h2 has-vert-color has-text-color\"><span class=\"fc-span\">Visitar y alojarse<\/span> en autocaravana en Gironda<\/h1>\n\n\n\n<p>\u00bfTe diriges a la regi\u00f3n <strong>de Nouvelle-Aquitaine<\/strong> y has decidido pasar una temporada en la <strong>costa atl\u00e1ntica<\/strong> de Gironda? Hay mucho que ver y hacer. Cerca de Hourtin, de su lago y de la costa oce\u00e1nica, puedes explorar tanto la costa como el interior. \u00bfQu\u00e9 hay que visitar? \u00bfD\u00f3nde alojarse en autocaravana <strong>en Gironda<\/strong>?    <\/p>\n\n\n\n<div class=\"is-layout-flex wp-block-buttons\">\n<div class=\"wp-block-button fc-style-2\"><a class=\"wp-block-button__link wp-element-button\">Descubre los alrededores<\/a><\/div>\n<\/div>\n<\/div>\n\n\n\n<div class=\"is-layout-flow wp-block-column is-vertically-aligned-center\">\n<figure class=\"is-layout-flex wp-block-gallery-8 wp-block-gallery has-nested-images columns-3 is-cropped fc-diapo-mob fc-auto\">\n<figure class=\"wp-block-image size-full fc-pola fc-auto\"><img decoding=\"async\" width=\"1024\" height=\"684\" src=\"https:\/\/www.camping-cote-dargent.com\/wp-content\/uploads\/2024\/03\/emplacement-gironde-1024x684-1.jpg\" alt=\"\" class=\"wp-image-3757\" srcset=\"https:\/\/www.camping-cote-dargent.com\/wp-content\/uploads\/2024\/03\/emplacement-gironde-1024x684-1.jpg 1024w, https:\/\/www.camping-cote-dargent.com\/wp-content\/uploads\/2024\/03\/emplacement-gironde-1024x684-1-300x200.jpg 300w, https:\/\/www.camping-cote-dargent.com\/wp-content\/uploads\/2024\/03\/emplacement-gironde-1024x684-1-768x513.jpg 768w\" sizes=\"(max-width: 1024px) 100vw, 1024px\" title=\"\"><figcaption class=\"wp-element-caption\">Amplia localizaci\u00f3n<\/figcaption><\/figure>\n\n\n\n<figure class=\"wp-block-image size-full fc-pola rotate5 fc-auto\"><img decoding=\"async\" width=\"1024\" height=\"684\" src=\"https:\/\/www.camping-cote-dargent.com\/wp-content\/uploads\/2024\/03\/emplacement-aquitaine-1024x684-1.jpg\" alt=\"\" class=\"wp-image-3749\" srcset=\"https:\/\/www.camping-cote-dargent.com\/wp-content\/uploads\/2024\/03\/emplacement-aquitaine-1024x684-1.jpg 1024w, https:\/\/www.camping-cote-dargent.com\/wp-content\/uploads\/2024\/03\/emplacement-aquitaine-1024x684-1-300x200.jpg 300w, https:\/\/www.camping-cote-dargent.com\/wp-content\/uploads\/2024\/03\/emplacement-aquitaine-1024x684-1-768x513.jpg 768w\" sizes=\"(max-width: 1024px) 100vw, 1024px\" title=\"\"><figcaption class=\"wp-element-caption\">Paso sombreado<\/figcaption><\/figure>\n\n\n\n<figure class=\"wp-block-image size-large fc-pola rotate-5 fc-auto\"><img decoding=\"async\" width=\"1024\" height=\"589\" src=\"https:\/\/www.camping-cote-dargent.com\/wp-content\/uploads\/2024\/04\/AdobeStock_88156725-1024x589.jpeg\" alt=\"\" class=\"wp-image-4178\" srcset=\"https:\/\/www.camping-cote-dargent.com\/wp-content\/uploads\/2024\/04\/AdobeStock_88156725-1024x589.jpeg 1024w, https:\/\/www.camping-cote-dargent.com\/wp-content\/uploads\/2024\/04\/AdobeStock_88156725-300x173.jpeg 300w, https:\/\/www.camping-cote-dargent.com\/wp-content\/uploads\/2024\/04\/AdobeStock_88156725-768x442.jpeg 768w, https:\/\/www.camping-cote-dargent.com\/wp-content\/uploads\/2024\/04\/AdobeStock_88156725-1536x884.jpeg 1536w, https:\/\/www.camping-cote-dargent.com\/wp-content\/uploads\/2024\/04\/AdobeStock_88156725.jpeg 1920w\" sizes=\"(max-width: 1024px) 100vw, 1024px\" title=\"\"><figcaption class=\"wp-element-caption\">Junto al mar<\/figcaption><\/figure>\n<\/figure>\n<\/div>\n<\/div>\n\n\n\n<div class=\"is-layout-flex wp-container-17 wp-block-columns C-20 reverse-mob\">\n<div class=\"is-layout-flow wp-block-column col-images\">\n<figure class=\"is-layout-flex wp-block-gallery-12 wp-block-gallery has-nested-images columns-2 is-cropped fc-diapo-mob fc-auto\">\n<figure class=\"wp-block-image size-large fc-auto\"><img decoding=\"async\" width=\"1024\" height=\"683\" src=\"https:\/\/www.camping-cote-dargent.com\/wp-content\/uploads\/2024\/04\/AdobeStock_611478232-1024x683.jpg\" alt=\"\" class=\"wp-image-4194\" srcset=\"https:\/\/www.camping-cote-dargent.com\/wp-content\/uploads\/2024\/04\/AdobeStock_611478232-1024x683.jpg 1024w, https:\/\/www.camping-cote-dargent.com\/wp-content\/uploads\/2024\/04\/AdobeStock_611478232-300x200.jpg 300w, https:\/\/www.camping-cote-dargent.com\/wp-content\/uploads\/2024\/04\/AdobeStock_611478232-768x512.jpg 768w, https:\/\/www.camping-cote-dargent.com\/wp-content\/uploads\/2024\/04\/AdobeStock_611478232-1536x1024.jpg 1536w, https:\/\/www.camping-cote-dargent.com\/wp-content\/uploads\/2024\/04\/AdobeStock_611478232.jpg 1920w\" sizes=\"(max-width: 1024px) 100vw, 1024px\" title=\"\"><figcaption class=\"wp-element-caption\">Los vi\u00f1edos del M\u00e9doc<\/figcaption><\/figure>\n\n\n\n<figure class=\"wp-block-image size-large fc-pola fc-auto\"><a href=\"https:\/\/www.camping-cote-dargent.com\/es\/galeria-de-fotos\/\"><img decoding=\"async\" width=\"1024\" height=\"683\" src=\"https:\/\/www.camping-cote-dargent.com\/wp-content\/uploads\/2024\/04\/AdobeStock_265622900-1024x683.jpg\" alt=\"\" class=\"wp-image-4198\" srcset=\"https:\/\/www.camping-cote-dargent.com\/wp-content\/uploads\/2024\/04\/AdobeStock_265622900-1024x683.jpg 1024w, https:\/\/www.camping-cote-dargent.com\/wp-content\/uploads\/2024\/04\/AdobeStock_265622900-300x200.jpg 300w, https:\/\/www.camping-cote-dargent.com\/wp-content\/uploads\/2024\/04\/AdobeStock_265622900-768x512.jpg 768w, https:\/\/www.camping-cote-dargent.com\/wp-content\/uploads\/2024\/04\/AdobeStock_265622900-1536x1025.jpg 1536w, https:\/\/www.camping-cote-dargent.com\/wp-content\/uploads\/2024\/04\/AdobeStock_265622900.jpg 1920w\" sizes=\"(max-width: 1024px) 100vw, 1024px\" title=\"\"><\/a><figcaption class=\"wp-element-caption\">Ver la galer\u00eda de fotos<\/figcaption><\/figure>\n\n\n\n<figure class=\"wp-block-image size-large fc-caps fc-auto\"><img decoding=\"async\" width=\"1024\" height=\"686\" src=\"https:\/\/www.camping-cote-dargent.com\/wp-content\/uploads\/2024\/04\/AdobeStock_201915705-1024x686.jpg\" alt=\"\" class=\"wp-image-4202\" srcset=\"https:\/\/www.camping-cote-dargent.com\/wp-content\/uploads\/2024\/04\/AdobeStock_201915705-1024x686.jpg 1024w, https:\/\/www.camping-cote-dargent.com\/wp-content\/uploads\/2024\/04\/AdobeStock_201915705-300x201.jpg 300w, https:\/\/www.camping-cote-dargent.com\/wp-content\/uploads\/2024\/04\/AdobeStock_201915705-768x515.jpg 768w, https:\/\/www.camping-cote-dargent.com\/wp-content\/uploads\/2024\/04\/AdobeStock_201915705-1536x1030.jpg 1536w, https:\/\/www.camping-cote-dargent.com\/wp-content\/uploads\/2024\/04\/AdobeStock_201915705.jpg 1920w\" sizes=\"(max-width: 1024px) 100vw, 1024px\" title=\"\"><\/figure>\n<\/figure>\n<\/div>\n\n\n\n<div class=\"is-layout-flow wp-block-column is-vertically-aligned-center col-texte\">\n<p class=\"h1 has-bleu-color has-text-color\">Gironda en autocaravana<\/p>\n\n\n\n<h2 class=\"h3 has-orange-color has-text-color\">\u00bfQu\u00e9 ver y hacer en autocaravana en Gironda?<\/h2>\n\n\n\n<p>La Gironda es famosa por sus largas playas de arena. Cientos de kil\u00f3metros de costa frente al oc\u00e9ano Atl\u00e1ntico. Un gigantesco patio de recreo para grandes y peque\u00f1os. Te encantar\u00e1 darte un ba\u00f1o tonificante. Pasar el d\u00eda en la playa tambi\u00e9n es muy divertido para toda la familia. El programa incluye saltar a las olas, construir castillos de arena para que se los lleve la marea y hacer picnics a la sombra del pinar.     <\/p>\n\n\n\n<p>Para los ni\u00f1os m\u00e1s peque\u00f1os, los grandes lagos que se extienden a lo largo de la costa de la C\u00f4te d&#8217;Argent ofrecen ba\u00f1os m\u00e1s tranquilos. Con poca corriente, una pendiente suave y m\u00e1s sombra que junto al mar, podr\u00e1s relajarte con tus hijos peque\u00f1os. <strong>El Lac d&#8217;Hourtin<\/strong> es el lago de agua dulce m\u00e1s grande de Francia. Tambi\u00e9n puedes practicar deportes acu\u00e1ticos como el paddle-board, el kayak, la vela y el hidropedal. Si has tra\u00eddo una canoa hinchable en el maletero de la autocaravana o en la galer\u00eda de la furgoneta, \u00a1ahora es el momento de sacarla!    <\/p>\n\n\n\n<div class=\"wp-block-fc-gut-lire-plus fc-desk\">\n<p>Leer m\u00e1s<\/p>\n\n\n\n<div class=\"is-layout-flow wp-block-group\">\n<p>Cuando est\u00e1s en <strong>Hourtin<\/strong>, tambi\u00e9n est\u00e1s en el <strong>Parque Natural Regional del M\u00e9doc<\/strong>. Explorar esta zona, al volante de tu autocaravana en Gironda, significa hacer descubrimientos inesperados, combinando la exploraci\u00f3n de lugares poco conocidos con territorios de fama mundial. Aqu\u00ed tienes algunas ideas para a\u00f1adir a tu itinerario:  <\/p>\n\n\n\n<ul>\n<li>La <a href=\"https:\/\/www.camping-cote-dargent.com\/es\/alentours\/vinedos-de-burdeos\/\" data-type=\"URL\" data-id=\"https:\/\/www.camping-cote-dargent.com\/alentours\/visiter-vignoble-bordelais\/\">ruta del vino<\/a> por los prestigiosos <a href=\"https:\/\/www.camping-cote-dargent.com\/es\/alentours\/vinedos-de-medoc\/\" data-type=\"alentours\" data-id=\"170\">vi\u00f1edos del M\u00e9doc<\/a> y sus diversas denominaciones (Saint-Est\u00e8phe, Moulis, Margaux, etc.). Puedes alojarte en nuestro <a href=\"https:\/\/www.camping-cote-dargent.com\/es\/alentours\/pauillac\/\" data-type=\"alentours\" data-id=\"158\">camping cerca de Pauillac<\/a>; <\/li>\n\n\n\n<li>Paseo por la orilla izquierda<strong>del estuario de la Gironda<\/strong> hasta Le <a href=\"https:\/\/www.camping-cote-dargent.com\/es\/alentours\/le-verdon-sur-mer\/\" data-type=\"alentours\" data-id=\"6766\">Verdon-sur-Mer<\/a> y <strong>visita al faro de Cordouan<\/strong>, Patrimonio Mundial de la UNESCO;<\/li>\n\n\n\n<li>Un paseo a pie o en bicicleta por terreno llano o de dunas a trav\u00e9s de las distintas reservas naturales de la zona.<\/li>\n<\/ul>\n\n\n\n<p>Tras una escala en Hourtin, no dejes de dirigirte al otro lado del estuario para visitar la <strong>ciudadela de Blaye<\/strong>. Para ello, toma el transbordador en Lamarque. Disfrutar\u00e1s de una magn\u00edfica vista panor\u00e1mica mientras cruzas el estuario.  <\/p>\n<\/div>\n<\/div>\n<\/div>\n<\/div>\n\n\n\n<div class=\"is-layout-flex wp-container-22 wp-block-columns C-10 vague-orange\">\n<div class=\"is-layout-flow wp-block-column col-texte\">\n<h2 class=\"h1 has-orange-color has-text-color\">\u00bfD\u00f3nde dormir en autocaravana en Gironda?<\/h2>\n\n\n\n<p>Nuestro <strong>camping de la Costa de Plata<\/strong> te da la bienvenida entre la playa central de Hourtin y el lago. Antes de descansar en nuestro establecimiento de 5 estrellas, probablemente har\u00e1s varias paradas por el camino. En funci\u00f3n de tus intereses tur\u00edsticos, aqu\u00ed tienes algunos lugares en los que parar:  <\/p>\n\n\n\n<ul>\n<li>Blaye, con su parque de autocaravanas bien equipado a dos pasos de la ciudadela.<\/li>\n\n\n\n<li>Lamarque, al otro lado del estuario. Antes o despu\u00e9s de tomar el transbordador, puedes pasar la noche en una zona municipal cercana al embarcadero. <\/li>\n\n\n\n<li>En un viticultor del M\u00e9doc que acoge a autocaravanistas en el marco de France Passion.<\/li>\n\n\n\n<li><strong>Hourtin Port<\/strong>, parque de autocaravanas cerca del lago, pero m\u00e1s lejos del oc\u00e9ano.<\/li>\n<\/ul>\n\n\n\n<p>Si quieres pasar varios d\u00edas en autocaravana en Gironda, apreciar\u00e1s nuestras <a href=\"https:\/\/www.camping-cote-dargent.com\/es\/localizaciones\/\" data-type=\"URL\" data-id=\"https:\/\/www.camping-cote-dargent.com\/es\/localizaciones\/\">parcelas espaciosas y sombreadas<\/a>, donde podr\u00e1s relajarte. En el camping C\u00f4te d&#8217;Agent, estamos encantados de recibir a los propietarios de autocaravanas. Estar\u00e1s en el coraz\u00f3n del pinar y a menos de 300 m del oc\u00e9ano Atl\u00e1ntico. S\u00f3lo tienes que llegar a la parcela, desplegar el toldo, sacar la mesa y las sillas de camping, \u00a1y nosotros nos encargamos del resto!   <\/p>\n\n\n\n<p>Para tu comodidad, ofrecemos una amplia gama de servicios e instalaciones. Snack bar, restaurante, bodega, panader\u00eda y tienda de comestibles in situ. No hay necesidad de empaquetar todo tu equipo y sacar el coche para aprovisionarte. Si buscas <a href=\"https:\/\/www.camping-cote-dargent.com\/es\/actividades\/\" data-type=\"page\" data-id=\"126\">unas vacaciones familiares en Hourtin<\/a>, te encantar\u00e1n las instalaciones de lavander\u00eda, la conexi\u00f3n Wi-Fi, el alquiler de bicicletas, las zonas de juegos infantiles, los campos de deportes y nuestro espl\u00e9ndido parque acu\u00e1tico.   <\/p>\n<\/div>\n\n\n\n<div class=\"is-layout-flow wp-block-column col-images\">\n<figure class=\"is-layout-flex wp-block-gallery-19 wp-block-gallery has-nested-images columns-1 is-cropped fc-diapo-mob fc-auto\">\n<figure class=\"wp-block-image size-full fc-auto\"><img decoding=\"async\" width=\"640\" height=\"401\" src=\"https:\/\/www.camping-cote-dargent.com\/wp-content\/uploads\/2024\/03\/automobile-gc7dfeb60c_640.jpg\" alt=\"\" class=\"wp-image-3596\" srcset=\"https:\/\/www.camping-cote-dargent.com\/wp-content\/uploads\/2024\/03\/automobile-gc7dfeb60c_640.jpg 640w, https:\/\/www.camping-cote-dargent.com\/wp-content\/uploads\/2024\/03\/automobile-gc7dfeb60c_640-300x188.jpg 300w\" sizes=\"(max-width: 640px) 100vw, 640px\" title=\"\"><\/figure>\n\n\n\n<figure class=\"wp-block-image size-large figcaption-bleu fc-auto\"><img decoding=\"async\" width=\"1024\" height=\"683\" src=\"https:\/\/www.camping-cote-dargent.com\/wp-content\/uploads\/2024\/03\/photo-meteo-aout-hourtin-1024x683.webp\" alt=\"\" class=\"wp-image-4026\" srcset=\"https:\/\/www.camping-cote-dargent.com\/wp-content\/uploads\/2024\/03\/photo-meteo-aout-hourtin-1024x683.webp 1024w, https:\/\/www.camping-cote-dargent.com\/wp-content\/uploads\/2024\/03\/photo-meteo-aout-hourtin-300x200.webp 300w, https:\/\/www.camping-cote-dargent.com\/wp-content\/uploads\/2024\/03\/photo-meteo-aout-hourtin-768x512.webp 768w, https:\/\/www.camping-cote-dargent.com\/wp-content\/uploads\/2024\/03\/photo-meteo-aout-hourtin-1536x1025.webp 1536w, https:\/\/www.camping-cote-dargent.com\/wp-content\/uploads\/2024\/03\/photo-meteo-aout-hourtin.webp 1920w\" sizes=\"(max-width: 1024px) 100vw, 1024px\" title=\"\"><\/figure>\n<\/figure>\n<\/div>\n<\/div>\n","protected":false},"excerpt":{"rendered":"<p>Visitar y alojarse en autocaravana en Gironda \u00bfTe diriges a la regi\u00f3n de Nouvelle-Aquitaine y has decidido pasar una temporada en la costa atl\u00e1ntica de Gironda? Hay mucho que ver y hacer. Cerca de Hourtin, de su lago y de la costa oce\u00e1nica, puedes explorar tanto la costa como el interior. \u00bfQu\u00e9 hay que visitar? [&hellip;]<\/p>\n","protected":false},"author":1,"featured_media":0,"parent":0,"menu_order":0,"comment_status":"closed","ping_status":"closed","template":"","meta":[],"acf":[],"_links":{"self":[{"href":"https:\/\/www.camping-cote-dargent.com\/es\/wp-json\/wp\/v2\/pages\/8596"}],"collection":[{"href":"https:\/\/www.camping-cote-dargent.com\/es\/wp-json\/wp\/v2\/pages"}],"about":[{"href":"https:\/\/www.camping-cote-dargent.com\/es\/wp-json\/wp\/v2\/types\/page"}],"author":[{"embeddable":true,"href":"https:\/\/www.camping-cote-dargent.com\/es\/wp-json\/wp\/v2\/users\/1"}],"replies":[{"embeddable":true,"href":"https:\/\/www.camping-cote-dargent.com\/es\/wp-json\/wp\/v2\/comments?post=8596"}],"version-history":[{"count":4,"href":"https:\/\/www.camping-cote-dargent.com\/es\/wp-json\/wp\/v2\/pages\/8596\/revisions"}],"predecessor-version":[{"id":9109,"href":"https:\/\/www.camping-cote-dargent.com\/es\/wp-json\/wp\/v2\/pages\/8596\/revisions\/9109"}],"wp:attachment":[{"href":"https:\/\/www.camping-cote-dargent.com\/es\/wp-json\/wp\/v2\/media?parent=8596"}],"curies":[{"name":"wp","href":"https:\/\/api.w.org\/{rel}","templated":true}]}}