{"id":8564,"date":"2025-10-29T16:18:00","date_gmt":"2025-10-29T15:18:00","guid":{"rendered":"https:\/\/www.camping-cote-dargent.com\/actividades\/"},"modified":"2026-01-13T14:39:10","modified_gmt":"2026-01-13T13:39:10","slug":"actividades","status":"publish","type":"page","link":"https:\/\/www.camping-cote-dargent.com\/es\/actividades\/","title":{"rendered":"Actividades"},"content":{"rendered":"\n<div class=\"is-layout-flow wp-block-group alignfull diaporama-header\">\n<figure class=\"is-layout-flex wp-block-gallery-1 wp-block-gallery has-nested-images columns-default is-cropped fc-auto\">\n<figure class=\"wp-block-image size-full fc-auto\"><img decoding=\"async\" width=\"1920\" height=\"768\" src=\"https:\/\/www.camping-cote-dargent.com\/wp-content\/uploads\/2024\/03\/image-4-1.jpg\" alt=\"\" class=\"wp-image-3902\" srcset=\"https:\/\/www.camping-cote-dargent.com\/wp-content\/uploads\/2024\/03\/image-4-1.jpg 1920w, https:\/\/www.camping-cote-dargent.com\/wp-content\/uploads\/2024\/03\/image-4-1-300x120.jpg 300w, https:\/\/www.camping-cote-dargent.com\/wp-content\/uploads\/2024\/03\/image-4-1-1024x410.jpg 1024w, https:\/\/www.camping-cote-dargent.com\/wp-content\/uploads\/2024\/03\/image-4-1-768x307.jpg 768w, https:\/\/www.camping-cote-dargent.com\/wp-content\/uploads\/2024\/03\/image-4-1-1536x614.jpg 1536w\" sizes=\"(max-width: 1920px) 100vw, 1920px\" title=\"\"><\/figure>\n<\/figure>\n\n\n\n<div class=\"is-layout-constrained wp-block-group\">\n<div class=\"is-content-justification-center is-layout-flex wp-container-3 wp-block-buttons\">\n<div class=\"wp-block-button btn_resa\"><a class=\"wp-block-button__link has-bleufonce-color has-bleuclair-background-color has-text-color has-background wp-element-button\">Reserva tu estancia<\/a><\/div>\n<\/div>\n<\/div>\n<\/div>\n\n<div class=\"is-layout-flex wp-container-10 wp-block-columns C-10 vague-jaune\">\n<div class=\"is-layout-flow wp-block-column col-texte\">\n<h1 class=\"has-orange-color has-text-color\">Actividades y entretenimiento para grandes y peque\u00f1os en nuestro camping familiar de Hourtin<\/h1>\n\n\n\n<ul class=\"pictos\">\n<li><span class=\"fc-icon party-horn-thin\"><\/span>  Tardes<\/li>\n\n\n\n<li><span class=\"fc-icon tennis-ball-thin\"><\/span>  Petanca<\/li>\n\n\n\n<li><span class=\"fc-icon person-sledding-thin\"><\/span>  Zonas de juego<\/li>\n<\/ul>\n\n\n\n<p>Majestuosos <strong>pinares<\/strong>, belleza, paz y naturaleza en estado puro, eso es lo que te ofrece <a href=\"https:\/\/www.camping-cote-dargent.com\/es\/alentours\/hourtin\/\">Hourtin<\/a>, en la costa atl\u00e1ntica, ideal tambi\u00e9n para los amantes <strong>del surf<\/strong>, la <strong>vela<\/strong> y la <strong>naturaleza<\/strong>. Y no olvides los innumerables <strong>carriles bici<\/strong> que se extienden a lo largo de m\u00e1s de 100 km desde nuestro <strong>camping familiar de Hourtin<\/strong> La C\u00f4te d&#8217;Argent, as\u00ed como <strong>las rutas de senderismo se\u00f1alizadas<\/strong>. <\/p>\n\n\n\n<p>\u00a1Disfruta de unas vacaciones inolvidables en <strong>Hourtin Plage<\/strong>, en <a href=\"https:\/\/www.camping-cote-dargent.com\/es\/alrededores\/\" data-type=\"page\" data-id=\"128\">Gironda<\/a>!<\/p>\n<\/div>\n\n\n\n<div class=\"is-layout-flow wp-block-column\">\n<figure class=\"is-layout-flex wp-block-gallery-7 wp-block-gallery has-nested-images columns-1 is-cropped fc-diapo fc-full\">\n<figure class=\"wp-block-image size-large fc-auto\"><img decoding=\"async\" width=\"1024\" height=\"697\" src=\"https:\/\/www.camping-cote-dargent.com\/wp-content\/uploads\/2025\/06\/photo-surf-club-hourtin-1-1024x697.webp\" alt=\"\" class=\"wp-image-7593\" srcset=\"https:\/\/www.camping-cote-dargent.com\/wp-content\/uploads\/2025\/06\/photo-surf-club-hourtin-1-1024x697.webp 1024w, https:\/\/www.camping-cote-dargent.com\/wp-content\/uploads\/2025\/06\/photo-surf-club-hourtin-1-300x204.webp 300w, https:\/\/www.camping-cote-dargent.com\/wp-content\/uploads\/2025\/06\/photo-surf-club-hourtin-1-768x522.webp 768w, https:\/\/www.camping-cote-dargent.com\/wp-content\/uploads\/2025\/06\/photo-surf-club-hourtin-1.webp 1176w\" sizes=\"(max-width: 1024px) 100vw, 1024px\" title=\"\"><\/figure>\n\n\n\n<figure class=\"wp-block-image size-full fc-auto\"><img decoding=\"async\" width=\"720\" height=\"800\" src=\"https:\/\/www.camping-cote-dargent.com\/wp-content\/uploads\/2025\/06\/VELO_21-min.webp\" alt=\"\" class=\"wp-image-7585\" srcset=\"https:\/\/www.camping-cote-dargent.com\/wp-content\/uploads\/2025\/06\/VELO_21-min.webp 720w, https:\/\/www.camping-cote-dargent.com\/wp-content\/uploads\/2025\/06\/VELO_21-min-270x300.webp 270w\" sizes=\"(max-width: 720px) 100vw, 720px\" title=\"\"><\/figure>\n\n\n\n<figure class=\"wp-block-image size-large fc-auto\"><img decoding=\"async\" width=\"1024\" height=\"683\" src=\"https:\/\/www.camping-cote-dargent.com\/wp-content\/uploads\/2025\/10\/ANIMATION_1_29-bis-1024x683.jpg\" alt=\"\" class=\"wp-image-8239\" srcset=\"https:\/\/www.camping-cote-dargent.com\/wp-content\/uploads\/2025\/10\/ANIMATION_1_29-bis-1024x683.jpg 1024w, https:\/\/www.camping-cote-dargent.com\/wp-content\/uploads\/2025\/10\/ANIMATION_1_29-bis-300x200.jpg 300w, https:\/\/www.camping-cote-dargent.com\/wp-content\/uploads\/2025\/10\/ANIMATION_1_29-bis-768x512.jpg 768w, https:\/\/www.camping-cote-dargent.com\/wp-content\/uploads\/2025\/10\/ANIMATION_1_29-bis-1536x1024.jpg 1536w, https:\/\/www.camping-cote-dargent.com\/wp-content\/uploads\/2025\/10\/ANIMATION_1_29-bis-2048x1365.jpg 2048w\" sizes=\"(max-width: 1024px) 100vw, 1024px\" title=\"\"><\/figure>\n<\/figure>\n<\/div>\n<\/div>\n\n<div class=\"is-layout-constrained wp-block-group alignfull C-40\">\n<figure class=\"wp-block-image size-full fc-auto\"><img decoding=\"async\" width=\"2560\" height=\"1438\" src=\"https:\/\/www.camping-cote-dargent.com\/wp-content\/uploads\/2024\/10\/SPECTACLE_88-scaled.jpg\" alt=\"\" class=\"wp-image-7119\" srcset=\"https:\/\/www.camping-cote-dargent.com\/wp-content\/uploads\/2024\/10\/SPECTACLE_88-scaled.jpg 2560w, https:\/\/www.camping-cote-dargent.com\/wp-content\/uploads\/2024\/10\/SPECTACLE_88-300x169.jpg 300w, https:\/\/www.camping-cote-dargent.com\/wp-content\/uploads\/2024\/10\/SPECTACLE_88-1024x575.jpg 1024w, https:\/\/www.camping-cote-dargent.com\/wp-content\/uploads\/2024\/10\/SPECTACLE_88-768x432.jpg 768w, https:\/\/www.camping-cote-dargent.com\/wp-content\/uploads\/2024\/10\/SPECTACLE_88-1536x863.jpg 1536w, https:\/\/www.camping-cote-dargent.com\/wp-content\/uploads\/2024\/10\/SPECTACLE_88-2048x1151.jpg 2048w\" sizes=\"(max-width: 2560px) 100vw, 2560px\" title=\"\"><\/figure>\n\n\n\n<div class=\"is-layout-flex wp-container-17 wp-block-columns\">\n<div class=\"is-layout-flow wp-block-column col-texte\">\n<h2>Disfruta de una estancia inolvidable en el camping familiar de Hourtin Plage<\/h2>\n\n\n\n<p>Durante tu estancia en nuestro <strong>camping La C\u00f4te d&#8217;<\/strong>Argent, disfrutar\u00e1s de numerosas actividades in situ. Apto para todas las edades, nuestro <strong>camping familiar de Gironda<\/strong> te ofrece animaciones para amenizar tu estancia en Hourtin. <\/p>\n\n\n\n<div class=\"wp-block-fc-gut-lire-plus fc-mob\">\n<p>Leer m\u00e1s<\/p>\n\n\n\n<h3>Eventos en julio y agosto<\/h3>\n\n\n\n<div class=\"is-layout-flow wp-block-group\">\n<p>Durante julio y agosto, encontrar\u00e1s un mont\u00f3n de actividades en el recinto:<\/p>\n\n\n\n<ul>\n<li><strong>Miniclub<\/strong>: Mumphrey, nuestra mascota, espera a los ni\u00f1os de 6 a 11 a\u00f1os para estimular sus dotes art\u00edsticas.<br\/>En el programa<strong>:<\/strong> maquillaje, decoraci\u00f3n, talleres de dibujo y pintura, juegos al aire libre&#8230;<\/li>\n\n\n\n<li><strong>Club Ado<\/strong>: j\u00f3venes de 12 a 17 a\u00f1os se re\u00fanen para jugar, retarse y re\u00edrse.<\/li>\n\n\n\n<li><strong>Actividades<\/strong> <strong>deportivas<\/strong>: padres y adolescentes pueden reunirse con nuestros monitores deportivos.<br\/>En el programa<strong>:<\/strong> fitness, voley playa, petanca, tenis, tiro con arco, torneos diversos&#8230;<\/li>\n\n\n\n<li><strong>Noches<\/strong>: el bar\/restaurante ofrece conciertos, karaoke, espect\u00e1culos, noches de baile, noches de juegos, etc. hasta las 12.30 h.<\/li>\n<\/ul>\n<\/div>\n<\/div>\n<\/div>\n\n\n\n<div class=\"is-layout-flow wp-block-column col-images\">\n<div class=\"is-layout-flex wp-container-15 wp-block-columns\">\n<div class=\"is-layout-flow wp-block-column\">\n<figure class=\"wp-block-image size-full fc-pola fc-auto\"><img decoding=\"async\" width=\"1024\" height=\"576\" src=\"https:\/\/www.camping-cote-dargent.com\/wp-content\/uploads\/2024\/03\/dji_0180-1024x576-1.jpg\" alt=\"\" class=\"wp-image-3733\" srcset=\"https:\/\/www.camping-cote-dargent.com\/wp-content\/uploads\/2024\/03\/dji_0180-1024x576-1.jpg 1024w, https:\/\/www.camping-cote-dargent.com\/wp-content\/uploads\/2024\/03\/dji_0180-1024x576-1-300x169.jpg 300w, https:\/\/www.camping-cote-dargent.com\/wp-content\/uploads\/2024\/03\/dji_0180-1024x576-1-768x432.jpg 768w\" sizes=\"(max-width: 1024px) 100vw, 1024px\" title=\"\"><figcaption class=\"wp-element-caption\">Miniclub<\/figcaption><\/figure>\n\n\n\n<figure class=\"wp-block-image size-large fc-pola rotate-10 fc-auto\"><img decoding=\"async\" width=\"1024\" height=\"683\" src=\"https:\/\/www.camping-cote-dargent.com\/wp-content\/uploads\/2024\/10\/ANIMATION_2_34-min-1024x683.jpg\" alt=\"\" class=\"wp-image-7167\" srcset=\"https:\/\/www.camping-cote-dargent.com\/wp-content\/uploads\/2024\/10\/ANIMATION_2_34-min-1024x683.jpg 1024w, https:\/\/www.camping-cote-dargent.com\/wp-content\/uploads\/2024\/10\/ANIMATION_2_34-min-300x200.jpg 300w, https:\/\/www.camping-cote-dargent.com\/wp-content\/uploads\/2024\/10\/ANIMATION_2_34-min-768x512.jpg 768w, https:\/\/www.camping-cote-dargent.com\/wp-content\/uploads\/2024\/10\/ANIMATION_2_34-min-1536x1024.jpg 1536w, https:\/\/www.camping-cote-dargent.com\/wp-content\/uploads\/2024\/10\/ANIMATION_2_34-min-2048x1365.jpg 2048w\" sizes=\"(max-width: 1024px) 100vw, 1024px\" title=\"\"><figcaption class=\"wp-element-caption\">Club Ado<\/figcaption><\/figure>\n\n\n\n<figure class=\"wp-block-image size-full fc-pola rotate5 fc-auto\"><img decoding=\"async\" width=\"2560\" height=\"1438\" src=\"https:\/\/www.camping-cote-dargent.com\/wp-content\/uploads\/2024\/10\/ANIMATION_1_74-min-scaled.jpg\" alt=\"\" class=\"wp-image-7171\" srcset=\"https:\/\/www.camping-cote-dargent.com\/wp-content\/uploads\/2024\/10\/ANIMATION_1_74-min-scaled.jpg 2560w, https:\/\/www.camping-cote-dargent.com\/wp-content\/uploads\/2024\/10\/ANIMATION_1_74-min-300x169.jpg 300w, https:\/\/www.camping-cote-dargent.com\/wp-content\/uploads\/2024\/10\/ANIMATION_1_74-min-1024x575.jpg 1024w, https:\/\/www.camping-cote-dargent.com\/wp-content\/uploads\/2024\/10\/ANIMATION_1_74-min-768x432.jpg 768w, https:\/\/www.camping-cote-dargent.com\/wp-content\/uploads\/2024\/10\/ANIMATION_1_74-min-1536x863.jpg 1536w, https:\/\/www.camping-cote-dargent.com\/wp-content\/uploads\/2024\/10\/ANIMATION_1_74-min-2048x1151.jpg 2048w\" sizes=\"(max-width: 2560px) 100vw, 2560px\" title=\"\"><figcaption class=\"wp-element-caption\">7 pistas de petanca<\/figcaption><\/figure>\n<\/div>\n\n\n\n<div class=\"is-layout-flow wp-block-column\">\n<p class=\"has-text-align-right fc-caps rotate-5 has-noir-color has-jaune-background-color has-text-color has-background\"><span class=\"fc-span\">Veladas animadas<\/span><\/p>\n\n\n\n<figure class=\"wp-block-image size-full fc-pola rotate10 fc-auto\"><img decoding=\"async\" width=\"650\" height=\"650\" src=\"https:\/\/www.camping-cote-dargent.com\/wp-content\/uploads\/2024\/03\/mkiv0147-650x650-1.jpg\" alt=\"\" class=\"wp-image-3172\" srcset=\"https:\/\/www.camping-cote-dargent.com\/wp-content\/uploads\/2024\/03\/mkiv0147-650x650-1.jpg 650w, https:\/\/www.camping-cote-dargent.com\/wp-content\/uploads\/2024\/03\/mkiv0147-650x650-1-300x300.jpg 300w, https:\/\/www.camping-cote-dargent.com\/wp-content\/uploads\/2024\/03\/mkiv0147-650x650-1-150x150.jpg 150w\" sizes=\"(max-width: 650px) 100vw, 650px\" title=\"\"><figcaption class=\"wp-element-caption\">Actividades deportivas<\/figcaption><\/figure>\n\n\n\n<figure class=\"wp-block-image size-full fc-pola rotate-5 fc-auto\"><img decoding=\"async\" width=\"2560\" height=\"1440\" src=\"https:\/\/www.camping-cote-dargent.com\/wp-content\/uploads\/2024\/10\/DRONE_JUILLET_24_1_24-min-scaled.jpg\" alt=\"\" class=\"wp-image-7150\" srcset=\"https:\/\/www.camping-cote-dargent.com\/wp-content\/uploads\/2024\/10\/DRONE_JUILLET_24_1_24-min-scaled.jpg 2560w, https:\/\/www.camping-cote-dargent.com\/wp-content\/uploads\/2024\/10\/DRONE_JUILLET_24_1_24-min-300x169.jpg 300w, https:\/\/www.camping-cote-dargent.com\/wp-content\/uploads\/2024\/10\/DRONE_JUILLET_24_1_24-min-1024x576.jpg 1024w, https:\/\/www.camping-cote-dargent.com\/wp-content\/uploads\/2024\/10\/DRONE_JUILLET_24_1_24-min-768x432.jpg 768w, https:\/\/www.camping-cote-dargent.com\/wp-content\/uploads\/2024\/10\/DRONE_JUILLET_24_1_24-min-1536x864.jpg 1536w, https:\/\/www.camping-cote-dargent.com\/wp-content\/uploads\/2024\/10\/DRONE_JUILLET_24_1_24-min-2048x1152.jpg 2048w\" sizes=\"(max-width: 2560px) 100vw, 2560px\" title=\"\"><figcaption class=\"wp-element-caption\">Tenis &amp; Multideporte &amp; 2 Voley Playa<\/figcaption><\/figure>\n<\/div>\n<\/div>\n<\/div>\n<\/div>\n<\/div>\n\n<div class=\"is-layout-flex wp-container-24 wp-block-columns C-10 vague-vert\">\n<div class=\"is-layout-flow wp-block-column col-texte\">\n<h3 class=\"has-bleu-color has-text-color\">Actividades gratuitas en nuestro camping familiar de Hourtin<\/h3>\n\n\n\n<p>Adem\u00e1s del entretenimiento diurno y nocturno, tendr\u00e1s mucho tiempo para pasar con tu familia, amigos o compa\u00f1eros de vacaciones. \u00a1Nuestro <strong>camping familiar de Hourtin<\/strong> dispone de una <strong>sala de fitness<\/strong> (para mayores de 18 a\u00f1os), mesas de <strong>ping-pong<\/strong>, una <strong>pista de v\u00f3ley-playa<\/strong>, una <strong>sala de juegos<\/strong>,<strong>una enorme zona de juegos<\/strong> <strong>para ni\u00f1os y adolescentes<\/strong>, <strong>7 pistas de<\/strong> <strong>petanca<\/strong>, un terreno <strong>polideportivo<\/strong>, un <strong>espacio acu\u00e1tico climatizado de unos 9.000 m\u00b2<\/strong> con <a href=\"https:\/\/www.camping-cote-dargent.com\/es\/zona-acuatica\/\" data-type=\"page\" data-id=\"129\">4 piscinas y toboganes, 1 impresionante c\u00fapula cubierta y el Aqua&#8217;Pirates!<\/a> <\/p>\n\n\n\n<div class=\"wp-block-fc-gut-lire-plus fc-desk\">\n<p>Leer m\u00e1s<\/p>\n\n\n\n<div class=\"is-layout-flow wp-block-group\">\n<h3 class=\"has-orange-color has-text-color\">Actividades de pago disponibles en el camping<\/h3>\n\n\n\n<p>Los veraneantes que lo deseen pueden alquilar la <strong>pista de tenis<\/strong>, alquilar <strong>bicicletas <\/strong>(s\u00f3lo para adultos), mimarse con un <strong>masaje<\/strong> o elegir un servicio del sal\u00f3n de belleza.<\/p>\n\n\n\n<h3 class=\"has-orange-color has-text-color\">Cosas que hacer cerca de nuestro camping familiar en Gironda<\/h3>\n\n\n\n<p>Cuando salgas de nuestro <strong>camping familiar de la Gironda<\/strong>, encontrar\u00e1s cientos de kil\u00f3metros de <strong>carriles bici<\/strong> y <strong>senderos para<\/strong> recorrer a pie. Adem\u00e1s, encontrar\u00e1s el<strong>oc\u00e9ano<\/strong> Atl\u00e1ntico (playa de arena blanca) y el lago de Hourtin justo al lado de tu casa m\u00f3vil o parcela. Estas zonas acu\u00e1ticas son ideales para pescar, hacer windsurf, vela, surf, kitesurf y todos los dem\u00e1s deportes de playa.  <\/p>\n\n\n\n<p>\u00a1<a href=\"https:\/\/www.medoc-atlantique.com\/hourtin\/\" target=\"_blank\" data-type=\"URL\" data-id=\"https:\/\/www.medoc-atlantique.com\/hourtin\/\" rel=\"noreferrer noopener\">Hourtin Plage<\/a> es el lugar ideal para los reyes de las olas! Para los principiantes, hay varias escuelas donde puedes aprender a surfear las olas de las playas oce\u00e1nicas m\u00e1s bellas de la zona con total seguridad. <\/p>\n<\/div>\n<\/div>\n<\/div>\n\n\n\n<div class=\"is-layout-flow wp-block-column col-images\">\n<figure class=\"is-layout-flex wp-block-gallery-21 wp-block-gallery has-nested-images columns-1 is-cropped fc-diapo fc-full\">\n<figure class=\"wp-block-image size-large fc-auto\"><img decoding=\"async\" width=\"1024\" height=\"576\" src=\"https:\/\/www.camping-cote-dargent.com\/wp-content\/uploads\/2024\/10\/DRONE_2_OK__31-min-1024x576.jpg\" alt=\"\" class=\"wp-image-7129\" srcset=\"https:\/\/www.camping-cote-dargent.com\/wp-content\/uploads\/2024\/10\/DRONE_2_OK__31-min-1024x576.jpg 1024w, https:\/\/www.camping-cote-dargent.com\/wp-content\/uploads\/2024\/10\/DRONE_2_OK__31-min-300x169.jpg 300w, https:\/\/www.camping-cote-dargent.com\/wp-content\/uploads\/2024\/10\/DRONE_2_OK__31-min-768x432.jpg 768w, https:\/\/www.camping-cote-dargent.com\/wp-content\/uploads\/2024\/10\/DRONE_2_OK__31-min-1536x864.jpg 1536w, https:\/\/www.camping-cote-dargent.com\/wp-content\/uploads\/2024\/10\/DRONE_2_OK__31-min-2048x1152.jpg 2048w\" sizes=\"(max-width: 1024px) 100vw, 1024px\" title=\"\"><\/figure>\n\n\n\n<figure class=\"wp-block-image size-large fc-auto\"><img decoding=\"async\" width=\"1024\" height=\"683\" src=\"https:\/\/www.camping-cote-dargent.com\/wp-content\/uploads\/2024\/04\/MKIV0184-coteargent-1024x683.webp\" alt=\"\" class=\"wp-image-5014\" srcset=\"https:\/\/www.camping-cote-dargent.com\/wp-content\/uploads\/2024\/04\/MKIV0184-coteargent-1024x683.webp 1024w, https:\/\/www.camping-cote-dargent.com\/wp-content\/uploads\/2024\/04\/MKIV0184-coteargent-300x200.webp 300w, https:\/\/www.camping-cote-dargent.com\/wp-content\/uploads\/2024\/04\/MKIV0184-coteargent-768x512.webp 768w, https:\/\/www.camping-cote-dargent.com\/wp-content\/uploads\/2024\/04\/MKIV0184-coteargent-1536x1024.webp 1536w, https:\/\/www.camping-cote-dargent.com\/wp-content\/uploads\/2024\/04\/MKIV0184-coteargent.webp 1920w\" sizes=\"(max-width: 1024px) 100vw, 1024px\" title=\"\"><\/figure>\n\n\n\n<figure class=\"wp-block-image size-large fc-auto\"><img decoding=\"async\" width=\"1024\" height=\"576\" src=\"https:\/\/www.camping-cote-dargent.com\/wp-content\/uploads\/2024\/10\/DRONE_2_OK__29-min-1024x576.jpg\" alt=\"\" class=\"wp-image-7143\" srcset=\"https:\/\/www.camping-cote-dargent.com\/wp-content\/uploads\/2024\/10\/DRONE_2_OK__29-min-1024x576.jpg 1024w, https:\/\/www.camping-cote-dargent.com\/wp-content\/uploads\/2024\/10\/DRONE_2_OK__29-min-300x169.jpg 300w, https:\/\/www.camping-cote-dargent.com\/wp-content\/uploads\/2024\/10\/DRONE_2_OK__29-min-768x432.jpg 768w, https:\/\/www.camping-cote-dargent.com\/wp-content\/uploads\/2024\/10\/DRONE_2_OK__29-min-1536x864.jpg 1536w, https:\/\/www.camping-cote-dargent.com\/wp-content\/uploads\/2024\/10\/DRONE_2_OK__29-min-2048x1152.jpg 2048w\" sizes=\"(max-width: 1024px) 100vw, 1024px\" title=\"\"><\/figure>\n<\/figure>\n<\/div>\n<\/div>\n","protected":false},"excerpt":{"rendered":"<p>Actividades y entretenimiento para grandes y peque\u00f1os en nuestro camping familiar de Hourtin Majestuosos pinares, belleza, paz y naturaleza en estado puro, eso es lo que te ofrece Hourtin, en la costa atl\u00e1ntica, ideal tambi\u00e9n para los amantes del surf, la vela y la naturaleza. Y no olvides los innumerables carriles bici que se extienden [&hellip;]<\/p>\n","protected":false},"author":1,"featured_media":0,"parent":0,"menu_order":0,"comment_status":"open","ping_status":"open","template":"","meta":[],"acf":[],"_links":{"self":[{"href":"https:\/\/www.camping-cote-dargent.com\/es\/wp-json\/wp\/v2\/pages\/8564"}],"collection":[{"href":"https:\/\/www.camping-cote-dargent.com\/es\/wp-json\/wp\/v2\/pages"}],"about":[{"href":"https:\/\/www.camping-cote-dargent.com\/es\/wp-json\/wp\/v2\/types\/page"}],"author":[{"embeddable":true,"href":"https:\/\/www.camping-cote-dargent.com\/es\/wp-json\/wp\/v2\/users\/1"}],"replies":[{"embeddable":true,"href":"https:\/\/www.camping-cote-dargent.com\/es\/wp-json\/wp\/v2\/comments?post=8564"}],"version-history":[{"count":2,"href":"https:\/\/www.camping-cote-dargent.com\/es\/wp-json\/wp\/v2\/pages\/8564\/revisions"}],"predecessor-version":[{"id":8588,"href":"https:\/\/www.camping-cote-dargent.com\/es\/wp-json\/wp\/v2\/pages\/8564\/revisions\/8588"}],"wp:attachment":[{"href":"https:\/\/www.camping-cote-dargent.com\/es\/wp-json\/wp\/v2\/media?parent=8564"}],"curies":[{"name":"wp","href":"https:\/\/api.w.org\/{rel}","templated":true}]}}