{"id":8511,"date":"2024-03-21T12:13:04","date_gmt":"2024-03-21T11:13:04","guid":{"rendered":"https:\/\/www.camping-cote-dargent.com\/vacaciones-familiares-de-camping-en-gironda\/"},"modified":"2026-01-14T11:50:47","modified_gmt":"2026-01-14T10:50:47","slug":"vacaciones-familiares-de-camping-en-gironda","status":"publish","type":"page","link":"https:\/\/www.camping-cote-dargent.com\/es\/vacaciones-familiares-de-camping-en-gironda\/","title":{"rendered":"Vacaciones familiares de camping en Gironda"},"content":{"rendered":"\n<div class=\"is-layout-flow wp-block-group alignfull diaporama-header\">\n<figure class=\"is-layout-flex wp-block-gallery-1 wp-block-gallery has-nested-images columns-default is-cropped fc-auto\">\n<figure class=\"wp-block-image size-full fc-auto\"><img decoding=\"async\" width=\"1920\" height=\"768\" src=\"https:\/\/www.camping-cote-dargent.com\/wp-content\/uploads\/2024\/03\/image-4-1.jpg\" alt=\"\" class=\"wp-image-3902\" srcset=\"https:\/\/www.camping-cote-dargent.com\/wp-content\/uploads\/2024\/03\/image-4-1.jpg 1920w, https:\/\/www.camping-cote-dargent.com\/wp-content\/uploads\/2024\/03\/image-4-1-300x120.jpg 300w, https:\/\/www.camping-cote-dargent.com\/wp-content\/uploads\/2024\/03\/image-4-1-1024x410.jpg 1024w, https:\/\/www.camping-cote-dargent.com\/wp-content\/uploads\/2024\/03\/image-4-1-768x307.jpg 768w, https:\/\/www.camping-cote-dargent.com\/wp-content\/uploads\/2024\/03\/image-4-1-1536x614.jpg 1536w\" sizes=\"(max-width: 1920px) 100vw, 1920px\" title=\"\"><\/figure>\n<\/figure>\n\n\n\n<div class=\"is-layout-constrained wp-block-group\">\n<div class=\"is-content-justification-center is-layout-flex wp-container-3 wp-block-buttons\">\n<div class=\"wp-block-button btn_resa\"><a class=\"wp-block-button__link has-bleufonce-color has-bleuclair-background-color has-text-color has-background wp-element-button\">Reserva tu estancia<\/a><\/div>\n<\/div>\n<\/div>\n<\/div>\n\n\n\n<div class=\"is-layout-flex wp-container-10 wp-block-columns C-10 vague-jaune\">\n<div class=\"is-layout-flow wp-block-column col-texte\">\n<h1 class=\"has-orange-color has-text-color\">Visita y estancia en familia en un camping de Gironda<\/h1>\n\n\n\n<p>El departamento de Gironda, y su r\u00edo del mismo nombre, te invitan a ti y a tu familia a disfrutar de magn\u00edficos paisajes y gastronom\u00eda. Entre la tierra y el oc\u00e9ano, la Gironda seduce a todos sus visitantes por la diversidad de sus paisajes y su autenticidad. <\/p>\n\n\n\n<h2 class=\"h3 has-bleu-color has-text-color\">Actividades familiares en Gironda<\/h2>\n\n\n\n<p>Hay una gran variedad de cosas que hacer <strong>en familia en Gironda<\/strong>. Actividades acu\u00e1ticas para refrescarte, <strong>parques de ocio<\/strong> para entretenerte, o hermosos paseos por las bonitas ciudades de Gironda. Una cosa es segura: \u00a1el tiempo no pasar\u00e1 volando durante tus <strong>vacaciones de camping en Gironda<\/strong>!  <\/p>\n<\/div>\n\n\n\n<div class=\"is-layout-flow wp-block-column col-images\">\n<figure class=\"is-layout-flex wp-block-gallery-7 wp-block-gallery has-nested-images columns-1 is-cropped fc-full\">\n<figure class=\"wp-block-image size-large fc-auto\"><img decoding=\"async\" width=\"1024\" height=\"683\" src=\"https:\/\/www.camping-cote-dargent.com\/wp-content\/uploads\/2024\/03\/photo-meteo-aout-hourtin-1024x683.webp\" alt=\"\" class=\"wp-image-4026\" srcset=\"https:\/\/www.camping-cote-dargent.com\/wp-content\/uploads\/2024\/03\/photo-meteo-aout-hourtin-1024x683.webp 1024w, https:\/\/www.camping-cote-dargent.com\/wp-content\/uploads\/2024\/03\/photo-meteo-aout-hourtin-300x200.webp 300w, https:\/\/www.camping-cote-dargent.com\/wp-content\/uploads\/2024\/03\/photo-meteo-aout-hourtin-768x512.webp 768w, https:\/\/www.camping-cote-dargent.com\/wp-content\/uploads\/2024\/03\/photo-meteo-aout-hourtin-1536x1025.webp 1536w, https:\/\/www.camping-cote-dargent.com\/wp-content\/uploads\/2024\/03\/photo-meteo-aout-hourtin.webp 1920w\" sizes=\"(max-width: 1024px) 100vw, 1024px\" title=\"\"><\/figure>\n\n\n\n<figure class=\"wp-block-image size-large fc-auto\"><img decoding=\"async\" width=\"1024\" height=\"683\" src=\"https:\/\/www.camping-cote-dargent.com\/wp-content\/uploads\/2024\/03\/photo-velodysee-hourtin-1024x683.webp\" alt=\"\" class=\"wp-image-3958\" srcset=\"https:\/\/www.camping-cote-dargent.com\/wp-content\/uploads\/2024\/03\/photo-velodysee-hourtin-1024x683.webp 1024w, https:\/\/www.camping-cote-dargent.com\/wp-content\/uploads\/2024\/03\/photo-velodysee-hourtin-300x200.webp 300w, https:\/\/www.camping-cote-dargent.com\/wp-content\/uploads\/2024\/03\/photo-velodysee-hourtin-768x512.webp 768w, https:\/\/www.camping-cote-dargent.com\/wp-content\/uploads\/2024\/03\/photo-velodysee-hourtin-1536x1024.webp 1536w, https:\/\/www.camping-cote-dargent.com\/wp-content\/uploads\/2024\/03\/photo-velodysee-hourtin.webp 1920w\" sizes=\"(max-width: 1024px) 100vw, 1024px\" title=\"\"><\/figure>\n<\/figure>\n<\/div>\n<\/div>\n\n\n\n<div class=\"is-layout-flex wp-container-16 wp-block-columns C-20 vague-bleu reverse-mob\">\n<div class=\"is-layout-flow wp-block-column col-images\">\n<figure class=\"is-layout-flex wp-block-gallery-11 wp-block-gallery has-nested-images columns-2 is-cropped fc-diapo-mob fc-auto\">\n<figure class=\"wp-block-image size-large fc-caps fc-auto\"><img decoding=\"async\" width=\"1024\" height=\"713\" src=\"https:\/\/www.camping-cote-dargent.com\/wp-content\/uploads\/2024\/03\/photo-jet-ski-hourtin-1024x713.webp\" alt=\"\" class=\"wp-image-3998\" srcset=\"https:\/\/www.camping-cote-dargent.com\/wp-content\/uploads\/2024\/03\/photo-jet-ski-hourtin-1024x713.webp 1024w, https:\/\/www.camping-cote-dargent.com\/wp-content\/uploads\/2024\/03\/photo-jet-ski-hourtin-300x209.webp 300w, https:\/\/www.camping-cote-dargent.com\/wp-content\/uploads\/2024\/03\/photo-jet-ski-hourtin-768x535.webp 768w, https:\/\/www.camping-cote-dargent.com\/wp-content\/uploads\/2024\/03\/photo-jet-ski-hourtin-1536x1070.webp 1536w, https:\/\/www.camping-cote-dargent.com\/wp-content\/uploads\/2024\/03\/photo-jet-ski-hourtin.webp 1920w\" sizes=\"(max-width: 1024px) 100vw, 1024px\" title=\"\"><\/figure>\n\n\n\n<figure class=\"wp-block-image size-large fc-pola fc-auto\"><img decoding=\"async\" width=\"1024\" height=\"682\" src=\"https:\/\/www.camping-cote-dargent.com\/wp-content\/uploads\/2024\/03\/photo-canoe-hourtin-1024x682.webp\" alt=\"\" class=\"wp-image-3978\" srcset=\"https:\/\/www.camping-cote-dargent.com\/wp-content\/uploads\/2024\/03\/photo-canoe-hourtin-1024x682.webp 1024w, https:\/\/www.camping-cote-dargent.com\/wp-content\/uploads\/2024\/03\/photo-canoe-hourtin-300x200.webp 300w, https:\/\/www.camping-cote-dargent.com\/wp-content\/uploads\/2024\/03\/photo-canoe-hourtin-768x512.webp 768w, https:\/\/www.camping-cote-dargent.com\/wp-content\/uploads\/2024\/03\/photo-canoe-hourtin-1536x1023.webp 1536w, https:\/\/www.camping-cote-dargent.com\/wp-content\/uploads\/2024\/03\/photo-canoe-hourtin.webp 1920w\" sizes=\"(max-width: 1024px) 100vw, 1024px\" title=\"\"><figcaption class=\"wp-element-caption\">Ver la galer\u00eda de fotos<\/figcaption><\/figure>\n\n\n\n<figure class=\"wp-block-image size-large fc-auto\"><img decoding=\"async\" width=\"1024\" height=\"697\" src=\"https:\/\/www.camping-cote-dargent.com\/wp-content\/uploads\/2024\/03\/photo-surf-club-hourtin-1024x697.webp\" alt=\"\" class=\"wp-image-3946\" srcset=\"https:\/\/www.camping-cote-dargent.com\/wp-content\/uploads\/2024\/03\/photo-surf-club-hourtin-1024x697.webp 1024w, https:\/\/www.camping-cote-dargent.com\/wp-content\/uploads\/2024\/03\/photo-surf-club-hourtin-300x204.webp 300w, https:\/\/www.camping-cote-dargent.com\/wp-content\/uploads\/2024\/03\/photo-surf-club-hourtin-768x522.webp 768w, https:\/\/www.camping-cote-dargent.com\/wp-content\/uploads\/2024\/03\/photo-surf-club-hourtin-1536x1045.webp 1536w, https:\/\/www.camping-cote-dargent.com\/wp-content\/uploads\/2024\/03\/photo-surf-club-hourtin.webp 1920w\" sizes=\"(max-width: 1024px) 100vw, 1024px\" title=\"\"><\/figure>\n<\/figure>\n<\/div>\n\n\n\n<div class=\"is-layout-flow wp-block-column is-vertically-aligned-center col-texte has-bleufonce-color has-text-color\">\n<h3 class=\"h2\">Actividades deportivas acu\u00e1ticas<\/h3>\n\n\n\n<p>Si tienes ni\u00f1os peque\u00f1os, har\u00e1s bien en participar en actividades en<strong> el lago de Hourtin<\/strong> (el mayor lago natural de agua dulce de Francia) o en Lacanau. El oc\u00e9ano tiene unas olas preciosas, aunque a menudo potentes.<br>Dependiendo de lo que te apetezca, puedes practicar pirag\u00fcismo o kayak, o probar las boyas remolcadas, \u00a1as\u00ed que hay diversi\u00f3n para toda la familia! <\/p>\n\n\n\n<p>Pero tambi\u00e9n hay otras posibilidades: surf, wakeboard, flyboard, windsurf, kitesurf, esqu\u00ed acu\u00e1tico, moto acu\u00e1tica&#8230; \u00a1la lista contin\u00faa! Para una actividad m\u00e1s tranquila en el agua, puedes hacer un viaje en barco de crucero fluvial para descubrir el estuario de la Gironda. Es una forma estupenda de pasar <a href=\"https:\/\/www.camping-cote-dargent.com\/es\/vacaciones-familiares-de-camping-en-gironda\/\" data-type=\"URL\" data-id=\"https:\/\/www.camping-cote-dargent.com\/es\/vacaciones-familiares-de-camping-en-gironda\/\">unas vacaciones familiares en Hourtin<\/a>.  <\/p>\n\n\n\n<h3>Parques de ocio en Gironda<\/h3>\n\n\n\n<p>Una vez m\u00e1s, est\u00e1s de enhorabuena en Gironda, donde hay tantos parques de ocio para elegir. Cerca del oc\u00e9ano,<a href=\"https:\/\/www.aqua-speed.fr\/\" target=\"_blank\" rel=\"noreferrer noopener\">AquaSpeed<\/a> en <a href=\"https:\/\/www.camping-cote-dargent.com\/es\/alentours\/hourtin\/\"><strong>Hourtin<\/strong><\/a> es un parque innovador y atrevido. Puedes hacer karting en el agua. Original y muy tentador, \u00bfverdad? M\u00e1s a\u00fan cuando se hace de forma ecol\u00f3gica y silenciosa.    <\/p>\n\n\n\n<div class=\"wp-block-fc-gut-lire-plus fc-desk\">\n<p>Leer m\u00e1s<\/p>\n\n\n\n<div class=\"is-layout-flow wp-block-group\">\n<p>Cerca de all\u00ed, <a href=\"https:\/\/www.medoc-atlantique.com\/fiches\/lile-aux-enfants\/\" target=\"_blank\" rel=\"noreferrer noopener\">la isla de los ni\u00f1os<\/a> har\u00e1 las delicias de los m\u00e1s peque\u00f1os. Descubre esta isla realmente extraordinaria, totalmente peatonal, con muchos juegos para ni\u00f1os (zonas de juegos, castillos hinchables, toboganes, etc.), mesas de picnic y un entorno muy agradable. <\/p>\n\n\n\n<p>Tambi\u00e9n merece la pena visitar el <strong>zoo Bassin d&#8217;Arcachon<\/strong>. Es uno de los mayores zool\u00f3gicos de Francia y alberga m\u00e1s de 1.000 animales en 22 hect\u00e1reas de bosque y 4 kil\u00f3metros de senderos. Una forma estupenda de pasar un buen rato en familia en un parque a la sombra.  <\/p>\n<\/div>\n<\/div>\n<\/div>\n<\/div>\n\n\n\n<div class=\"is-layout-constrained wp-block-group alignfull C-40\">\n<figure class=\"wp-block-image size-full fc-auto\"><img decoding=\"async\" width=\"1920\" height=\"677\" src=\"https:\/\/www.camping-cote-dargent.com\/wp-content\/uploads\/2024\/03\/bordeaux-1920x677-1.jpg\" alt=\"\" class=\"wp-image-3612\" srcset=\"https:\/\/www.camping-cote-dargent.com\/wp-content\/uploads\/2024\/03\/bordeaux-1920x677-1.jpg 1920w, https:\/\/www.camping-cote-dargent.com\/wp-content\/uploads\/2024\/03\/bordeaux-1920x677-1-300x106.jpg 300w, https:\/\/www.camping-cote-dargent.com\/wp-content\/uploads\/2024\/03\/bordeaux-1920x677-1-1024x361.jpg 1024w, https:\/\/www.camping-cote-dargent.com\/wp-content\/uploads\/2024\/03\/bordeaux-1920x677-1-768x271.jpg 768w, https:\/\/www.camping-cote-dargent.com\/wp-content\/uploads\/2024\/03\/bordeaux-1920x677-1-1536x542.jpg 1536w\" sizes=\"(max-width: 1920px) 100vw, 1920px\" title=\"\"><\/figure>\n\n\n\n<div class=\"is-layout-flex wp-container-22 wp-block-columns\">\n<div class=\"is-layout-flow wp-block-column col-texte\">\n<h3 class=\"h1\">Paseos por la ciudad<\/h3>\n\n\n\n<p>Adem\u00e1s del zoo, merece la pena visitar Arcachon. Podr\u00e1s admirar la famosa ciudad invernal, con sus magn\u00edficas villas y su peculiar arquitectura. <a href=\"https:\/\/www.camping-cote-dargent.com\/es\/alentours\/pauillac\/\" data-type=\"alentours\" data-id=\"158\">Pauillac<\/a>, cerca de<strong>Hourtin<\/strong>, es una ciudad encantadora que merece la pena visitar. Su puerto deportivo est\u00e1 situado en el estuario de la Gironda. Desde aqu\u00ed, puedes disfrutar de cruceros guiados por el estuario y alrededor de las islas. Visitas a castillos, museos, amantes del vino: lo encontrar\u00e1s todo en Pauillac, como en casi toda la Gironda.<br>Por supuesto, es imposible hablar de la Gironda sin mencionar <a href=\"https:\/\/www.camping-cote-dargent.com\/es\/alentours\/burdeos\/\" data-type=\"alentours\" data-id=\"156\">Burdeos<\/a>. La &#8220;bella durmiente&#8221;, como se conoc\u00eda anta\u00f1o a la ciudad, se ha despertado&#8230; Cuenta con notables monumentos de estilo renacentista, un espejo de agua \u00fanico en el mundo y la avenida comercial (rue Sainte-Catherine) m\u00e1s larga de Europa.     <\/p>\n<\/div>\n\n\n\n<div class=\"is-layout-flow wp-block-column col-images\">\n<div class=\"is-layout-flex wp-container-20 wp-block-columns fc-diapo-mob\">\n<div class=\"is-layout-flow wp-block-column\">\n<figure class=\"wp-block-image size-full fc-pola fc-auto\"><img decoding=\"async\" width=\"640\" height=\"427\" src=\"https:\/\/www.camping-cote-dargent.com\/wp-content\/uploads\/2024\/03\/bordeaux-g0f194fbd8_640.jpg\" alt=\"\" class=\"wp-image-3620\" srcset=\"https:\/\/www.camping-cote-dargent.com\/wp-content\/uploads\/2024\/03\/bordeaux-g0f194fbd8_640.jpg 640w, https:\/\/www.camping-cote-dargent.com\/wp-content\/uploads\/2024\/03\/bordeaux-g0f194fbd8_640-300x200.jpg 300w\" sizes=\"(max-width: 640px) 100vw, 640px\" title=\"\"><figcaption class=\"wp-element-caption\">Burdeos<\/figcaption><\/figure>\n\n\n\n<p class=\"has-text-align-center fc-caps has-fond-color has-vertfonce-background-color has-text-color has-background\"><span class=\"fc-span\">Visitas a museos<\/span><\/p>\n<\/div>\n\n\n\n<div class=\"is-layout-flow wp-block-column\">\n<p class=\"has-text-align-right fc-caps rotate-5 has-bleu-color has-blanc-background-color has-text-color has-background\"><span class=\"fc-span\">Arquitecturas \u00fanicas<\/span><\/p>\n\n\n\n<figure class=\"wp-block-image size-full fc-pola rotate5 fc-auto\"><img decoding=\"async\" width=\"640\" height=\"425\" src=\"https:\/\/www.camping-cote-dargent.com\/wp-content\/uploads\/2024\/03\/arcachon-gc56a664ed_640.jpg\" alt=\"\" class=\"wp-image-3592\" srcset=\"https:\/\/www.camping-cote-dargent.com\/wp-content\/uploads\/2024\/03\/arcachon-gc56a664ed_640.jpg 640w, https:\/\/www.camping-cote-dargent.com\/wp-content\/uploads\/2024\/03\/arcachon-gc56a664ed_640-300x199.jpg 300w\" sizes=\"(max-width: 640px) 100vw, 640px\" title=\"\"><figcaption class=\"wp-element-caption\">Arcachon<\/figcaption><\/figure>\n<\/div>\n<\/div>\n<\/div>\n<\/div>\n<\/div>\n\n\n\n<div class=\"is-layout-flex wp-container-28 wp-block-columns C-30 vague-orange\">\n<div class=\"is-layout-flow wp-block-column col-texte\">\n<h2 class=\"has-orange-color has-text-color\">\u00bfD\u00f3nde alojarse en un camping en Gironda?<\/h2>\n\n\n\n<p>\u00bfTe gustar\u00eda disfrutar de las playas oce\u00e1nicas, los deportes n\u00e1uticos y el f\u00e1cil acceso a la ciudad? Entonces el camping 5 estrellas C\u00f4te d&#8217;Argent de Hourtin es ideal para ti. <\/p>\n\n\n\n<h3 class=\"has-bleu-color has-text-color\">\u00bfPor qu\u00e9 alojarse en el camping la C\u00f4te d&#8217;Argent en Hourtin?<\/h3>\n\n\n\n<p>Adem\u00e1s de su privilegiada situaci\u00f3n geogr\u00e1fica, el camping C\u00f4te d&#8217;Argent te acoge en un magn\u00edfico emplazamiento ondulado y sombreado, en el coraz\u00f3n de un pinar. Muy cerca del oc\u00e9ano Atl\u00e1ntico (a 300 metros) y a 4 kil\u00f3metros del lago de Hourtin, tambi\u00e9n podr\u00e1s disfrutar de una magn\u00edfica y amplia zona de piscina climatizada para divertirte en familia. Te alojar\u00e1s en un alojamiento de calidad, casa m\u00f3vil\/caba\u00f1a o parcela de camping.<br>Durante toda la temporada, dispondr\u00e1s de numerosos servicios (restaurante, tienda de alimentaci\u00f3n, etc.) y animaciones.<br>\u00a1En el camping C\u00f4te d&#8217;Argent se ha pensado en todo para que disfrutes de unas vacaciones inolvidables en plena naturaleza!  <\/p>\n<\/div>\n\n\n\n<div class=\"is-layout-flow wp-block-column col-images\">\n<figure class=\"is-layout-flex wp-block-gallery-25 wp-block-gallery has-nested-images columns-2 is-cropped fc-diapo-mob fc-auto\">\n<figure class=\"wp-block-image size-full figcaption-bleu fc-auto\"><img decoding=\"async\" width=\"1024\" height=\"683\" src=\"https:\/\/www.camping-cote-dargent.com\/wp-content\/uploads\/2024\/03\/camping-gironde-avec-parc-aquatique-1024x683-1.jpg\" alt=\"\" class=\"wp-image-3648\" srcset=\"https:\/\/www.camping-cote-dargent.com\/wp-content\/uploads\/2024\/03\/camping-gironde-avec-parc-aquatique-1024x683-1.jpg 1024w, https:\/\/www.camping-cote-dargent.com\/wp-content\/uploads\/2024\/03\/camping-gironde-avec-parc-aquatique-1024x683-1-300x200.jpg 300w, https:\/\/www.camping-cote-dargent.com\/wp-content\/uploads\/2024\/03\/camping-gironde-avec-parc-aquatique-1024x683-1-768x512.jpg 768w\" sizes=\"(max-width: 1024px) 100vw, 1024px\" title=\"\"><\/figure>\n\n\n\n<figure class=\"wp-block-image size-large fc-plongeur fc-auto\"><img decoding=\"async\" width=\"1024\" height=\"712\" src=\"https:\/\/www.camping-cote-dargent.com\/wp-content\/uploads\/2024\/03\/cote-d-argent-2018-3-bis-1165x810-1-1024x712.jpg\" alt=\"\" class=\"wp-image-3697\" srcset=\"https:\/\/www.camping-cote-dargent.com\/wp-content\/uploads\/2024\/03\/cote-d-argent-2018-3-bis-1165x810-1-1024x712.jpg 1024w, https:\/\/www.camping-cote-dargent.com\/wp-content\/uploads\/2024\/03\/cote-d-argent-2018-3-bis-1165x810-1-300x209.jpg 300w, https:\/\/www.camping-cote-dargent.com\/wp-content\/uploads\/2024\/03\/cote-d-argent-2018-3-bis-1165x810-1-768x534.jpg 768w, https:\/\/www.camping-cote-dargent.com\/wp-content\/uploads\/2024\/03\/cote-d-argent-2018-3-bis-1165x810-1.jpg 1165w\" sizes=\"(max-width: 1024px) 100vw, 1024px\" title=\"\"><figcaption class=\"wp-element-caption\">Gran parque acu\u00e1tico<\/figcaption><\/figure>\n\n\n\n<figure class=\"wp-block-image size-full fc-rond rond-bleu fc-auto\"><img decoding=\"async\" width=\"1024\" height=\"268\" src=\"https:\/\/www.camping-cote-dargent.com\/wp-content\/uploads\/2024\/03\/camping-cote-argent-hourtin-1024x268-1.jpg\" alt=\"\" class=\"wp-image-3644\" srcset=\"https:\/\/www.camping-cote-dargent.com\/wp-content\/uploads\/2024\/03\/camping-cote-argent-hourtin-1024x268-1.jpg 1024w, https:\/\/www.camping-cote-dargent.com\/wp-content\/uploads\/2024\/03\/camping-cote-argent-hourtin-1024x268-1-300x79.jpg 300w, https:\/\/www.camping-cote-dargent.com\/wp-content\/uploads\/2024\/03\/camping-cote-argent-hourtin-1024x268-1-768x201.jpg 768w\" sizes=\"(max-width: 1024px) 100vw, 1024px\" title=\"\"><\/figure>\n\n\n\n<figure class=\"wp-block-image size-full fc-auto\"><img decoding=\"async\" width=\"1024\" height=\"683\" src=\"https:\/\/www.camping-cote-dargent.com\/wp-content\/uploads\/2024\/03\/location-emplacement-gironde-1024x683-1.jpg\" alt=\"\" class=\"wp-image-3876\" srcset=\"https:\/\/www.camping-cote-dargent.com\/wp-content\/uploads\/2024\/03\/location-emplacement-gironde-1024x683-1.jpg 1024w, https:\/\/www.camping-cote-dargent.com\/wp-content\/uploads\/2024\/03\/location-emplacement-gironde-1024x683-1-300x200.jpg 300w, https:\/\/www.camping-cote-dargent.com\/wp-content\/uploads\/2024\/03\/location-emplacement-gironde-1024x683-1-768x512.jpg 768w\" sizes=\"(max-width: 1024px) 100vw, 1024px\" title=\"\"><figcaption class=\"wp-element-caption\">Entorno natural<\/figcaption><\/figure>\n<\/figure>\n<\/div>\n<\/div>\n","protected":false},"excerpt":{"rendered":"<p>Visita y estancia en familia en un camping de Gironda El departamento de Gironda, y su r\u00edo del mismo nombre, te invitan a ti y a tu familia a disfrutar de magn\u00edficos paisajes y gastronom\u00eda. Entre la tierra y el oc\u00e9ano, la Gironda seduce a todos sus visitantes por la diversidad de sus paisajes y [&hellip;]<\/p>\n","protected":false},"author":1,"featured_media":0,"parent":0,"menu_order":0,"comment_status":"closed","ping_status":"closed","template":"","meta":[],"acf":[],"_links":{"self":[{"href":"https:\/\/www.camping-cote-dargent.com\/es\/wp-json\/wp\/v2\/pages\/8511"}],"collection":[{"href":"https:\/\/www.camping-cote-dargent.com\/es\/wp-json\/wp\/v2\/pages"}],"about":[{"href":"https:\/\/www.camping-cote-dargent.com\/es\/wp-json\/wp\/v2\/types\/page"}],"author":[{"embeddable":true,"href":"https:\/\/www.camping-cote-dargent.com\/es\/wp-json\/wp\/v2\/users\/1"}],"replies":[{"embeddable":true,"href":"https:\/\/www.camping-cote-dargent.com\/es\/wp-json\/wp\/v2\/comments?post=8511"}],"version-history":[{"count":3,"href":"https:\/\/www.camping-cote-dargent.com\/es\/wp-json\/wp\/v2\/pages\/8511\/revisions"}],"predecessor-version":[{"id":9104,"href":"https:\/\/www.camping-cote-dargent.com\/es\/wp-json\/wp\/v2\/pages\/8511\/revisions\/9104"}],"wp:attachment":[{"href":"https:\/\/www.camping-cote-dargent.com\/es\/wp-json\/wp\/v2\/media?parent=8511"}],"curies":[{"name":"wp","href":"https:\/\/api.w.org\/{rel}","templated":true}]}}