{"id":5377,"date":"2024-03-21T12:13:04","date_gmt":"2024-03-21T11:13:04","guid":{"rendered":"https:\/\/www.camping-cote-dargent.com\/visit-the-bordeaux-vineyards\/"},"modified":"2024-05-15T12:10:37","modified_gmt":"2024-05-15T10:10:37","slug":"visit-the-bordeaux-vineyards","status":"publish","type":"page","link":"https:\/\/www.camping-cote-dargent.com\/en\/visit-the-bordeaux-vineyards\/","title":{"rendered":"Visit the Bordeaux vineyards"},"content":{"rendered":"\n<div class=\"is-layout-flow wp-block-group alignfull diaporama-header\">\n<figure class=\"is-layout-flex wp-block-gallery-1 wp-block-gallery has-nested-images columns-default is-cropped fc-auto\">\n<figure class=\"wp-block-image size-full fc-auto\"><img decoding=\"async\" width=\"1920\" height=\"768\" src=\"https:\/\/www.camping-cote-dargent.com\/wp-content\/uploads\/2024\/03\/image-4-1.jpg\" alt=\"\" class=\"wp-image-3902\" srcset=\"https:\/\/www.camping-cote-dargent.com\/wp-content\/uploads\/2024\/03\/image-4-1.jpg 1920w, https:\/\/www.camping-cote-dargent.com\/wp-content\/uploads\/2024\/03\/image-4-1-300x120.jpg 300w, https:\/\/www.camping-cote-dargent.com\/wp-content\/uploads\/2024\/03\/image-4-1-1024x410.jpg 1024w, https:\/\/www.camping-cote-dargent.com\/wp-content\/uploads\/2024\/03\/image-4-1-768x307.jpg 768w, https:\/\/www.camping-cote-dargent.com\/wp-content\/uploads\/2024\/03\/image-4-1-1536x614.jpg 1536w\" sizes=\"(max-width: 1920px) 100vw, 1920px\" title=\"\"><\/figure>\n<\/figure>\n\n\n\n<div class=\"is-layout-constrained wp-block-group\">\n<div class=\"is-content-justification-center is-layout-flex wp-container-3 wp-block-buttons\">\n<div class=\"wp-block-button btn_resa\"><a class=\"wp-block-button__link has-bleufonce-color has-bleuclair-background-color has-text-color has-background wp-element-button\">Book your stay<\/a><\/div>\n<\/div>\n<\/div>\n<\/div>\n\n\n\n<div class=\"is-layout-flex wp-container-14 wp-block-columns C-10 vague-jaune\">\n<div class=\"is-layout-flow wp-block-column col-texte\">\n<h1 class=\"h1 has-orange-color has-text-color\">Visit the Bordeaux vineyards<\/h1>\n\n\n\n<div class=\"is-layout-flex wp-container-9 wp-block-columns\">\n<div class=\"is-layout-flow wp-block-column\">\n<p class=\"has-text-align-left fc-caps has-fond-color has-vertfonce-background-color has-text-color has-background\"><span class=\"fc-span\">Exploring the Bordeaux terroir<\/span><\/p>\n\n\n\n<figure class=\"wp-block-image size-full fc-rond fc-auto\"><img decoding=\"async\" width=\"640\" height=\"427\" src=\"https:\/\/www.camping-cote-dargent.com\/wp-content\/uploads\/2024\/03\/grapes-ga1e795e01_640.jpg\" alt=\"\" class=\"wp-image-2648\" srcset=\"https:\/\/www.camping-cote-dargent.com\/wp-content\/uploads\/2024\/03\/grapes-ga1e795e01_640.jpg 640w, https:\/\/www.camping-cote-dargent.com\/wp-content\/uploads\/2024\/03\/grapes-ga1e795e01_640-300x200.jpg 300w\" sizes=\"(max-width: 640px) 100vw, 640px\" title=\"\"><\/figure>\n<\/div>\n\n\n\n<div class=\"is-layout-flow wp-block-column\">\n<p>Would you like to enjoy the Bordeaux vineyards during your <strong>camping<\/strong> holiday <strong>in Gironde<\/strong>? With no fewer than <strong>7,000 wine ch\u00e2teaux<\/strong>, Bordeaux and its wine-growing region are known the world over for their exceptional wines. <strong>Saint-Emilion, Saint-Est\u00e8phe and Ch\u00e2teau Margaux<\/strong> are perfect examples. The <strong>C\u00f4te d&#8217;Argent campsite<\/strong> in <a href=\"https:\/\/www.camping-cote-dargent.com\/en\/alentours\/hourtin\/\">Hourtin<\/a> takes you on a discovery tour of the <strong>M\u00e9doc winegrowing estates<\/strong> for your next stay in the region.<\/p>\n\n\n\n<h2 class=\"h3 has-bleu-color has-text-color\">Discover the Bordeaux vineyards<\/h2>\n\n\n\n<div class=\"wp-block-fc-gut-lire-plus fc-desk\">\n<p>Read more<\/p>\n\n\n\n<div class=\"is-layout-flow wp-block-group\">\n<p>Bordeaux, the world&#8217;s wine capital, owes its appellation to its rich estuary-side vineyards, where internationally renowned <strong>Grands Crus and Grands Crus Class\u00e9s<\/strong> are produced. A <a href=\"https:\/\/www.camping-cote-dargent.com\/en\/campsite-in-aquitaine\/\" data-type=\"URL\" data-id=\"https:\/\/www.camping-cote-dargent.com\/en\/campsite-in-aquitaine\/\">stay in Gironde<\/a> is the ideal opportunity to explore the world of wine and its renowned Bordeaux wines.<\/p>\n<\/div>\n<\/div>\n<\/div>\n<\/div>\n<\/div>\n\n\n\n<div class=\"is-layout-flow wp-block-column col-images\">\n<figure class=\"is-layout-flex wp-block-gallery-11 wp-block-gallery has-nested-images columns-1 is-cropped fc-full\">\n<figure class=\"wp-block-image size-full fc-auto\"><img decoding=\"async\" width=\"1920\" height=\"1280\" src=\"https:\/\/www.camping-cote-dargent.com\/wp-content\/uploads\/2024\/04\/AdobeStock_611478232.jpg\" alt=\"\" class=\"wp-image-4194\" srcset=\"https:\/\/www.camping-cote-dargent.com\/wp-content\/uploads\/2024\/04\/AdobeStock_611478232.jpg 1920w, https:\/\/www.camping-cote-dargent.com\/wp-content\/uploads\/2024\/04\/AdobeStock_611478232-300x200.jpg 300w, https:\/\/www.camping-cote-dargent.com\/wp-content\/uploads\/2024\/04\/AdobeStock_611478232-1024x683.jpg 1024w, https:\/\/www.camping-cote-dargent.com\/wp-content\/uploads\/2024\/04\/AdobeStock_611478232-768x512.jpg 768w, https:\/\/www.camping-cote-dargent.com\/wp-content\/uploads\/2024\/04\/AdobeStock_611478232-1536x1024.jpg 1536w\" sizes=\"(max-width: 1920px) 100vw, 1920px\" title=\"\"><\/figure>\n\n\n\n<figure class=\"wp-block-image size-full fc-auto\"><img decoding=\"async\" width=\"1920\" height=\"1287\" src=\"https:\/\/www.camping-cote-dargent.com\/wp-content\/uploads\/2024\/04\/AdobeStock_201915705.jpg\" alt=\"\" class=\"wp-image-4202\" srcset=\"https:\/\/www.camping-cote-dargent.com\/wp-content\/uploads\/2024\/04\/AdobeStock_201915705.jpg 1920w, https:\/\/www.camping-cote-dargent.com\/wp-content\/uploads\/2024\/04\/AdobeStock_201915705-300x201.jpg 300w, https:\/\/www.camping-cote-dargent.com\/wp-content\/uploads\/2024\/04\/AdobeStock_201915705-1024x686.jpg 1024w, https:\/\/www.camping-cote-dargent.com\/wp-content\/uploads\/2024\/04\/AdobeStock_201915705-768x515.jpg 768w, https:\/\/www.camping-cote-dargent.com\/wp-content\/uploads\/2024\/04\/AdobeStock_201915705-1536x1030.jpg 1536w\" sizes=\"(max-width: 1920px) 100vw, 1920px\" title=\"\"><\/figure>\n<\/figure>\n<\/div>\n<\/div>\n\n\n\n<div class=\"is-layout-flex wp-container-19 wp-block-columns C-20 vague-orange reverse-mob\">\n<div class=\"is-layout-flow wp-block-column col-images\">\n<figure class=\"is-layout-flex wp-block-gallery-15 wp-block-gallery has-nested-images columns-2 is-cropped fc-diapo-mob fc-auto\">\n<figure class=\"wp-block-image size-full fc-caps fc-auto\"><img decoding=\"async\" width=\"968\" height=\"800\" src=\"https:\/\/www.camping-cote-dargent.com\/wp-content\/uploads\/2024\/04\/parc-naturel-regional-du-medoc-1.jpg\" alt=\"\" class=\"wp-image-4505\" srcset=\"https:\/\/www.camping-cote-dargent.com\/wp-content\/uploads\/2024\/04\/parc-naturel-regional-du-medoc-1.jpg 968w, https:\/\/www.camping-cote-dargent.com\/wp-content\/uploads\/2024\/04\/parc-naturel-regional-du-medoc-1-300x248.jpg 300w, https:\/\/www.camping-cote-dargent.com\/wp-content\/uploads\/2024\/04\/parc-naturel-regional-du-medoc-1-768x635.jpg 768w\" sizes=\"(max-width: 968px) 100vw, 968px\" title=\"\"><\/figure>\n\n\n\n<figure class=\"wp-block-image size-full fc-pola fc-auto\"><img decoding=\"async\" width=\"667\" height=\"500\" src=\"https:\/\/www.camping-cote-dargent.com\/wp-content\/uploads\/2024\/03\/wc_lesparre-medoc-1.jpg\" alt=\"\" class=\"wp-image-3488\" srcset=\"https:\/\/www.camping-cote-dargent.com\/wp-content\/uploads\/2024\/03\/wc_lesparre-medoc-1.jpg 667w, https:\/\/www.camping-cote-dargent.com\/wp-content\/uploads\/2024\/03\/wc_lesparre-medoc-1-300x225.jpg 300w\" sizes=\"(max-width: 667px) 100vw, 667px\" title=\"\"><figcaption class=\"wp-element-caption\">Lesparre-M\u00e9doc<\/figcaption><\/figure>\n\n\n\n<figure class=\"wp-block-image size-large fc-auto\"><img decoding=\"async\" width=\"1024\" height=\"737\" src=\"https:\/\/www.camping-cote-dargent.com\/wp-content\/uploads\/2024\/04\/vignoble-du-medoc_2-1024x737.jpg\" alt=\"\" class=\"wp-image-4509\" srcset=\"https:\/\/www.camping-cote-dargent.com\/wp-content\/uploads\/2024\/04\/vignoble-du-medoc_2-1024x737.jpg 1024w, https:\/\/www.camping-cote-dargent.com\/wp-content\/uploads\/2024\/04\/vignoble-du-medoc_2-300x216.jpg 300w, https:\/\/www.camping-cote-dargent.com\/wp-content\/uploads\/2024\/04\/vignoble-du-medoc_2-768x553.jpg 768w, https:\/\/www.camping-cote-dargent.com\/wp-content\/uploads\/2024\/04\/vignoble-du-medoc_2-1536x1106.jpg 1536w, https:\/\/www.camping-cote-dargent.com\/wp-content\/uploads\/2024\/04\/vignoble-du-medoc_2.jpg 2048w\" sizes=\"(max-width: 1024px) 100vw, 1024px\" title=\"\"><\/figure>\n<\/figure>\n<\/div>\n\n\n\n<div class=\"is-layout-flow wp-block-column is-vertically-aligned-center col-texte\">\n<h2 class=\"has-bleu-color has-text-color\">Visit M\u00e9doc wineries<\/h2>\n\n\n\n<p>When it comes to visiting <a href=\"https:\/\/www.camping-cote-dargent.com\/en\/alentours\/medoc-regional-nature-park\/\" data-type=\"alentours\" data-id=\"166\">M\u00e9doc<\/a> wineries, you&#8217;re spoilt for choice! In fact, you&#8217;ll find a wide range of wine-related activities on offer, including <a href=\"https:\/\/www.visiter-bordeaux.com\/fr\/decouvrir-le-vignoble\" target=\"_blank\" rel=\"noreferrer noopener\">cellar tours, blending workshops and tastings<\/a>, as well as more unusual activities such as cycling days in the Bordeaux vineyards, picnics in wine parks and wine-tasting cruises.<\/p>\n\n\n\n<p>To take your wine discovery even further, a stopover in Bordeaux is a must! The Gironde town is home to the famous <a href=\"https:\/\/www.laciteduvin.com\/fr\" target=\"_blank\" rel=\"noreferrer noopener\">Cit\u00e9 du Vin<\/a> and the <a href=\"https:\/\/www.museeduvinbordeaux.com\/\" target=\"_blank\" rel=\"noreferrer noopener\">Mus\u00e9e du Vin et du N\u00e9goce<\/a>.<\/p>\n\n\n\n<h2 class=\"h3 has-orange-color has-text-color\">Where to stay at a campsite near the Bordeaux vineyards?<\/h2>\n\n\n\n<p>Ideally located in northern Gironde, the C\u00f4te d&#8217;Argent campsite welcomes you to <strong>Hourtin<\/strong>, a stone&#8217;s throw from the Bordeaux vineyards. Its ideal location in the M\u00e9doc allows you to make the most of a day or half-day on the <strong>Bordeaux wine route<\/strong>. Saint-Est\u00e8phe is less than 30 minutes from the C\u00f4te d&#8217;Argent campsite, and Ch\u00e2teaux Margaux is 45 minutes away.<\/p>\n<\/div>\n<\/div>\n","protected":false},"excerpt":{"rendered":"<p>Visit the Bordeaux vineyards Exploring the Bordeaux terroir Would you like to enjoy the Bordeaux vineyards during your camping holiday in Gironde? With no fewer than 7,000 wine ch\u00e2teaux, Bordeaux and its wine-growing region are known the world over for their exceptional wines. Saint-Emilion, Saint-Est\u00e8phe and Ch\u00e2teau Margaux are perfect examples. The C\u00f4te d&#8217;Argent campsite [&hellip;]<\/p>\n","protected":false},"author":1,"featured_media":0,"parent":0,"menu_order":0,"comment_status":"closed","ping_status":"closed","template":"","meta":[],"acf":[],"_links":{"self":[{"href":"https:\/\/www.camping-cote-dargent.com\/en\/wp-json\/wp\/v2\/pages\/5377"}],"collection":[{"href":"https:\/\/www.camping-cote-dargent.com\/en\/wp-json\/wp\/v2\/pages"}],"about":[{"href":"https:\/\/www.camping-cote-dargent.com\/en\/wp-json\/wp\/v2\/types\/page"}],"author":[{"embeddable":true,"href":"https:\/\/www.camping-cote-dargent.com\/en\/wp-json\/wp\/v2\/users\/1"}],"replies":[{"embeddable":true,"href":"https:\/\/www.camping-cote-dargent.com\/en\/wp-json\/wp\/v2\/comments?post=5377"}],"version-history":[{"count":4,"href":"https:\/\/www.camping-cote-dargent.com\/en\/wp-json\/wp\/v2\/pages\/5377\/revisions"}],"predecessor-version":[{"id":6162,"href":"https:\/\/www.camping-cote-dargent.com\/en\/wp-json\/wp\/v2\/pages\/5377\/revisions\/6162"}],"wp:attachment":[{"href":"https:\/\/www.camping-cote-dargent.com\/en\/wp-json\/wp\/v2\/media?parent=5377"}],"curies":[{"name":"wp","href":"https:\/\/api.w.org\/{rel}","templated":true}]}}