{"id":5186,"date":"2023-12-01T11:04:19","date_gmt":"2023-12-01T10:04:19","guid":{"rendered":"https:\/\/www.camping-cote-dargent.com\/terms-of-use\/"},"modified":"2026-01-14T11:59:54","modified_gmt":"2026-01-14T10:59:54","slug":"terms-of-use","status":"publish","type":"page","link":"https:\/\/www.camping-cote-dargent.com\/en\/terms-of-use\/","title":{"rendered":"Terms of use"},"content":{"rendered":"\n<div class=\"is-layout-constrained wp-block-group\">\n<h1 class=\"has-text-align-center has-orange-color has-text-color\">Terms of use<\/h1>\n\n\n\n<div class=\"is-layout-flex wp-container-3 wp-block-columns\">\n<div class=\"is-layout-flow wp-block-column\">\n<p class=\"h3 has-bleu-color has-text-color has-sous-titre-font-size\"><strong><span itemprop=\"name\">Camping De La C\u00f4te d'Argent<\/span><\/strong><br><span class=\"fc-span\"><span class=\"wrp_denomination\"><span>SAS CAMPING DE LA COTE D'ARGENT<\/span><\/span><\/span><\/p>\n\n\n\n<p><strong>Address<\/strong>:  <span itemprop=\"address\">134 Route de Contaut 33990 Hourtin-Plage<\/span> <span itemprop=\"address\">Gironde Aquitaine<\/span><br><strong>Tel:<\/strong> <a itemprop=\"telephone\" href=\"tel:+33556091025\">05 56 09 10 25<\/a><br><strong>Mail:<\/strong> <span itemprop=\"email\">info@cca33.com<\/span><br><strong>SIRET:<\/strong> <span class=\"wrp_siret\"><span>41931772200017<\/span><\/span><br><strong>RCS:<\/strong> <span class=\"wrp_rcs\"><span>Bordeaux B 419 317 722<\/span><\/span><br><strong>VAT :<\/strong> <span class=\"wrp_tva\"><span>FR45419317722<\/span><\/span><br><strong>Capital :<\/strong> <span class=\"wrp_capital\"><span>3 500 000,00 \u20ac<\/span><\/span><\/p>\n\n\n\n<p>The <a href=\"https:\/\/www.camping-cote-dargent.com\/en\/\" itemprop=\"url\">camping-cote-dargent.com\/en\/<\/a> website is hosted by <strong>Niwanet<\/strong>.<\/p>\n\n\n\n<p><strong>FRANCECOM, Web Agency<br><\/strong>8 rue des Bruy\u00e8res, b\u00e2timent B, 44400 Rez\u00e9<br><strong>Tel<\/strong>: 02 51 80 88 88<br><strong>Fax<\/strong>: 02 51 80 88 87<br><strong>Web:<\/strong> https: <a href=\"https:\/\/francecom.fr\/\" data-type=\"URL\" data-id=\"https:\/\/francecom.fr\/\" target=\"_blank\" rel=\"noreferrer noopener\">\/\/francecom.fr\/<\/a><br>RCS : Nantes B 410 557 151<br>SIRET : 41055715100041<\/p>\n\n\n\n<p>Consultation of the <a href=\"https:\/\/www.camping-cote-dargent.com\/en\/\" itemprop=\"url\">camping-cote-dargent.com\/en\/<\/a> website is subject to full acceptance of and compliance with the following conditions of use.<\/p>\n\n\n\n<p>The Internet user hereby undertakes to make personal and non-commercial use of the information contained on the Site. Should the user fail to comply with the provisions of the present Charter, he or she may be held civilly and\/or criminally liable.<\/p>\n\n\n\n<p class=\"h3 has-bleu-color has-text-color has-sous-titre-font-size\"><strong><strong><strong>Site content<\/strong><\/strong><\/strong><\/p>\n\n\n\n<p>The site is operated by <strong>\n  <strong>\n    <span itemprop=\"name\">Camping De La C\u00f4te d'Argent<\/span>\n  <\/strong>\n<\/strong>.<\/p>\n\n\n\n<p>The site presents the company&#8217;s activities <strong>\n  <strong>\n    <span itemprop=\"name\">Camping De La C\u00f4te d'Argent<\/span>\n  <\/strong>\n<\/strong>.<\/p>\n\n\n\n<p class=\"h3 has-bleu-color has-text-color has-sous-titre-font-size\"><strong><strong><strong>Intellectual Property<\/strong><\/strong><\/strong><\/p>\n\n\n\n<p>The <a href=\"https:\/\/www.camping-cote-dargent.com\/en\/\" itemprop=\"url\">camping-cote-dargent.com\/en\/<\/a> website constitutes a work of which <strong>Francecom<\/strong> is the author within the meaning of articles L111.1 et seq. of the French Intellectual Property Code.<\/p>\n\n\n\n<p>In general, the data, programs, musical samples, texts, information, logos, visual identities, images, whether animated or not, and their layouts appearing on the <a href=\"https:\/\/www.camping-cote-dargent.com\/en\/\" itemprop=\"url\">camping-cote-dargent.com\/en\/<\/a> site are the property of <strong>Francecom<\/strong> (excluding photos belonging to the company.  <strong><strong><strong><span itemprop=\"name\">Camping De La C\u00f4te d'Argent<\/span><\/strong><\/strong><\/strong>  and texts written by the company  <strong><strong><strong><span itemprop=\"name\">Camping De La C\u00f4te d'Argent<\/span><\/strong><\/strong><\/strong>) and are therefore protected by the provisions of the French Intellectual Property Code.<\/p>\n\n\n\n<p>All Internet users undertake not to use them or allow anyone else to use them for illegal purposes.<\/p>\n\n\n\n<p>Any representation or reproduction, whether total or partial, permanent or temporary, on a computer and\/or paper medium, and by any process whatsoever (in particular by framing*), of any of the elements of the Site, is strictly forbidden.  <a href=\"https:\/\/www.camping-cote-dargent.com\/en\/\" itemprop=\"url\">camping-cote-dargent.com\/en\/<\/a>  or services offered for sale, without the prior and express consent of <strong>Francecom<\/strong> is prohibited, and constitutes an act of counterfeiting, which may result in civil and\/or criminal penalties. Only hard copies are authorized for private copying for the exclusive use of the copier as defined in article L122-5 2\u00b0 of the French Intellectual Property Code.<\/p>\n\n\n\n<p>No hypertext link to the <a href=\"https:\/\/www.camping-cote-dargent.com\/en\/\" itemprop=\"url\">camping-cote-dargent.com\/en\/<\/a> site may be installed without <strong>Francecom<\/strong>&#8216;s express prior consent.<\/p>\n\n\n\n<p>*The act of capturing the content of pages on a website and transferring it to one&#8217;s own website via a hypertext link, making the said content appear to be one&#8217;s own.<\/p>\n\n\n\n<p class=\"h3 has-bleu-color has-text-color has-sous-titre-font-size\"><strong><strong><strong>Photo credits<\/strong><\/strong><\/strong><\/p>\n\n\n\n<p>Non-contractual photos.<\/p>\n<\/div>\n\n\n\n<div class=\"is-layout-flow wp-block-column\">\n<p class=\"h3 has-bleu-color has-text-color has-sous-titre-font-size\"><strong><strong>Liability<\/strong><\/strong><\/p>\n\n\n\n<p>The company<strong> <strong><span itemprop=\"name\">Camping De La C\u00f4te d'Argent<\/span><\/strong><\/strong> declines all responsibility for any malfunctions that may occur on the <a href=\"https:\/\/www.camping-cote-dargent.com\/en\/\" itemprop=\"url\">camping-cote-dargent.com\/en\/<\/a> site, resulting in loss of data or unavailability of access to information produced on the site.<\/p>\n\n\n\n<p>The elements presented on the <a href=\"https:\/\/www.camping-cote-dargent.com\/en\/\" itemprop=\"url\">camping-cote-dargent.com\/en\/<\/a> website are subject to change without notice and are made available to Internet users without any express or tacit guarantee of any kind.<\/p>\n\n\n\n<p>The presence of hypertext links on the <a href=\"https:\/\/www.camping-cote-dargent.com\/en\/\" itemprop=\"url\">camping-cote-dargent.com\/en\/<\/a> site &#8211; regardless of whether or not the company has given its prior consent &#8211; does not create joint liability between the company and the owners of the other sites, as regards the content of the sites to which the user is redirected. <strong>\n  <strong>\n    <strong>\n      <span itemprop=\"name\">Camping De La C\u00f4te d'Argent<\/span>\n    <\/strong>\n  <\/strong>\n<\/strong> &#8211; does not create joint liability between the company and the owners of the other sites, as regards the content of the sites to which the Internet user is redirected.<\/p>\n\n\n\n<p>The company  <strong><strong><strong><span itemprop=\"name\">Camping De La C\u00f4te d'Argent<\/span><\/strong><\/strong><\/strong>  cannot guarantee the completeness or accuracy of the information provided on the <a href=\"https:\/\/www.camping-cote-dargent.com\/en\/\" itemprop=\"url\">camping-cote-dargent.com\/en\/<\/a> website. In the same way, it cannot guarantee the absence of modification by a third party (intrusion, virus).<\/p>\n\n\n\n<p>Furthermore, Internet users are solely responsible for their use of the content of the <a href=\"https:\/\/www.camping-cote-dargent.com\/en\/\" itemprop=\"url\">camping-cote-dargent.com\/en\/<\/a> website. Except in the case of gross negligence on the part of the company  <strong><strong><strong><span itemprop=\"name\">Camping De La C\u00f4te d'Argent<\/span><\/strong><\/strong><\/strong>It cannot be held liable for any direct or indirect damage resulting from the use of information provided on the <a href=\"https:\/\/www.camping-cote-dargent.com\/en\/\" itemprop=\"url\">camping-cote-dargent.com\/en\/<\/a> website.<\/p>\n\n\n\n<p class=\"h3 has-bleu-color has-text-color has-sous-titre-font-size\"><strong><strong>Applicable law and jurisdiction<\/strong><\/strong><\/p>\n\n\n\n<p>All information published on the <a href=\"https:\/\/www.camping-cote-dargent.com\/en\/\" itemprop=\"url\">camping-cote-dargent.com\/en\/<\/a> website and the use made of it are subject exclusively to French law. Only the courts within the jurisdiction of the<strong> Court of Appeal <span class=\"wrp_cours_appel\"><span>de Bordeaux<\/span><\/span><\/strong> are competent to hear any disputes arising from the use of the <a href=\"https:\/\/www.camping-cote-dargent.com\/en\/\" itemprop=\"url\">camping-cote-dargent.com\/en\/<\/a> website.<br><\/p>\n\n\n\n<p><strong>CM2C<\/strong><br>14 rue Saint Jean<br>75017 Paris<br><a href=\"https:\/\/www.cm2c.net\/\" target=\"_blank\" rel=\"noreferrer noopener\">cm2c.net<\/a><br><a href=\"mailto:cm2c@cm2c.net\">cm2c@cm2c.net<\/a><\/p>\n\n\n\n<p class=\"h3 has-bleu-color has-text-color has-sous-titre-font-size\"><strong>General terms and conditions<\/strong><\/p>\n\n\n\n<p>The <a href=\"https:\/\/www.camping-cote-dargent.com\/en\/\" itemprop=\"url\">camping-cote-dargent.com\/en\/<\/a> website does not allow purchases to be made on the site. The General Terms and Conditions of Sale are available in the Downloads section, or on request from the following address  <strong><strong><span itemprop=\"email\">info@cca33.com<\/span><\/strong><\/strong><\/p>\n\n\n\n<p class=\"h3 has-bleu-color has-text-color has-sous-titre-font-size\"><strong>Information about cookies on our site<\/strong><\/p>\n\n\n\n<p>L\u2019informations d\u00e9taill\u00e9e des cookies et leurs gestions sur le site sont disponibles ici :&nbsp;<a href=\"https:\/\/www.camping-cote-dargent.com\/en\/cookie-policy-eu\/\" data-type=\"URL\" data-id=\"https:\/\/www.camping-cote-dargent.com\/en\/cookie-policy-eu\/\">Politique de cookies (EU)<\/a><\/p>\n\n\n\n<p>You can find out more about the use of cookies on the CNIL website: <a href=\"https:\/\/www.cnil.fr\/fr\/cookies-et-autres-traceurs\/comment-se-proteger\/maitriser-votre-navigateur\" target=\"_blank\" rel=\"noreferrer noopener\">cnil.fr<\/a><\/p>\n\n\n\n<p><strong>Information on privacy policy and personal data management :<\/strong><\/p>\n\n\n\n<p>L\u2019informations d\u00e9taill\u00e9e de la <a href=\"https:\/\/www.camping-cote-dargent.com\/en\/privacy-and-personal-data\/\" data-type=\"URL\" data-id=\"https:\/\/www.camping-cote-dargent.com\/en\/privacy-and-personal-data\/\">politique de confidentialit\u00e9 et de la gestion des donn\u00e9es personnelles<\/a><\/p>\n<\/div>\n<\/div>\n<\/div>\n","protected":false},"excerpt":{"rendered":"<p>Terms of use Address: Tel: Mail: SIRET: RCS: VAT : Capital : The website is hosted by Niwanet. FRANCECOM, Web Agency8 rue des Bruy\u00e8res, b\u00e2timent B, 44400 Rez\u00e9Tel: 02 51 80 88 88Fax: 02 51 80 88 87Web: https: \/\/francecom.fr\/RCS : Nantes B 410 557 151SIRET : 41055715100041 Consultation of the website is subject to [&hellip;]<\/p>\n","protected":false},"author":1,"featured_media":0,"parent":0,"menu_order":0,"comment_status":"closed","ping_status":"closed","template":"","meta":[],"acf":[],"_links":{"self":[{"href":"https:\/\/www.camping-cote-dargent.com\/en\/wp-json\/wp\/v2\/pages\/5186"}],"collection":[{"href":"https:\/\/www.camping-cote-dargent.com\/en\/wp-json\/wp\/v2\/pages"}],"about":[{"href":"https:\/\/www.camping-cote-dargent.com\/en\/wp-json\/wp\/v2\/types\/page"}],"author":[{"embeddable":true,"href":"https:\/\/www.camping-cote-dargent.com\/en\/wp-json\/wp\/v2\/users\/1"}],"replies":[{"embeddable":true,"href":"https:\/\/www.camping-cote-dargent.com\/en\/wp-json\/wp\/v2\/comments?post=5186"}],"version-history":[{"count":6,"href":"https:\/\/www.camping-cote-dargent.com\/en\/wp-json\/wp\/v2\/pages\/5186\/revisions"}],"predecessor-version":[{"id":9117,"href":"https:\/\/www.camping-cote-dargent.com\/en\/wp-json\/wp\/v2\/pages\/5186\/revisions\/9117"}],"wp:attachment":[{"href":"https:\/\/www.camping-cote-dargent.com\/en\/wp-json\/wp\/v2\/media?parent=5186"}],"curies":[{"name":"wp","href":"https:\/\/api.w.org\/{rel}","templated":true}]}}