{"id":8767,"date":"2025-03-24T14:53:50","date_gmt":"2025-03-24T13:53:50","guid":{"rendered":"https:\/\/www.camping-cote-dargent.com\/unsere-partner\/"},"modified":"2026-01-13T15:33:10","modified_gmt":"2026-01-13T14:33:10","slug":"unsere-partner","status":"publish","type":"page","link":"https:\/\/www.camping-cote-dargent.com\/de\/unsere-partner\/","title":{"rendered":"Unsere Partner"},"content":{"rendered":"\n<div class=\"is-layout-constrained wp-block-group\">\n<div class=\"is-layout-flex wp-container-3 wp-block-columns\">\n<div class=\"is-layout-flow wp-block-column\" style=\"flex-basis:66.66%\">\n<h1>Die Partner des Campingplatzes C\u00f4te d&#8217;Argent<\/h1>\n\n\n\n<p>Finden Sie f\u00fcr Ihren n\u00e4chsten Urlaub ganz einfach eine Unterkunft dank unserer Partner:<\/p>\n\n\n\n<p><a href=\"http:\/\/3-4jours.com\/decouvrir-lherault-lors-dun-sejour-a-serignan\/\" rel=\"noopener\">3-4 Tage \u2013 Reiseblog<\/a><\/p>\n\n\n\n<p><a href=\"https:\/\/leblogvoyage.fr\/voyage-en-france\/decouvrez-le-gard-une-destination-ideale-pour-des-vacances-en-camping-en-famille\/\" data-type=\"URL\" data-id=\"https:\/\/leblogvoyage.fr\/voyage-en-france\/decouvrez-le-gard-une-destination-ideale-pour-des-vacances-en-camping-en-famille\/\" rel=\"noopener\">Der Reiseblog<\/a><\/p>\n\n\n\n<p><a href=\"http:\/\/nogovoyages.com\/france\/decouvrir-les-pyrenees-orientales\/\" data-type=\"URL\" data-id=\"nogovoyages.com\/france\/decouvrir-les-pyrenees-orientales\/\" rel=\"noopener\">Nogo Reisen<\/a><\/p>\n\n\n\n<p><a href=\"https:\/\/www.koala-annuaireweb.com\/tourisme\/campings\/\" rel=\"noopener\">Koala Surfer \u2013 Kostenloses Verzeichnis \u2013 Campingpl\u00e4tze<\/a><\/p>\n\n\n\n<p><a href=\"https:\/\/www.annuaire-du-tourisme.fr\/camping-et-village-vacances\/\" rel=\"noopener\">Tourismusverzeichnis \u2013 Campingplatz und Feriendorf<\/a><\/p>\n\n\n\n<p><a href=\"https:\/\/www.proxicamping.fr\/\" target=\"_blank\" rel=\"noreferrer noopener\">Proxicamping \u2013 Verzeichnis der besten Campingpl\u00e4tze<\/a><\/p>\n\n\n\n<p><a href=\"http:\/\/annuaire-location.com\" rel=\"noopener\">Vermietungsverzeichnis<\/a><\/p>\n\n\n\n<p>Dar\u00fcber hinaus k\u00f6nnen Sie w\u00e4hrend Ihres Campingurlaubs in <a href=\"https:\/\/www.camping-cote-dargent.com\/de\/\" data-type=\"page\" data-id=\"125\">Hourtin <\/a>zahlreiche Aktivit\u00e4ten genie\u00dfen, egal ob mit der Familie, zu zweit oder mit Freunden.<\/p>\n<\/div>\n\n\n\n<div class=\"is-layout-flow wp-block-column\" style=\"flex-basis:33.33%\">\n<figure class=\"wp-block-image size-large fc-auto\"><img decoding=\"async\" width=\"1024\" height=\"576\" src=\"https:\/\/www.camping-cote-dargent.com\/wp-content\/uploads\/2024\/10\/DRONE_2_OK__18-1024x576.jpg\" alt=\"\" class=\"wp-image-7070\" srcset=\"https:\/\/www.camping-cote-dargent.com\/wp-content\/uploads\/2024\/10\/DRONE_2_OK__18-1024x576.jpg 1024w, https:\/\/www.camping-cote-dargent.com\/wp-content\/uploads\/2024\/10\/DRONE_2_OK__18-300x169.jpg 300w, https:\/\/www.camping-cote-dargent.com\/wp-content\/uploads\/2024\/10\/DRONE_2_OK__18-768x432.jpg 768w, https:\/\/www.camping-cote-dargent.com\/wp-content\/uploads\/2024\/10\/DRONE_2_OK__18-1536x864.jpg 1536w, https:\/\/www.camping-cote-dargent.com\/wp-content\/uploads\/2024\/10\/DRONE_2_OK__18-2048x1152.jpg 2048w\" sizes=\"(max-width: 1024px) 100vw, 1024px\" title=\"\"><\/figure>\n<\/div>\n<\/div>\n<\/div>\n","protected":false},"excerpt":{"rendered":"<p>Die Partner des Campingplatzes C\u00f4te d&#8217;Argent Finden Sie f\u00fcr Ihren n\u00e4chsten Urlaub ganz einfach eine Unterkunft dank unserer Partner: 3-4 Tage \u2013 Reiseblog Der Reiseblog Nogo Reisen Koala Surfer \u2013 Kostenloses Verzeichnis \u2013 Campingpl\u00e4tze Tourismusverzeichnis \u2013 Campingplatz und Feriendorf Proxicamping \u2013 Verzeichnis der besten Campingpl\u00e4tze Vermietungsverzeichnis Dar\u00fcber hinaus k\u00f6nnen Sie w\u00e4hrend Ihres Campingurlaubs in Hourtin [&hellip;]<\/p>\n","protected":false},"author":1,"featured_media":0,"parent":0,"menu_order":0,"comment_status":"closed","ping_status":"closed","template":"","meta":[],"acf":[],"_links":{"self":[{"href":"https:\/\/www.camping-cote-dargent.com\/de\/wp-json\/wp\/v2\/pages\/8767"}],"collection":[{"href":"https:\/\/www.camping-cote-dargent.com\/de\/wp-json\/wp\/v2\/pages"}],"about":[{"href":"https:\/\/www.camping-cote-dargent.com\/de\/wp-json\/wp\/v2\/types\/page"}],"author":[{"embeddable":true,"href":"https:\/\/www.camping-cote-dargent.com\/de\/wp-json\/wp\/v2\/users\/1"}],"replies":[{"embeddable":true,"href":"https:\/\/www.camping-cote-dargent.com\/de\/wp-json\/wp\/v2\/comments?post=8767"}],"version-history":[{"count":1,"href":"https:\/\/www.camping-cote-dargent.com\/de\/wp-json\/wp\/v2\/pages\/8767\/revisions"}],"predecessor-version":[{"id":8768,"href":"https:\/\/www.camping-cote-dargent.com\/de\/wp-json\/wp\/v2\/pages\/8767\/revisions\/8768"}],"wp:attachment":[{"href":"https:\/\/www.camping-cote-dargent.com\/de\/wp-json\/wp\/v2\/media?parent=8767"}],"curies":[{"name":"wp","href":"https:\/\/api.w.org\/{rel}","templated":true}]}}