{"id":5381,"date":"2024-03-21T12:13:04","date_gmt":"2024-03-21T11:13:04","guid":{"rendered":"https:\/\/www.camping-cote-dargent.com\/besuchen-sie-das-weinbaugebiet-bordeaux\/"},"modified":"2024-05-15T17:09:17","modified_gmt":"2024-05-15T15:09:17","slug":"besuchen-sie-das-weinbaugebiet-bordeaux","status":"publish","type":"page","link":"https:\/\/www.camping-cote-dargent.com\/de\/besuchen-sie-das-weinbaugebiet-bordeaux\/","title":{"rendered":"Besuchen Sie das Weinbaugebiet Bordeaux"},"content":{"rendered":"\n<div class=\"is-layout-flow wp-block-group alignfull diaporama-header\">\n<figure class=\"is-layout-flex wp-block-gallery-1 wp-block-gallery has-nested-images columns-default is-cropped fc-auto\">\n<figure class=\"wp-block-image size-full fc-auto\"><img decoding=\"async\" width=\"1920\" height=\"768\" src=\"https:\/\/www.camping-cote-dargent.com\/wp-content\/uploads\/2024\/03\/image-4-1.jpg\" alt=\"\" class=\"wp-image-3902\" srcset=\"https:\/\/www.camping-cote-dargent.com\/wp-content\/uploads\/2024\/03\/image-4-1.jpg 1920w, https:\/\/www.camping-cote-dargent.com\/wp-content\/uploads\/2024\/03\/image-4-1-300x120.jpg 300w, https:\/\/www.camping-cote-dargent.com\/wp-content\/uploads\/2024\/03\/image-4-1-1024x410.jpg 1024w, https:\/\/www.camping-cote-dargent.com\/wp-content\/uploads\/2024\/03\/image-4-1-768x307.jpg 768w, https:\/\/www.camping-cote-dargent.com\/wp-content\/uploads\/2024\/03\/image-4-1-1536x614.jpg 1536w\" sizes=\"(max-width: 1920px) 100vw, 1920px\" title=\"\"><\/figure>\n<\/figure>\n\n\n\n<div class=\"is-layout-constrained wp-block-group\">\n<div class=\"is-content-justification-center is-layout-flex wp-container-3 wp-block-buttons\">\n<div class=\"wp-block-button btn_resa\"><a class=\"wp-block-button__link has-bleufonce-color has-bleuclair-background-color has-text-color has-background wp-element-button\">Buche einen Aufenthalt<\/a><\/div>\n<\/div>\n<\/div>\n<\/div>\n\n<div class=\"is-layout-flex wp-container-14 wp-block-columns C-10 vague-jaune\">\n<div class=\"is-layout-flow wp-block-column col-texte\">\n<h1 class=\"h1 has-orange-color has-text-color\">Besuchen Sie das Weinbaugebiet Bordeaux<\/h1>\n\n\n\n<div class=\"is-layout-flex wp-container-9 wp-block-columns\">\n<div class=\"is-layout-flow wp-block-column\">\n<p class=\"has-text-align-left fc-caps has-fond-color has-vertfonce-background-color has-text-color has-background\"><span class=\"fc-span\">Erkunden Sie das Terroir von Bordeaux<\/span><\/p>\n\n\n\n<figure class=\"wp-block-image size-full fc-rond fc-auto\"><img decoding=\"async\" width=\"640\" height=\"427\" src=\"https:\/\/www.camping-cote-dargent.com\/wp-content\/uploads\/2024\/03\/grapes-ga1e795e01_640.jpg\" alt=\"\" class=\"wp-image-2648\" srcset=\"https:\/\/www.camping-cote-dargent.com\/wp-content\/uploads\/2024\/03\/grapes-ga1e795e01_640.jpg 640w, https:\/\/www.camping-cote-dargent.com\/wp-content\/uploads\/2024\/03\/grapes-ga1e795e01_640-300x200.jpg 300w\" sizes=\"(max-width: 640px) 100vw, 640px\" title=\"\"><\/figure>\n<\/div>\n\n\n\n<div class=\"is-layout-flow wp-block-column\">\n<p>M\u00f6chten Sie w\u00e4hrend Ihres Aufenthalts auf einem <strong>Campingplatz in der Gironde<\/strong> die Weinberge von Bordeaux genie\u00dfen? Mit nicht weniger als <strong>7000 Weinschl\u00f6ssern<\/strong>strahlt Bordeaux und seine Weinregion dank seiner au\u00dfergew\u00f6hnlichen Weine in der ganzen Welt. <strong>Saint-Emilion, Saint-Est\u00e8phe und Ch\u00e2teau Margaux<\/strong> sind perfekte Beispiele f\u00fcr diese Weine. Der <strong>Campingplatz de la C\u00f4te d&#8217;Argent<\/strong> in <a href=\"https:\/\/www.camping-cote-dargent.com\/de\/alentours\/hourtin\/\">Hourtin<\/a> nimmt Sie mit auf eine Entdeckungsreise zu den <strong>Weing\u00fctern des M\u00e9doc<\/strong> f\u00fcr Ihren n\u00e4chsten Aufenthalt in der Region.<\/p>\n\n\n\n<h2 class=\"h3 has-bleu-color has-text-color\">Entdecken Sie das Weinbaugebiet von Bordeaux<\/h2>\n\n\n\n<div class=\"wp-block-fc-gut-lire-plus fc-desk\">\n<p>Lesen Sie mehr<\/p>\n\n\n\n<div class=\"is-layout-flow wp-block-group\">\n<p>Bordeaux, die Welthauptstadt des Weins, verdankt diese Bezeichnung seinen reichen Weinbergen entlang der M\u00fcndung, wo international anerkannte <strong>Grands Crus und Grands Crus Class\u00e9s<\/strong> produziert werden. Ein <a href=\"https:\/\/www.camping-cote-dargent.com\/de\/5-sterne-campingplatz-in-der-gironde\/\" data-type=\"page\" data-id=\"128\">Aufenthalt in der Gironde<\/a> ist daher die ideale Gelegenheit, die Weinwelt und die ber\u00fchmten Bordeaux-Weine zu erkunden.<\/p>\n<\/div>\n<\/div>\n<\/div>\n<\/div>\n<\/div>\n\n\n\n<div class=\"is-layout-flow wp-block-column col-images\">\n<figure class=\"is-layout-flex wp-block-gallery-11 wp-block-gallery has-nested-images columns-1 is-cropped fc-full\">\n<figure class=\"wp-block-image size-full fc-auto\"><img decoding=\"async\" width=\"1920\" height=\"1280\" src=\"https:\/\/www.camping-cote-dargent.com\/wp-content\/uploads\/2024\/04\/AdobeStock_611478232.jpg\" alt=\"\" class=\"wp-image-4194\" srcset=\"https:\/\/www.camping-cote-dargent.com\/wp-content\/uploads\/2024\/04\/AdobeStock_611478232.jpg 1920w, https:\/\/www.camping-cote-dargent.com\/wp-content\/uploads\/2024\/04\/AdobeStock_611478232-300x200.jpg 300w, https:\/\/www.camping-cote-dargent.com\/wp-content\/uploads\/2024\/04\/AdobeStock_611478232-1024x683.jpg 1024w, https:\/\/www.camping-cote-dargent.com\/wp-content\/uploads\/2024\/04\/AdobeStock_611478232-768x512.jpg 768w, https:\/\/www.camping-cote-dargent.com\/wp-content\/uploads\/2024\/04\/AdobeStock_611478232-1536x1024.jpg 1536w\" sizes=\"(max-width: 1920px) 100vw, 1920px\" title=\"\"><\/figure>\n\n\n\n<figure class=\"wp-block-image size-full fc-auto\"><img decoding=\"async\" width=\"1920\" height=\"1287\" src=\"https:\/\/www.camping-cote-dargent.com\/wp-content\/uploads\/2024\/04\/AdobeStock_201915705.jpg\" alt=\"\" class=\"wp-image-4202\" srcset=\"https:\/\/www.camping-cote-dargent.com\/wp-content\/uploads\/2024\/04\/AdobeStock_201915705.jpg 1920w, https:\/\/www.camping-cote-dargent.com\/wp-content\/uploads\/2024\/04\/AdobeStock_201915705-300x201.jpg 300w, https:\/\/www.camping-cote-dargent.com\/wp-content\/uploads\/2024\/04\/AdobeStock_201915705-1024x686.jpg 1024w, https:\/\/www.camping-cote-dargent.com\/wp-content\/uploads\/2024\/04\/AdobeStock_201915705-768x515.jpg 768w, https:\/\/www.camping-cote-dargent.com\/wp-content\/uploads\/2024\/04\/AdobeStock_201915705-1536x1030.jpg 1536w\" sizes=\"(max-width: 1920px) 100vw, 1920px\" title=\"\"><\/figure>\n<\/figure>\n<\/div>\n<\/div>\n\n<div class=\"is-layout-flex wp-container-19 wp-block-columns C-20 vague-orange reverse-mob\">\n<div class=\"is-layout-flow wp-block-column col-images\">\n<figure class=\"is-layout-flex wp-block-gallery-15 wp-block-gallery has-nested-images columns-2 is-cropped fc-diapo-mob fc-auto\">\n<figure class=\"wp-block-image size-full fc-caps fc-auto\"><img decoding=\"async\" width=\"968\" height=\"800\" src=\"https:\/\/www.camping-cote-dargent.com\/wp-content\/uploads\/2024\/04\/parc-naturel-regional-du-medoc-1.jpg\" alt=\"\" class=\"wp-image-4505\" srcset=\"https:\/\/www.camping-cote-dargent.com\/wp-content\/uploads\/2024\/04\/parc-naturel-regional-du-medoc-1.jpg 968w, https:\/\/www.camping-cote-dargent.com\/wp-content\/uploads\/2024\/04\/parc-naturel-regional-du-medoc-1-300x248.jpg 300w, https:\/\/www.camping-cote-dargent.com\/wp-content\/uploads\/2024\/04\/parc-naturel-regional-du-medoc-1-768x635.jpg 768w\" sizes=\"(max-width: 968px) 100vw, 968px\" title=\"\"><\/figure>\n\n\n\n<figure class=\"wp-block-image size-full fc-pola fc-auto\"><img decoding=\"async\" width=\"667\" height=\"500\" src=\"https:\/\/www.camping-cote-dargent.com\/wp-content\/uploads\/2024\/03\/wc_lesparre-medoc-1.jpg\" alt=\"\" class=\"wp-image-3488\" srcset=\"https:\/\/www.camping-cote-dargent.com\/wp-content\/uploads\/2024\/03\/wc_lesparre-medoc-1.jpg 667w, https:\/\/www.camping-cote-dargent.com\/wp-content\/uploads\/2024\/03\/wc_lesparre-medoc-1-300x225.jpg 300w\" sizes=\"(max-width: 667px) 100vw, 667px\" title=\"\"><figcaption class=\"wp-element-caption\">Lesparre-M\u00e9doc<\/figcaption><\/figure>\n\n\n\n<figure class=\"wp-block-image size-large fc-auto\"><img decoding=\"async\" width=\"1024\" height=\"737\" src=\"https:\/\/www.camping-cote-dargent.com\/wp-content\/uploads\/2024\/04\/vignoble-du-medoc_2-1024x737.jpg\" alt=\"\" class=\"wp-image-4509\" srcset=\"https:\/\/www.camping-cote-dargent.com\/wp-content\/uploads\/2024\/04\/vignoble-du-medoc_2-1024x737.jpg 1024w, https:\/\/www.camping-cote-dargent.com\/wp-content\/uploads\/2024\/04\/vignoble-du-medoc_2-300x216.jpg 300w, https:\/\/www.camping-cote-dargent.com\/wp-content\/uploads\/2024\/04\/vignoble-du-medoc_2-768x553.jpg 768w, https:\/\/www.camping-cote-dargent.com\/wp-content\/uploads\/2024\/04\/vignoble-du-medoc_2-1536x1106.jpg 1536w, https:\/\/www.camping-cote-dargent.com\/wp-content\/uploads\/2024\/04\/vignoble-du-medoc_2.jpg 2048w\" sizes=\"(max-width: 1024px) 100vw, 1024px\" title=\"\"><\/figure>\n<\/figure>\n<\/div>\n\n\n\n<div class=\"is-layout-flow wp-block-column is-vertically-aligned-center col-texte\">\n<h2 class=\"has-bleu-color has-text-color\">Besuchen Sie die Weing\u00fcter des M\u00e9doc<\/h2>\n\n\n\n<p>Wenn Sie die Weing\u00fcter des <a href=\"https:\/\/www.camping-cote-dargent.com\/de\/alentours\/regionaler-naturpark-medoc\/\" data-type=\"alentours\" data-id=\"166\">M\u00e9doc<\/a> besuchen m\u00f6chten, haben Sie die Qual der Wahl! Es gibt eine Reihe von Aktivit\u00e4ten rund um die \u00d6nologie <a href=\"https:\/\/www.visiter-bordeaux.com\/fr\/decouvrir-le-vignoble\" target=\"_blank\" rel=\"noreferrer noopener\">,<\/a> darunter <a href=\"https:\/\/www.visiter-bordeaux.com\/fr\/decouvrir-le-vignoble\" target=\"_blank\" rel=\"noreferrer noopener\">Besichtigungen von Weinkellern, Assemblage-Workshops, Weinproben<\/a>, aber auch ungew\u00f6hnlichere Aktivit\u00e4ten wie Fahrradtouren durch die Weinberge von Bordeaux, Picknicks in Weinparks und Kreuzfahrten mit Weinproben.<\/p>\n\n\n\n<p>Wenn Sie noch mehr Wein entdecken m\u00f6chten, sollten Sie unbedingt in Bordeaux Halt machen! In der Stadt in der Gironde finden Sie die ber\u00fchmte <a href=\"https:\/\/www.laciteduvin.com\/fr\" target=\"_blank\" rel=\"noreferrer noopener\">Cit\u00e9 du Vin<\/a> und das <a href=\"https:\/\/www.museeduvinbordeaux.com\/\" target=\"_blank\" rel=\"noreferrer noopener\">Mus\u00e9e<\/a> <a href=\"https:\/\/www.laciteduvin.com\/fr\" target=\"_blank\" rel=\"noreferrer noopener\">du<\/a> <a href=\"https:\/\/www.museeduvinbordeaux.com\/\" target=\"_blank\" rel=\"noreferrer noopener\">Vin et du N\u00e9goce (Wein- und Handelsmuseum<\/a>).<\/p>\n\n\n\n<h2 class=\"h3 has-orange-color has-text-color\">Wo kann man auf einem Campingplatz in der N\u00e4he der Weinberge von Bordeaux \u00fcbernachten?<\/h2>\n\n\n\n<p>Der Campingplatz C\u00f4te d&#8217;Argent liegt ideal im Norden der Gironde und empf\u00e4ngt Sie in der N\u00e4he der Weinberge von Bordeaux, in <strong>Hourtin<\/strong>. Die ideale Lage im M\u00e9doc erm\u00f6glicht es Ihnen, einen Tag oder einen halben Tag auf der <strong>Bordeaux-Weinstra\u00dfe<\/strong> zu genie\u00dfen. Sie k\u00f6nnen Saint-Est\u00e8phe in weniger als 30 Minuten vom Camping de la c\u00f4te d&#8217;Argent aus erreichen oder Ch\u00e2teaux Margaux in 45 Minuten, um nur einige zu nennen.<\/p>\n<\/div>\n<\/div>\n","protected":false},"excerpt":{"rendered":"<p>Besuchen Sie das Weinbaugebiet Bordeaux Erkunden Sie das Terroir von Bordeaux M\u00f6chten Sie w\u00e4hrend Ihres Aufenthalts auf einem Campingplatz in der Gironde die Weinberge von Bordeaux genie\u00dfen? Mit nicht weniger als 7000 Weinschl\u00f6ssernstrahlt Bordeaux und seine Weinregion dank seiner au\u00dfergew\u00f6hnlichen Weine in der ganzen Welt. Saint-Emilion, Saint-Est\u00e8phe und Ch\u00e2teau Margaux sind perfekte Beispiele f\u00fcr diese [&hellip;]<\/p>\n","protected":false},"author":1,"featured_media":0,"parent":0,"menu_order":0,"comment_status":"closed","ping_status":"closed","template":"","meta":[],"acf":[],"_links":{"self":[{"href":"https:\/\/www.camping-cote-dargent.com\/de\/wp-json\/wp\/v2\/pages\/5381"}],"collection":[{"href":"https:\/\/www.camping-cote-dargent.com\/de\/wp-json\/wp\/v2\/pages"}],"about":[{"href":"https:\/\/www.camping-cote-dargent.com\/de\/wp-json\/wp\/v2\/types\/page"}],"author":[{"embeddable":true,"href":"https:\/\/www.camping-cote-dargent.com\/de\/wp-json\/wp\/v2\/users\/1"}],"replies":[{"embeddable":true,"href":"https:\/\/www.camping-cote-dargent.com\/de\/wp-json\/wp\/v2\/comments?post=5381"}],"version-history":[{"count":5,"href":"https:\/\/www.camping-cote-dargent.com\/de\/wp-json\/wp\/v2\/pages\/5381\/revisions"}],"predecessor-version":[{"id":6022,"href":"https:\/\/www.camping-cote-dargent.com\/de\/wp-json\/wp\/v2\/pages\/5381\/revisions\/6022"}],"wp:attachment":[{"href":"https:\/\/www.camping-cote-dargent.com\/de\/wp-json\/wp\/v2\/media?parent=5381"}],"curies":[{"name":"wp","href":"https:\/\/api.w.org\/{rel}","templated":true}]}}