{"id":5359,"date":"2024-03-21T12:13:04","date_gmt":"2024-03-21T11:13:04","guid":{"rendered":"https:\/\/www.camping-cote-dargent.com\/soulac-sur-mer\/"},"modified":"2026-01-13T15:44:44","modified_gmt":"2026-01-13T14:44:44","slug":"soulac-sur-mer","status":"publish","type":"page","link":"https:\/\/www.camping-cote-dargent.com\/de\/soulac-sur-mer\/","title":{"rendered":"Soulac-sur-Mer"},"content":{"rendered":"\n<div class=\"is-layout-flow wp-block-group alignfull diaporama-header\">\n<figure class=\"is-layout-flex wp-block-gallery-1 wp-block-gallery has-nested-images columns-default is-cropped fc-auto\">\n<figure class=\"wp-block-image size-full fc-auto\"><img decoding=\"async\" width=\"1920\" height=\"768\" src=\"https:\/\/www.camping-cote-dargent.com\/wp-content\/uploads\/2024\/03\/image-4-1.jpg\" alt=\"\" class=\"wp-image-3902\" srcset=\"https:\/\/www.camping-cote-dargent.com\/wp-content\/uploads\/2024\/03\/image-4-1.jpg 1920w, https:\/\/www.camping-cote-dargent.com\/wp-content\/uploads\/2024\/03\/image-4-1-300x120.jpg 300w, https:\/\/www.camping-cote-dargent.com\/wp-content\/uploads\/2024\/03\/image-4-1-1024x410.jpg 1024w, https:\/\/www.camping-cote-dargent.com\/wp-content\/uploads\/2024\/03\/image-4-1-768x307.jpg 768w, https:\/\/www.camping-cote-dargent.com\/wp-content\/uploads\/2024\/03\/image-4-1-1536x614.jpg 1536w\" sizes=\"(max-width: 1920px) 100vw, 1920px\" title=\"\"><\/figure>\n<\/figure>\n\n\n\n<div class=\"is-layout-constrained wp-block-group\">\n<div class=\"is-content-justification-center is-layout-flex wp-container-3 wp-block-buttons\">\n<div class=\"wp-block-button btn_resa\"><a class=\"wp-block-button__link has-bleufonce-color has-bleuclair-background-color has-text-color has-background wp-element-button\">Buchen Sie Ihren Aufenthalt<\/a><\/div>\n<\/div>\n<\/div>\n<\/div>\n\n<div class=\"is-layout-flex wp-container-10 wp-block-columns C-30 vague-jaune\">\n<div class=\"is-layout-flow wp-block-column col-texte\">\n<h1 class=\"has-orange-color has-text-color\" style=\"font-size:72px\">Entre dunes et vignes : le meilleur de Soulac sur Mer, pr\u00e8s de votre camping<\/h1>\n\n\n\n<p class=\"has-bleufonce-color has-text-color\" style=\"font-size:18px\"><strong>Soulac-sur-Mer<\/strong> ist die zweitn\u00f6rdlichste Stadt der <a href=\"https:\/\/www.camping-cote-dargent.com\/de\/5-sterne-campingplatz-in-der-gironde\/\" data-type=\"page\" data-id=\"128\">Gironde<\/a> und zeichnet sich durch seine H\u00e4nge aus, die auf der einen Seite zum<strong>Atlantischen Ozean<\/strong> und auf der anderen Seite zur<strong>M\u00fcndung der Gironde<\/strong> zeigen. Der Campingplatz de la C\u00f4te d&#8217;Argent nimmt Sie mit auf eine Entdeckungsreise durch Soulac sur Mer, damit Sie die verschiedenen Facetten der Stadt genie\u00dfen k\u00f6nnen.<\/p>\n\n\n\n<h2 class=\"has-bleu-color has-text-color has-x-large-font-size\">Was kann man in Soulac sur Mer unternehmen und was gibt es zu sehen?<\/h2>\n\n\n\n<p class=\"has-bleufonce-color has-text-color\" style=\"font-size:18px\">Als Badeort in der <strong>Gironde<\/strong> ist es nicht verwunderlich, dass die <strong>Str\u00e4nde von Soulac sur Mer<\/strong> eine der Facetten darstellen, die den Ort charakterisieren. Wie in <a href=\"https:\/\/www.camping-cote-dargent.com\/de\/alentours\/hourtin\/\">Hourtin<\/a> finden Sie auch hier zahlreiche Wassersportm\u00f6glichkeiten. Surfen, Jetski, Kajak, Wakeboard &#8211; w\u00e4hlen Sie die Aktivit\u00e4t, die Ihnen gef\u00e4llt! Dar\u00fcber hinaus gibt es noch weitere Ideen f\u00fcr Ausfl\u00fcge, um die Stadt und ihr Erbe zu entdecken.<\/p>\n<\/div>\n\n\n\n<div class=\"is-layout-flow wp-block-column col-images\">\n<figure class=\"is-layout-flex wp-block-gallery-7 wp-block-gallery has-nested-images columns-2 is-cropped fc-diapo-mob fc-auto\">\n<figure class=\"wp-block-image size-large fc-caps fc-auto\"><img decoding=\"async\" width=\"1024\" height=\"697\" src=\"https:\/\/www.camping-cote-dargent.com\/wp-content\/uploads\/2024\/03\/photo-surf-club-hourtin-1024x697.webp\" alt=\"\" class=\"wp-image-3946\" srcset=\"https:\/\/www.camping-cote-dargent.com\/wp-content\/uploads\/2024\/03\/photo-surf-club-hourtin-1024x697.webp 1024w, https:\/\/www.camping-cote-dargent.com\/wp-content\/uploads\/2024\/03\/photo-surf-club-hourtin-300x204.webp 300w, https:\/\/www.camping-cote-dargent.com\/wp-content\/uploads\/2024\/03\/photo-surf-club-hourtin-768x522.webp 768w, https:\/\/www.camping-cote-dargent.com\/wp-content\/uploads\/2024\/03\/photo-surf-club-hourtin-1536x1045.webp 1536w, https:\/\/www.camping-cote-dargent.com\/wp-content\/uploads\/2024\/03\/photo-surf-club-hourtin.webp 1920w\" sizes=\"(max-width: 1024px) 100vw, 1024px\" title=\"\"><\/figure>\n\n\n\n<figure class=\"wp-block-image size-large fc-auto\"><img decoding=\"async\" width=\"1024\" height=\"713\" src=\"https:\/\/www.camping-cote-dargent.com\/wp-content\/uploads\/2024\/03\/photo-jet-ski-hourtin-1024x713.webp\" alt=\"\" class=\"wp-image-3998\" srcset=\"https:\/\/www.camping-cote-dargent.com\/wp-content\/uploads\/2024\/03\/photo-jet-ski-hourtin-1024x713.webp 1024w, https:\/\/www.camping-cote-dargent.com\/wp-content\/uploads\/2024\/03\/photo-jet-ski-hourtin-300x209.webp 300w, https:\/\/www.camping-cote-dargent.com\/wp-content\/uploads\/2024\/03\/photo-jet-ski-hourtin-768x535.webp 768w, https:\/\/www.camping-cote-dargent.com\/wp-content\/uploads\/2024\/03\/photo-jet-ski-hourtin-1536x1070.webp 1536w, https:\/\/www.camping-cote-dargent.com\/wp-content\/uploads\/2024\/03\/photo-jet-ski-hourtin.webp 1920w\" sizes=\"(max-width: 1024px) 100vw, 1024px\" title=\"\"><\/figure>\n\n\n\n<figure class=\"wp-block-image size-large fc-rond rond-bleu fc-auto\"><img decoding=\"async\" width=\"1024\" height=\"683\" src=\"https:\/\/www.camping-cote-dargent.com\/wp-content\/uploads\/2024\/03\/photo-baignade-hourtin-1024x683.webp\" alt=\"\" class=\"wp-image-3974\" srcset=\"https:\/\/www.camping-cote-dargent.com\/wp-content\/uploads\/2024\/03\/photo-baignade-hourtin-1024x683.webp 1024w, https:\/\/www.camping-cote-dargent.com\/wp-content\/uploads\/2024\/03\/photo-baignade-hourtin-300x200.webp 300w, https:\/\/www.camping-cote-dargent.com\/wp-content\/uploads\/2024\/03\/photo-baignade-hourtin-768x512.webp 768w, https:\/\/www.camping-cote-dargent.com\/wp-content\/uploads\/2024\/03\/photo-baignade-hourtin-1536x1024.webp 1536w, https:\/\/www.camping-cote-dargent.com\/wp-content\/uploads\/2024\/03\/photo-baignade-hourtin.webp 1920w\" sizes=\"(max-width: 1024px) 100vw, 1024px\" title=\"\"><\/figure>\n\n\n\n<figure class=\"wp-block-image size-large fc-auto\"><img decoding=\"async\" width=\"1024\" height=\"683\" src=\"https:\/\/www.camping-cote-dargent.com\/wp-content\/uploads\/2024\/03\/photo-kitesurf-hourtin-1024x683.webp\" alt=\"\" class=\"wp-image-4006\" srcset=\"https:\/\/www.camping-cote-dargent.com\/wp-content\/uploads\/2024\/03\/photo-kitesurf-hourtin-1024x683.webp 1024w, https:\/\/www.camping-cote-dargent.com\/wp-content\/uploads\/2024\/03\/photo-kitesurf-hourtin-300x200.webp 300w, https:\/\/www.camping-cote-dargent.com\/wp-content\/uploads\/2024\/03\/photo-kitesurf-hourtin-768x512.webp 768w, https:\/\/www.camping-cote-dargent.com\/wp-content\/uploads\/2024\/03\/photo-kitesurf-hourtin-1536x1024.webp 1536w, https:\/\/www.camping-cote-dargent.com\/wp-content\/uploads\/2024\/03\/photo-kitesurf-hourtin.webp 1920w\" sizes=\"(max-width: 1024px) 100vw, 1024px\" title=\"\"><\/figure>\n<\/figure>\n<\/div>\n<\/div>\n\n<div class=\"is-layout-flex wp-container-15 wp-block-columns C-20 vague-bleu reverse-mob\">\n<div class=\"is-layout-flow wp-block-column col-images\">\n<figure class=\"is-layout-flex wp-block-gallery-11 wp-block-gallery has-nested-images columns-2 is-cropped fc-diapo-mob fc-auto\">\n<figure class=\"wp-block-image size-full fc-auto\"><img decoding=\"async\" width=\"640\" height=\"477\" src=\"https:\/\/www.camping-cote-dargent.com\/wp-content\/uploads\/2024\/03\/ocean-g6ebdebd50_640.jpg\" alt=\"\" class=\"wp-image-3232\" srcset=\"https:\/\/www.camping-cote-dargent.com\/wp-content\/uploads\/2024\/03\/ocean-g6ebdebd50_640.jpg 640w, https:\/\/www.camping-cote-dargent.com\/wp-content\/uploads\/2024\/03\/ocean-g6ebdebd50_640-300x224.jpg 300w\" sizes=\"(max-width: 640px) 100vw, 640px\" title=\"\"><\/figure>\n\n\n\n<figure class=\"wp-block-image size-full fc-pola fc-auto\"><a href=\"https:\/\/www.camping-cote-dargent.com\/de\/bilder-videogalerie\/\"><img decoding=\"async\" width=\"1024\" height=\"683\" src=\"https:\/\/www.camping-cote-dargent.com\/wp-content\/uploads\/2024\/03\/img_4803-1024x683-1.jpg\" alt=\"\" class=\"wp-image-2920\" srcset=\"https:\/\/www.camping-cote-dargent.com\/wp-content\/uploads\/2024\/03\/img_4803-1024x683-1.jpg 1024w, https:\/\/www.camping-cote-dargent.com\/wp-content\/uploads\/2024\/03\/img_4803-1024x683-1-300x200.jpg 300w, https:\/\/www.camping-cote-dargent.com\/wp-content\/uploads\/2024\/03\/img_4803-1024x683-1-768x512.jpg 768w\" sizes=\"(max-width: 1024px) 100vw, 1024px\" title=\"\"><\/a><figcaption class=\"wp-element-caption\">Siehe die Fotogalerie<\/figcaption><\/figure>\n\n\n\n<figure class=\"wp-block-image size-large fc-auto\"><img decoding=\"async\" width=\"1024\" height=\"683\" src=\"https:\/\/www.camping-cote-dargent.com\/wp-content\/uploads\/2024\/03\/photo-temperature-eau-hourtin-1024x683.webp\" alt=\"\" class=\"wp-image-3950\" srcset=\"https:\/\/www.camping-cote-dargent.com\/wp-content\/uploads\/2024\/03\/photo-temperature-eau-hourtin-1024x683.webp 1024w, https:\/\/www.camping-cote-dargent.com\/wp-content\/uploads\/2024\/03\/photo-temperature-eau-hourtin-300x200.webp 300w, https:\/\/www.camping-cote-dargent.com\/wp-content\/uploads\/2024\/03\/photo-temperature-eau-hourtin-768x512.webp 768w, https:\/\/www.camping-cote-dargent.com\/wp-content\/uploads\/2024\/03\/photo-temperature-eau-hourtin-1536x1025.webp 1536w, https:\/\/www.camping-cote-dargent.com\/wp-content\/uploads\/2024\/03\/photo-temperature-eau-hourtin.webp 1920w\" sizes=\"(max-width: 1024px) 100vw, 1024px\" title=\"\"><\/figure>\n<\/figure>\n<\/div>\n\n\n\n<div class=\"is-layout-flow wp-block-column is-vertically-aligned-center col-texte has-bleufonce-color has-text-color\">\n<h3 class=\"has-orange-color has-text-color\" style=\"font-size:24px\">Soulac-sur-Mer erkunden<\/h3>\n\n\n\n<p class=\"has-bleufonce-color has-text-color\" style=\"font-size:18px\">Ein<strong> Besuch in Soulac-sur-Mer<\/strong> ist jedoch auch eine Gelegenheit, sein Kulturerbe zu entdecken. Sie haben die Wahl zwischen einer Fahrt mit dem kleinen touristischen Zug, einem Spaziergang mit Halt an der wundersch\u00f6nen <strong>Basilika Notre Dame de la fin des Terres<\/strong> oder einer gef\u00fchrten Besichtigung. Dazu geh\u00f6ren auch <a href=\"https:\/\/www.medoc-atlantique.com\/13-communes-1001-possibilites\/vos-vacances-a-soulac-sur-mer\/activites-a-soulac-sur-mer\/\" target=\"_blank\" rel=\"noreferrer noopener\">F\u00fchrungen<\/a> zu verschiedenen Themen wie die Entdeckung der Villen von Soulacaise oder der Gedenkst\u00e4tte der Festung Nord-Medoc, die Sie in die Geschichte eintauchen l\u00e4sst.<\/p>\n\n\n\n<p class=\"has-bleufonce-color has-text-color\" style=\"font-size:18px\">Andere k\u00f6nnen einen Spaziergang auf dem Z\u00f6llnerpfad (1,5 km) machen, um die Landschaft zu genie\u00dfen. Urlauber, die mit ihrer Familie einen <strong>Campingurlaub in der Gironde<\/strong> verbringen m\u00f6chten, k\u00f6nnen sich auch auf eine Schatzsuche begeben, indem sie das Geocaching von Terra Aventura nutzen. Um <strong>Soulac-sur-Mer<\/strong> noch weiter zu erkunden, k\u00f6nnen Urlauber auf dem Markt einkaufen und die lokalen K\u00f6stlichkeiten probieren. W\u00e4hrend der Sommersaison bietet die Stadt am Meer eine Vielzahl von Animationen und Veranstaltungen f\u00fcr die ganze Familie.<\/p>\n<\/div>\n<\/div>\n\n<div class=\"is-layout-constrained wp-block-group\">\n<div class=\"is-layout-flex wp-container-20 wp-block-columns C-30 vague-jaune\">\n<div class=\"is-layout-flow wp-block-column\">\n<h2 class=\"has-bleu-color has-text-color has-x-large-font-size\">Was kann man in der Umgebung von Soulac-sur-Mer unternehmen?<\/h2>\n\n\n\n<p class=\"has-bleufonce-color has-text-color\" style=\"font-size:18px\">Rund um Soulac-sur-Mer mangelt es nicht an Ausflugsideen. Zun\u00e4chst geht es Richtung Norden nach Le Verdon-sur-Mer und zur Pointe de Grave: Panorama auf die Gironde-M\u00fcndung und den Ozean, Bunker und K\u00fcstenwege. Von hier aus fahren auch die Boote zum <strong>Leuchtturm von Cordouan<\/strong>, dem \u201eVersailles des Meeres\u201d, der zum UNESCO-Weltkulturerbe geh\u00f6rt: ein unvergesslicher Ausflug bei Ebbe, mit Aufstieg zur Spitze f\u00fcr einen 360\u00b0-Blick.  <\/p>\n\n\n\n<p class=\"has-bleufonce-color has-text-color\" style=\"font-size:18px\">Envie d\u2019un saut de rive ? Embarquez sur le <strong>bac Le Verdon\u2013Royan<\/strong> pour une journ\u00e9e de l\u2019autre c\u00f4t\u00e9 de l\u2019estuaire : front de mer Belle \u00c9poque, promenades, et belles balades jusqu\u2019aux falaises troglodytiques de Meschers (selon votre timing). <\/p>\n\n\n\n<p class=\"has-bleufonce-color has-text-color\" style=\"font-size:18px\">Au sud, <strong>Vendays-Montalivet<\/strong> s\u00e9duit par son esprit surf, ses longues plages et son <strong>grand march\u00e9<\/strong> (quotidien en \u00e9t\u00e9) o\u00f9 l\u2019on go\u00fbte hu\u00eetres, produits locaux et vins du M\u00e9doc. Les cyclistes appr\u00e9cieront les kilom\u00e8tres de pistes ombrag\u00e9es de la <strong>V\u00e9lodyss\u00e9e (EuroVelo 1)<\/strong>, qui relient Soulac, Le Verdon et Montalivet \u00e0 travers pin\u00e8des et dunes : id\u00e9al en famille, avec de multiples loueurs de v\u00e9los. <\/p>\n<\/div>\n\n\n\n<div class=\"is-layout-flow wp-block-column col-images\">\n<figure class=\"is-layout-flex wp-block-gallery-17 wp-block-gallery has-nested-images columns-2 is-cropped fc-diapo-mob fc-auto\">\n<figure class=\"wp-block-image size-full fc-caps fc-auto\"><img decoding=\"async\" width=\"850\" height=\"567\" src=\"https:\/\/www.camping-cote-dargent.com\/wp-content\/uploads\/2024\/03\/ADO_Vendays-Montalivet.webp\" alt=\"Cabane sur la plage &#xE0; Vendays-Montalivet\" class=\"wp-image-6673\" srcset=\"https:\/\/www.camping-cote-dargent.com\/wp-content\/uploads\/2024\/03\/ADO_Vendays-Montalivet.webp 850w, https:\/\/www.camping-cote-dargent.com\/wp-content\/uploads\/2024\/03\/ADO_Vendays-Montalivet-300x200.webp 300w, https:\/\/www.camping-cote-dargent.com\/wp-content\/uploads\/2024\/03\/ADO_Vendays-Montalivet-768x512.webp 768w\" sizes=\"(max-width: 850px) 100vw, 850px\" title=\"\"><\/figure>\n\n\n\n<figure class=\"wp-block-image size-full fc-auto\"><img decoding=\"async\" width=\"800\" height=\"533\" src=\"https:\/\/www.camping-cote-dargent.com\/wp-content\/uploads\/2024\/03\/ADO_Hourtin-Lac.webp\" alt=\"Lac d&#039;Hourtin\" class=\"wp-image-7544\" srcset=\"https:\/\/www.camping-cote-dargent.com\/wp-content\/uploads\/2024\/03\/ADO_Hourtin-Lac.webp 800w, https:\/\/www.camping-cote-dargent.com\/wp-content\/uploads\/2024\/03\/ADO_Hourtin-Lac-300x200.webp 300w, https:\/\/www.camping-cote-dargent.com\/wp-content\/uploads\/2024\/03\/ADO_Hourtin-Lac-768x512.webp 768w\" sizes=\"(max-width: 800px) 100vw, 800px\" title=\"\"><\/figure>\n\n\n\n<figure class=\"wp-block-image size-large fc-rond rond-bleu fc-auto\"><img decoding=\"async\" width=\"1024\" height=\"697\" src=\"https:\/\/www.camping-cote-dargent.com\/wp-content\/uploads\/2025\/06\/photo-surf-club-hourtin-1-1024x697.webp\" alt=\"\" class=\"wp-image-7595\" srcset=\"https:\/\/www.camping-cote-dargent.com\/wp-content\/uploads\/2025\/06\/photo-surf-club-hourtin-1-1024x697.webp 1024w, https:\/\/www.camping-cote-dargent.com\/wp-content\/uploads\/2025\/06\/photo-surf-club-hourtin-1-300x204.webp 300w, https:\/\/www.camping-cote-dargent.com\/wp-content\/uploads\/2025\/06\/photo-surf-club-hourtin-1-768x522.webp 768w, https:\/\/www.camping-cote-dargent.com\/wp-content\/uploads\/2025\/06\/photo-surf-club-hourtin-1.webp 1176w\" sizes=\"(max-width: 1024px) 100vw, 1024px\" title=\"\"><\/figure>\n<\/figure>\n<\/div>\n<\/div>\n\n\n\n<div class=\"is-layout-constrained wp-block-group\">\n<p class=\"has-bleufonce-color has-text-color\" style=\"font-size:18px\">Pour une pause douce, cap sur les <strong>lacs d\u2019Hourtin-Carcans<\/strong> (env. 40\u201350 min de route) : eaux calmes, plages surveill\u00e9es, voile, paddle, aires de jeux et r\u00e9serves naturelles pour observer la faune. C\u00f4t\u00e9 arri\u00e8re-pays, suivez la <strong>Route des Ch\u00e2teaux<\/strong> du M\u00e9doc (Saint-Est\u00e8phe, Pauillac, Margaux) : rendez-vous dans les domaines pour visites de chais et d\u00e9gustations (pensez \u00e0 r\u00e9server). <\/p>\n<\/div>\n\n\n\n<p class=\"has-bleufonce-color has-text-color\" style=\"font-size:18px\">Enfin, parsemez votre s\u00e9jour de petits plaisirs : sessions de surf ou de bodyboard, sorties \u00e0 cheval sur la plage, <strong>couchers de soleil<\/strong> sur les plages de l\u2019Am\u00e9lie ou de la Na\u00efade, et haltes gourmandes dans les cabanes ostr\u00e9icoles de l\u2019estuaire. Autour de Soulac, l\u2019art de vivre m\u00e9docain se savoure entre oc\u00e9an, for\u00eat, vignes et patrimoine \u2014 \u00e0 vous de composer votre programme selon vos envies ! <\/p>\n<\/div>\n\n<div class=\"is-layout-flex wp-container-27 wp-block-columns are-vertically-aligned-center C-50 vague-orange\">\n<div class=\"is-layout-flow wp-block-column is-vertically-aligned-center col-texte\">\n<h2 class=\"has-bleu-color has-text-color has-x-large-font-size\">Wo kann man <span class=\"fc-span\">auf einem Campingplatz in der N\u00e4he von Soulac sur Mer<\/span> \u00fcbernachten?<\/h2>\n\n\n\n<p class=\"has-bleufonce-color has-text-color\" style=\"font-size:18px\">F\u00fcr einen<strong> Campingurlaub in der N\u00e4he von Soulac sur Mer<\/strong> k\u00f6nnen Sie auf den <strong>5-Sterne-Campingplatz Hourtin<\/strong> an der C\u00f4te d&#8217;Argent z\u00e4hlen. Mit seinem <a href=\"https:\/\/www.camping-cote-dargent.com\/de\/campingplatz-frankreich-mit-wasserpark\/\" data-type=\"page\" data-id=\"129\">5000 m\u00b2 gro\u00dfen Wasserpark<\/a>, seinen hochwertigen Dienstleistungen und Animationen, seinen <a href=\"https:\/\/www.camping-cote-dargent.com\/de\/mobilheim-aquitaine\/\" data-type=\"page\" data-id=\"133\">komfortablen Unterk\u00fcnften<\/a> und seiner idealen Lage nur wenige Schritte vom Meer entfernt, ist alles vorhanden, um Ihnen einen angenehmen Aufenthalt zu bereiten.<\/p>\n\n\n\n<h3 class=\"has-orange-color has-text-color\" style=\"font-size:24px\">Soulac vom Campingplatz in Hourtin an der C\u00f4te d&#8217;Argent aus erreichen<\/h3>\n\n\n\n<p class=\"has-bleufonce-color has-text-color\" style=\"font-size:18px\">Wenn Sie entlang der Atlantikk\u00fcste auf der Departementstra\u00dfe nach Soulac fahren, k\u00f6nnen Sie den Badeort in 40 Minuten erreichen.<\/p>\n<\/div>\n\n\n\n<div class=\"is-layout-flow wp-block-column is-vertically-aligned-center\">\n<figure class=\"is-layout-flex wp-block-gallery-24 wp-block-gallery has-nested-images columns-3 is-cropped fc-diapo-mob fc-auto\">\n<figure class=\"wp-block-image size-large fc-pola rotate5 fc-auto\"><img decoding=\"async\" width=\"1024\" height=\"361\" src=\"https:\/\/www.camping-cote-dargent.com\/wp-content\/uploads\/2024\/03\/dsc_3470-1-1920x677-1-1024x361.jpg\" alt=\"\" class=\"wp-image-3737\" srcset=\"https:\/\/www.camping-cote-dargent.com\/wp-content\/uploads\/2024\/03\/dsc_3470-1-1920x677-1-1024x361.jpg 1024w, https:\/\/www.camping-cote-dargent.com\/wp-content\/uploads\/2024\/03\/dsc_3470-1-1920x677-1-300x106.jpg 300w, https:\/\/www.camping-cote-dargent.com\/wp-content\/uploads\/2024\/03\/dsc_3470-1-1920x677-1-768x271.jpg 768w, https:\/\/www.camping-cote-dargent.com\/wp-content\/uploads\/2024\/03\/dsc_3470-1-1920x677-1-1536x542.jpg 1536w, https:\/\/www.camping-cote-dargent.com\/wp-content\/uploads\/2024\/03\/dsc_3470-1-1920x677-1.jpg 1920w\" sizes=\"(max-width: 1024px) 100vw, 1024px\" title=\"\"><figcaption class=\"wp-element-caption\">Ruhe und Komfort<\/figcaption><\/figure>\n\n\n\n<figure class=\"wp-block-image size-large fc-pola fc-auto\"><img decoding=\"async\" width=\"1024\" height=\"683\" src=\"https:\/\/www.camping-cote-dargent.com\/wp-content\/uploads\/2024\/03\/photo-meteo-14-jours-hourtin-1024x683.webp\" alt=\"\" class=\"wp-image-4022\" srcset=\"https:\/\/www.camping-cote-dargent.com\/wp-content\/uploads\/2024\/03\/photo-meteo-14-jours-hourtin-1024x683.webp 1024w, https:\/\/www.camping-cote-dargent.com\/wp-content\/uploads\/2024\/03\/photo-meteo-14-jours-hourtin-300x200.webp 300w, https:\/\/www.camping-cote-dargent.com\/wp-content\/uploads\/2024\/03\/photo-meteo-14-jours-hourtin-768x512.webp 768w, https:\/\/www.camping-cote-dargent.com\/wp-content\/uploads\/2024\/03\/photo-meteo-14-jours-hourtin-1536x1024.webp 1536w, https:\/\/www.camping-cote-dargent.com\/wp-content\/uploads\/2024\/03\/photo-meteo-14-jours-hourtin.webp 1920w\" sizes=\"(max-width: 1024px) 100vw, 1024px\" title=\"\"><figcaption class=\"wp-element-caption\">Am Meer<\/figcaption><\/figure>\n\n\n\n<figure class=\"wp-block-image size-full fc-pola rotate10 fc-auto\"><img decoding=\"async\" width=\"650\" height=\"650\" src=\"https:\/\/www.camping-cote-dargent.com\/wp-content\/uploads\/2024\/03\/bordeaux-campsite-with-water-park-650x650-1.jpg\" alt=\"\" class=\"wp-image-3616\" srcset=\"https:\/\/www.camping-cote-dargent.com\/wp-content\/uploads\/2024\/03\/bordeaux-campsite-with-water-park-650x650-1.jpg 650w, https:\/\/www.camping-cote-dargent.com\/wp-content\/uploads\/2024\/03\/bordeaux-campsite-with-water-park-650x650-1-300x300.jpg 300w, https:\/\/www.camping-cote-dargent.com\/wp-content\/uploads\/2024\/03\/bordeaux-campsite-with-water-park-650x650-1-150x150.jpg 150w\" sizes=\"(max-width: 650px) 100vw, 650px\" title=\"\"><figcaption class=\"wp-element-caption\">Wasserpark<\/figcaption><\/figure>\n<\/figure>\n<\/div>\n<\/div>\n","protected":false},"excerpt":{"rendered":"<p>Entre dunes et vignes : le meilleur de Soulac sur Mer, pr\u00e8s de votre camping Soulac-sur-Mer ist die zweitn\u00f6rdlichste Stadt der Gironde und zeichnet sich durch seine H\u00e4nge aus, die auf der einen Seite zumAtlantischen Ozean und auf der anderen Seite zurM\u00fcndung der Gironde zeigen. Der Campingplatz de la C\u00f4te d&#8217;Argent nimmt Sie mit auf [&hellip;]<\/p>\n","protected":false},"author":1,"featured_media":0,"parent":0,"menu_order":0,"comment_status":"open","ping_status":"open","template":"","meta":[],"acf":[],"_links":{"self":[{"href":"https:\/\/www.camping-cote-dargent.com\/de\/wp-json\/wp\/v2\/pages\/5359"}],"collection":[{"href":"https:\/\/www.camping-cote-dargent.com\/de\/wp-json\/wp\/v2\/pages"}],"about":[{"href":"https:\/\/www.camping-cote-dargent.com\/de\/wp-json\/wp\/v2\/types\/page"}],"author":[{"embeddable":true,"href":"https:\/\/www.camping-cote-dargent.com\/de\/wp-json\/wp\/v2\/users\/1"}],"replies":[{"embeddable":true,"href":"https:\/\/www.camping-cote-dargent.com\/de\/wp-json\/wp\/v2\/comments?post=5359"}],"version-history":[{"count":6,"href":"https:\/\/www.camping-cote-dargent.com\/de\/wp-json\/wp\/v2\/pages\/5359\/revisions"}],"predecessor-version":[{"id":8777,"href":"https:\/\/www.camping-cote-dargent.com\/de\/wp-json\/wp\/v2\/pages\/5359\/revisions\/8777"}],"wp:attachment":[{"href":"https:\/\/www.camping-cote-dargent.com\/de\/wp-json\/wp\/v2\/media?parent=5359"}],"curies":[{"name":"wp","href":"https:\/\/api.w.org\/{rel}","templated":true}]}}