{"id":5193,"date":"2026-04-13T11:48:00","date_gmt":"2026-04-13T09:48:00","guid":{"rendered":"https:\/\/www.camping-cote-dargent.com\/dienste\/"},"modified":"2026-04-13T14:22:21","modified_gmt":"2026-04-13T12:22:21","slug":"serviceleistungen","status":"publish","type":"page","link":"https:\/\/www.camping-cote-dargent.com\/de\/serviceleistungen\/","title":{"rendered":"Dienste"},"content":{"rendered":"\n<div class=\"is-layout-flow wp-block-group alignfull diaporama-header\">\n<figure class=\"is-layout-flex wp-block-gallery-1 wp-block-gallery has-nested-images columns-default is-cropped fc-auto\">\n<figure class=\"wp-block-image size-full fc-auto\"><img decoding=\"async\" width=\"2000\" height=\"677\" src=\"https:\/\/www.camping-cote-dargent.com\/wp-content\/uploads\/2024\/03\/restaurant-2000x677-1.jpg\" alt=\"\" class=\"wp-image-3348\" srcset=\"https:\/\/www.camping-cote-dargent.com\/wp-content\/uploads\/2024\/03\/restaurant-2000x677-1.jpg 2000w, https:\/\/www.camping-cote-dargent.com\/wp-content\/uploads\/2024\/03\/restaurant-2000x677-1-300x102.jpg 300w, https:\/\/www.camping-cote-dargent.com\/wp-content\/uploads\/2024\/03\/restaurant-2000x677-1-1024x347.jpg 1024w, https:\/\/www.camping-cote-dargent.com\/wp-content\/uploads\/2024\/03\/restaurant-2000x677-1-768x260.jpg 768w, https:\/\/www.camping-cote-dargent.com\/wp-content\/uploads\/2024\/03\/restaurant-2000x677-1-1536x520.jpg 1536w\" sizes=\"(max-width: 2000px) 100vw, 2000px\" title=\"\"><\/figure>\n<\/figure>\n\n\n\n<div class=\"is-layout-constrained wp-block-group\">\n<div class=\"is-layout-constrained wp-block-group fc-accroche\">\n<p class=\"has-text-align-left fc-caps has-blanc-color has-orange-background-color has-text-color has-background\"><span class=\"fc-span\">Nutzen Sie die Dienstleistungen unseres<\/span><\/p>\n\n\n\n<p class=\"has-text-align-right has-bleu-color has-blanc-background-color has-text-color has-background\"><span class=\"fc-span\">5-Sterne-Campingplatz in Hourtin<\/span><\/p>\n<\/div>\n\n\n\n<div class=\"is-content-justification-center is-layout-flex wp-container-4 wp-block-buttons\">\n<div class=\"wp-block-button btn_resa\"><a class=\"wp-block-button__link has-bleufonce-color has-bleuclair-background-color has-text-color has-background wp-element-button\">Buchen Sie Ihren Aufenthalt<\/a><\/div>\n<\/div>\n<\/div>\n<\/div>\n\n\n\n<div class=\"is-layout-flex wp-container-11 wp-block-columns C-10 vague-jaune\">\n<div class=\"is-layout-flow wp-block-column col-texte\">\n<h1 class=\"has-bleu-color has-text-color\" style=\"font-size:70px\">Die Dienstleistungen eines 5-Sterne-Campingplatzes in der Gironde<\/h1>\n\n\n\n<ul class=\"pictos\">\n<li><span class=\"fc-icon wifi-thin\"><\/span>  Wifi<\/li>\n\n\n\n<li><span class=\"fc-icon tennis-ball-thin\"><\/span>  Tennis<\/li>\n\n\n\n<li><span class=\"fc-icon plate-utensils-thin\"><\/span>  Bar \/ Restaurant<\/li>\n<\/ul>\n\n\n\n<p class=\"has-bleufonce-color has-text-color\" style=\"font-size:18px\">Um Ihnen die Organisation Ihres Campingurlaubs in <a href=\"https:\/\/www.camping-cote-dargent.com\/de\/\" data-type=\"page\" data-id=\"125\">Hourtin <\/a>zu erleichtern, bietet Ihnen unser Campingplatz La C\u00f4te d\u2019Argent eine Reihe von 5-Sterne-Ausstattungen und -Dienstleistungen in der Gironde. Bei Ihrer Ankunft finden Sie vor Ort eine Bar, ein Restaurant, einen Weinkeller und einen Minimarkt vor. Entdecken Sie ohne weitere Verz\u00f6gerung alle unsere Dienstleistungen, die Ihren Urlaub in der Gironde noch angenehmer machen werden.<\/p>\n<\/div>\n\n\n\n<div class=\"is-layout-flow wp-block-column col-images\">\n<figure class=\"is-layout-flex wp-block-gallery-8 wp-block-gallery has-nested-images columns-1 is-cropped fc-diapo-mob fc-full\">\n<figure class=\"wp-block-image size-full fc-auto\"><img decoding=\"async\" width=\"1024\" height=\"682\" src=\"https:\/\/www.camping-cote-dargent.com\/wp-content\/uploads\/2024\/03\/service-terrasse-resto-1024x682-1.jpg\" alt=\"\" class=\"wp-image-3376\" srcset=\"https:\/\/www.camping-cote-dargent.com\/wp-content\/uploads\/2024\/03\/service-terrasse-resto-1024x682-1.jpg 1024w, https:\/\/www.camping-cote-dargent.com\/wp-content\/uploads\/2024\/03\/service-terrasse-resto-1024x682-1-300x200.jpg 300w, https:\/\/www.camping-cote-dargent.com\/wp-content\/uploads\/2024\/03\/service-terrasse-resto-1024x682-1-768x512.jpg 768w\" sizes=\"(max-width: 1024px) 100vw, 1024px\" title=\"\"><\/figure>\n<\/figure>\n<\/div>\n<\/div>\n\n\n\n<div class=\"is-layout-constrained wp-block-group\">\n<div class=\"is-layout-flex wp-container-18 wp-block-columns C-20 vague-bleu reverse-mob\">\n<div class=\"is-layout-flow wp-block-column col-images\">\n<figure class=\"is-layout-flex wp-block-gallery-12 wp-block-gallery has-nested-images columns-2 is-cropped fc-diapo-mob fc-auto\">\n<figure class=\"wp-block-image size-full fc-auto\"><img decoding=\"async\" width=\"1024\" height=\"682\" src=\"https:\/\/www.camping-cote-dargent.com\/wp-content\/uploads\/2024\/03\/service-paillotte-1024x682-1.jpg\" alt=\"\" class=\"wp-image-3368\" srcset=\"https:\/\/www.camping-cote-dargent.com\/wp-content\/uploads\/2024\/03\/service-paillotte-1024x682-1.jpg 1024w, https:\/\/www.camping-cote-dargent.com\/wp-content\/uploads\/2024\/03\/service-paillotte-1024x682-1-300x200.jpg 300w, https:\/\/www.camping-cote-dargent.com\/wp-content\/uploads\/2024\/03\/service-paillotte-1024x682-1-768x512.jpg 768w\" sizes=\"(max-width: 1024px) 100vw, 1024px\" title=\"\"><\/figure>\n\n\n\n<figure class=\"wp-block-image size-full fc-pola fc-auto\"><img decoding=\"async\" width=\"1920\" height=\"1280\" src=\"https:\/\/www.camping-cote-dargent.com\/wp-content\/uploads\/2024\/04\/MKIV2029.webp\" alt=\"\" class=\"wp-image-4927\" srcset=\"https:\/\/www.camping-cote-dargent.com\/wp-content\/uploads\/2024\/04\/MKIV2029.webp 1920w, https:\/\/www.camping-cote-dargent.com\/wp-content\/uploads\/2024\/04\/MKIV2029-300x200.webp 300w, https:\/\/www.camping-cote-dargent.com\/wp-content\/uploads\/2024\/04\/MKIV2029-1024x683.webp 1024w, https:\/\/www.camping-cote-dargent.com\/wp-content\/uploads\/2024\/04\/MKIV2029-768x512.webp 768w, https:\/\/www.camping-cote-dargent.com\/wp-content\/uploads\/2024\/04\/MKIV2029-1536x1024.webp 1536w\" sizes=\"(max-width: 1920px) 100vw, 1920px\" title=\"\"><figcaption class=\"wp-element-caption\">B\u00e4ckerei<\/figcaption><\/figure>\n\n\n\n<figure class=\"wp-block-image size-full fc-caps fc-auto\"><img decoding=\"async\" width=\"1024\" height=\"682\" src=\"https:\/\/www.camping-cote-dargent.com\/wp-content\/uploads\/2024\/03\/service-bar-1024x682-1.jpg\" alt=\"\" class=\"wp-image-3364\" srcset=\"https:\/\/www.camping-cote-dargent.com\/wp-content\/uploads\/2024\/03\/service-bar-1024x682-1.jpg 1024w, https:\/\/www.camping-cote-dargent.com\/wp-content\/uploads\/2024\/03\/service-bar-1024x682-1-300x200.jpg 300w, https:\/\/www.camping-cote-dargent.com\/wp-content\/uploads\/2024\/03\/service-bar-1024x682-1-768x512.jpg 768w\" sizes=\"(max-width: 1024px) 100vw, 1024px\" title=\"\"><\/figure>\n<\/figure>\n<\/div>\n\n\n\n<div class=\"is-layout-flow wp-block-column is-vertically-aligned-center col-texte has-bleufonce-color has-text-color\">\n<h2 class=\"has-orange-color has-text-color has-x-large-font-size\">Die Einrichtungen und Dienstleistungen unseres Campingplatzes in Hourtin<\/h2>\n\n\n\n<p class=\"has-bleufonce-color has-text-color\" style=\"font-size:18px\">W\u00e4hrend Ihres Aufenthalts auf unserem 5-Sterne-Campingplatz in Hourtin k\u00f6nnen Sie die zur Verf\u00fcgung stehenden Einrichtungen und Dienstleistungen nutzen. Vor Ort finden Sie eine Bar, eine Snackbar, einen Lebensmittelladen mit B\u00e4ckerei und ein Restaurant, wo Sie essen und gem\u00fctliche Momente mit der Familie oder mit Freunden verbringen k\u00f6nnen.<\/p>\n\n\n\n<div class=\"wp-block-fc-gut-lire-plus fc-mob\">\n<p class=\"has-bleufonce-color has-text-color\" style=\"font-size:18px\">Lesen Sie mehr<\/p>\n\n\n\n<div class=\"is-layout-flow wp-block-group\">\n<p class=\"has-bleufonce-color has-text-color\" style=\"font-size:18px\">Und wenn Sie in die Gironde kommen, k\u00f6nnen Sie auch die lokalen Spezialit\u00e4ten genie\u00dfen! Die Weine aus Bordeaux geh\u00f6ren \u00fcbrigens zu den bekanntesten. Aus diesem Grund bietet Ihnen unser 5-Sterne-Campingplatz in der Gironde auch einen Weinkeller, in dem Sie die ber\u00fchmten Weine des M\u00e9doc (wieder)entdecken und verkosten k\u00f6nnen. Ein Genuss f\u00fcr Genie\u00dfer! Hinzu kommt der Sch\u00f6nheitssalon, in dem Sie sich w\u00e4hrend Ihres Aufenthalts verw\u00f6hnen lassen und entspannen k\u00f6nnen.<\/p>\n\n\n\n<p class=\"has-bleufonce-color has-text-color\" style=\"font-size:18px\">Zus\u00e4tzlich<\/p>\n\n\n\n<ul>\n<li><strong>Waschmaschinen<\/strong> (6 \u20ac pro M\u00fcnze)<\/li>\n\n\n\n<li><strong>W\u00e4schetrockner<\/strong> (4 \u20ac pro M\u00fcnze)<\/li>\n\n\n\n<li><strong>WIFI-Verbindung<\/strong>: <strong>kostenpflichtig<\/strong> (Teilweise Abdeckung des Campingplatzes)<\/li>\n\n\n\n<li>Verleih von Ausr\u00fcstung (Fahrr\u00e4der f\u00fcr Erwachsene, Safes, K\u00fchlboxen, Gasgrills usw.)<\/li>\n<\/ul>\n\n\n\n<p><\/p>\n<\/div>\n<\/div>\n\n\n\n<div class=\"is-layout-flex wp-block-buttons\">\n<div class=\"wp-block-button has-custom-font-size fc-style-1\" style=\"font-size:20px\"><a class=\"wp-block-button__link wp-element-button\" href=\"https:\/\/www.camping-cote-dargent.com\/de\/bilder-videogalerie\/\">Siehe die Fotogalerie<\/a><\/div>\n<\/div>\n\n\n\n<p><\/p>\n<\/div>\n<\/div>\n<\/div>\n\n\n\n<div class=\"is-layout-flex wp-container-26 wp-block-columns C-10 vague-vert\">\n<div class=\"is-layout-flow wp-block-column col-texte\">\n<h3 class=\"has-bleu-color has-text-color\" style=\"font-size:32px\">Die Freizeiteinrichtungen unseres 5-Sterne-Campingplatzes in der Gironde<\/h3>\n\n\n\n<p class=\"has-bleufonce-color has-text-color\" style=\"font-size:18px\">Unser Campingplatz La C\u00f4te d\u2019Argent bietet Ihnen zahlreiche Freizeiteinrichtungen f\u00fcr die ganze Familie. Von Entspannung bis hin zu Sporteinrichtungen gibt es f\u00fcr jeden Geschmack etwas:<\/p>\n\n\n\n<div class=\"wp-block-fc-gut-lire-plus fc-mob\">\n<p class=\"has-bleufonce-color has-text-color\" style=\"font-size:18px\">Lesen Sie mehr<\/p>\n\n\n\n<div class=\"is-layout-flow wp-block-group\">\n<ul>\n<li>Unser rund <a href=\"https:\/\/www.camping-cote-dargent.com\/de\/campingplatz-frankreich-mit-wasserpark\/\" data-type=\"page\" data-id=\"129\">9.000 m\u00b2 <\/a>gro\u00dfer, vollst\u00e4ndig beheizter Wasserpark. Dieser umfasst 2 gro\u00dfe Becken, einen Str\u00f6mungskanal mit Unterwasserstrand, einen Whirlpool, eine Kinderlagune mit Spielger\u00e4ten und den 1.000 m\u00b2 gro\u00dfen Aqua\u2019Pirates-Bereich. Dort finden Sie auch eine beeindruckende \u00fcberdachte Kuppel mit Planschbecken, Kinderspielger\u00e4ten, XXL-Whirlpool und 20 m langem Schwimmbecken.<\/li>\n\n\n\n<li>Rund 3.000 m\u00b2 Spielpl\u00e4tze f\u00fcr Kinder auf unserem 5-Sterne-Campingplatz in der Gironde;<\/li>\n\n\n\n<li>Ein Fitnessraum;<\/li>\n\n\n\n<li>Ein Spielzimmer;<\/li>\n\n\n\n<li>Mehrere Tischtennisplatten;<\/li>\n\n\n\n<li>Zwei Beachvolleyballpl\u00e4tze;<\/li>\n\n\n\n<li>der Multisportplatz<\/li>\n\n\n\n<li>die 7 Boulespielpl\u00e4tze<\/li>\n\n\n\n<li>Gegen Geb\u00fchr: Vermietung des Tennisplatzes, Vermietung von Fahrr\u00e4dern f\u00fcr Erwachsene, Massage, Sch\u00f6nheitssalon.<\/li>\n<\/ul>\n<\/div>\n<\/div>\n\n\n\n<div class=\"is-layout-flex wp-block-buttons\">\n<div class=\"wp-block-button has-custom-font-size\" style=\"font-size:20px\"><a class=\"wp-block-button__link wp-element-button\" href=\"https:\/\/www.camping-cote-dargent.com\/de\/aktivitaten-veranstaltungen\/\">Entdecken Sie die Aktivit\u00e4ten<\/a><\/div>\n<\/div>\n<\/div>\n\n\n\n<div class=\"is-layout-flow wp-block-column col-images\">\n<figure class=\"is-layout-flex wp-block-gallery-23 wp-block-gallery has-nested-images columns-1 is-cropped fc-diapo-mob fc-full\">\n<figure class=\"wp-block-image size-full fc-auto\"><img decoding=\"async\" width=\"1920\" height=\"1280\" src=\"https:\/\/www.camping-cote-dargent.com\/wp-content\/uploads\/2024\/04\/MKIV0187-coteargent.webp\" alt=\"\" class=\"wp-image-5022\" srcset=\"https:\/\/www.camping-cote-dargent.com\/wp-content\/uploads\/2024\/04\/MKIV0187-coteargent.webp 1920w, https:\/\/www.camping-cote-dargent.com\/wp-content\/uploads\/2024\/04\/MKIV0187-coteargent-300x200.webp 300w, https:\/\/www.camping-cote-dargent.com\/wp-content\/uploads\/2024\/04\/MKIV0187-coteargent-1024x683.webp 1024w, https:\/\/www.camping-cote-dargent.com\/wp-content\/uploads\/2024\/04\/MKIV0187-coteargent-768x512.webp 768w, https:\/\/www.camping-cote-dargent.com\/wp-content\/uploads\/2024\/04\/MKIV0187-coteargent-1536x1024.webp 1536w\" sizes=\"(max-width: 1920px) 100vw, 1920px\" title=\"\"><\/figure>\n<\/figure>\n<\/div>\n<\/div>\n\n\n\n<div class=\"is-layout-flex wp-container-32 wp-block-columns C-20 reverse-mob\">\n<div class=\"is-layout-flow wp-block-column col-images\">\n<figure class=\"is-layout-flex wp-block-gallery-27 wp-block-gallery has-nested-images columns-2 is-cropped fc-diapo-mob fc-auto\">\n<figure class=\"wp-block-image size-full fc-caps fc-auto\"><img decoding=\"async\" width=\"1024\" height=\"683\" src=\"https:\/\/www.camping-cote-dargent.com\/wp-content\/uploads\/2024\/03\/camping-aquitaine-avec-piscine-1024x683-1.jpg\" alt=\"\" class=\"wp-image-3640\" srcset=\"https:\/\/www.camping-cote-dargent.com\/wp-content\/uploads\/2024\/03\/camping-aquitaine-avec-piscine-1024x683-1.jpg 1024w, https:\/\/www.camping-cote-dargent.com\/wp-content\/uploads\/2024\/03\/camping-aquitaine-avec-piscine-1024x683-1-300x200.jpg 300w, https:\/\/www.camping-cote-dargent.com\/wp-content\/uploads\/2024\/03\/camping-aquitaine-avec-piscine-1024x683-1-768x512.jpg 768w\" sizes=\"(max-width: 1024px) 100vw, 1024px\" title=\"\"><\/figure>\n\n\n\n<figure class=\"wp-block-image size-full fc-pola rotate5 fc-auto\"><a href=\"https:\/\/www.camping-cote-dargent.com\/de\/bilder-videogalerie\/\"><img decoding=\"async\" width=\"1920\" height=\"1280\" src=\"https:\/\/www.camping-cote-dargent.com\/wp-content\/uploads\/2024\/04\/MKIV0182-coteargent.webp\" alt=\"\" class=\"wp-image-5018\" srcset=\"https:\/\/www.camping-cote-dargent.com\/wp-content\/uploads\/2024\/04\/MKIV0182-coteargent.webp 1920w, https:\/\/www.camping-cote-dargent.com\/wp-content\/uploads\/2024\/04\/MKIV0182-coteargent-300x200.webp 300w, https:\/\/www.camping-cote-dargent.com\/wp-content\/uploads\/2024\/04\/MKIV0182-coteargent-1024x683.webp 1024w, https:\/\/www.camping-cote-dargent.com\/wp-content\/uploads\/2024\/04\/MKIV0182-coteargent-768x512.webp 768w, https:\/\/www.camping-cote-dargent.com\/wp-content\/uploads\/2024\/04\/MKIV0182-coteargent-1536x1024.webp 1536w\" sizes=\"(max-width: 1920px) 100vw, 1920px\" title=\"\"><\/a><figcaption class=\"wp-element-caption\"><a href=\"https:\/\/www.camping-cote-dargent.com\/de\/bilder-videogalerie\/\" data-type=\"page\" data-id=\"132\">Siehe die Fotogalerie<\/a><\/figcaption><\/figure>\n\n\n\n<figure class=\"wp-block-image size-full fc-auto\"><img decoding=\"async\" width=\"1024\" height=\"887\" src=\"https:\/\/www.camping-cote-dargent.com\/wp-content\/uploads\/2024\/03\/terrain-tennis-1024x887-1.jpg\" alt=\"\" class=\"wp-image-3400\" srcset=\"https:\/\/www.camping-cote-dargent.com\/wp-content\/uploads\/2024\/03\/terrain-tennis-1024x887-1.jpg 1024w, https:\/\/www.camping-cote-dargent.com\/wp-content\/uploads\/2024\/03\/terrain-tennis-1024x887-1-300x260.jpg 300w, https:\/\/www.camping-cote-dargent.com\/wp-content\/uploads\/2024\/03\/terrain-tennis-1024x887-1-768x665.jpg 768w\" sizes=\"(max-width: 1024px) 100vw, 1024px\" title=\"\"><\/figure>\n<\/figure>\n<\/div>\n\n\n\n<div class=\"is-layout-flow wp-block-column is-vertically-aligned-center col-texte\">\n<h3 class=\"has-bleu-color has-text-color\" style=\"font-size:32px\">Ausstattung f\u00fcr den Au\u00dfenbereich<\/h3>\n\n\n\n<p class=\"has-bleufonce-color has-text-color\" style=\"font-size:18px\">Damit Gro\u00df und Klein sich an der frischen Luft vergn\u00fcgen k\u00f6nnen, verf\u00fcgt unser <a href=\"https:\/\/www.camping-cote-dargent.com\/de\/aktivitaten-veranstaltungen\/\" data-type=\"page\" data-id=\"126\">Familiencampingplatz <\/a>in der Gironde \u00fcber zahlreiche Freizeitangebote im Freien:<\/p>\n\n\n\n<ul>\n<li>Spielplatz zum Thema &#8222;Wald&#8220; mit Rutschen, Parcours, Wildschweinen auf Feder&#8230;<\/li>\n\n\n\n<li>Spielplatz zum Thema &#8222;Surfen&#8220; mit Rutschen, kleinen Kletterw\u00e4nden, Lernscheiben&#8230;<\/li>\n\n\n\n<li>5 Schaukeln<\/li>\n\n\n\n<li>1 gro\u00dfe Spinne zum Klettern<\/li>\n\n\n\n<li>2 Beachvolleyballpl\u00e4tze<\/li>\n\n\n\n<li>7 Boulespielpl\u00e4tze mit Anzeigetafeln und B\u00e4nken<\/li>\n\n\n\n<li>1 Snackbereich<\/li>\n<\/ul>\n\n\n\n<div class=\"wp-block-fc-gut-lire-plus fc-mob\">\n<p class=\"has-bleufonce-color has-text-color\" style=\"font-size:18px\">Lesen Sie mehr<\/p>\n\n\n\n<div class=\"is-layout-flow wp-block-group\">\n<p class=\"has-bleufonce-color has-text-color\" style=\"font-size:18px\">Und nat\u00fcrlich immer :<\/p>\n\n\n\n<ul>\n<li>1 Tennisplatz<\/li>\n\n\n\n<li>1 Multisportplatz mit Tork\u00e4figen und Basketballk\u00f6rben<\/li>\n<\/ul>\n<\/div>\n<\/div>\n<\/div>\n<\/div>\n","protected":false},"excerpt":{"rendered":"<p>Nutzen Sie die Dienstleistungen unseres 5-Sterne-Campingplatz in Hourtin Die Dienstleistungen eines 5-Sterne-Campingplatzes in der Gironde Um Ihnen die Organisation Ihres Campingurlaubs in Hourtin zu erleichtern, bietet Ihnen unser Campingplatz La C\u00f4te d\u2019Argent eine Reihe von 5-Sterne-Ausstattungen und -Dienstleistungen in der Gironde. Bei Ihrer Ankunft finden Sie vor Ort eine Bar, ein Restaurant, einen Weinkeller und [&hellip;]<\/p>\n","protected":false},"author":1,"featured_media":0,"parent":0,"menu_order":0,"comment_status":"closed","ping_status":"closed","template":"","meta":[],"acf":[],"_links":{"self":[{"href":"https:\/\/www.camping-cote-dargent.com\/de\/wp-json\/wp\/v2\/pages\/5193"}],"collection":[{"href":"https:\/\/www.camping-cote-dargent.com\/de\/wp-json\/wp\/v2\/pages"}],"about":[{"href":"https:\/\/www.camping-cote-dargent.com\/de\/wp-json\/wp\/v2\/types\/page"}],"author":[{"embeddable":true,"href":"https:\/\/www.camping-cote-dargent.com\/de\/wp-json\/wp\/v2\/users\/1"}],"replies":[{"embeddable":true,"href":"https:\/\/www.camping-cote-dargent.com\/de\/wp-json\/wp\/v2\/comments?post=5193"}],"version-history":[{"count":6,"href":"https:\/\/www.camping-cote-dargent.com\/de\/wp-json\/wp\/v2\/pages\/5193\/revisions"}],"predecessor-version":[{"id":9314,"href":"https:\/\/www.camping-cote-dargent.com\/de\/wp-json\/wp\/v2\/pages\/5193\/revisions\/9314"}],"wp:attachment":[{"href":"https:\/\/www.camping-cote-dargent.com\/de\/wp-json\/wp\/v2\/media?parent=5193"}],"curies":[{"name":"wp","href":"https:\/\/api.w.org\/{rel}","templated":true}]}}