{"id":5178,"date":"2023-11-29T11:15:38","date_gmt":"2023-11-29T10:15:38","guid":{"rendered":"https:\/\/www.camping-cote-dargent.com\/vertraulichkeit-und-persoenliche-daten\/"},"modified":"2026-01-14T11:56:46","modified_gmt":"2026-01-14T10:56:46","slug":"vertraulichkeit-und-persoenliche-daten","status":"publish","type":"page","link":"https:\/\/www.camping-cote-dargent.com\/de\/vertraulichkeit-und-persoenliche-daten\/","title":{"rendered":"Vertraulichkeit und pers\u00f6nliche Daten"},"content":{"rendered":"\n<div class=\"is-layout-constrained wp-block-group\">\n<h1 class=\"has-text-align-center has-orange-color has-text-color\">Vertraulichkeit und pers\u00f6nliche Daten<\/h1>\n\n\n\n<div class=\"is-layout-flex wp-container-3 wp-block-columns\">\n<div class=\"is-layout-flow wp-block-column\">\n<p class=\"h3 has-bleu-color has-text-color has-sous-titre-font-size\"><strong>Sammeln von Informationen<\/strong><\/p>\n\n\n\n<p>Wir sammeln Informationen, wenn Sie auf der Website surfen, eine Bestellung aufgeben und eines der Formulare ausf\u00fcllen.<\/p>\n\n\n\n<p>Dar\u00fcber hinaus erhalten und speichern wir automatisch Informationen von Ihrem Computer und Browser, wie z.B. :<\/p>\n\n\n\n<ul>\n<li>Ihre IP-Adresse<\/li>\n\n\n\n<li>die Art der verwendeten Hardware und des Browsers<\/li>\n\n\n\n<li>die Seite(n), die Sie aufrufen<\/li>\n<\/ul>\n\n\n\n<p class=\"h3 has-bleu-color has-text-color has-sous-titre-font-size\"><strong><strong><strong>Nutzung von Informationen<\/strong><\/strong><\/strong><\/p>\n\n\n\n<p>Alle Informationen, die wir von Ihnen sammeln, k\u00f6nnen f\u00fcr folgende Zwecke verwendet werden:<\/p>\n\n\n\n<ul>\n<li>Personalisierung Ihrer Erfahrung und Erf\u00fcllung Ihrer individuellen Bed\u00fcrfnisse<\/li>\n\n\n\n<li>Bereitstellung von personalisierten Werbeinhalten<\/li>\n\n\n\n<li>Verbesserung unserer Website<\/li>\n\n\n\n<li>Verbesserung des Kundenservice und Ihres Betreuungsbedarfs<\/li>\n\n\n\n<li>Sie per E-Mail kontaktieren<\/li>\n\n\n\n<li>Einen Wettbewerb, eine Bef\u00f6rderung oder eine Umfrage verwalten<\/li>\n<\/ul>\n\n\n\n<p class=\"h3 has-bleu-color has-text-color has-sous-titre-font-size\"><strong><strong><strong>Offenlegung gegen\u00fcber Dritten<\/strong><\/strong><\/strong><\/p>\n\n\n\n<p>Wir verkaufen, tauschen oder \u00fcbertragen Ihre pers\u00f6nlich identifizierbaren Informationen nicht an Dritte. Dies schlie\u00dft nicht vertrauensw\u00fcrdige Dritte ein, die uns beim Betrieb unserer Website helfen, solange diese Parteien vereinbaren, diese Informationen vertraulich zu behandeln.<\/p>\n\n\n\n<p>Nicht-private Informationen k\u00f6nnen jedoch anderen Parteien f\u00fcr Marketing, Werbung oder andere Zwecke zur Verf\u00fcgung gestellt werden.<\/p>\n\n\n\n<p class=\"h3 has-bleu-color has-text-color has-sous-titre-font-size\"><strong><strong><strong><strong>Informationen \u00fcber Cookies auf unserer Website<\/strong><\/strong><\/strong><\/strong><\/p>\n\n\n\n<p>L\u2019informations d\u00e9taill\u00e9e des cookies et leurs gestions sur le site sont disponibles ici\u00a0:\u00a0<a href=\"https:\/\/www.camping-cote-dargent.com\/de\/vertraulichkeit-und-persoenliche-daten\/\" data-type=\"URL\" data-id=\"https:\/\/www.camping-cote-dargent.com\/de\/vertraulichkeit-und-persoenliche-daten\/\">Politique de cookies (EU)<\/a><\/p>\n<\/div>\n\n\n\n<div class=\"is-layout-flow wp-block-column\">\n<p class=\"h3 has-bleu-color has-text-color has-sous-titre-font-size\"><strong>\n  <strong>\n    <strong>Schutz von Informationen<\/strong>\n  <\/strong>\n<\/strong> <strong>und pers\u00f6nliche Daten<\/strong><\/p>\n\n\n\n<p>Der Internetnutzer kann dazu veranlasst werden, bestimmte pers\u00f6nliche Daten zu hinterlegen, indem er die ihm angebotenen Formulare ausf\u00fcllt. Die Eingabe dieser Daten ist f\u00fcr die Bearbeitung der Anfrage des Internetnutzers erforderlich.<\/p>\n\n\n\n<p><strong><strong><span itemprop=\"name\">Camping De La C\u00f4te d'Argent<\/span><\/strong><\/strong>  verpflichtet sich, die Bestimmungen des Gesetzes Nr. 78-17 vom 6. Januar 1978 \u00fcber Informatik, Dateien und Freiheiten in der ge\u00e4nderten Fassung einzuhalten und alle notwendigen Vorsichtsma\u00dfnahmen zu ergreifen, um die Sicherheit der anvertrauten namentlichen Informationen zu gew\u00e4hrleisten. Ohne die vorherige informierte Zustimmung des Internetnutzers werden keine pers\u00f6nlichen Informationen an Dritte weitergegeben.<\/p>\n\n\n\n<p><strong>Francecom<\/strong> setzt eine Vielzahl von Sicherheitsma\u00dfnahmen ein, um die Sicherheit Ihrer pers\u00f6nlichen Daten zu gew\u00e4hrleisten:<\/p>\n\n\n\n<ul>\n<li>SSL-Protokoll<\/li>\n\n\n\n<li>Verwaltung des Zugangs durch Login\/Passwort<\/li>\n\n\n\n<li>Software zur Netzwerk\u00fcberwachung<\/li>\n\n\n\n<li>Mehrere Computer-Backups<\/li>\n\n\n\n<li>Firewall<\/li>\n<\/ul>\n\n\n\n<p>Wir sch\u00fctzen Ihre Informationen auch offline. Nur Mitarbeiter, die eine bestimmte Arbeit ausf\u00fchren m\u00fcssen (z.B. Rechnungsstellung oder Kundenservice), haben Zugang zu pers\u00f6nlich identifizierbaren Informationen. Die Computer und Server, die zur Speicherung von pers\u00f6nlich identifizierbaren Informationen verwendet werden, werden in einer sicheren Umgebung aufbewahrt.<\/p>\n\n\n\n<p class=\"h3 has-bleu-color has-text-color has-sous-titre-font-size\"><strong><strong>Recht auf Zugang, \u00c4nderung und L\u00f6schung Ihrer Daten<\/strong><\/strong><\/p>\n\n\n\n<p>Wir verpflichten uns, Ihnen das Recht auf Widerspruch und R\u00fccknahme Ihrer pers\u00f6nlichen Daten zu gew\u00e4hren. Das Widerspruchsrecht ist die M\u00f6glichkeit f\u00fcr Internetnutzer, die Verwendung ihrer pers\u00f6nlichen Daten f\u00fcr bestimmte Zwecke, die bei der Erhebung angegeben wurden, zu verweigern.<\/p>\n\n\n\n<p class=\"h3 has-bleu-color has-text-color has-sous-titre-font-size\"><strong>Zugang zu pers\u00f6nlichen Informationen<\/strong><\/p>\n\n\n\n<p class=\"has-sous-titre-font-size\">Um auf Ihre pers\u00f6nlichen Informationen zuzugreifen, sie zu \u00e4ndern, zu l\u00f6schen und Ihre Rechte auszu\u00fcben, k\u00f6nnen Sie uns kontaktieren:<\/p>\n\n\n\n<p><strong><span itemprop=\"name\">Camping De La C\u00f4te d'Argent<\/span><\/strong><\/p>\n\n\n\n<span itemprop=\"address\">134 Route de Contaut 33990 Hourtin-Plage<\/span>\n\n\n\n<a itemprop=\"telephone\" href=\"tel:+33556091025\">05 56 09 10 25<\/a>\n\n\n\n<span itemprop=\"email\">info@cca33.com<\/span>\n<\/div>\n<\/div>\n<\/div>\n","protected":false},"excerpt":{"rendered":"<p>Vertraulichkeit und pers\u00f6nliche Daten Sammeln von Informationen Wir sammeln Informationen, wenn Sie auf der Website surfen, eine Bestellung aufgeben und eines der Formulare ausf\u00fcllen. Dar\u00fcber hinaus erhalten und speichern wir automatisch Informationen von Ihrem Computer und Browser, wie z.B. : Nutzung von Informationen Alle Informationen, die wir von Ihnen sammeln, k\u00f6nnen f\u00fcr folgende Zwecke verwendet [&hellip;]<\/p>\n","protected":false},"author":1,"featured_media":0,"parent":0,"menu_order":0,"comment_status":"closed","ping_status":"closed","template":"","meta":[],"acf":[],"_links":{"self":[{"href":"https:\/\/www.camping-cote-dargent.com\/de\/wp-json\/wp\/v2\/pages\/5178"}],"collection":[{"href":"https:\/\/www.camping-cote-dargent.com\/de\/wp-json\/wp\/v2\/pages"}],"about":[{"href":"https:\/\/www.camping-cote-dargent.com\/de\/wp-json\/wp\/v2\/types\/page"}],"author":[{"embeddable":true,"href":"https:\/\/www.camping-cote-dargent.com\/de\/wp-json\/wp\/v2\/users\/1"}],"replies":[{"embeddable":true,"href":"https:\/\/www.camping-cote-dargent.com\/de\/wp-json\/wp\/v2\/comments?post=5178"}],"version-history":[{"count":6,"href":"https:\/\/www.camping-cote-dargent.com\/de\/wp-json\/wp\/v2\/pages\/5178\/revisions"}],"predecessor-version":[{"id":9111,"href":"https:\/\/www.camping-cote-dargent.com\/de\/wp-json\/wp\/v2\/pages\/5178\/revisions\/9111"}],"wp:attachment":[{"href":"https:\/\/www.camping-cote-dargent.com\/de\/wp-json\/wp\/v2\/media?parent=5178"}],"curies":[{"name":"wp","href":"https:\/\/api.w.org\/{rel}","templated":true}]}}