{"id":5177,"date":"2025-10-28T15:45:00","date_gmt":"2025-10-28T14:45:00","guid":{"rendered":"https:\/\/www.camping-cote-dargent.com\/plaetze\/"},"modified":"2026-01-13T15:09:08","modified_gmt":"2026-01-13T14:09:08","slug":"stellplatze-camping-in-hourtin-plage","status":"publish","type":"page","link":"https:\/\/www.camping-cote-dargent.com\/de\/stellplatze-camping-in-hourtin-plage\/","title":{"rendered":"Pl\u00e4tze"},"content":{"rendered":"\n<div class=\"is-layout-flow wp-block-group alignfull diaporama-header\">\n<figure class=\"is-layout-flex wp-block-gallery-1 wp-block-gallery has-nested-images columns-default is-cropped fc-auto\">\n<figure class=\"wp-block-image size-full fc-auto\"><img decoding=\"async\" width=\"1024\" height=\"683\" src=\"https:\/\/www.camping-cote-dargent.com\/wp-content\/uploads\/2024\/09\/location-emplacement-gironde-1024x683-1.webp\" alt=\"\" class=\"wp-image-6740\" srcset=\"https:\/\/www.camping-cote-dargent.com\/wp-content\/uploads\/2024\/09\/location-emplacement-gironde-1024x683-1.webp 1024w, https:\/\/www.camping-cote-dargent.com\/wp-content\/uploads\/2024\/09\/location-emplacement-gironde-1024x683-1-300x200.webp 300w, https:\/\/www.camping-cote-dargent.com\/wp-content\/uploads\/2024\/09\/location-emplacement-gironde-1024x683-1-768x512.webp 768w\" sizes=\"(max-width: 1024px) 100vw, 1024px\" title=\"\"><\/figure>\n<\/figure>\n\n\n\n<div class=\"is-layout-constrained wp-block-group\">\n<div class=\"is-content-justification-center is-layout-flex wp-container-3 wp-block-buttons\">\n<div class=\"wp-block-button btn_resa\"><a class=\"wp-block-button__link has-bleufonce-color has-bleuclair-background-color has-text-color has-background wp-element-button\">Buchen Sie Ihren Aufenthalt<\/a><\/div>\n<\/div>\n<\/div>\n<\/div>\n\n<div class=\"is-layout-flex wp-container-11 wp-block-columns C-10 vague-jaune\">\n<div class=\"is-layout-flow wp-block-column col-texte\">\n<h1 class=\"has-orange-color has-text-color\">Campingplatz mit Stellpl\u00e4tzen in Hourtin Plage (33)<\/h1>\n\n\n\n<ul class=\"pictos\">\n<li><span class=\"fc-icon campground-thin\"><\/span>  Zelt<\/li>\n\n\n\n<li><span class=\"fc-icon caravan-thin\"><\/span>  Wohnwagen<\/li>\n\n\n\n<li><span class=\"fc-icon rv-thin\"><\/span>  Wohnmobil<\/li>\n<\/ul>\n\n\n\n<p style=\"font-size:18px\">Wenn Sie die Weite und die Natur lieben, entscheiden Sie sich f\u00fcr unseren Campingplatz mit Stellpl\u00e4tzen f\u00fcr Ihr Zelt, Ihren Wohnwagen, Ihren Van, Ihr Dachzelt oder Ihr Wohnmobil. Sie wohnen in einer gr\u00fcnen und angenehmen Umgebung auf unserem 5-Sterne-Campingplatz an der C\u00f4te d\u2019Argent in <a href=\"https:\/\/www.camping-cote-dargent.com\/de\/alentours\/hourtin\/\">Hourtin<\/a>. Dank der idealen Lage unserer Campingpl\u00e4tze in Hourtin Plage liegt Ihnen der Strand zu F\u00fc\u00dfen!<\/p>\n\n\n\n<div class=\"is-layout-flex wp-block-buttons\">\n<div class=\"wp-block-button has-custom-font-size has-medium-font-size fc-style-2\"><a class=\"wp-block-button__link wp-element-button\" href=\"https:\/\/www.camping-cote-dargent.com\/wp-content\/uploads\/2025\/10\/Tarifs-emplacements-2026-pour-site-internet.pdf\" target=\"_blank\" rel=\"noreferrer noopener\">Preise f\u00fcr Stellpl\u00e4tze<\/a><\/div>\n\n\n\n<div class=\"wp-block-button has-custom-font-size btn_resa has-medium-font-size fc-style-2\"><a class=\"wp-block-button__link wp-element-button\">Jetzt buchen<\/a><\/div>\n\n\n\n<div class=\"wp-block-button has-custom-font-size has-medium-font-size fc-style-2\"><a class=\"wp-block-button__link wp-element-button\" href=\"[plan]\" target=\"_blank\" rel=\"noreferrer noopener\">Plan Campingplatz<\/a><\/div>\n\n\n\n<div class=\"wp-block-button has-custom-font-size has-medium-font-size\"><a class=\"wp-block-button__link wp-element-button\" href=\"https:\/\/www.camping-cote-dargent.com\/wp-content\/uploads\/2024\/04\/CGV-FR.pdf\" target=\"_blank\" rel=\"noreferrer noopener\">Allgemeine Bedingungen f\u00fcr Stellpl\u00e4tze<\/a><\/div>\n<\/div>\n<\/div>\n\n\n\n<div class=\"is-layout-flow wp-block-column col-images\">\n<figure class=\"is-layout-flex wp-block-gallery-8 wp-block-gallery has-nested-images columns-1 is-cropped fc-full\">\n<figure class=\"wp-block-image size-full fc-auto\"><img decoding=\"async\" width=\"850\" height=\"568\" src=\"https:\/\/www.camping-cote-dargent.com\/wp-content\/uploads\/2024\/09\/emplacement-gironde-1024x684-1.webp\" alt=\"Campingplatz in Hourtin\" class=\"wp-image-6748\" srcset=\"https:\/\/www.camping-cote-dargent.com\/wp-content\/uploads\/2024\/09\/emplacement-gironde-1024x684-1.webp 850w, https:\/\/www.camping-cote-dargent.com\/wp-content\/uploads\/2024\/09\/emplacement-gironde-1024x684-1-300x200.webp 300w, https:\/\/www.camping-cote-dargent.com\/wp-content\/uploads\/2024\/09\/emplacement-gironde-1024x684-1-768x513.webp 768w\" sizes=\"(max-width: 850px) 100vw, 850px\" title=\"\"><\/figure>\n<\/figure>\n<\/div>\n<\/div>\n\n<div class=\"is-layout-flex wp-container-17 wp-block-columns C-20 vague-bleu reverse-mob\">\n<div class=\"is-layout-flow wp-block-column col-images\">\n<figure class=\"is-layout-flex wp-block-gallery-12 wp-block-gallery has-nested-images columns-2 is-cropped fc-diapo-mob fc-auto\">\n<figure class=\"wp-block-image size-full fc-caps fc-auto\"><img decoding=\"async\" width=\"650\" height=\"434\" src=\"https:\/\/www.camping-cote-dargent.com\/wp-content\/uploads\/2024\/09\/Camping-emplacements-hourtin-vue-ciel.webp\" alt=\"\" class=\"wp-image-6736\" srcset=\"https:\/\/www.camping-cote-dargent.com\/wp-content\/uploads\/2024\/09\/Camping-emplacements-hourtin-vue-ciel.webp 650w, https:\/\/www.camping-cote-dargent.com\/wp-content\/uploads\/2024\/09\/Camping-emplacements-hourtin-vue-ciel-300x200.webp 300w\" sizes=\"(max-width: 650px) 100vw, 650px\" title=\"\"><figcaption class=\"wp-element-caption\">Komfort &amp; Natur<\/figcaption><\/figure>\n\n\n\n<figure class=\"wp-block-image size-full fc-pola fc-auto\"><img decoding=\"async\" width=\"525\" height=\"350\" src=\"https:\/\/www.camping-cote-dargent.com\/wp-content\/uploads\/2024\/09\/location-emplacement-camping-hourtin.webp\" alt=\"Campingplatz in Hourtin mit Stellpl&#xE4;tzen f&#xFC;r Zelte\" class=\"wp-image-6732\" srcset=\"https:\/\/www.camping-cote-dargent.com\/wp-content\/uploads\/2024\/09\/location-emplacement-camping-hourtin.webp 525w, https:\/\/www.camping-cote-dargent.com\/wp-content\/uploads\/2024\/09\/location-emplacement-camping-hourtin-300x200.webp 300w\" sizes=\"(max-width: 525px) 100vw, 525px\" title=\"\"><figcaption class=\"wp-element-caption\">Siehe die Fotogalerie<\/figcaption><\/figure>\n\n\n\n<figure class=\"wp-block-image size-full fc-auto\"><img decoding=\"async\" width=\"950\" height=\"501\" src=\"https:\/\/www.camping-cote-dargent.com\/wp-content\/uploads\/2024\/09\/Camping-Cote-dArgent-Vue-du-Ciel.webp\" alt=\"\" class=\"wp-image-6728\" srcset=\"https:\/\/www.camping-cote-dargent.com\/wp-content\/uploads\/2024\/09\/Camping-Cote-dArgent-Vue-du-Ciel.webp 950w, https:\/\/www.camping-cote-dargent.com\/wp-content\/uploads\/2024\/09\/Camping-Cote-dArgent-Vue-du-Ciel-300x158.webp 300w, https:\/\/www.camping-cote-dargent.com\/wp-content\/uploads\/2024\/09\/Camping-Cote-dArgent-Vue-du-Ciel-768x405.webp 768w\" sizes=\"(max-width: 950px) 100vw, 950px\" title=\"\"><\/figure>\n<\/figure>\n<\/div>\n\n\n\n<div class=\"is-layout-flow wp-block-column is-vertically-aligned-center col-texte has-bleufonce-color has-text-color\">\n<h2 class=\"has-x-large-font-size\">Unsere Standorte<\/h2>\n\n\n\n<p style=\"font-size:18px\">Nur einen Katzensprung vom Strand von Hourtin entfernt genie\u00dfen Sie eine ideale Lage f\u00fcr Ihren Urlaub in der <a href=\"https:\/\/www.camping-cote-dargent.com\/de\/5-sterne-campingplatz-in-der-gironde\/\" data-type=\"page\" data-id=\"128\">Gironde<\/a>! Urlauber, die mit Familie oder Freunden kommen, sowie <a href=\"https:\/\/www.camping-cote-dargent.com\/de\/wohnmobil-in-gironde\/\" data-type=\"page\" data-id=\"137\">Wohnmobilisten <\/a>haben so die M\u00f6glichkeit, ihren Aufenthalt am Meer in vollen Z\u00fcgen zu genie\u00dfen. Au\u00dferdem bietet Ihnen unser <a href=\"https:\/\/www.camping-cote-dargent.com\/de\/\" data-type=\"page\" data-id=\"125\">Campingplatz in Hourtin<\/a> eine Umgebung, in der Sie sich im Schatten der Pinien entspannen k\u00f6nnen.<\/p>\n\n\n\n<p style=\"font-size:18px\">Wenn Sie sich den Komfort Ihres Zuhauses w\u00fcnschen, bieten wir Ihnen auch <a href=\"https:\/\/www.camping-cote-dargent.com\/de\/mobilheim-aquitaine\/\" data-type=\"page\" data-id=\"133\">Mobilheimvermietungen <\/a>in der Gironde an.<\/p>\n\n\n\n<div class=\"is-layout-flex wp-block-buttons\">\n<div class=\"wp-block-button has-custom-font-size has-medium-font-size\"><a class=\"wp-block-button__link wp-element-button\" href=\"https:\/\/www.camping-cote-dargent.com\/de\/bilder-videogalerie\/\">Zur Fotogalerie<\/a><\/div>\n<\/div>\n<\/div>\n<\/div>\n\n<div class=\"is-layout-flex wp-container-21 wp-block-columns C-50 vague-vert\">\n<div class=\"is-layout-flow wp-block-column col-texte\">\n<h2 class=\"has-orange-color has-text-color has-x-large-font-size\">Campingplatz mit Stellpl\u00e4tzen in Hourtin Plage: \u00dcbernachten Sie auf einem unserer Stellpl\u00e4tze<\/h2>\n\n\n\n<p style=\"font-size:18px\">In einer gr\u00fcnen Umgebung mit vielen B\u00e4umen k\u00f6nnen sich Urlauber mit Zelt, Wohnmobil, Van, Dachzelt oder Wohnwagen bequem im Schatten der Pinien niederlassen.<\/p>\n\n\n\n<div class=\"wp-block-fc-gut-lire-plus fc-desk\">\n<p>Lesen Sie mehr<\/p>\n\n\n\n<div class=\"is-layout-flow wp-block-group\">\n<p style=\"font-size:18px\">Nicht alle unsere Stellpl\u00e4tze verf\u00fcgen \u00fcber einen Stromanschluss, daher sollten Sie bei Ihrer Buchung angeben, ob Sie einen Stellplatz mit Strom w\u00fcnschen. EDF 10A (gen\u00fcgend Kabel mitbringen: mindestens 35 m).<br\/>Alle Stellpl\u00e4tze f\u00fcr Wohnmobile sind eingegraben.<br\/>Aufgrund der nat\u00fcrlichen Beschaffenheit unseres Campingplatzes k\u00f6nnen wir Ihnen keine genauen Angaben zur Fl\u00e4che der einzelnen Stellpl\u00e4tze oder deren Topografie (erh\u00f6ht, tiefer gelegen, direkter Zugang, zweite Reihe&#8230;) machen.<br\/>Jeder unserer Stellpl\u00e4tze bietet Platz f\u00fcr maximal 6 Personen (ein Baby z\u00e4hlt als Person).<\/p>\n\n\n\n<p style=\"font-size:18px\"><strong>1 Fahrzeug pro Stellplatz<\/strong><\/p>\n\n\n\n<p style=\"font-size:18px\">W\u00e4hlen Sie Ihren Urlaub auf einem Campingplatz mit Stellpl\u00e4tzen in Hourtin Plage in der Gironde (33), im Herzen eines Pinienwaldes. Wenn Sie sich f\u00fcr einen unserer Stellpl\u00e4tze entscheiden, haben Sie auch Zugang zu allen <a href=\"https:\/\/www.camping-cote-dargent.com\/de\/serviceleistungen\/\" data-type=\"page\" data-id=\"111\">5-Sterne-Services <\/a>sowie zu den vor Ort angebotenen <a href=\"https:\/\/www.camping-cote-dargent.com\/de\/aktivitaten-veranstaltungen\/\" data-type=\"page\" data-id=\"126\">Animationen <\/a>und Freizeiteinrichtungen. So haben Sie insbesondere die M\u00f6glichkeit, den <a href=\"https:\/\/www.camping-cote-dargent.com\/de\/campingplatz-frankreich-mit-wasserpark\/\" data-type=\"page\" data-id=\"129\">9000 m\u00b2 gro\u00dfen Wasserpark <\/a>unseres Campingplatzes in der Gironde zu genie\u00dfen! Damit ist ein angenehmer Aufenthalt auf einem Campingplatz garantiert.<\/p>\n<\/div>\n<\/div>\n\n\n\n<div class=\"wp-block-fc-gut-encart has-bleufonce-color has-text-color fc-information\">\n<p style=\"font-size:18px;font-style:normal;font-weight:700\">Sonderangebot :<\/p>\n\n\n\n<p style=\"font-size:18px\">Vom 22.05. bis 27.06. (12 Uhr) und vom 29.08. bis 14.09. (12 Uhr): 7=6 oder 14=11<\/p>\n<\/div>\n<\/div>\n\n\n\n<div class=\"is-layout-flow wp-block-column\">\t\t\t<div class=\"wd_id_dispo\" scroll=\"no\" wdng_langueWidget=\"3\" wdng_categorieWidget=\"21\"><\/div>\r\n\t\t\t<script type=\"text\/javascript\" src=\"https:\/\/naxiresa.inaxel.com\/widgetresa\/wdng_widget.js\"><\/script>\r\n\t\t\t<script type=\"text\/javascript\">wdng_init_widgetDispo(\"coteargent\")<\/script>\r\n\t\t\n<\/div>\n<\/div>\n","protected":false},"excerpt":{"rendered":"<p>Campingplatz mit Stellpl\u00e4tzen in Hourtin Plage (33) Wenn Sie die Weite und die Natur lieben, entscheiden Sie sich f\u00fcr unseren Campingplatz mit Stellpl\u00e4tzen f\u00fcr Ihr Zelt, Ihren Wohnwagen, Ihren Van, Ihr Dachzelt oder Ihr Wohnmobil. Sie wohnen in einer gr\u00fcnen und angenehmen Umgebung auf unserem 5-Sterne-Campingplatz an der C\u00f4te d\u2019Argent in Hourtin. Dank der idealen [&hellip;]<\/p>\n","protected":false},"author":1,"featured_media":0,"parent":0,"menu_order":0,"comment_status":"closed","ping_status":"closed","template":"","meta":[],"acf":[],"_links":{"self":[{"href":"https:\/\/www.camping-cote-dargent.com\/de\/wp-json\/wp\/v2\/pages\/5177"}],"collection":[{"href":"https:\/\/www.camping-cote-dargent.com\/de\/wp-json\/wp\/v2\/pages"}],"about":[{"href":"https:\/\/www.camping-cote-dargent.com\/de\/wp-json\/wp\/v2\/types\/page"}],"author":[{"embeddable":true,"href":"https:\/\/www.camping-cote-dargent.com\/de\/wp-json\/wp\/v2\/users\/1"}],"replies":[{"embeddable":true,"href":"https:\/\/www.camping-cote-dargent.com\/de\/wp-json\/wp\/v2\/comments?post=5177"}],"version-history":[{"count":6,"href":"https:\/\/www.camping-cote-dargent.com\/de\/wp-json\/wp\/v2\/pages\/5177\/revisions"}],"predecessor-version":[{"id":8747,"href":"https:\/\/www.camping-cote-dargent.com\/de\/wp-json\/wp\/v2\/pages\/5177\/revisions\/8747"}],"wp:attachment":[{"href":"https:\/\/www.camping-cote-dargent.com\/de\/wp-json\/wp\/v2\/media?parent=5177"}],"curies":[{"name":"wp","href":"https:\/\/api.w.org\/{rel}","templated":true}]}}