{"id":5157,"date":"2025-04-15T11:49:43","date_gmt":"2025-04-15T09:49:43","guid":{"rendered":"https:\/\/www.camping-cote-dargent.com\/wasserpark\/"},"modified":"2026-01-13T15:18:34","modified_gmt":"2026-01-13T14:18:34","slug":"campingplatz-frankreich-mit-wasserpark","status":"publish","type":"page","link":"https:\/\/www.camping-cote-dargent.com\/de\/campingplatz-frankreich-mit-wasserpark\/","title":{"rendered":"Wasserpark"},"content":{"rendered":"\n<div class=\"is-layout-flow wp-block-group alignfull diaporama-header\">\n<figure class=\"is-layout-flex wp-block-gallery-1 wp-block-gallery has-nested-images columns-default is-cropped fc-auto\">\n<figure class=\"wp-block-image size-large fc-auto\"><img decoding=\"async\" width=\"1024\" height=\"682\" src=\"https:\/\/www.camping-cote-dargent.com\/wp-content\/uploads\/2025\/04\/PARC_AQUATIQUE_1_32-1024x682.webp\" alt=\"Schwimmbad im Wasserpark des Campingplatzes La C&#xF4;te d&#039;Argent in der Gironde\" class=\"wp-image-7431\" srcset=\"https:\/\/www.camping-cote-dargent.com\/wp-content\/uploads\/2025\/04\/PARC_AQUATIQUE_1_32-1024x682.webp 1024w, https:\/\/www.camping-cote-dargent.com\/wp-content\/uploads\/2025\/04\/PARC_AQUATIQUE_1_32-300x200.webp 300w, https:\/\/www.camping-cote-dargent.com\/wp-content\/uploads\/2025\/04\/PARC_AQUATIQUE_1_32-768x512.webp 768w, https:\/\/www.camping-cote-dargent.com\/wp-content\/uploads\/2025\/04\/PARC_AQUATIQUE_1_32-1536x1024.webp 1536w, https:\/\/www.camping-cote-dargent.com\/wp-content\/uploads\/2025\/04\/PARC_AQUATIQUE_1_32.webp 1919w\" sizes=\"(max-width: 1024px) 100vw, 1024px\" title=\"\"><\/figure>\n<\/figure>\n\n\n\n<div class=\"is-layout-constrained wp-block-group\">\n<div class=\"is-content-justification-center is-layout-flex wp-container-3 wp-block-buttons\">\n<div class=\"wp-block-button btn_resa\"><a class=\"wp-block-button__link has-bleufonce-color has-bleuclair-background-color has-text-color has-background wp-element-button\">Buchen Sie Ihren Aufenthalt<\/a><\/div>\n<\/div>\n<\/div>\n<\/div>\n\n<div class=\"is-layout-flex wp-container-10 wp-block-columns C-10 vague-jaune\">\n<div class=\"is-layout-flow wp-block-column col-texte\">\n<h1 class=\"has-orange-color has-text-color\">Campingplatz in der Gironde mit Schwimmb\u00e4dern <\/h1>\n\n\n\n<p>Wenn Sie auf der Suche nach einem Campingplatz mit Schwimmb\u00e4dern in der Gironde sind, wird der herrliche beheizte Wasserpark unseres Campingplatzes La C\u00f4te d&#8217;Argent in <a href=\"https:\/\/www.camping-cote-dargent.com\/de\/alentours\/hourtin\/\">Hourtin <\/a>Ihre Erwartungen erf\u00fcllen! Mit seinen Becken, Wassersportbereichen und Rutschen ist f\u00fcr jeden Geschmack etwas dabei! Gro\u00df und Klein k\u00f6nnen einen <strong>gro\u00dfen beheizten Wasserbereich von ca. 9000 m\u00b2<\/strong> genie\u00dfen, der f\u00fcr alle W\u00fcnsche und jedes Alter geeignet ist.<\/p>\n\n\n\n<h2 class=\"has-bleu-color has-text-color\">Der riesige Wasserpark unseres Campingplatzes in Nouvelle-Aquitaine<\/h2>\n\n\n\n<ul class=\"pictos\">\n<li><span class=\"fc-icon person-sledding-thin\"><\/span>  Rutschen<\/li>\n\n\n\n<li><span class=\"fc-icon water-ladder-thin\"><\/span>  Beheizte Swimmingpools<\/li>\n\n\n\n<li><span class=\"fc-icon person-sledding-thin\"><\/span>  Aqua&#8217;Pirates<\/li>\n<\/ul>\n\n\n\n<p>Unter den Freizeit- und <a href=\"https:\/\/www.camping-cote-dargent.com\/de\/aktivitaten-veranstaltungen\/\" data-type=\"page\" data-id=\"126\">Aktivit\u00e4tsangeboten <\/a>unseres Campingplatzes mit Wasserpark in Hourtin k\u00f6nnen Sie unseren brandneuen, riesigen Wasserpark nach Herzenslust genie\u00dfen! Umgeben von \u00fcppiger Vegetation bietet unser wundersch\u00f6ner Wasserpark auf einer Fl\u00e4che von ca. 9000 m\u00b2 ein traumhaftes Ambiente. Um die Urlauber in Urlaubsstimmung zu versetzen, sind rund um unseren Wasserpark Palmen, Bananenstauden, Liegest\u00fchle und Sonnenschirme aufgestellt. Die perfekte Mischung f\u00fcr angenehme Momente der Entspannung!   <\/p>\n\n\n\n<div class=\"wp-block-fc-gut-lire-plus fc-desk\">\n<p>Lesen Sie mehr<\/p>\n\n\n\n<div class=\"is-layout-flow wp-block-group\">\n<p>Dar\u00fcber hinaus finden Sie hier zahlreiche Einrichtungen f\u00fcr Wasserspa\u00df und Badespa\u00df, darunter unseren 1000 m\u00b2 gro\u00dfen Aqua&#8217;Pirates-Bereich, unsere 2 gro\u00dfen Becken, unseren Str\u00f6mungskanal mit Lagune und Unterwasserstrand, unsere Kinderlagune mit Spielen, Rutschen, einem Whirlpool und einer beeindruckenden \u00fcberdachten Kuppel mit 20 m langem Schwimmkanal, Planschbecken, Kinderspielger\u00e4ten und XXL-Whirlpool.<\/p>\n\n\n\n<p>F\u00fcr Erwachsene gibt es einen Entspannungs- oder Sportbereich und f\u00fcr Kinder gibt es spezielle Bereiche , die Spa\u00df machen. Bei so vielen M\u00f6glichkeiten kann die ganze Familie auf unserem Campingplatz mit Wasserpark in der Gironde Spa\u00df haben und sich entspannen. Ideal f\u00fcr einen gelungenen Familienurlaub in der Region Nouvelle-Aquitaine!<\/p>\n<\/div>\n<\/div>\n\n\n\n<div class=\"is-layout-flex wp-block-buttons\">\n<div class=\"wp-block-button btn_resa\"><a class=\"wp-block-button__link wp-element-button\">Jetzt buchen<\/a><\/div>\n<\/div>\n<\/div>\n\n\n\n<div class=\"is-layout-flow wp-block-column is-vertically-aligned-center col-images fc-plongeur\">\r\n <div id=\"galerie-video\" class=\"\">\r\n\t \r\n\t\t \r\n\t\t <div class=\"card-video fancybox\" data-fancybox=\"galerie-video\" data-caption=\"\" data-src=\"\/wp-content\/uploads\/video\/drone-camping-la-cote-d-argent.mp4\" data-height=\"340\" tabindex=\"-1\">\r\n\t\t\t\t\t<figure><img decoding=\"async\" src=\"https:\/\/www.camping-cote-dargent.com\/wp-content\/uploads\/2025\/04\/DRONE_2_OK__18-scaled-1.webp\" alt=\"\" title=\"\"><\/img><\/figure>          <i class=\"fas fa-play\"><\/i>\r\n          <p class=\"legende-video\"><\/p>\r\n\t\t <\/div>\r\n\r\n\t\t\r\n <\/div>\r\n\r\n<\/div>\n<\/div>\n\n<div class=\"is-layout-flex wp-container-19 wp-block-columns C-20 vague-bleu reverse-mob\">\n<div class=\"is-layout-flow wp-block-column col-images\">\n<figure class=\"is-layout-flex wp-block-gallery-11 wp-block-gallery has-nested-images columns-2 is-cropped fc-diapo-mob fc-auto\">\n<figure class=\"wp-block-image size-full fc-caps fc-auto\"><img decoding=\"async\" width=\"711\" height=\"400\" src=\"https:\/\/www.camping-cote-dargent.com\/wp-content\/uploads\/2025\/04\/PARC_AQUATIQUE_1_10-1.webp\" alt=\"Wasserpark unseres Campingplatzes in Hourtin\" class=\"wp-image-7439\" srcset=\"https:\/\/www.camping-cote-dargent.com\/wp-content\/uploads\/2025\/04\/PARC_AQUATIQUE_1_10-1.webp 711w, https:\/\/www.camping-cote-dargent.com\/wp-content\/uploads\/2025\/04\/PARC_AQUATIQUE_1_10-1-300x169.webp 300w\" sizes=\"(max-width: 711px) 100vw, 711px\" title=\"\"><\/figure>\n\n\n\n<figure class=\"wp-block-image size-full fc-pola fc-auto\"><img decoding=\"async\" width=\"533\" height=\"300\" src=\"https:\/\/www.camping-cote-dargent.com\/wp-content\/uploads\/2025\/04\/PISCINE_157.webp\" alt=\"Rutschen in unserem Wasserpark\" class=\"wp-image-7443\" srcset=\"https:\/\/www.camping-cote-dargent.com\/wp-content\/uploads\/2025\/04\/PISCINE_157.webp 533w, https:\/\/www.camping-cote-dargent.com\/wp-content\/uploads\/2025\/04\/PISCINE_157-300x169.webp 300w\" sizes=\"(max-width: 533px) 100vw, 533px\" title=\"\"><figcaption class=\"wp-element-caption\">Siehe die Fotogalerie<\/figcaption><\/figure>\n\n\n\n<figure class=\"wp-block-image size-full fc-auto\"><img decoding=\"async\" width=\"800\" height=\"450\" src=\"https:\/\/www.camping-cote-dargent.com\/wp-content\/uploads\/2025\/04\/DRONE_JUILLET_24_1_25.webp\" alt=\"\" class=\"wp-image-7435\" srcset=\"https:\/\/www.camping-cote-dargent.com\/wp-content\/uploads\/2025\/04\/DRONE_JUILLET_24_1_25.webp 800w, https:\/\/www.camping-cote-dargent.com\/wp-content\/uploads\/2025\/04\/DRONE_JUILLET_24_1_25-300x169.webp 300w, https:\/\/www.camping-cote-dargent.com\/wp-content\/uploads\/2025\/04\/DRONE_JUILLET_24_1_25-768x432.webp 768w\" sizes=\"(max-width: 800px) 100vw, 800px\" title=\"\"><\/figure>\n<\/figure>\n<\/div>\n\n\n\n<div class=\"is-layout-flow wp-block-column is-vertically-aligned-center col-texte has-bleufonce-color has-text-color\">\n<h2>Ein au\u00dfergew\u00f6hnlicher Wasserbereich<\/h2>\n\n\n\n<p>Sobald unser <a href=\"https:\/\/www.camping-cote-dargent.com\/de\/aktivitaten-veranstaltungen\/\" data-type=\"page\" data-id=\"126\">Familiencampingplatz <\/a>\u00f6ffnet, k\u00f6nnen Sie unseren gesamten herrlichen, beheizten Wasserpark mit einer Fl\u00e4che von etwa 9000 m\u00b2 genie\u00dfen. So k\u00f6nnen Sie nicht nur die Freuden des Schwimmens genie\u00dfen, sondern auch die verschiedenen Bereiche des Wasserparks.<\/p>\n\n\n\n<div class=\"wp-block-fc-gut-lire-plus fc-mob\">\n<p class=\"has-bleufonce-color has-text-color\">Lesen Sie mehr<\/p>\n\n\n\n<div class=\"is-layout-flow wp-block-group\">\n<div class=\"is-layout-flex wp-container-16 wp-block-columns\">\n<div class=\"is-layout-flow wp-block-column\">\n<p>Unter der beeindruckenden, abnehmbaren, \u00fcberdachten Kuppel:<\/p>\n\n\n\n<ul>\n<li>1 Schwimmbahn mit 20 m \u00dcberlauf<\/li>\n\n\n\n<li>1 Planschbecken mit Kinderspielger\u00e4ten und Rutschen<\/li>\n\n\n\n<li>1 Planschbecken f\u00fcr die Kleinsten, Spielzeug zum Anfassen, Wasserfont\u00e4nen<\/li>\n\n\n\n<li>1 XXL-Jacuzzi mit Wasserfall<\/li>\n\n\n\n<li>1 Entspannungslagune mit Schwanenh\u00e4lsen und Massaged\u00fcsen<\/li>\n\n\n\n<li>Liegest\u00fchle und Sonnenliegen am Strand oder auf Kunstrasen<\/li>\n<\/ul>\n<\/div>\n\n\n\n<div class=\"is-layout-flow wp-block-column\">\n<p>Au\u00dferhalb:<\/p>\n\n\n\n<ul>\n<li>1 Kinderlagune mit Spielen und Rutschen<\/li>\n\n\n\n<li>1 Gegenstromfluss mit einer gro\u00dfen Lagune und 2 Unterwasserstr\u00e4nden<\/li>\n\n\n\n<li>2 gro\u00dfe Teiche<\/li>\n\n\n\n<li>1 Whirlpool<\/li>\n\n\n\n<li>ein Dutzend Rutschen<\/li>\n\n\n\n<li>Der Aqua&#8217;Pirates mit unz\u00e4hligen Wasserstrahlen, einem Eimer, der sich \u00fcberschl\u00e4gt&#8230;<\/li>\n\n\n\n<li>1 Koikarpfen-Aquarium inmitten von Schwimmbecken, umgeben von einem Piratenschatz<\/li>\n\n\n\n<li>Liegest\u00fchle, Sonnenliegen und Sitzkissen, verteilt \u00fcber die Str\u00e4nde und Kunstrasenfl\u00e4chen<\/li>\n<\/ul>\n<\/div>\n<\/div>\n<\/div>\n<\/div>\n<\/div>\n<\/div>\n\n<div class=\"is-layout-flex wp-container-24 wp-block-columns are-vertically-aligned-center C-50 vague-vert\">\n<div class=\"is-layout-flow wp-block-column is-vertically-aligned-center col-texte\">\n<h3 class=\"has-bleu-color has-text-color\">Praktische Informationen zu unserem Campingplatz mit Wasserpark in Hourtin<\/h3>\n\n\n\n<p class=\"has-bleufonce-color has-text-color\">Hier finden Sie einige wichtige Informationen f\u00fcr Ihren Aufenthalt auf unserem Campingplatz mit Wasserpark in der Gironde:<\/p>\n\n\n\n<div class=\"wp-block-fc-gut-encart has-bleufonce-color has-text-color fc-information\">\n<ul>\n<li>Shorts und Bermudas sind <strong>verboten<\/strong>. Das Tragen einer Badehose ist Pflicht.<\/li>\n\n\n\n<li>Der Pool ist <strong>unbeaufsichtigt<\/strong>.<\/li>\n\n\n\n<li>Die Schwimmb\u00e4der sind im Juli und August t\u00e4glich von 10 bis 20 Uhr und au\u00dferhalb der Saison bis 19 Uhr ge\u00f6ffnet.<\/li>\n<\/ul>\n<\/div>\n<\/div>\n\n\n\n<div class=\"is-layout-flow wp-block-column is-vertically-aligned-center\">\n<figure class=\"is-layout-flex wp-block-gallery-21 wp-block-gallery has-nested-images columns-3 is-cropped fc-diapo-mob fc-auto\">\n<figure class=\"wp-block-image size-full fc-pola rotate5 fc-auto\"><img decoding=\"async\" width=\"534\" height=\"300\" src=\"https:\/\/www.camping-cote-dargent.com\/wp-content\/uploads\/2025\/04\/PARC_AQUATIQUE_1_47.webp\" alt=\"\" class=\"wp-image-7458\" srcset=\"https:\/\/www.camping-cote-dargent.com\/wp-content\/uploads\/2025\/04\/PARC_AQUATIQUE_1_47.webp 534w, https:\/\/www.camping-cote-dargent.com\/wp-content\/uploads\/2025\/04\/PARC_AQUATIQUE_1_47-300x169.webp 300w\" sizes=\"(max-width: 534px) 100vw, 534px\" title=\"\"><figcaption class=\"wp-element-caption\">\u00dcberdachter Swimmingpool<\/figcaption><\/figure>\n\n\n\n<figure class=\"wp-block-image size-full fc-pola rotate10 fc-auto\"><img decoding=\"async\" width=\"711\" height=\"400\" src=\"https:\/\/www.camping-cote-dargent.com\/wp-content\/uploads\/2025\/04\/DRONE_2_OK__18-scaled-1.webp\" alt=\"Wasserpark des Campingplatzes La C&#xF4;te d&#039;Argent in der Gironde\" class=\"wp-image-7448\" srcset=\"https:\/\/www.camping-cote-dargent.com\/wp-content\/uploads\/2025\/04\/DRONE_2_OK__18-scaled-1.webp 711w, https:\/\/www.camping-cote-dargent.com\/wp-content\/uploads\/2025\/04\/DRONE_2_OK__18-scaled-1-300x169.webp 300w\" sizes=\"(max-width: 711px) 100vw, 711px\" title=\"\"><figcaption class=\"wp-element-caption\">9000m\u00b2 Wasserfl\u00e4che<\/figcaption><\/figure>\n\n\n\n<figure class=\"wp-block-image size-full fc-pola fc-auto\"><img decoding=\"async\" width=\"534\" height=\"300\" src=\"https:\/\/www.camping-cote-dargent.com\/wp-content\/uploads\/2025\/04\/PISCINE_FAMILLE_1_19.webp\" alt=\"\" class=\"wp-image-7454\" srcset=\"https:\/\/www.camping-cote-dargent.com\/wp-content\/uploads\/2025\/04\/PISCINE_FAMILLE_1_19.webp 534w, https:\/\/www.camping-cote-dargent.com\/wp-content\/uploads\/2025\/04\/PISCINE_FAMILLE_1_19-300x169.webp 300w\" sizes=\"(max-width: 534px) 100vw, 534px\" title=\"\"><figcaption class=\"wp-element-caption\">Rutschen<\/figcaption><\/figure>\n<\/figure>\n<\/div>\n<\/div>\n","protected":false},"excerpt":{"rendered":"<p>Campingplatz in der Gironde mit Schwimmb\u00e4dern Wenn Sie auf der Suche nach einem Campingplatz mit Schwimmb\u00e4dern in der Gironde sind, wird der herrliche beheizte Wasserpark unseres Campingplatzes La C\u00f4te d&#8217;Argent in Hourtin Ihre Erwartungen erf\u00fcllen! Mit seinen Becken, Wassersportbereichen und Rutschen ist f\u00fcr jeden Geschmack etwas dabei! Gro\u00df und Klein k\u00f6nnen einen gro\u00dfen beheizten Wasserbereich [&hellip;]<\/p>\n","protected":false},"author":1,"featured_media":0,"parent":0,"menu_order":0,"comment_status":"open","ping_status":"open","template":"","meta":[],"acf":[],"_links":{"self":[{"href":"https:\/\/www.camping-cote-dargent.com\/de\/wp-json\/wp\/v2\/pages\/5157"}],"collection":[{"href":"https:\/\/www.camping-cote-dargent.com\/de\/wp-json\/wp\/v2\/pages"}],"about":[{"href":"https:\/\/www.camping-cote-dargent.com\/de\/wp-json\/wp\/v2\/types\/page"}],"author":[{"embeddable":true,"href":"https:\/\/www.camping-cote-dargent.com\/de\/wp-json\/wp\/v2\/users\/1"}],"replies":[{"embeddable":true,"href":"https:\/\/www.camping-cote-dargent.com\/de\/wp-json\/wp\/v2\/comments?post=5157"}],"version-history":[{"count":6,"href":"https:\/\/www.camping-cote-dargent.com\/de\/wp-json\/wp\/v2\/pages\/5157\/revisions"}],"predecessor-version":[{"id":8750,"href":"https:\/\/www.camping-cote-dargent.com\/de\/wp-json\/wp\/v2\/pages\/5157\/revisions\/8750"}],"wp:attachment":[{"href":"https:\/\/www.camping-cote-dargent.com\/de\/wp-json\/wp\/v2\/media?parent=5157"}],"curies":[{"name":"wp","href":"https:\/\/api.w.org\/{rel}","templated":true}]}}